{"id":6940,"date":"2026-03-31T12:23:59","date_gmt":"2026-03-31T11:23:59","guid":{"rendered":"https:\/\/solutions.axians.com\/sap\/?page_id=6940"},"modified":"2026-04-02T11:12:30","modified_gmt":"2026-04-02T10:12:30","slug":"fronto-papirnato-bespapirna-proizvodna-linija","status":"publish","type":"page","link":"https:\/\/solutions.axians.com\/sap\/hr\/sap-rjesenja\/axians-sap-dodaci\/fronto-papirnato-bespapirna-proizvodna-linija\/","title":{"rendered":"FRONTO: Papirnato bespapirna proizvodna linija"},"content":{"rendered":"\n<section class=\"wp-block-group stage-subpage is-layout-constrained wp-block-group-is-layout-constrained\">\n<figure class=\"wp-block-image size-full\"><img loading=\"lazy\" decoding=\"async\" width=\"1365\" height=\"768\" src=\"https:\/\/solutions.axians.com\/sap\/wp-content\/uploads\/2025\/08\/iStock-2153381400.jpg\" alt=\"Apstraktni digitalni uzorak vala s te\u010dnim ljubi\u010dastim i plavim linijama na tamnoj pozadini, koji simbolizira neprekidan protok podataka i modernu dinamiku sustava te vizualno predstavlja inovativne mogu\u0107nosti Fronto: Paperless Shopfloor.\" class=\"wp-image-5643\" style=\"aspect-ratio:21\/9;object-fit:cover\" srcset=\"https:\/\/solutions.axians.com\/sap\/wp-content\/uploads\/2025\/08\/iStock-2153381400.jpg 1365w, https:\/\/solutions.axians.com\/sap\/wp-content\/uploads\/2025\/08\/iStock-2153381400-800x450.jpg 800w, https:\/\/solutions.axians.com\/sap\/wp-content\/uploads\/2025\/08\/iStock-2153381400-768x432.jpg 768w\" sizes=\"auto, (max-width: 1365px) 100vw, 1365px\" \/><\/figure>\n\n\n\n<div class=\"wp-block-group container is-layout-flow wp-block-group-is-layout-flow\">\n<div class=\"wp-block-columns row is-layout-flex wp-block-columns-is-layout-flex\">\n<div class=\"wp-block-column col-12 is-layout-flow wp-block-column-is-layout-flow\">\n<h1 class=\"wp-block-heading headline\">FRONTO: Papirnato bespapirna proizvodna linija<\/h1>\n\n\n\n<p>Digitalizirajte svoju proizvodnju \u2013 pametnije, br\u017ee, bez papira.<\/p>\n\n\n\n<div class=\"wp-block-buttons is-layout-flex wp-block-buttons-is-layout-flex\">\n<div class=\"wp-block-button is-style-primary\"><a class=\"wp-block-button__link wp-element-button\" href=\"https:\/\/solutions.axians.com\/sap\/hr\/kontakt\/\">Zatra\u017eite demo<\/a><\/div>\n<\/div>\n<\/div>\n<\/div>\n<\/div>\n<\/section>\n\n\n\n<section class=\"wp-block-group breadcrumb is-layout-constrained wp-block-group-is-layout-constrained\">\n<div class=\"wp-block-group container is-layout-flow wp-block-group-is-layout-flow\">\n<div class=\"wp-block-columns row is-layout-flex wp-block-columns-is-layout-flex\">\n<div class=\"wp-block-column col-12 is-layout-flow wp-block-column-is-layout-flow\"><nav aria-label=\"breadcrumbs\" class=\"rank-math-breadcrumb\"><p><span class=\"last\">Home<\/span><\/p><\/nav>\n<\/div>\n<\/div>\n<\/div>\n<\/section>\n\n\n\n<section class=\"wp-block-group text-centered-gradient is-layout-constrained wp-block-group-is-layout-constrained\">\n<div class=\"wp-block-group container is-layout-flow wp-block-group-is-layout-flow\">\n<div class=\"wp-block-columns row is-layout-flex wp-block-columns-is-layout-flex\">\n<div class=\"wp-block-column col-12 is-layout-flow wp-block-column-is-layout-flow\">\n<h2 class=\"wp-block-heading headline\">Upravljajte proizvodnim i odr\u017eavaju\u0107im procesima digitalno i bez papira.<\/h2>\n\n\n\n<p>Fronto for Paperless Shopfloor je rje\u0161enje za prikupljanje podataka u stvarnom vremenu koje podr\u017eava integraciju barkoda, RFID-a i IoT\/MES-a. Digitalizira procese u proizvodnji, odr\u017eavanju, izradi alata i kontroli kvalitete, nude\u0107i potpunu sljedivost i pra\u0107enje u stvarnom vremenu. Dostupan je za <a href=\"https:\/\/help.sap.com\/docs\/SAP_S4HANA_ON-PREMISE\/2d0d56688e894142984389b24f6f872e\/d353743a81074865adad510bc59b11fc.html\" target=\"_blank\" rel=\"noopener\">S\/4HANA<\/a> on-premises, RISE i javni oblak, a tako\u0111er podr\u017eava pro\u0161irenja poput Andon panela i pra\u0107enja OEE-a za pobolj\u0161ane uvide u proizvodnju.<\/p>\n<\/div>\n<\/div>\n<\/div>\n<\/section>\n\n\n\n<section class=\"wp-block-group headline-text-slider-icon-text is-layout-constrained wp-block-group-is-layout-constrained\">\n<div class=\"wp-block-group container is-layout-flow wp-block-group-is-layout-flow\">\n<div class=\"wp-block-columns row is-layout-flex wp-block-columns-is-layout-flex\">\n<div class=\"wp-block-column col-12 is-layout-flow wp-block-column-is-layout-flow\">\n<h2 class=\"wp-block-heading headline\">Prednosti FRONTO-a: bezpapirna proizvodna linija<\/h2>\n\n\n\n<div class=\"wp-block-group slider-icon-text swiper is-layout-flow wp-block-group-is-layout-flow\">\n<div class=\"wp-block-group swiper-wrapper is-layout-flow wp-block-group-is-layout-flow\">\n<div class=\"wp-block-group swiper-slide is-layout-flow wp-block-group-is-layout-flow\">\n\n\n<h3 class=\"wp-block-heading headline\"><strong>U\u010dinkovitost bez papira<\/strong><\/h3>\n\n\n\n<p>Uklanja ru\u010dno popunjavanje papirologije za br\u017ee i u\u010dinkovitije tijekove rada<\/p>\n<\/div>\n\n\n\n<div class=\"wp-block-group swiper-slide is-layout-flow wp-block-group-is-layout-flow\">\n\n\n<h3 class=\"wp-block-heading headline\"><strong>Uvidi u stvarnom vremenu<\/strong><\/h3>\n\n\n\n<p>Podr\u017eava pra\u0107enje u stvarnom vremenu i dono\u0161enje odluka u radionici.<\/p>\n<\/div>\n\n\n\n<div class=\"wp-block-group swiper-slide is-layout-flow wp-block-group-is-layout-flow\">\n\n\n<h3 class=\"wp-block-heading headline\"><strong>Pobolj\u0161ana kontrola kvalitete<\/strong><\/h3>\n\n\n\n<p>Podaci u stvarnom vremenu pobolj\u0161avaju to\u010dnost i uskla\u0111enost u proizvodnji.<\/p>\n<\/div>\n<\/div>\n<\/div>\n<\/div>\n<\/div>\n<\/div>\n<\/section>\n\n\n\n\n\n<section class=\"wp-block-group text-image-2-columns is-layout-constrained wp-block-group-is-layout-constrained\">\n<div class=\"wp-block-group container is-layout-flow wp-block-group-is-layout-flow\">\n<div class=\"wp-block-columns row is-layout-flex wp-block-columns-is-layout-flex\">\n<div class=\"wp-block-column col-12 is-layout-flow wp-block-column-is-layout-flow\">\n<h2 class=\"wp-block-heading headline\">Opseg rje\u0161enja<\/h2>\n\n\n\n<ul class=\"wp-block-list\">\n<li><strong><strong>Prikupljanje podataka u stvarnom vremenu<\/strong> \u2013 <\/strong>integracija<strong>barkoda <\/strong>, RFID-a i IoT\/MES-a za precizan unos podataka bez papira na proizvodnoj liniji<\/li>\n<\/ul>\n\n\n\n<ul class=\"wp-block-list\">\n<li><strong><strong>Pokrivenost procesa od po\u010detka do kraja<\/strong><\/strong> \u2013<strong> podr\u017eava radionice <\/strong>, odr\u017eavanje, izradu alata i upravljanje kvalitetom<\/li>\n\n\n\n<li><strong>SAP integracija omogu\u0107ena u oblaku<\/strong> \u2013 dostupna u S\/4HANA On-Premise i RISE te spremna za implementaciju u javnom oblaku<\/li>\n<\/ul>\n\n\n\n<p><\/p>\n\n\n<\/div>\n\n\n\n<div class=\"wp-block-column col-12 is-layout-flow wp-block-column-is-layout-flow\">\n<p><a> <\/a><\/p>\n\n\n\n<figure class=\"wp-block-image size-full\"><img loading=\"lazy\" decoding=\"async\" width=\"1536\" height=\"1024\" src=\"https:\/\/solutions.axians.com\/sap\/wp-content\/uploads\/2026\/03\/ChatGPT-Image-19.-Marz-2026-16_19_03.png\" alt=\"Softversko su\u010delje koje prikazuje mre\u017eu velikih akcijskih plo\u010dica koje se koriste u proizvodnom okru\u017eenju. Istaknuta plo\u010dica glasi &quot;Registrirajte proizvodni nalog&quot;, a druge plo\u010dice sadr\u017ee opcije kao \u0161to su &quot;Proizvesti potpuni KLT&quot;, &quot;Dovr\u0161iti paletu&quot;, &quot;Proizvesti nepotpuni KLT&quot;, &quot;Vratiti KLT u proizvodnju&quot;, &quot;PM za dostavu&quot;, &quot;Premjestiti HU&quot; i &quot;Izdati u proizvodnju&quot;. Svaka plo\u010dica prikazana je jednostavnim plavim ikonama, a na dnu se nalazi navigacijsko gumb s oznakom &quot;NAZAD&quot;.\" class=\"wp-image-6937\" srcset=\"https:\/\/solutions.axians.com\/sap\/wp-content\/uploads\/2026\/03\/ChatGPT-Image-19.-Marz-2026-16_19_03.png 1536w, https:\/\/solutions.axians.com\/sap\/wp-content\/uploads\/2026\/03\/ChatGPT-Image-19.-Marz-2026-16_19_03-800x533.png 800w, https:\/\/solutions.axians.com\/sap\/wp-content\/uploads\/2026\/03\/ChatGPT-Image-19.-Marz-2026-16_19_03-768x512.png 768w\" sizes=\"auto, (max-width: 1536px) 100vw, 1536px\" \/><\/figure>\n\n\n<\/div>\n<\/div>\n<\/div>\n<\/section>\n\n\n\n<section class=\"wp-block-group headline-text-slider-icon-text is-layout-constrained wp-block-group-is-layout-constrained\">\n<div class=\"wp-block-group container is-layout-flow wp-block-group-is-layout-flow\">\n<div class=\"wp-block-columns row is-layout-flex wp-block-columns-is-layout-flex\">\n<div class=\"wp-block-column col-12 is-layout-flow wp-block-column-is-layout-flow\">\n<h2 class=\"wp-block-heading headline\">Ovo rje\u0161enje je pogodno za tvrtke u:<\/h2>\n\n\n\n<div class=\"wp-block-group slider-icon-text swiper is-layout-flow wp-block-group-is-layout-flow\">\n<div class=\"wp-block-group swiper-wrapper is-layout-flow wp-block-group-is-layout-flow\">\n<div class=\"wp-block-group swiper-slide is-layout-flow wp-block-group-is-layout-flow\">\n\n\n<h3 class=\"wp-block-heading headline\">Proizvodnja i industrija<\/h3>\n\n\n\n<p><\/p>\n<\/div>\n\n\n\n<div class=\"wp-block-group swiper-slide is-layout-flow wp-block-group-is-layout-flow\">\n\n\n<h3 class=\"wp-block-heading headline\">automobilska industrija<\/h3>\n\n\n\n<p><\/p>\n<\/div>\n\n\n\n<div class=\"wp-block-group swiper-slide is-layout-flow wp-block-group-is-layout-flow\">\n\n\n<h3 class=\"wp-block-heading headline\">Usluge odr\u017eavanja infrastrukture<\/h3>\n\n\n\n<p><\/p>\n<\/div>\n<\/div>\n<\/div>\n<\/div>\n<\/div>\n<\/div>\n<\/section>\n\n\n\n<section class=\"wp-block-group image-text-2-columns is-layout-constrained wp-block-group-is-layout-constrained\">\n<div class=\"wp-block-group container is-layout-flow wp-block-group-is-layout-flow\">\n<div class=\"wp-block-columns row is-layout-flex wp-block-columns-is-layout-flex\">\n<div class=\"wp-block-column col-12 is-layout-flow wp-block-column-is-layout-flow\">\n<figure class=\"wp-block-image size-full\"><img loading=\"lazy\" decoding=\"async\" width=\"1365\" height=\"768\" src=\"https:\/\/solutions.axians.com\/sap\/wp-content\/uploads\/2025\/08\/iStock-1410652010.jpg\" alt=\"Tamnoplavi 3D labirint osvijetljen jarko naran\u010dastim stazama, s jarkim linearim snopom svjetlosti koji ulazi u labirint iz gornjeg desnog kuta. Mali to\u010dkasti izvori svjetlosti isti\u010du razli\u010dite dijelove, stvaraju\u0107i futuristi\u010dku i visokotehnolo\u0161ku atmosferu.\" class=\"wp-image-5644\" style=\"aspect-ratio:16\/9;object-fit:cover\" srcset=\"https:\/\/solutions.axians.com\/sap\/wp-content\/uploads\/2025\/08\/iStock-1410652010.jpg 1365w, https:\/\/solutions.axians.com\/sap\/wp-content\/uploads\/2025\/08\/iStock-1410652010-800x450.jpg 800w, https:\/\/solutions.axians.com\/sap\/wp-content\/uploads\/2025\/08\/iStock-1410652010-768x432.jpg 768w\" sizes=\"auto, (max-width: 1365px) 100vw, 1365px\" \/><\/figure>\n<\/div>\n\n\n\n<div class=\"wp-block-column col-12 is-layout-flow wp-block-column-is-layout-flow\">\n<h2 class=\"wp-block-heading headline\">Zajedni\u010dki izazovi \u2013 va\u0161e rje\u0161enje<\/h2>\n\n\n\n<p><strong>Problem:<\/strong> Nedostatak sljedivosti proizvodnje<\/p>\n\n\n\n<p><strong>Rje\u0161enje:<\/strong> FRONTO prikuplja podatke u stvarnom vremenu putem barkodova, RFID-a i IoT\/MES-a kako bi osigurao potpunu sljedivost procesa.<\/p>\n\n\n\n<p><strong>Problem:<\/strong> Neu\u010dinkovito planiranje zbog zastarjelih ili ru\u010dno unesenih podataka u proizvodnji<\/p>\n\n\n\n<p><strong>Rje\u0161enje:<\/strong> FRONTO pru\u017ea operativne podatke u stvarnom vremenu za br\u017ee i preciznije planiranje i nadzor.<\/p>\n\n\n\n<p><strong>Problem<\/strong>: Sporo protok informacija i ru\u010dni tijekovi rada u proizvodnji<\/p>\n\n\n\n<p><strong><strong>Rje\u0161enje:<\/strong><\/strong> FRONTO zamjenjuje papirnate procese digitalnim pristupom informacijama u stvarnom vremenu kako bi pobolj\u0161ao brzinu i kvalitetu.<\/p>\n<\/div>\n<\/div>\n<\/div>\n<\/section>\n\n\n\n<section class=\"wp-block-group headline-text-slider-icon-text is-layout-constrained wp-block-group-is-layout-constrained\">\n<div class=\"wp-block-group container is-layout-flow wp-block-group-is-layout-flow\">\n<div class=\"wp-block-columns row is-layout-flex wp-block-columns-is-layout-flex\">\n<div class=\"wp-block-column col-12 is-layout-flow wp-block-column-is-layout-flow\">\n<h2 class=\"wp-block-heading headline\">Pokriven poslovni proces<\/h2>\n\n\n\n<p>Digitalizirajte svoju proizvodnju, usluge, upravljanje imovinom i pametne tehnologije uz FRONTO-ove papirnate bespapirne proizvodne procese u stvarnom vremenu.<\/p>\n\n\n\n<div class=\"wp-block-group slider-icon-text swiper is-layout-flow wp-block-group-is-layout-flow\">\n<div class=\"wp-block-group swiper-wrapper is-layout-flow wp-block-group-is-layout-flow\">\n<div class=\"wp-block-group swiper-slide is-layout-flow wp-block-group-is-layout-flow\">\n\n\n<h3 class=\"wp-block-heading headline\">Proizvodnja<\/h3>\n\n\n\n<p><\/p>\n<\/div>\n\n\n\n<div class=\"wp-block-group swiper-slide is-layout-flow wp-block-group-is-layout-flow\">\n\n\n<h3 class=\"wp-block-heading headline\">Upravljanje imovinom<\/h3>\n\n\n\n<p><\/p>\n<\/div>\n\n\n\n<div class=\"wp-block-group swiper-slide is-layout-flow wp-block-group-is-layout-flow\">\n\n\n<h3 class=\"wp-block-heading headline\">Usluga<\/h3>\n\n\n\n<p><\/p>\n<\/div>\n\n\n\n<div class=\"wp-block-group swiper-slide is-layout-flow wp-block-group-is-layout-flow\">\n\n\n<h3 class=\"wp-block-heading headline\">Pametne tehnologije<\/h3>\n\n\n\n<p><\/p>\n<\/div>\n<\/div>\n<\/div>\n<\/div>\n<\/div>\n<\/div>\n<\/section>\n\n\n\n<section class=\"wp-block-group headline-accordion-light is-layout-constrained wp-block-group-is-layout-constrained\">\n<div class=\"wp-block-group container is-layout-flow wp-block-group-is-layout-flow\">\n<div class=\"wp-block-columns row is-layout-flex wp-block-columns-is-layout-flex\">\n<div class=\"wp-block-column col-12 is-layout-flow wp-block-column-is-layout-flow\">\n<h2 class=\"wp-block-heading headline\">\u010cesto postavljana pitanja<\/h2>\n\n\n\n<div class=\"wp-block-teufels-accordion accordion\" id=\"accordion-aac120a2-d434-45fa-b6c8-5268fd1a3f53\">\n<div class=\"wp-block-teufels-accordion-item accordion-item\"><h2 class=\"accordion-header\" id=\"heading-3c7fbac1-7624-4503-986f-9122b70bb472\"><button class=\"accordion-button collapsed\" data-bs-toggle=\"collapse\" data-bs-target=\"#collapse-3c7fbac1-7624-4503-986f-9122b70bb472\" aria-expanded=\"false\">\u0160to je FRONTO: bezpapirna proizvodna radionica i kako funkcionira?<\/button><\/h2><div id=\"collapse-3c7fbac1-7624-4503-986f-9122b70bb472\" class=\"accordion-collapse collapse\" aria-labelledby=\"heading-3c7fbac1-7624-4503-986f-9122b70bb472\" data-bs-parent=\"#accordion-48c1cb70-9b59-4fc3-8ab2-1a6eb1183606\"><div class=\"accordion-body\">\n\n<p>FRONTO je rje\u0161enje za prikupljanje podataka u stvarnom vremenu koje digitalizira procese proizvodnje, odr\u017eavanja, alata i kontrole kvalitete, \u010dime se ukida potreba za papirnatim radnim procesima.<\/p>\n\n<\/div><\/div><\/div>\n\n\n\n<div class=\"wp-block-teufels-accordion-item accordion-item\"><h2 class=\"accordion-header\" id=\"heading-372b3dff-7699-438d-bf37-0b0531b70efe\"><button class=\"accordion-button collapsed\" data-bs-toggle=\"collapse\" data-bs-target=\"#collapse-372b3dff-7699-438d-bf37-0b0531b70efe\" aria-expanded=\"false\">Kako FRONTO poma\u017ee u\u010diniti tijekove rada radionica bezpapirnima?<\/button><\/h2><div id=\"collapse-372b3dff-7699-438d-bf37-0b0531b70efe\" class=\"accordion-collapse collapse\" aria-labelledby=\"heading-372b3dff-7699-438d-bf37-0b0531b70efe\" data-bs-parent=\"#accordion-48c1cb70-9b59-4fc3-8ab2-1a6eb1183606\"><div class=\"accordion-body\">\n\n<p>Zamjenjuje ru\u010dne papirnate procese unosom digitalnih podataka u stvarnom vremenu prikupljenih putem integracija barkoda, RFID-a i IoT\/MES-a.<\/p>\n\n<\/div><\/div><\/div>\n\n\n\n<div class=\"wp-block-teufels-accordion-item accordion-item\"><h2 class=\"accordion-header\" id=\"heading-2e158810-ca86-4625-aac0-9b6c72b177a3\"><button class=\"accordion-button collapsed\" data-bs-toggle=\"collapse\" data-bs-target=\"#collapse-2e158810-ca86-4625-aac0-9b6c72b177a3\" aria-expanded=\"false\">Kakve podatke u stvarnom vremenu mo\u017ee FRONTO prikupljati?<\/button><\/h2><div id=\"collapse-2e158810-ca86-4625-aac0-9b6c72b177a3\" class=\"accordion-collapse collapse\" aria-labelledby=\"heading-2e158810-ca86-4625-aac0-9b6c72b177a3\" data-bs-parent=\"#accordion-48c1cb70-9b59-4fc3-8ab2-1a6eb1183606\"><div class=\"accordion-body\">\n\n<p>FRONTO prikuplja podatke o proizvodnji i odr\u017eavanju putem skeniranja barkoda, RFID-a i IoT\/MES povezivosti, \u010dime osigurava to\u010dan i trenuta\u010dan unos podataka na proizvodnoj liniji.<\/p>\n\n<\/div><\/div><\/div>\n\n\n\n<div class=\"wp-block-teufels-accordion-item accordion-item\"><h2 class=\"accordion-header\" id=\"heading-fe9f808e-8599-4fa3-9bac-62c93c3c3e93\"><button class=\"accordion-button collapsed\" data-bs-toggle=\"collapse\" data-bs-target=\"#collapse-fe9f808e-8599-4fa3-9bac-62c93c3c3e93\" aria-expanded=\"false\">Koje aplikacije podr\u017eava FRONTO?<\/button><\/h2><div id=\"collapse-fe9f808e-8599-4fa3-9bac-62c93c3c3e93\" class=\"accordion-collapse collapse\" aria-labelledby=\"heading-fe9f808e-8599-4fa3-9bac-62c93c3c3e93\" data-bs-parent=\"#accordion-48c1cb70-9b59-4fc3-8ab2-1a6eb1183606\"><div class=\"accordion-body\">\n\n<p>Podr\u017eava proizvodne procese, odr\u017eavanje, upravljanje alatima i upravljanje kvalitetom kao dio cjelovite pokrivenosti procesa u radionici.<\/p>\n\n<\/div><\/div><\/div>\n\n\n\n<div class=\"wp-block-teufels-accordion-item accordion-item\"><h2 class=\"accordion-header\" id=\"heading-165cc4e0-2306-47cc-903a-c185335b8702\"><button class=\"accordion-button collapsed\" data-bs-toggle=\"collapse\" data-bs-target=\"#collapse-165cc4e0-2306-47cc-903a-c185335b8702\" aria-expanded=\"false\">Pobolj\u0161ava li FRONTO sljedivost u proizvodnji?<\/button><\/h2><div id=\"collapse-165cc4e0-2306-47cc-903a-c185335b8702\" class=\"accordion-collapse collapse\" aria-labelledby=\"heading-165cc4e0-2306-47cc-903a-c185335b8702\" data-bs-parent=\"#accordion-48c1cb70-9b59-4fc3-8ab2-1a6eb1183606\"><div class=\"accordion-body\">\n\n<p>Da, omogu\u0107uje potpunu sljedivost bilje\u017eenjem podataka u stvarnom vremenu o svim aktivnostima u proizvodnom procesu.<\/p>\n\n<\/div><\/div><\/div>\n\n\n\n<div class=\"wp-block-teufels-accordion-item accordion-item\"><h2 class=\"accordion-header\" id=\"heading-6ee167c7-8b3a-42d1-bee7-b37939045ac6\"><button class=\"accordion-button collapsed\" data-bs-toggle=\"collapse\" data-bs-target=\"#collapse-6ee167c7-8b3a-42d1-bee7-b37939045ac6\" aria-expanded=\"false\">Koje poslovne probleme rje\u0161ava AxDataCare?<\/button><\/h2><div id=\"collapse-6ee167c7-8b3a-42d1-bee7-b37939045ac6\" class=\"accordion-collapse collapse\" aria-labelledby=\"heading-6ee167c7-8b3a-42d1-bee7-b37939045ac6\" data-bs-parent=\"#accordion-48c1cb70-9b59-4fc3-8ab2-1a6eb1183606\"><div class=\"accordion-body\">\n\n<p>Ovo poma\u017ee izbje\u0107i neefikasnosti, ru\u010dni rad, nepouzdana izvje\u0161\u0107a, lo\u0161u kvalitetu podataka i probleme uzrokovane dupliciranim ili nedosljednim strukturama podataka.<\/p>\n\n<\/div><\/div><\/div>\n\n\n\n<div class=\"wp-block-teufels-accordion-item accordion-item\"><h2 class=\"accordion-header\" id=\"heading-a16e0aaa-70c0-40a7-9105-8ef235d05e15\"><button class=\"accordion-button collapsed\" data-bs-toggle=\"collapse\" data-bs-target=\"#collapse-a16e0aaa-70c0-40a7-9105-8ef235d05e15\" aria-expanded=\"false\">Kako FRONTO poma\u017ee pri planiranju i dono\u0161enju odluka?<\/button><\/h2><div id=\"collapse-a16e0aaa-70c0-40a7-9105-8ef235d05e15\" class=\"accordion-collapse collapse\" aria-labelledby=\"heading-a16e0aaa-70c0-40a7-9105-8ef235d05e15\" data-bs-parent=\"#accordion-48c1cb70-9b59-4fc3-8ab2-1a6eb1183606\"><div class=\"accordion-body\">\n\n<p>Rje\u0161enje pru\u017ea operativne podatke u stvarnom vremenu, omogu\u0107uju\u0107i br\u017ee i preciznije planiranje, pra\u0107enje i dono\u0161enje odluka.<\/p>\n\n<\/div><\/div><\/div>\n\n\n\n<div class=\"wp-block-teufels-accordion-item accordion-item\"><h2 class=\"accordion-header\" id=\"heading-80c1e51a-8c3b-428e-8b63-6f511c7e35d3\"><button class=\"accordion-button collapsed\" data-bs-toggle=\"collapse\" data-bs-target=\"#collapse-80c1e51a-8c3b-428e-8b63-6f511c7e35d3\" aria-expanded=\"false\">Koja pobolj\u0161anja kvalitete mogu o\u010dekivati tvrtke od FRONTO-a?<\/button><\/h2><div id=\"collapse-80c1e51a-8c3b-428e-8b63-6f511c7e35d3\" class=\"accordion-collapse collapse\" aria-labelledby=\"heading-80c1e51a-8c3b-428e-8b63-6f511c7e35d3\" data-bs-parent=\"#accordion-48c1cb70-9b59-4fc3-8ab2-1a6eb1183606\"><div class=\"accordion-body\">\n\n<p>Da, dostupan je za S\/4HANA on-premise i RISE with SAP te je spreman za upotrebu u SAP Public Cloudu.<\/p>\n\n<\/div><\/div><\/div>\n\n\n\n<div class=\"wp-block-teufels-accordion-item accordion-item\"><h2 class=\"accordion-header\" id=\"heading-8c49827f-2085-415b-be74-7477ffc2812e\"><button class=\"accordion-button collapsed\" data-bs-toggle=\"collapse\" data-bs-target=\"#collapse-8c49827f-2085-415b-be74-7477ffc2812e\" aria-expanded=\"false\">Koji sektori obi\u010dno koriste FRONTO?<\/button><\/h2><div id=\"collapse-8c49827f-2085-415b-be74-7477ffc2812e\" class=\"accordion-collapse collapse\" aria-labelledby=\"heading-8c49827f-2085-415b-be74-7477ffc2812e\" data-bs-parent=\"#accordion-48c1cb70-9b59-4fc3-8ab2-1a6eb1183606\"><div class=\"accordion-body\">\n\n<p>FRONTO je idealan za tvrtke u proizvodnom i industrijskom sektoru, automobilskoj industriji i odr\u017eavanju infrastrukture.<\/p>\n\n<\/div><\/div><\/div>\n<\/div>\n<\/div>\n<\/div>\n<\/div>\n<\/section>\n\n\n\n\n\n<p><\/p>\n","protected":false},"excerpt":{"rendered":"<p>FRONTO: Papirnato bespapirna proizvodna linija Digitalizirajte svoju proizvodnju \u2013 pametnije, br\u017ee, bez papira. Upravljajte proizvodnim i odr\u017eavaju\u0107im procesima digitalno i bez papira. Fronto for Paperless Shopfloor je rje\u0161enje za prikupljanje podataka u stvarnom vremenu koje podr\u017eava integraciju barkoda, RFID-a i IoT\/MES-a. Digitalizira procese u proizvodnji, odr\u017eavanju, izradi alata i kontroli kvalitete, nude\u0107i potpunu sljedivost i [&hellip;]<\/p>\n","protected":false},"author":9,"featured_media":0,"parent":5615,"menu_order":0,"comment_status":"closed","ping_status":"closed","template":"","meta":{"footnotes":""},"class_list":["post-6940","page","type-page","status-publish","hentry"],"lang":"hr","translations":{"hr":6940,"at":6929,"en":6840,"de":6931},"pll_sync_post":[],"_links":{"self":[{"href":"https:\/\/solutions.axians.com\/sap\/wp-json\/wp\/v2\/pages\/6940","targetHints":{"allow":["GET"]}}],"collection":[{"href":"https:\/\/solutions.axians.com\/sap\/wp-json\/wp\/v2\/pages"}],"about":[{"href":"https:\/\/solutions.axians.com\/sap\/wp-json\/wp\/v2\/types\/page"}],"author":[{"embeddable":true,"href":"https:\/\/solutions.axians.com\/sap\/wp-json\/wp\/v2\/users\/9"}],"replies":[{"embeddable":true,"href":"https:\/\/solutions.axians.com\/sap\/wp-json\/wp\/v2\/comments?post=6940"}],"version-history":[{"count":3,"href":"https:\/\/solutions.axians.com\/sap\/wp-json\/wp\/v2\/pages\/6940\/revisions"}],"predecessor-version":[{"id":7675,"href":"https:\/\/solutions.axians.com\/sap\/wp-json\/wp\/v2\/pages\/6940\/revisions\/7675"}],"up":[{"embeddable":true,"href":"https:\/\/solutions.axians.com\/sap\/wp-json\/wp\/v2\/pages\/5615"}],"wp:attachment":[{"href":"https:\/\/solutions.axians.com\/sap\/wp-json\/wp\/v2\/media?parent=6940"}],"curies":[{"name":"wp","href":"https:\/\/api.w.org\/{rel}","templated":true}]}}