{"id":6808,"date":"2026-03-31T12:23:06","date_gmt":"2026-03-31T11:23:06","guid":{"rendered":"https:\/\/solutions.axians.com\/sap\/?page_id=6808"},"modified":"2026-04-15T09:45:26","modified_gmt":"2026-04-15T08:45:26","slug":"sap-joule","status":"publish","type":"page","link":"https:\/\/solutions.axians.com\/sap\/hr\/sap-joule\/","title":{"rendered":"SAP Joule"},"content":{"rendered":"\n<section class=\"wp-block-group stage-subpage is-layout-constrained wp-block-group-is-layout-constrained\">\n<figure class=\"wp-block-image size-full\"><img loading=\"lazy\" decoding=\"async\" width=\"1277\" height=\"821\" src=\"https:\/\/solutions.axians.com\/sap\/wp-content\/uploads\/2026\/03\/Joule1.jpg\" alt=\"\" class=\"wp-image-6810\" style=\"aspect-ratio:2.3333333333333335;object-fit:cover\" srcset=\"https:\/\/solutions.axians.com\/sap\/wp-content\/uploads\/2026\/03\/Joule1.jpg 1277w, https:\/\/solutions.axians.com\/sap\/wp-content\/uploads\/2026\/03\/Joule1-800x514.jpg 800w, https:\/\/solutions.axians.com\/sap\/wp-content\/uploads\/2026\/03\/Joule1-768x494.jpg 768w\" sizes=\"auto, (max-width: 1277px) 100vw, 1277px\" \/><\/figure>\n\n\n\n<div class=\"wp-block-group container is-layout-flow wp-block-group-is-layout-flow\">\n<div class=\"wp-block-columns row is-layout-flex wp-block-columns-is-layout-flex\">\n<div class=\"wp-block-column col-12 is-layout-flow wp-block-column-is-layout-flow\">\n<h1 class=\"wp-block-heading headline\">SAP Joule<\/h1>\n\n\n\n<p>Nova inteligencija u srcu HR transformacije&nbsp;<\/p>\n\n\n\n<p><\/p>\n<\/div>\n<\/div>\n<\/div>\n<\/section>\n\n\n\n<section class=\"wp-block-group breadcrumb is-layout-constrained wp-block-group-is-layout-constrained\">\n<div class=\"wp-block-group container is-layout-flow wp-block-group-is-layout-flow\">\n<div class=\"wp-block-columns row is-layout-flex wp-block-columns-is-layout-flex\">\n<div class=\"wp-block-column col-12 is-layout-flow wp-block-column-is-layout-flow\"><nav aria-label=\"breadcrumbs\" class=\"rank-math-breadcrumb\"><p><span class=\"last\">Home<\/span><\/p><\/nav>\n<\/div>\n<\/div>\n<\/div>\n<\/section>\n\n\n\n<section class=\"wp-block-group text-centered-gradient is-layout-constrained wp-block-group-is-layout-constrained\">\n<div class=\"wp-block-group container is-layout-flow wp-block-group-is-layout-flow\">\n<div class=\"wp-block-columns row is-layout-flex wp-block-columns-is-layout-flex\">\n<div class=\"wp-block-column col-12 is-layout-flow wp-block-column-is-layout-flow\">\n<h2 class=\"wp-block-heading headline\"><strong>Razgovaraj. Otkrij. U\u010dini.<\/strong>&nbsp;<\/h2>\n\n\n\n<p>U svijetu u kojem se HR timovi suo\u010davaju s rastu\u0107im o\u010dekivanjima, slo\u017eenim procesima i nedostatkom vremena, SAP predstavlja rje\u0161enje koje mijenja pravila igre. <strong>SAP Joule<\/strong>, napredni generativni AI copilot, donosi inteligenciju izravno u SAP SuccessFactors i podi\u017ee ljudske resurse na potpuno novu razinu efikasnosti, brzine i strate\u0161ke vrijednosti.&nbsp;<\/p>\n\n\n\n<p>Joule pretvara svaki HR proces u intuitivno, automatizirano i podatkovno vo\u0111eno iskustvo&nbsp; i to svega jednim pitanjem u prirodnom jeziku. Zahvaljuju\u0107i dubokoj integraciji u SAP-ove HR module, Joule razumije kontekst, namjeru i organizacijske podatke, te odmah poduzima radnje potrebne za postizanje rezultata.&nbsp;<\/p>\n<\/div>\n<\/div>\n<\/div>\n<\/section>\n\n\n\n<section class=\"wp-block-group headline-text-slider-icon-text is-layout-constrained wp-block-group-is-layout-constrained\">\n<div class=\"wp-block-group container is-layout-flow wp-block-group-is-layout-flow\">\n<div class=\"wp-block-columns row is-layout-flex wp-block-columns-is-layout-flex\">\n<div class=\"wp-block-column col-12 is-layout-flow wp-block-column-is-layout-flow\">\n<h2 class=\"wp-block-heading headline\"><strong>Inteligentan HR copilot koji radi zajedno s vama<\/strong>&nbsp;<\/h2>\n\n\n\n<p>Joule ne daje samo odgovore on <strong>izvr\u0161ava zadatke<\/strong>, usmjerava korisnike kroz procese i proaktivno nudi preporuke za bolju odluku, br\u017ee rje\u0161avanje zadataka i unaprje\u0111enje HR iskustva.&nbsp;<\/p>\n\n\n\n<div class=\"wp-block-group slider-icon-text swiper is-layout-flow wp-block-group-is-layout-flow\">\n<div class=\"wp-block-group swiper-wrapper is-layout-flow wp-block-group-is-layout-flow\">\n<div class=\"wp-block-group swiper-slide is-layout-flow wp-block-group-is-layout-flow\">\n\n\n<h3 class=\"wp-block-heading headline\"><strong>Razumije prirodni jezik<\/strong> i korisni\u010dke namjere, pru\u017eaju\u0107i jasne odgovore i konkretne radnje.&nbsp;<\/h3>\n\n\n\n<p><\/p>\n<\/div>\n\n\n\n<div class=\"wp-block-group swiper-slide is-layout-flow wp-block-group-is-layout-flow\">\n\n\n<h3 class=\"wp-block-heading headline\"><strong>Pretra\u017euje HR podatke u stvarnom vremenu<\/strong>, generira uvide i povezuje informacije iz vi\u0161e modula kako bi olak\u0161ao dono\u0161enje odluka.&nbsp;<\/h3>\n\n\n\n<p><\/p>\n<\/div>\n\n\n\n<div class=\"wp-block-group swiper-slide is-layout-flow wp-block-group-is-layout-flow\">\n\n\n<h3 class=\"wp-block-heading headline\"><strong>Automatizira operativne HR procese<\/strong> i zna\u010dajno smanjuje administrativno optere\u0107enje HR timova te menad\u017eera.&nbsp;<\/h3>\n\n\n\n<p><\/p>\n<\/div>\n\n\n\n<div class=\"wp-block-group swiper-slide is-layout-flow wp-block-group-is-layout-flow\">\n\n\n<h3 class=\"wp-block-heading headline\">Rezultat? HR se osloba\u0111a operativnih zadataka, a zaposlenici dobivaju br\u017eu, jednostavniju i intuitivniju podr\u0161ku.&nbsp;<\/h3>\n\n\n\n<p><\/p>\n<\/div>\n<\/div>\n<\/div>\n<\/div>\n<\/div>\n<\/div>\n<\/section>\n\n\n\n<section class=\"wp-block-group accordion-2-col is-layout-constrained wp-block-group-is-layout-constrained\">\n<div class=\"wp-block-group container is-layout-flow wp-block-group-is-layout-flow\">\n<div class=\"wp-block-columns row is-layout-flex wp-block-columns-is-layout-flex\">\n<div class=\"wp-block-column col-12 is-layout-flow wp-block-column-is-layout-flow\">\n<h2 class=\"wp-block-heading headline\"><strong>Nova razina produktivnosti u svakom HR procesu<\/strong>&nbsp;<\/h2>\n<\/div>\n<\/div>\n\n\n\n<div class=\"wp-block-columns row is-layout-flex wp-block-columns-is-layout-flex\">\n<div class=\"wp-block-column col-12 is-layout-flow wp-block-column-is-layout-flow\">\n<div class=\"wp-block-teufels-accordion accordion\" id=\"accordion-934f3db5-7958-4a73-8675-6128e19aa590\">\n<div class=\"wp-block-teufels-accordion-item accordion-item\"><h2 class=\"accordion-header\" id=\"heading-f3453330-1fd3-4891-96f7-7a6dc0a33d83\"><button class=\"accordion-button collapsed\" data-bs-toggle=\"collapse\" data-bs-target=\"#collapse-f3453330-1fd3-4891-96f7-7a6dc0a33d83\" aria-expanded=\"false\" aria-control=\"collapse-f3453330-1fd3-4891-96f7-7a6dc0a33d83\"><strong>Zapo\u0161ljavanje i selekcija: br\u017ee, pametnije, objektivnije<\/strong><\/button><\/h2><div id=\"collapse-f3453330-1fd3-4891-96f7-7a6dc0a33d83\" class=\"accordion-collapse collapse\" aria-labelledby=\"heading-f3453330-1fd3-4891-96f7-7a6dc0a33d83\" data-bs-parent=\"#accordion-934f3db5-7958-4a73-8675-6128e19aa590\"><div class=\"accordion-body\">\n<p>Joule automatski generira opise poslova, poma\u017ee u strukturiranju intervjua i konsolidira povratne informacije, poma\u017eu\u0107i timovima donositi bolje odluke u manje vremena.&nbsp;<\/p>\n<\/div><\/div><\/div>\n\n\n\n<div class=\"wp-block-teufels-accordion-item accordion-item\"><h2 class=\"accordion-header\" id=\"heading-cc9d1f1f-3409-4714-9e6d-440b8c53f49b\"><button class=\"accordion-button collapsed\" data-bs-toggle=\"collapse\" data-bs-target=\"#collapse-cc9d1f1f-3409-4714-9e6d-440b8c53f49b\" aria-expanded=\"false\" aria-control=\"collapse-cc9d1f1f-3409-4714-9e6d-440b8c53f49b\"><strong>Razvoj talenata i u\u010denje: personalizirana podr\u0161ka za rast<\/strong>\u00a0<\/button><\/h2><div id=\"collapse-cc9d1f1f-3409-4714-9e6d-440b8c53f49b\" class=\"accordion-collapse collapse\" aria-labelledby=\"heading-cc9d1f1f-3409-4714-9e6d-440b8c53f49b\" data-bs-parent=\"#accordion-934f3db5-7958-4a73-8675-6128e19aa590\"><div class=\"accordion-body\">\n<p>Od upravljanja ciljevima i razvojnim planovima, do asistencije u u\u010denju i odobravanju treninga \u2014 Joule sura\u0111uje s HR timovima i menad\u017eerima kako bi razvoj zaposlenika bio kontinuiran, transparentan i u\u010dinkovit.&nbsp;<\/p>\n<\/div><\/div><\/div>\n\n\n\n<div class=\"wp-block-teufels-accordion-item accordion-item\"><h2 class=\"accordion-header\" id=\"heading-cf55f197-7938-47e3-a4b8-3fbfa090ba10\"><button class=\"accordion-button collapsed\" data-bs-toggle=\"collapse\" data-bs-target=\"#collapse-cf55f197-7938-47e3-a4b8-3fbfa090ba10\" aria-expanded=\"false\" aria-control=\"collapse-cf55f197-7938-47e3-a4b8-3fbfa090ba10\"><strong>Upravljanje u\u010dinkom:\u00a0 precizno, jednostavno i objektivno<\/strong>\u00a0<\/button><\/h2><div id=\"collapse-cf55f197-7938-47e3-a4b8-3fbfa090ba10\" class=\"accordion-collapse collapse\" aria-labelledby=\"heading-cf55f197-7938-47e3-a4b8-3fbfa090ba10\" data-bs-parent=\"#accordion-934f3db5-7958-4a73-8675-6128e19aa590\"><div class=\"accordion-body\">\n<p>Kroz analizu povratnih informacija i generiranje sa\u017eetaka, Joule poma\u017ee HR-u i menad\u017eerima da pripreme procjene u\u010dinka br\u017ee i temeljitije nego ikad.&nbsp;<\/p>\n<\/div><\/div><\/div>\n<\/div>\n<\/div>\n\n\n\n<div class=\"wp-block-column col-12 is-layout-flow wp-block-column-is-layout-flow\">\n<div class=\"wp-block-teufels-accordion accordion\" id=\"accordion-15e3fa54-0361-4532-a03d-a404b9a6fb52\">\n<div class=\"wp-block-teufels-accordion-item accordion-item\"><h2 class=\"accordion-header\" id=\"heading-ee037d83-9c91-4b15-8dd8-6edb8672a15a\"><button class=\"accordion-button collapsed\" data-bs-toggle=\"collapse\" data-bs-target=\"#collapse-ee037d83-9c91-4b15-8dd8-6edb8672a15a\" aria-expanded=\"false\" aria-control=\"collapse-ee037d83-9c91-4b15-8dd8-6edb8672a15a\"><strong>Self\u2011service za zaposlenike: odgovori odmah, bez \u010dekanja<\/strong>\u00a0<\/button><\/h2><div id=\"collapse-ee037d83-9c91-4b15-8dd8-6edb8672a15a\" class=\"accordion-collapse collapse\" aria-labelledby=\"heading-ee037d83-9c91-4b15-8dd8-6edb8672a15a\" data-bs-parent=\"#accordion-15e3fa54-0361-4532-a03d-a404b9a6fb52\"><div class=\"accordion-body\">\n<p>Joule odgovara na pitanja o pla\u0107i, godi\u0161njem odmoru, politikama i osobnim podacima \u2014 i izvr\u0161ava konkretne radnje, bez potrebe za odlaskom u razli\u010dite module.<\/p>\n<\/div><\/div><\/div>\n\n\n\n<div class=\"wp-block-teufels-accordion-item accordion-item\"><h2 class=\"accordion-header\" id=\"heading-c42874e6-a488-4049-9542-858f75b903db\"><button class=\"accordion-button collapsed\" data-bs-toggle=\"collapse\" data-bs-target=\"#collapse-c42874e6-a488-4049-9542-858f75b903db\" aria-expanded=\"false\" aria-control=\"collapse-c42874e6-a488-4049-9542-858f75b903db\"><strong>People Analytics uvide pretvara u akciju<\/strong><\/button><\/h2><div id=\"collapse-c42874e6-a488-4049-9542-858f75b903db\" class=\"accordion-collapse collapse\" aria-labelledby=\"heading-c42874e6-a488-4049-9542-858f75b903db\" data-bs-parent=\"#accordion-15e3fa54-0361-4532-a03d-a404b9a6fb52\"><div class=\"accordion-body\">\n<p>Joule proaktivno predla\u017ee idu\u0107e najbolje korake temeljene na podacima organizacije, daju\u0107i voditeljima i HR-u mo\u0107 dono\u0161enja informiranih odluka.&nbsp;<\/p>\n<\/div><\/div><\/div>\n<\/div>\n<\/div>\n<\/div>\n<\/div>\n<\/section>\n\n\n\n<section class=\"wp-block-group text-image-2-columns is-layout-constrained wp-block-group-is-layout-constrained\">\n<div class=\"wp-block-group container is-layout-flow wp-block-group-is-layout-flow\">\n<div class=\"wp-block-columns row is-layout-flex wp-block-columns-is-layout-flex\">\n<div class=\"wp-block-column col-12 is-layout-flow wp-block-column-is-layout-flow\">\n<h2 class=\"wp-block-heading headline\"><strong>Duboka, nativna integracija s SAP SuccessFactorsom<\/strong>&nbsp;<\/h2>\n\n\n\n<p>Za razliku od generi\u010dkih AI alata, SAP Joule je izgra\u0111en <strong>specifi\u010dno za SAP HR ekosustav<\/strong>.&nbsp;<br>To zna\u010di:&nbsp;<\/p>\n\n\n\n<ul class=\"wp-block-list\">\n<li>poznavanje SAP-ovog HR modela podataka&nbsp;<\/li>\n<\/ul>\n\n\n\n<ul class=\"wp-block-list\">\n<li>razumijevanje organizacijskih struktura i role-based pristupa&nbsp;<\/li>\n<\/ul>\n\n\n\n<ul class=\"wp-block-list\">\n<li>izvr\u0161avanje HR transakcija izravno u SuccessFactors modulima&nbsp;<\/li>\n<\/ul>\n\n\n\n<ul class=\"wp-block-list\">\n<li>dosljednost, sigurnost i uskla\u0111enost s SAP-ovim standardima&nbsp;<\/li>\n<\/ul>\n\n\n\n<p>To je AI koji razumije ne samo jezik \u2014 nego i <strong>poslovnu logiku HR procesa<\/strong>.&nbsp;<\/p>\n<\/div>\n\n\n\n<div class=\"wp-block-column col-12 is-layout-flow wp-block-column-is-layout-flow\">\n<figure class=\"wp-block-image size-full\"><img loading=\"lazy\" decoding=\"async\" width=\"1411\" height=\"744\" src=\"https:\/\/solutions.axians.com\/sap\/wp-content\/uploads\/2026\/03\/Joule2.jpg\" alt=\"\" class=\"wp-image-6811\" style=\"aspect-ratio:16\/9;object-fit:cover\" srcset=\"https:\/\/solutions.axians.com\/sap\/wp-content\/uploads\/2026\/03\/Joule2.jpg 1411w, https:\/\/solutions.axians.com\/sap\/wp-content\/uploads\/2026\/03\/Joule2-800x422.jpg 800w, https:\/\/solutions.axians.com\/sap\/wp-content\/uploads\/2026\/03\/Joule2-768x405.jpg 768w\" sizes=\"auto, (max-width: 1411px) 100vw, 1411px\" \/><\/figure>\n<\/div>\n<\/div>\n<\/div>\n<\/section>\n\n\n\n<section class=\"wp-block-group image-text-accordion is-layout-constrained wp-block-group-is-layout-constrained\">\n<div class=\"wp-block-group container is-layout-flow wp-block-group-is-layout-flow\">\n<div class=\"wp-block-columns row is-layout-flex wp-block-columns-is-layout-flex\">\n<div class=\"wp-block-column col-12 is-layout-flow wp-block-column-is-layout-flow\">\n<figure class=\"wp-block-image size-full\"><img loading=\"lazy\" decoding=\"async\" width=\"1411\" height=\"744\" src=\"https:\/\/solutions.axians.com\/sap\/wp-content\/uploads\/2026\/03\/Joule3.jpg\" alt=\"\" class=\"wp-image-6812\" style=\"aspect-ratio:4\/3;object-fit:cover\" srcset=\"https:\/\/solutions.axians.com\/sap\/wp-content\/uploads\/2026\/03\/Joule3.jpg 1411w, https:\/\/solutions.axians.com\/sap\/wp-content\/uploads\/2026\/03\/Joule3-800x422.jpg 800w, https:\/\/solutions.axians.com\/sap\/wp-content\/uploads\/2026\/03\/Joule3-768x405.jpg 768w\" sizes=\"auto, (max-width: 1411px) 100vw, 1411px\" \/><\/figure>\n<\/div>\n\n\n\n<div class=\"wp-block-column col-12 is-layout-flow wp-block-column-is-layout-flow\">\n<h2 class=\"wp-block-heading headline\"><strong>Sigurnost i povjerenje na enterprise razini<\/strong>&nbsp;<\/h2>\n\n\n\n<p>Joule je izgra\u0111en prema najvi\u0161im SAP standardima sigurnosti, etike i privatnosti, uz potpunu uskla\u0111enost s globalnim regulativama i SAP\u2011ovim role\u2011based kontrolama pristupa.&nbsp;<\/p>\n\n\n\n<p>To zna\u010di da va\u0161i podaci ostaju unutar va\u0161eg sustava i koriste se isklju\u010divo za unapre\u0111enje poslovanja.&nbsp;<\/p>\n<\/div>\n<\/div>\n<\/div>\n<\/section>\n\n\n\n<section class=\"wp-block-group text-image-2-columns is-layout-constrained wp-block-group-is-layout-constrained\">\n<div class=\"wp-block-group container is-layout-flow wp-block-group-is-layout-flow\">\n<div class=\"wp-block-columns row is-layout-flex wp-block-columns-is-layout-flex\">\n<div class=\"wp-block-column col-12 is-layout-flow wp-block-column-is-layout-flow\">\n<h2 class=\"wp-block-heading headline\"><strong>Zaklju\u010dak: SAP Joule &#8211; AI koji radi za vas<\/strong><\/h2>\n\n\n\n<p>SAP Joule ne donosi samo novu tehnologiju&nbsp; ve\u0107 i novu filozofiju HR-a.&nbsp;<br>To je HR koji je:&nbsp;<\/p>\n\n\n\n<ul class=\"wp-block-list\">\n<li><strong>pametniji<\/strong> (dublji uvidi i analitika)&nbsp;<\/li>\n<\/ul>\n\n\n\n<ul class=\"wp-block-list\">\n<li><strong>br\u017ei<\/strong> (automatizacija i transakcije na jedan zahtjev)&nbsp;<\/li>\n<\/ul>\n\n\n\n<ul class=\"wp-block-list\">\n<li><strong>personaliziran<\/strong> (kontekstualne preporuke i uvide)&nbsp;<\/li>\n<\/ul>\n\n\n\n<ul class=\"wp-block-list\">\n<li><strong>efikasniji<\/strong> (manje administracije, vi\u0161e strategije)&nbsp;<\/li>\n<\/ul>\n\n\n\n<ul class=\"wp-block-list\">\n<li><strong>dostupan svima<\/strong> (zaposlenici, menad\u017eeri, HR timovi)&nbsp;<\/li>\n<\/ul>\n\n\n\n<p>SAP Joule nije budu\u0107nost HR\u2011a.&nbsp;<br><strong>On je HR kakav organizacije trebaju danas.<\/strong>&nbsp;<\/p>\n<\/div>\n\n\n\n<div class=\"wp-block-column col-12 is-layout-flow wp-block-column-is-layout-flow\">\n<figure class=\"wp-block-image size-full\"><img loading=\"lazy\" decoding=\"async\" width=\"1411\" height=\"744\" src=\"https:\/\/solutions.axians.com\/sap\/wp-content\/uploads\/2026\/03\/Joule4.jpg\" alt=\"\" class=\"wp-image-6813\" style=\"aspect-ratio:16\/9;object-fit:cover\" srcset=\"https:\/\/solutions.axians.com\/sap\/wp-content\/uploads\/2026\/03\/Joule4.jpg 1411w, https:\/\/solutions.axians.com\/sap\/wp-content\/uploads\/2026\/03\/Joule4-800x422.jpg 800w, https:\/\/solutions.axians.com\/sap\/wp-content\/uploads\/2026\/03\/Joule4-768x405.jpg 768w\" sizes=\"auto, (max-width: 1411px) 100vw, 1411px\" \/><\/figure>\n<\/div>\n<\/div>\n<\/div>\n<\/section>\n\n\n\n<section id=\"kontakt\" class=\"wp-block-group contactperson is-layout-constrained wp-block-group-is-layout-constrained\">\n<div class=\"wp-block-group container is-layout-flow wp-block-group-is-layout-flow\">\n<div class=\"wp-block-columns row is-layout-flex wp-block-columns-is-layout-flex\">\n<div class=\"wp-block-column col-12 is-layout-flow wp-block-column-is-layout-flow\">\n<h2 class=\"wp-block-heading headline\">\u0160to mo\u017eemo u\u010diniti za vas?<\/h2>\n<\/div>\n\n\n\n<div class=\"wp-block-column col-12 is-layout-flow wp-block-column-is-layout-flow\">\n<figure class=\"wp-block-image size-full\"><img loading=\"lazy\" decoding=\"async\" width=\"1441\" height=\"1858\" src=\"https:\/\/solutions.axians.com\/sap\/wp-content\/uploads\/2026\/03\/Maja-Hleb-2.jpg\" alt=\"Maja Hleb\" class=\"wp-image-6456\" style=\"aspect-ratio:1;object-fit:cover\" srcset=\"https:\/\/solutions.axians.com\/sap\/wp-content\/uploads\/2026\/03\/Maja-Hleb-2.jpg 1441w, https:\/\/solutions.axians.com\/sap\/wp-content\/uploads\/2026\/03\/Maja-Hleb-2-620x800.jpg 620w, https:\/\/solutions.axians.com\/sap\/wp-content\/uploads\/2026\/03\/Maja-Hleb-2-768x990.jpg 768w, https:\/\/solutions.axians.com\/sap\/wp-content\/uploads\/2026\/03\/Maja-Hleb-2-1191x1536.jpg 1191w\" sizes=\"auto, (max-width: 1441px) 100vw, 1441px\" \/><\/figure>\n<\/div>\n\n\n\n<div class=\"wp-block-column col-12 is-layout-flow wp-block-column-is-layout-flow\">\n<h3 class=\"wp-block-heading headline\">Maja Hleb<\/h3>\n\n\n\n<p class=\"section-headline\">SAP Sales Representative<\/p>\n\n\n\n<div class=\"wp-block-group social is-layout-flow wp-block-group-is-layout-flow\">\n<figure class=\"wp-block-image size-full\"><a class=\"https:\/\/www.linkedin.com\/in\/michael-scharff\/\" href=\"https:\/\/www.linkedin.com\/in\/maja-hleb-562951101\/\" target=\"_blank\" rel=\" noreferrer noopener\"><img decoding=\"async\" src=\"\/sap\/wp-content\/uploads\/2025\/06\/icon-linkedin.svg\" alt=\"logo\"\/><\/a><\/figure>\n\n\n\n<figure class=\"wp-block-image size-full\"><a href=\"tel:+385 91 460 3066\"><img decoding=\"async\" src=\"https:\/\/solutions.axians.com\/sap\/wp-content\/uploads\/2025\/09\/phone-icon-contact.svg\" alt=\"\" class=\"wp-image-5406\"\/><\/a><\/figure>\n<\/div>\n\n\n\n<div class=\"wp-block-buttons is-layout-flex wp-block-buttons-is-layout-flex\">\n<div class=\"wp-block-button is-style-primary\"><a class=\"wp-block-button__link wp-element-button\" href=\"https:\/\/meetings-eu1.hubspot.com\/maja-hleb?uuid=4619c942-4289-4176-a824-d2431bd4aae0\" target=\"_blank\" rel=\"noopener\">Rezervirajte termin sada<\/a><\/div>\n<\/div>\n\n\n<\/div>\n<\/div>\n<\/div>\n<\/section>\n\n\n\n<p><\/p>\n","protected":false},"excerpt":{"rendered":"<p>SAP Joule Nova inteligencija u srcu HR transformacije&nbsp; Razgovaraj. Otkrij. U\u010dini.&nbsp; U svijetu u kojem se HR timovi suo\u010davaju s rastu\u0107im o\u010dekivanjima, slo\u017eenim procesima i nedostatkom vremena, SAP predstavlja rje\u0161enje koje mijenja pravila igre. SAP Joule, napredni generativni AI copilot, donosi inteligenciju izravno u SAP SuccessFactors i podi\u017ee ljudske resurse na potpuno novu razinu efikasnosti, [&hellip;]<\/p>\n","protected":false},"author":11,"featured_media":0,"parent":0,"menu_order":0,"comment_status":"closed","ping_status":"closed","template":"","meta":{"footnotes":""},"class_list":["post-6808","page","type-page","status-publish","hentry"],"lang":"hr","translations":{"hr":6808},"pll_sync_post":{},"_links":{"self":[{"href":"https:\/\/solutions.axians.com\/sap\/wp-json\/wp\/v2\/pages\/6808","targetHints":{"allow":["GET"]}}],"collection":[{"href":"https:\/\/solutions.axians.com\/sap\/wp-json\/wp\/v2\/pages"}],"about":[{"href":"https:\/\/solutions.axians.com\/sap\/wp-json\/wp\/v2\/types\/page"}],"author":[{"embeddable":true,"href":"https:\/\/solutions.axians.com\/sap\/wp-json\/wp\/v2\/users\/11"}],"replies":[{"embeddable":true,"href":"https:\/\/solutions.axians.com\/sap\/wp-json\/wp\/v2\/comments?post=6808"}],"version-history":[{"count":8,"href":"https:\/\/solutions.axians.com\/sap\/wp-json\/wp\/v2\/pages\/6808\/revisions"}],"predecessor-version":[{"id":8360,"href":"https:\/\/solutions.axians.com\/sap\/wp-json\/wp\/v2\/pages\/6808\/revisions\/8360"}],"wp:attachment":[{"href":"https:\/\/solutions.axians.com\/sap\/wp-json\/wp\/v2\/media?parent=6808"}],"curies":[{"name":"wp","href":"https:\/\/api.w.org\/{rel}","templated":true}]}}