{"id":6796,"date":"2026-03-31T12:22:57","date_gmt":"2026-03-31T11:22:57","guid":{"rendered":"https:\/\/solutions.axians.com\/sap\/?page_id=6796"},"modified":"2026-04-15T10:17:20","modified_gmt":"2026-04-15T09:17:20","slug":"life-sciences","status":"publish","type":"page","link":"https:\/\/solutions.axians.com\/sap\/hr\/life-sciences\/","title":{"rendered":"Life Sciences"},"content":{"rendered":"\n<section class=\"wp-block-group stage-subpage is-layout-constrained wp-block-group-is-layout-constrained\">\n<figure class=\"wp-block-image size-full\"><img loading=\"lazy\" decoding=\"async\" width=\"1277\" height=\"821\" src=\"https:\/\/solutions.axians.com\/sap\/wp-content\/uploads\/2026\/03\/LifeSciences.jpg\" alt=\"\" class=\"wp-image-6799\" style=\"aspect-ratio:2.3333333333333335;object-fit:cover\" srcset=\"https:\/\/solutions.axians.com\/sap\/wp-content\/uploads\/2026\/03\/LifeSciences.jpg 1277w, https:\/\/solutions.axians.com\/sap\/wp-content\/uploads\/2026\/03\/LifeSciences-800x514.jpg 800w, https:\/\/solutions.axians.com\/sap\/wp-content\/uploads\/2026\/03\/LifeSciences-768x494.jpg 768w\" sizes=\"auto, (max-width: 1277px) 100vw, 1277px\" \/><\/figure>\n\n\n\n<div class=\"wp-block-group container is-layout-flow wp-block-group-is-layout-flow\">\n<div class=\"wp-block-columns row is-layout-flex wp-block-columns-is-layout-flex\">\n<div class=\"wp-block-column col-12 is-layout-flow wp-block-column-is-layout-flow\">\n<h1 class=\"wp-block-heading headline\">Life Sciences<\/h1>\n\n\n\n<p>Sigurnost, inovacije i uskla\u0111enost s regulativom. Povezujemo istra\u017eivanje, proizvodnju i distribuciju u transparentan i kontroliran sustav, podr\u017eavaju\u0107i razvoj terapija i zadovoljavanje regulatornih standarda.&nbsp;<\/p>\n\n\n\n<p><\/p>\n<\/div>\n<\/div>\n<\/div>\n<\/section>\n\n\n\n<section class=\"wp-block-group breadcrumb is-layout-constrained wp-block-group-is-layout-constrained\">\n<div class=\"wp-block-group container is-layout-flow wp-block-group-is-layout-flow\">\n<div class=\"wp-block-columns row is-layout-flex wp-block-columns-is-layout-flex\">\n<div class=\"wp-block-column col-12 is-layout-flow wp-block-column-is-layout-flow\"><nav aria-label=\"breadcrumbs\" class=\"rank-math-breadcrumb\"><p><span class=\"last\">Home<\/span><\/p><\/nav>\n<\/div>\n<\/div>\n<\/div>\n<\/section>\n\n\n\n<section class=\"wp-block-group text-centered-gradient is-layout-constrained wp-block-group-is-layout-constrained\">\n<div class=\"wp-block-group container is-layout-flow wp-block-group-is-layout-flow\">\n<div class=\"wp-block-columns row is-layout-flex wp-block-columns-is-layout-flex\">\n<div class=\"wp-block-column col-12 is-layout-flow wp-block-column-is-layout-flow\">\n<h2 class=\"wp-block-heading headline\"><strong>Uspjeh kroz uskla\u0111enost, kvalitetu i transparentnost.<\/strong>&nbsp;<\/h2>\n\n\n\n<p>Farmaceutska i zdravstvena industrija zahtijevaju strogu regulativu, kontrolu kvalitete i integraciju podataka kroz istra\u017eivanje, proizvodnju i distribuciju.&nbsp;<\/p>\n<\/div>\n<\/div>\n<\/div>\n<\/section>\n\n\n\n<section class=\"wp-block-group headline-text-slider-icon-text is-layout-constrained wp-block-group-is-layout-constrained\">\n<div class=\"wp-block-group container is-layout-flow wp-block-group-is-layout-flow\">\n<div class=\"wp-block-columns row is-layout-flex wp-block-columns-is-layout-flex\">\n<div class=\"wp-block-column col-12 is-layout-flow wp-block-column-is-layout-flow\">\n<h2 class=\"wp-block-heading headline\">Izazovi industrije<\/h2>\n\n\n\n<div class=\"wp-block-group slider-icon-text swiper is-layout-flow wp-block-group-is-layout-flow\">\n<div class=\"wp-block-group swiper-wrapper is-layout-flow wp-block-group-is-layout-flow\">\n<div class=\"wp-block-group swiper-slide is-layout-flow wp-block-group-is-layout-flow\">\n\n\n<h3 class=\"wp-block-heading headline\">Uskla\u0111enost s regulatornim zahtjevima&nbsp;&nbsp;<\/h3>\n\n\n\n<p><\/p>\n<\/div>\n\n\n\n<div class=\"wp-block-group swiper-slide is-layout-flow wp-block-group-is-layout-flow\">\n\n\n<h3 class=\"wp-block-heading headline\">Pra\u0107enje serija i kontrola kvalitete proizvoda&nbsp;<\/h3>\n\n\n\n<p><\/p>\n<\/div>\n\n\n\n<div class=\"wp-block-group swiper-slide is-layout-flow wp-block-group-is-layout-flow\">\n\n\n<h3 class=\"wp-block-heading headline\">Upravljanje slo\u017eenim klini\u010dkim i proizvodnim procesima&nbsp;<\/h3>\n\n\n\n<p><\/p>\n<\/div>\n\n\n\n<div class=\"wp-block-group swiper-slide is-layout-flow wp-block-group-is-layout-flow\">\n\n\n<h3 class=\"wp-block-heading headline\">Br\u017ee uvo\u0111enje terapija na tr\u017ei\u0161te i pacijent\u2011orijentirani pristup<\/h3>\n\n\n\n<p><\/p>\n<\/div>\n\n\n\n<div class=\"wp-block-group swiper-slide is-layout-flow wp-block-group-is-layout-flow\">\n\n\n<h3 class=\"wp-block-heading headline\">Transparentnost i sigurnost podataka&nbsp;<\/h3>\n\n\n\n<p><\/p>\n<\/div>\n<\/div>\n<\/div>\n<\/div>\n<\/div>\n<\/div>\n<\/section>\n\n\n\n<section class=\"wp-block-group text-image-2-columns is-layout-constrained wp-block-group-is-layout-constrained\">\n<div class=\"wp-block-group container is-layout-flow wp-block-group-is-layout-flow\">\n<div class=\"wp-block-columns row is-layout-flex wp-block-columns-is-layout-flex\">\n<div class=\"wp-block-column col-12 is-layout-flow wp-block-column-is-layout-flow\">\n<h2 class=\"wp-block-heading headline\">Kako Axians i SAP rje\u0161enja poma\u017eu&nbsp; industriji?<\/h2>\n\n\n\n<p><strong>Integrirano, sigurno i agilno upravljanje \u017eivotnim ciklusom proizvoda.<\/strong>&nbsp;<\/p>\n\n\n\n<ul class=\"wp-block-list\">\n<li>SAP S\/4HANA for Life Sciences:\u2013 integrirano upravljanje poslovanjem i kvalitetom&nbsp;<\/li>\n<\/ul>\n\n\n\n<ul class=\"wp-block-list\">\n<li>Resilient supply chain i napredna analitika \u2013 bolja vidljivost i optimizacija opskrbe&nbsp;<\/li>\n<\/ul>\n\n\n\n<ul class=\"wp-block-list\">\n<li>Automatizacija bizdavanja serija i vo\u0111enje evidencije u skladu s propisima&nbsp;&nbsp;<\/li>\n<\/ul>\n\n\n\n<ul class=\"wp-block-list\">\n<li>Podr\u0161ka klini\u010dkim ispitivanjima i R&amp;D procesu&nbsp;<\/li>\n<\/ul>\n\n\n\n<ul class=\"wp-block-list\">\n<li>AI\u2011poticana analitika i platforme za inovacije&nbsp;<\/li>\n<\/ul>\n\n\n\n<ul class=\"wp-block-list\">\n<li>Robusna sigurnosna i kontrolna infrastruktura za za\u0161titu podataka&nbsp;<br><\/li>\n<\/ul>\n\n\n\n<div class=\"wp-block-buttons is-layout-flex wp-block-buttons-is-layout-flex\">\n<div class=\"wp-block-button is-style-primary\"><a class=\"wp-block-button__link wp-element-button\" href=\"https:\/\/solutions.axians.com\/sap\/hr\/sap-rjesenja\/\">Na\u0161a SAP rje\u0161enja<\/a><\/div>\n<\/div>\n<\/div>\n\n\n\n<div class=\"wp-block-column col-12 is-layout-flow wp-block-column-is-layout-flow\">\n<figure class=\"wp-block-image size-full\"><img loading=\"lazy\" decoding=\"async\" width=\"1411\" height=\"744\" src=\"https:\/\/solutions.axians.com\/sap\/wp-content\/uploads\/2026\/03\/LifeSciences2.jpg\" alt=\"\" class=\"wp-image-6800\" style=\"aspect-ratio:16\/9;object-fit:cover\" srcset=\"https:\/\/solutions.axians.com\/sap\/wp-content\/uploads\/2026\/03\/LifeSciences2.jpg 1411w, https:\/\/solutions.axians.com\/sap\/wp-content\/uploads\/2026\/03\/LifeSciences2-800x422.jpg 800w, https:\/\/solutions.axians.com\/sap\/wp-content\/uploads\/2026\/03\/LifeSciences2-768x405.jpg 768w\" sizes=\"auto, (max-width: 1411px) 100vw, 1411px\" \/><\/figure>\n<\/div>\n<\/div>\n<\/div>\n<\/section>\n\n\n\n<section class=\"wp-block-group image-text-accordion is-layout-constrained wp-block-group-is-layout-constrained\">\n<div class=\"wp-block-group container is-layout-flow wp-block-group-is-layout-flow\">\n<div class=\"wp-block-columns row is-layout-flex wp-block-columns-is-layout-flex\">\n<div class=\"wp-block-column col-12 is-layout-flow wp-block-column-is-layout-flow\">\n<figure class=\"wp-block-image size-full\"><img loading=\"lazy\" decoding=\"async\" width=\"1411\" height=\"744\" src=\"https:\/\/solutions.axians.com\/sap\/wp-content\/uploads\/2026\/03\/LifeSciences3.jpg\" alt=\"\" class=\"wp-image-6801\" style=\"aspect-ratio:4\/3;object-fit:cover\" srcset=\"https:\/\/solutions.axians.com\/sap\/wp-content\/uploads\/2026\/03\/LifeSciences3.jpg 1411w, https:\/\/solutions.axians.com\/sap\/wp-content\/uploads\/2026\/03\/LifeSciences3-800x422.jpg 800w, https:\/\/solutions.axians.com\/sap\/wp-content\/uploads\/2026\/03\/LifeSciences3-768x405.jpg 768w\" sizes=\"auto, (max-width: 1411px) 100vw, 1411px\" \/><\/figure>\n<\/div>\n\n\n\n<div class=\"wp-block-column col-12 is-layout-flow wp-block-column-is-layout-flow\">\n<h2 class=\"wp-block-heading headline\">Vrijednosti za korisnika&nbsp;<\/h2>\n\n\n\n<ul class=\"wp-block-list\">\n<li>Visoka razina uskla\u0111enosti s regulatornim zahtjevima&nbsp;<\/li>\n<\/ul>\n\n\n\n<ul class=\"wp-block-list\">\n<li>Smanjenje rizika u proizvodnji i distribuciji&nbsp;<\/li>\n<\/ul>\n\n\n\n<ul class=\"wp-block-list\">\n<li>Br\u017ei razvoj i dostupnost inovativnih terapija pacijentima&nbsp;<\/li>\n<\/ul>\n\n\n\n<p><\/p>\n<\/div>\n<\/div>\n<\/div>\n<\/section>\n\n\n\n<section id=\"kontakt\" class=\"wp-block-group contactperson is-layout-constrained wp-block-group-is-layout-constrained\">\n<div class=\"wp-block-group container is-layout-flow wp-block-group-is-layout-flow\">\n<div class=\"wp-block-columns row is-layout-flex wp-block-columns-is-layout-flex\">\n<div class=\"wp-block-column col-12 is-layout-flow wp-block-column-is-layout-flow\">\n<h2 class=\"wp-block-heading headline\">\u0160to mo\u017eemo u\u010diniti za vas?<\/h2>\n<\/div>\n\n\n\n<div class=\"wp-block-column col-12 is-layout-flow wp-block-column-is-layout-flow\">\n<figure class=\"wp-block-image size-full\"><img loading=\"lazy\" decoding=\"async\" width=\"1441\" height=\"1858\" src=\"https:\/\/solutions.axians.com\/sap\/wp-content\/uploads\/2026\/03\/Maja-Hleb-2.jpg\" alt=\"Maja Hleb\" class=\"wp-image-6456\" style=\"aspect-ratio:1;object-fit:cover\" srcset=\"https:\/\/solutions.axians.com\/sap\/wp-content\/uploads\/2026\/03\/Maja-Hleb-2.jpg 1441w, https:\/\/solutions.axians.com\/sap\/wp-content\/uploads\/2026\/03\/Maja-Hleb-2-620x800.jpg 620w, https:\/\/solutions.axians.com\/sap\/wp-content\/uploads\/2026\/03\/Maja-Hleb-2-768x990.jpg 768w, https:\/\/solutions.axians.com\/sap\/wp-content\/uploads\/2026\/03\/Maja-Hleb-2-1191x1536.jpg 1191w\" sizes=\"auto, (max-width: 1441px) 100vw, 1441px\" \/><\/figure>\n<\/div>\n\n\n\n<div class=\"wp-block-column col-12 is-layout-flow wp-block-column-is-layout-flow\">\n<h3 class=\"wp-block-heading headline\">Maja Hleb<\/h3>\n\n\n\n<p class=\"section-headline\">SAP Sales Representative<\/p>\n\n\n\n<div class=\"wp-block-group social is-layout-flow wp-block-group-is-layout-flow\">\n<figure class=\"wp-block-image size-full\"><a class=\"https:\/\/www.linkedin.com\/in\/michael-scharff\/\" href=\"https:\/\/www.linkedin.com\/in\/maja-hleb-562951101\/\" target=\"_blank\" rel=\" noreferrer noopener\"><img decoding=\"async\" src=\"\/sap\/wp-content\/uploads\/2025\/06\/icon-linkedin.svg\" alt=\"logo\"\/><\/a><\/figure>\n\n\n\n<figure class=\"wp-block-image size-full\"><a href=\"tel:+385 91 460 3066\"><img decoding=\"async\" src=\"https:\/\/solutions.axians.com\/sap\/wp-content\/uploads\/2025\/09\/phone-icon-contact.svg\" alt=\"\" class=\"wp-image-5406\"\/><\/a><\/figure>\n<\/div>\n\n\n\n<div class=\"wp-block-buttons is-layout-flex wp-block-buttons-is-layout-flex\">\n<div class=\"wp-block-button is-style-primary\"><a class=\"wp-block-button__link wp-element-button\" href=\"https:\/\/meetings-eu1.hubspot.com\/maja-hleb?uuid=4619c942-4289-4176-a824-d2431bd4aae0\" target=\"_blank\" rel=\"noreferrer noopener\">Rezervirajte termin sada<\/a><\/div>\n<\/div>\n\n\n<\/div>\n<\/div>\n<\/div>\n<\/section>\n","protected":false},"excerpt":{"rendered":"<p>Life Sciences Sigurnost, inovacije i uskla\u0111enost s regulativom. Povezujemo istra\u017eivanje, proizvodnju i distribuciju u transparentan i kontroliran sustav, podr\u017eavaju\u0107i razvoj terapija i zadovoljavanje regulatornih standarda.&nbsp; Uspjeh kroz uskla\u0111enost, kvalitetu i transparentnost.&nbsp; Farmaceutska i zdravstvena industrija zahtijevaju strogu regulativu, kontrolu kvalitete i integraciju podataka kroz istra\u017eivanje, proizvodnju i distribuciju.&nbsp; Izazovi industrije Uskla\u0111enost s regulatornim zahtjevima&nbsp;&nbsp; Pra\u0107enje [&hellip;]<\/p>\n","protected":false},"author":11,"featured_media":0,"parent":0,"menu_order":0,"comment_status":"closed","ping_status":"closed","template":"","meta":{"footnotes":""},"class_list":["post-6796","page","type-page","status-publish","hentry"],"lang":"hr","translations":{"hr":6796},"pll_sync_post":{},"_links":{"self":[{"href":"https:\/\/solutions.axians.com\/sap\/wp-json\/wp\/v2\/pages\/6796","targetHints":{"allow":["GET"]}}],"collection":[{"href":"https:\/\/solutions.axians.com\/sap\/wp-json\/wp\/v2\/pages"}],"about":[{"href":"https:\/\/solutions.axians.com\/sap\/wp-json\/wp\/v2\/types\/page"}],"author":[{"embeddable":true,"href":"https:\/\/solutions.axians.com\/sap\/wp-json\/wp\/v2\/users\/11"}],"replies":[{"embeddable":true,"href":"https:\/\/solutions.axians.com\/sap\/wp-json\/wp\/v2\/comments?post=6796"}],"version-history":[{"count":4,"href":"https:\/\/solutions.axians.com\/sap\/wp-json\/wp\/v2\/pages\/6796\/revisions"}],"predecessor-version":[{"id":7988,"href":"https:\/\/solutions.axians.com\/sap\/wp-json\/wp\/v2\/pages\/6796\/revisions\/7988"}],"wp:attachment":[{"href":"https:\/\/solutions.axians.com\/sap\/wp-json\/wp\/v2\/media?parent=6796"}],"curies":[{"name":"wp","href":"https:\/\/api.w.org\/{rel}","templated":true}]}}