{"id":6219,"date":"2026-03-09T11:52:00","date_gmt":"2026-03-09T10:52:00","guid":{"rendered":"https:\/\/solutions.axians.com\/sap\/?page_id=6219"},"modified":"2026-04-22T10:07:13","modified_gmt":"2026-04-22T09:07:13","slug":"axians-construction-suite","status":"publish","type":"page","link":"https:\/\/solutions.axians.com\/sap\/de\/sap-losungen\/sap-add-ons\/axians-construction-suite\/","title":{"rendered":"Axians Construction Suite: 3 wesentliche Vorteile f\u00fcr SAP\u2011CX\u2011Bauprojekte"},"content":{"rendered":"\n<section class=\"wp-block-group stage-subpage is-layout-constrained wp-block-group-is-layout-constrained\">\n<figure class=\"wp-block-image size-full\"><img loading=\"lazy\" decoding=\"async\" width=\"1365\" height=\"768\" src=\"https:\/\/solutions.axians.com\/sap\/wp-content\/uploads\/2025\/08\/iStock-2153381400.jpg\" alt=\"Ein digitales, abstraktes Hintergrundbild mit flie\u00dfenden, wellenf\u00f6rmigen Linien in violetten und blauen Farbt\u00f6nen vor einem dunkelblauen Hintergrund. Die geschwungenen Linien verlaufen dynamisch \u00fcber das Bild und erzeugen einen Eindruck von Bewegung und Tiefe, \u00e4hnlich Lichtspuren oder stilisierten Wellen.\" class=\"wp-image-984\" style=\"aspect-ratio:21\/9;object-fit:cover\" srcset=\"https:\/\/solutions.axians.com\/sap\/wp-content\/uploads\/2025\/08\/iStock-2153381400.jpg 1365w, https:\/\/solutions.axians.com\/sap\/wp-content\/uploads\/2025\/08\/iStock-2153381400-800x450.jpg 800w, https:\/\/solutions.axians.com\/sap\/wp-content\/uploads\/2025\/08\/iStock-2153381400-768x432.jpg 768w\" sizes=\"auto, (max-width: 1365px) 100vw, 1365px\" \/><\/figure>\n\n\n\n<div class=\"wp-block-group container is-layout-flow wp-block-group-is-layout-flow\">\n<div class=\"wp-block-columns row is-layout-flex wp-block-columns-is-layout-flex\">\n<div class=\"wp-block-column col-12 is-layout-flow wp-block-column-is-layout-flow\">\n<h1 class=\"wp-block-heading headline\">Axians Construction Suite<\/h1>\n\n\n\n<p>SAP CX f\u00fcr die Bauindustrie<\/p>\n\n\n\n<div class=\"wp-block-buttons is-layout-flex wp-block-buttons-is-layout-flex\">\n<div class=\"wp-block-button is-style-primary\"><a class=\"wp-block-button__link wp-element-button\" href=\"https:\/\/solutions.axians.com\/sap\/contact-us\/\" target=\"_blank\" rel=\"noreferrer noopener\">Demo anfordern<\/a><\/div>\n<\/div>\n<\/div>\n<\/div>\n<\/div>\n<\/section>\n\n\n\n\n\n<section class=\"wp-block-group text-centered-gradient is-layout-constrained wp-block-group-is-layout-constrained\">\n<div class=\"wp-block-group container is-layout-flow wp-block-group-is-layout-flow\">\n<div class=\"wp-block-columns row is-layout-flex wp-block-columns-is-layout-flex\">\n<div class=\"wp-block-column col-12 is-layout-flow wp-block-column-is-layout-flow\">\n<h2 class=\"wp-block-heading headline\">Durchg\u00e4ngige SAP CX-Steuerung f\u00fcr komplexe Bauabl\u00e4ufe<\/h2>\n\n\n\n<p>Je gr\u00f6\u00dfer das Projekt, desto gr\u00f6\u00dfer das Chaos &#8211; das ist in der Bau- und Bauzulieferindustrie allgemein bekannt. Wie k\u00f6nnen Projekt-, Service- oder Vertriebsleiter von der Planung \u00fcber die Ausf\u00fchrung bis zum Betrieb den \u00dcberblick behalten? Wie bildet man komplexe Bauprojekte in SAP CX ab? Die <a href=\"https:\/\/www.axians.de\/branchen\/bau-bauzulieferer\/\" target=\"_blank\" rel=\"noopener\">Axians Construction Suite<\/a> macht es m\u00f6glich: Verwalten Sie Ihre Projekte zentral und durchg\u00e4ngig mit SAP CX.<\/p>\n<\/div>\n<\/div>\n<\/div>\n<\/section>\n\n\n\n<section class=\"wp-block-group headline-text-slider-icon-text is-layout-constrained wp-block-group-is-layout-constrained\">\n<div class=\"wp-block-group container is-layout-flow wp-block-group-is-layout-flow\">\n<div class=\"wp-block-columns row is-layout-flex wp-block-columns-is-layout-flex\">\n<div class=\"wp-block-column col-12 is-layout-flow wp-block-column-is-layout-flow\">\n<h2 class=\"wp-block-heading headline\">Ihre Vorteile mit Axians Construction Suite<\/h2>\n\n\n\n<div class=\"wp-block-group slider-icon-text swiper is-layout-flow wp-block-group-is-layout-flow\">\n<div class=\"wp-block-group swiper-wrapper is-layout-flow wp-block-group-is-layout-flow\">\n<div class=\"wp-block-group swiper-slide is-layout-flow wp-block-group-is-layout-flow\">\n\n\n<h3 class=\"wp-block-heading headline\"><strong><strong>Effizientes Management<\/strong><\/strong><\/h3>\n\n\n\n<p>komplexer Bauprojekte im Direkt- und H\u00e4ndlergesch\u00e4ft<\/p>\n<\/div>\n\n\n\n<div class=\"wp-block-group swiper-slide is-layout-flow wp-block-group-is-layout-flow\">\n\n\n<h3 class=\"wp-block-heading headline\"><strong><strong>Nahtlose \u00dcberwachung<\/strong><\/strong><\/h3>\n\n\n\n<p>vom ersten Verkaufskontakt bis zum Service<\/p>\n<\/div>\n\n\n\n<div class=\"wp-block-group swiper-slide is-layout-flow wp-block-group-is-layout-flow\">\n\n\n<h3 class=\"wp-block-heading headline\"><strong>Klare Visualisierung<\/strong><\/h3>\n\n\n\n<p>von Projekten mit langfristigen Prozessen<\/p>\n<\/div>\n<\/div>\n<\/div>\n<\/div>\n<\/div>\n<\/div>\n<\/section>\n\n\n\n\n\n<section class=\"wp-block-group text-image-2-columns is-layout-constrained wp-block-group-is-layout-constrained\">\n<div class=\"wp-block-group container is-layout-flow wp-block-group-is-layout-flow\">\n<div class=\"wp-block-columns row is-layout-flex wp-block-columns-is-layout-flex\">\n<div class=\"wp-block-column col-12 is-layout-flow wp-block-column-is-layout-flow\">\n<h2 class=\"wp-block-heading headline\">Umfang der L\u00f6sung<\/h2>\n\n\n\n<ul class=\"wp-block-list\">\n<li><strong><strong><strong>Backend-Integration<\/strong><\/strong> &#8211; <\/strong> f\u00fcr echte End-to-End-Prozesse<\/li>\n\n\n\n<li><strong><strong><strong>Diverse Add-on Solutions<\/strong><\/strong> &#8211; <\/strong> f\u00fcr funktionale Erweiterungen<\/li>\n\n\n\n<li><strong><strong>Kundenspezifischer L\u00f6sungsumfang<\/strong><\/strong> &#8211; basierend auf lizenzierten CX-Komponenten<\/li>\n<\/ul>\n\n\n\n<p><\/p>\n\n\n\n<div class=\"wp-block-buttons is-layout-flex wp-block-buttons-is-layout-flex\">\n<div class=\"wp-block-button is-style-primary\"><a class=\"wp-block-button__link wp-element-button\" href=\"https:\/\/solutions.axians.com\/sap\/contact-us\/\">Demo anfordern<\/a><\/div>\n<\/div>\n<\/div>\n\n\n\n<div class=\"wp-block-column col-12 is-layout-flow wp-block-column-is-layout-flow\">\n<p><a> <\/a><\/p>\n\n\n\n<figure class=\"wp-block-image size-large\"><img loading=\"lazy\" decoding=\"async\" width=\"1920\" height=\"1280\" src=\"https:\/\/solutions.axians.com\/sap\/wp-content\/uploads\/2026\/02\/iStock-1277749962-1-1920x1280.jpg\" alt=\"Baustellenarbeiter, der mit der AXIANS Construction Suite digitale Werkzeuge f\u00fcr das Projektmanagement nutzt.\" class=\"wp-image-6220\" srcset=\"https:\/\/solutions.axians.com\/sap\/wp-content\/uploads\/2026\/02\/iStock-1277749962-1-1920x1280.jpg 1920w, https:\/\/solutions.axians.com\/sap\/wp-content\/uploads\/2026\/02\/iStock-1277749962-1-800x533.jpg 800w, https:\/\/solutions.axians.com\/sap\/wp-content\/uploads\/2026\/02\/iStock-1277749962-1-768x512.jpg 768w, https:\/\/solutions.axians.com\/sap\/wp-content\/uploads\/2026\/02\/iStock-1277749962-1-1536x1024.jpg 1536w, https:\/\/solutions.axians.com\/sap\/wp-content\/uploads\/2026\/02\/iStock-1277749962-1-2048x1365.jpg 2048w\" sizes=\"auto, (max-width: 1920px) 100vw, 1920px\" \/><\/figure>\n<\/div>\n<\/div>\n<\/div>\n<\/section>\n\n\n\n<section class=\"wp-block-group headline-text-slider-icon-text is-layout-constrained wp-block-group-is-layout-constrained\">\n<div class=\"wp-block-group container is-layout-flow wp-block-group-is-layout-flow\">\n<div class=\"wp-block-columns row is-layout-flex wp-block-columns-is-layout-flex\">\n<div class=\"wp-block-column col-12 is-layout-flow wp-block-column-is-layout-flow\">\n<h2 class=\"wp-block-heading headline\">Diese L\u00f6sung eignet sich f\u00fcr Unternehmen in:<\/h2>\n\n\n\n<div class=\"wp-block-group slider-icon-text swiper is-layout-flow wp-block-group-is-layout-flow\">\n<div class=\"wp-block-group swiper-wrapper is-layout-flow wp-block-group-is-layout-flow\">\n<div class=\"wp-block-group swiper-slide is-layout-flow wp-block-group-is-layout-flow\">\n\n\n<h3 class=\"wp-block-heading headline\">Fertigung und Industrie<\/h3>\n\n\n\n<p><\/p>\n<\/div>\n\n\n\n<div class=\"wp-block-group swiper-slide is-layout-flow wp-block-group-is-layout-flow\">\n\n\n<h3 class=\"wp-block-heading headline\">Einzelhandel<\/h3>\n\n\n\n<p><\/p>\n<\/div>\n<\/div>\n<\/div>\n<\/div>\n<\/div>\n<\/div>\n<\/section>\n\n\n\n<section class=\"wp-block-group image-text-2-columns is-layout-constrained wp-block-group-is-layout-constrained\">\n<div class=\"wp-block-group container is-layout-flow wp-block-group-is-layout-flow\">\n<div class=\"wp-block-columns row is-layout-flex wp-block-columns-is-layout-flex\">\n<div class=\"wp-block-column col-12 is-layout-flow wp-block-column-is-layout-flow\">\n<figure class=\"wp-block-image size-full\"><img loading=\"lazy\" decoding=\"async\" width=\"1365\" height=\"768\" src=\"https:\/\/solutions.axians.com\/sap\/wp-content\/uploads\/2025\/08\/iStock-1410652010.jpg\" alt=\"Digitaler Weg durch ein komplexes Labyrinth - Visualisierung von optimierten Bauprojektabl\u00e4ufen mit der AXIANS Construction Suite\" class=\"wp-image-982\" style=\"aspect-ratio:16\/9;object-fit:cover\" srcset=\"https:\/\/solutions.axians.com\/sap\/wp-content\/uploads\/2025\/08\/iStock-1410652010.jpg 1365w, https:\/\/solutions.axians.com\/sap\/wp-content\/uploads\/2025\/08\/iStock-1410652010-800x450.jpg 800w, https:\/\/solutions.axians.com\/sap\/wp-content\/uploads\/2025\/08\/iStock-1410652010-768x432.jpg 768w\" sizes=\"auto, (max-width: 1365px) 100vw, 1365px\" \/><\/figure>\n<\/div>\n\n\n\n<div class=\"wp-block-column col-12 is-layout-flow wp-block-column-is-layout-flow\">\n<h2 class=\"wp-block-heading headline\">Gemeinsame Herausforderungen &#8211; Ihre L\u00f6sungen<\/h2>\n\n\n\n<p><strong>Problem:<\/strong> Komplexes Lead- und H\u00e4ndlermanagement &#8211; An Bauprojekten sind mehrere H\u00e4ndler, Partner und lange Qualifikationsphasen beteiligt, was die Koordination erschwert.<\/p>\n\n\n\n<p><strong>Die L\u00f6sung:<\/strong> Ein zentrales Lead- und H\u00e4ndlermanagement innerhalb von SAP CX sorgt f\u00fcr strukturierte Prozesse, klare Verantwortlichkeiten und volle Transparenz f\u00fcr alle Beteiligten.<\/p>\n\n\n\n<p><strong>Problem:<\/strong> Herausforderungen bei der Kontrolle von H\u00e4ndler-Leads &#8211; Begrenzte Sichtbarkeit \u00fcber verteilte Vertriebskan\u00e4le verringert die Prognosegenauigkeit und die Kontrolle der Pipeline.<\/p>\n\n\n\n<p><strong>Die L\u00f6sung:<\/strong> Integrierte Nachverfolgung und Berichterstattung bieten Echtzeit-Einblicke in den Lead-Status, die H\u00e4ndlerleistung und den Verkaufsfortschritt.<\/p>\n\n\n\n<p><strong>Problem<\/strong>: Handhabung komplexer Verkaufszyklen &#8211; Lang laufende Projekte mit mehreren Entscheidungstr\u00e4gern erh\u00f6hen den Aufwand und das Risiko von Verz\u00f6gerungen.<\/p>\n\n\n\n<p><strong><strong>Die L\u00f6sung:<\/strong> <\/strong>Skalierbare sequentielle und parallele Verarbeitung erm\u00f6glicht eine effiziente, sichere Migration in gro\u00dfem Ma\u00dfstab.<\/p>\n\n\n\n<p><strong>Problem<\/strong>: Konsistenzpr\u00fcfung von Daten &#8211; Unentdeckte Inkonsistenzen k\u00f6nnen sich auf die Einhaltung von Vorschriften und den Betrieb auswirken.<\/p>\n\n\n\n<p><strong><strong>L\u00f6sung:<\/strong> <\/strong>Die <strong>durchg\u00e4ngige <\/strong>Integration von Vertriebs- und Serviceprozessen verbindet alle Projektphasen und erm\u00f6glicht eine nahtlose Abwicklung vom ersten Kontakt bis zum Projektabschluss.<\/p>\n<\/div>\n<\/div>\n<\/div>\n<\/section>\n\n\n\n<section class=\"wp-block-group headline-text-slider-icon-text is-layout-constrained wp-block-group-is-layout-constrained\">\n<div class=\"wp-block-group container is-layout-flow wp-block-group-is-layout-flow\">\n<div class=\"wp-block-columns row is-layout-flex wp-block-columns-is-layout-flex\">\n<div class=\"wp-block-column col-12 is-layout-flow wp-block-column-is-layout-flow\">\n<h2 class=\"wp-block-heading headline\">Abgedeckter Gesch\u00e4ftsprozess<\/h2>\n\n\n\n<p>Die Axians Construction Suite erm\u00f6glicht ein strukturiertes Lead-, H\u00e4ndler- und Projektmanagement f\u00fcr komplexe Vertriebsprozesse im Bauwesen innerhalb von SAP CX.<\/p>\n\n\n\n<div class=\"wp-block-group slider-icon-text swiper is-layout-flow wp-block-group-is-layout-flow\">\n<div class=\"wp-block-group swiper-wrapper is-layout-flow wp-block-group-is-layout-flow\">\n<div class=\"wp-block-group swiper-slide is-layout-flow wp-block-group-is-layout-flow\">\n\n\n<h3 class=\"wp-block-heading headline\">Vertrieb <\/h3>\n\n\n\n<p><\/p>\n<\/div>\n\n\n\n<div class=\"wp-block-group swiper-slide is-layout-flow wp-block-group-is-layout-flow\">\n\n\n<h3 class=\"wp-block-heading headline\">Dienst<\/h3>\n\n\n\n<p><\/p>\n<\/div>\n\n\n\n<div class=\"wp-block-group swiper-slide is-layout-flow wp-block-group-is-layout-flow\">\n\n\n<h3 class=\"wp-block-heading headline\">Verm\u00f6gensverwaltung<\/h3>\n\n\n\n<p><\/p>\n<\/div>\n\n\n\n<div class=\"wp-block-group swiper-slide is-layout-flow wp-block-group-is-layout-flow\">\n\n\n<h3 class=\"wp-block-heading headline\">Unternehmensstrategie<\/h3>\n\n\n\n<p><\/p>\n<\/div>\n\n\n\n<div class=\"wp-block-group swiper-slide is-layout-flow wp-block-group-is-layout-flow\">\n\n\n<h3 class=\"wp-block-heading headline\">Au\u00dfendienst-Management<\/h3>\n\n\n\n<p><\/p>\n<\/div>\n<\/div>\n<\/div>\n<\/div>\n<\/div>\n<\/div>\n<\/section>\n\n\n\n\n\n<section class=\"wp-block-group headline-accordion-light is-layout-constrained wp-block-group-is-layout-constrained\">\n<div class=\"wp-block-group container is-layout-flow wp-block-group-is-layout-flow\">\n<div class=\"wp-block-columns row is-layout-flex wp-block-columns-is-layout-flex\">\n<div class=\"wp-block-column col-12 is-layout-flow wp-block-column-is-layout-flow\">\n<h2 class=\"wp-block-heading headline\">H\u00e4ufig gestellte Fragen<\/h2>\n\n\n\n<div class=\"wp-block-teufels-accordion accordion\" id=\"accordion-41bfb42b-1d6b-44b5-b28d-f6e31d2f096b\">\n<div class=\"wp-block-teufels-accordion-item accordion-item\"><h2 class=\"accordion-header\" id=\"heading-bbe2129f-2b8d-4269-8fba-1e56fc2a5527\"><button class=\"accordion-button collapsed\" data-bs-toggle=\"collapse\" data-bs-target=\"#collapse-bbe2129f-2b8d-4269-8fba-1e56fc2a5527\" aria-expanded=\"false\">Was ist die Axians Construction Suite?<\/button><\/h2><div id=\"collapse-bbe2129f-2b8d-4269-8fba-1e56fc2a5527\" class=\"accordion-collapse collapse\" aria-labelledby=\"heading-bbe2129f-2b8d-4269-8fba-1e56fc2a5527\" data-bs-parent=\"#accordion-ae4d18ca-7d88-40b2-bcf3-5050b5ced86e\"><div class=\"accordion-body\">\n\n<p>Die Axians Construction Suite ist ein SAP-CX-Add-on f\u00fcr die zentrale Verwaltung komplexer Bauprojekte von Anfang bis Ende, einschlie\u00dflich Lead-Management, H\u00e4ndlerkoordination, Vertriebsprozesse und Projektausf\u00fchrung. Es bietet eine einheitliche Sicht \u00fcber alle Beteiligten und Projektphasen hinweg.<\/p>\n\n<\/div><\/div><\/div>\n\n\n\n<div class=\"wp-block-teufels-accordion-item accordion-item\"><h2 class=\"accordion-header\" id=\"heading-795821ad-7bd3-473d-aaf7-3c4c9c26dced\"><button class=\"accordion-button collapsed\" data-bs-toggle=\"collapse\" data-bs-target=\"#collapse-795821ad-7bd3-473d-aaf7-3c4c9c26dced\" aria-expanded=\"false\">Welche Herausforderungen l\u00f6st die Axians Construction Suite?<\/button><\/h2><div id=\"collapse-795821ad-7bd3-473d-aaf7-3c4c9c26dced\" class=\"accordion-collapse collapse\" aria-labelledby=\"heading-795821ad-7bd3-473d-aaf7-3c4c9c26dced\" data-bs-parent=\"#accordion-ae4d18ca-7d88-40b2-bcf3-5050b5ced86e\"><div class=\"accordion-body\">\n\n<p>Die L\u00f6sung adressiert typische Herausforderungen der Baubranche wie komplexe H\u00e4ndler- und Partnernetzwerke, lange Qualifizierungsphasen, begrenzte Sichtbarkeit \u00fcber verteilte Vertriebskan\u00e4le und lange Vertriebszyklen mit mehreren Entscheidungstr\u00e4gern. Sie f\u00fchrt strukturierte Workflows, Echtzeit-Einblicke und integrierte Berichte ein, um die Transparenz und Prognosegenauigkeit deutlich zu verbessern.<\/p>\n\n<\/div><\/div><\/div>\n\n\n\n<div class=\"wp-block-teufels-accordion-item accordion-item\"><h2 class=\"accordion-header\" id=\"heading-050083b3-fd30-4ca5-8bb6-a8b0d0b97fd2\"><button class=\"accordion-button collapsed\" data-bs-toggle=\"collapse\" data-bs-target=\"#collapse-050083b3-fd30-4ca5-8bb6-a8b0d0b97fd2\" aria-expanded=\"false\">Was sind die wichtigsten Vorteile der Axians Construction Suite?<\/button><\/h2><div id=\"collapse-050083b3-fd30-4ca5-8bb6-a8b0d0b97fd2\" class=\"accordion-collapse collapse\" aria-labelledby=\"heading-050083b3-fd30-4ca5-8bb6-a8b0d0b97fd2\" data-bs-parent=\"#accordion-ae4d18ca-7d88-40b2-bcf3-5050b5ced86e\"><div class=\"accordion-body\">\n\n<p>Zu den wichtigsten Vorteilen geh\u00f6ren ein zentralisiertes Lead- und H\u00e4ndlermanagement, eine bessere Kontrolle \u00fcber die Vertriebskette, die Verfolgung des Projektfortschritts in Echtzeit, eine konsistente Datenqualit\u00e4t durch automatische Konsistenzpr\u00fcfungen und eine nahtlose End-to-End-Integration zwischen Vertriebs- und Serviceprozessen.<\/p>\n\n<\/div><\/div><\/div>\n\n\n\n<div class=\"wp-block-teufels-accordion-item accordion-item\"><h2 class=\"accordion-header\" id=\"heading-2e891059-6b12-46bd-a729-19ebdfdda402\"><button class=\"accordion-button collapsed\" data-bs-toggle=\"collapse\" data-bs-target=\"#collapse-2e891059-6b12-46bd-a729-19ebdfdda402\" aria-expanded=\"false\">Wie l\u00e4sst sich die L\u00f6sung in eine SAP-Systemlandschaft integrieren?<\/button><\/h2><div id=\"collapse-2e891059-6b12-46bd-a729-19ebdfdda402\" class=\"accordion-collapse collapse\" aria-labelledby=\"heading-2e891059-6b12-46bd-a729-19ebdfdda402\" data-bs-parent=\"#accordion-ae4d18ca-7d88-40b2-bcf3-5050b5ced86e\"><div class=\"accordion-body\">\n\n<p>Es ist direkt mit SAP CX und Backend-Systemen verbunden, um einen einheitlichen, durchg\u00e4ngigen Projektworkflow zu schaffen.<\/p>\n\n<\/div><\/div><\/div>\n\n\n\n<div class=\"wp-block-teufels-accordion-item accordion-item\"><h2 class=\"accordion-header\" id=\"heading-9609441f-3220-4482-8baa-9f26ab7a7065\"><button class=\"accordion-button collapsed\" data-bs-toggle=\"collapse\" data-bs-target=\"#collapse-9609441f-3220-4482-8baa-9f26ab7a7065\" aria-expanded=\"false\">F\u00fcr welche Unternehmen ist die Axians Construction Suite geeignet?<\/button><\/h2><div id=\"collapse-9609441f-3220-4482-8baa-9f26ab7a7065\" class=\"accordion-collapse collapse\" aria-labelledby=\"heading-9609441f-3220-4482-8baa-9f26ab7a7065\" data-bs-parent=\"#accordion-ae4d18ca-7d88-40b2-bcf3-5050b5ced86e\"><div class=\"accordion-body\">\n\n<p>Es ist ideal f\u00fcr Unternehmen in der Bau- und Bauzulieferindustrie, die gro\u00dfe, mehrphasige Bauprojekte verwalten, an denen mehrere H\u00e4ndler, Partner und dezentrale Vertriebsorganisationen beteiligt sind.<\/p>\n\n<\/div><\/div><\/div>\n\n\n\n<div class=\"wp-block-teufels-accordion-item accordion-item\"><h2 class=\"accordion-header\" id=\"heading-2f2bcccd-b173-495f-a236-525009a87d0b\"><button class=\"accordion-button collapsed\" data-bs-toggle=\"collapse\" data-bs-target=\"#collapse-2f2bcccd-b173-495f-a236-525009a87d0b\" aria-expanded=\"false\">Kann die Axians Construction Suite komplexe und lang laufende Projektlebenszyklen unterst\u00fctzen?<\/button><\/h2><div id=\"collapse-2f2bcccd-b173-495f-a236-525009a87d0b\" class=\"accordion-collapse collapse\" aria-labelledby=\"heading-2f2bcccd-b173-495f-a236-525009a87d0b\" data-bs-parent=\"#accordion-ae4d18ca-7d88-40b2-bcf3-5050b5ced86e\"><div class=\"accordion-body\">\n\n<p>Die L\u00f6sung ist f\u00fcr langwierige, vielschichtige Bauprojekte konzipiert. Sie unterst\u00fctzt sowohl die sequentielle als auch die parallele Prozessabwicklung und erm\u00f6glicht es Unternehmen, komplexe Vertriebszyklen, Projektausf\u00fchrungsschritte und Servicevorg\u00e4nge effizient zu verwalten.<\/p>\n\n<\/div><\/div><\/div>\n\n\n\n<div class=\"wp-block-teufels-accordion-item accordion-item\"><h2 class=\"accordion-header\" id=\"heading-49f3596a-334b-4f4e-b2c8-099d6994b331\"><button class=\"accordion-button collapsed\" data-bs-toggle=\"collapse\" data-bs-target=\"#collapse-49f3596a-334b-4f4e-b2c8-099d6994b331\" aria-expanded=\"false\">Tr\u00e4gt die Axians Construction Suite zur Verbesserung der Datentransparenz bei?<\/button><\/h2><div id=\"collapse-49f3596a-334b-4f4e-b2c8-099d6994b331\" class=\"accordion-collapse collapse\" aria-labelledby=\"heading-49f3596a-334b-4f4e-b2c8-099d6994b331\" data-bs-parent=\"#accordion-ae4d18ca-7d88-40b2-bcf3-5050b5ced86e\"><div class=\"accordion-body\">\n\n<p>Unbedingt. Integrierte Nachverfolgung, Berichterstattung und Konsistenzpr\u00fcfungen gew\u00e4hrleisten einen klaren Einblick in den Lead-Status, die H\u00e4ndlerleistung und den Projektfortschritt und helfen Unternehmen, fundierte Entscheidungen auf der Grundlage von Echtzeitdaten zu treffen.<\/p>\n\n<\/div><\/div><\/div>\n\n\n\n<div class=\"wp-block-teufels-accordion-item accordion-item\"><h2 class=\"accordion-header\" id=\"heading-ff646bae-e970-4777-8885-917c45d652ec\"><button class=\"accordion-button collapsed\" data-bs-toggle=\"collapse\" data-bs-target=\"#collapse-ff646bae-e970-4777-8885-917c45d652ec\" aria-expanded=\"false\">Was sind die wichtigsten Vorteile der Axians Construction Suite?<\/button><\/h2><div id=\"collapse-ff646bae-e970-4777-8885-917c45d652ec\" class=\"accordion-collapse collapse\" aria-labelledby=\"heading-ff646bae-e970-4777-8885-917c45d652ec\" data-bs-parent=\"#accordion-ae4d18ca-7d88-40b2-bcf3-5050b5ced86e\"><div class=\"accordion-body\">\n\n<p>Zu den wichtigsten Vorteilen geh\u00f6ren ein zentralisiertes Lead- und H\u00e4ndlermanagement, eine bessere Kontrolle \u00fcber die Vertriebskette, die Verfolgung des Projektfortschritts in Echtzeit, eine konsistente Datenqualit\u00e4t durch automatische Konsistenzpr\u00fcfungen und eine nahtlose End-to-End-Integration zwischen Vertriebs- und Serviceprozessen.<\/p>\n\n<\/div><\/div><\/div>\n<\/div>\n<\/div>\n<\/div>\n<\/div>\n<\/section>\n\n\n\n<section class=\"wp-block-group cross-selling is-layout-constrained wp-block-group-is-layout-constrained\">\n<div class=\"wp-block-group container is-layout-flow wp-block-group-is-layout-flow\">\n<div class=\"wp-block-columns row is-layout-flex wp-block-columns-is-layout-flex\">\n<div class=\"wp-block-column col-12 is-layout-flow wp-block-column-is-layout-flow\">\n<h2 class=\"wp-block-heading headline\">Dies k\u00f6nnte Sie auch interessieren<\/h2>\n<\/div>\n<\/div>\n<\/div>\n\n\n\n<div class=\"wp-block-group container cards is-layout-flow wp-block-group-is-layout-flow\">\n<div class=\"wp-block-columns row is-layout-flex wp-block-columns-is-layout-flex\">\n<div class=\"wp-block-column col-12 col-lg-6 is-layout-flow wp-block-column-is-layout-flow\">\n<figure class=\"wp-block-image size-full\"><img loading=\"lazy\" decoding=\"async\" width=\"1920\" height=\"1013\" src=\"https:\/\/solutions.axians.com\/sap\/wp-content\/uploads\/2026\/03\/image.png\" alt=\"Zwei Personen analysieren Daten auf gro\u00dfen digitalen Bildschirmen in einem modernen Kontrollraum.\" class=\"wp-image-6221\" style=\"aspect-ratio:16\/9;object-fit:cover\" srcset=\"https:\/\/solutions.axians.com\/sap\/wp-content\/uploads\/2026\/03\/image.png 1920w, https:\/\/solutions.axians.com\/sap\/wp-content\/uploads\/2026\/03\/image-800x422.png 800w, https:\/\/solutions.axians.com\/sap\/wp-content\/uploads\/2026\/03\/image-768x405.png 768w, https:\/\/solutions.axians.com\/sap\/wp-content\/uploads\/2026\/03\/image-1536x810.png 1536w\" sizes=\"auto, (max-width: 1920px) 100vw, 1920px\" \/><\/figure>\n\n\n\n<div class=\"wp-block-group is-layout-flow wp-block-group-is-layout-flow\">\n<p>Standardisiert oder Ad-Hoc &#8211; Change Managed Your Way<\/p>\n\n\n\n<h2 class=\"wp-block-heading headline\">eChange<\/h2>\n\n\n\n<div class=\"wp-block-buttons is-layout-flex wp-block-buttons-is-layout-flex\">\n<div class=\"wp-block-button is-style-primary\"><a class=\"wp-block-button__link wp-element-button\" href=\"https:\/\/solutions.axians.com\/sap\/sap-solutions\/sap-add-ons\/echange\/\">Mehr erfahren<\/a><\/div>\n<\/div>\n<\/div>\n<\/div>\n\n\n\n<div class=\"wp-block-column col-12 col-lg-6 is-layout-flow wp-block-column-is-layout-flow\">\n<figure class=\"wp-block-image size-full\"><img loading=\"lazy\" decoding=\"async\" width=\"1536\" height=\"1024\" src=\"https:\/\/solutions.axians.com\/sap\/wp-content\/uploads\/2026\/03\/ChatGPT-Image-9.-Marz-2026-11_39_14-1.png\" alt=\"Person, die an einem Schreibtisch mit mehreren Computermonitoren arbeitet, auf denen Armaturenbretter und Karten in einem Kontrollzentrum angezeigt werden\" class=\"wp-image-6222\" style=\"aspect-ratio:16\/9;object-fit:cover\" srcset=\"https:\/\/solutions.axians.com\/sap\/wp-content\/uploads\/2026\/03\/ChatGPT-Image-9.-Marz-2026-11_39_14-1.png 1536w, https:\/\/solutions.axians.com\/sap\/wp-content\/uploads\/2026\/03\/ChatGPT-Image-9.-Marz-2026-11_39_14-1-800x533.png 800w, https:\/\/solutions.axians.com\/sap\/wp-content\/uploads\/2026\/03\/ChatGPT-Image-9.-Marz-2026-11_39_14-1-768x512.png 768w\" sizes=\"auto, (max-width: 1536px) 100vw, 1536px\" \/><\/figure>\n\n\n\n<div class=\"wp-block-group is-layout-flow wp-block-group-is-layout-flow\">\n<p>Das Produkt f\u00fcr effiziente Ressourcenplanung auf Basis von SAP.<\/p>\n\n\n\n<h2 class=\"wp-block-heading headline\">NEO Zeitplan<\/h2>\n\n\n\n<div class=\"wp-block-buttons is-layout-flex wp-block-buttons-is-layout-flex\">\n<div class=\"wp-block-button is-style-primary\"><a class=\"wp-block-button__link wp-element-button\" href=\"https:\/\/solutions.axians.com\/sap\/sap-solutions\/sap-add-ons\/neo-schedule\/\">Mehr erfahren<\/a><\/div>\n<\/div>\n<\/div>\n<\/div>\n<\/div>\n<\/div>\n<\/section>\n\n\n\n<p><\/p>\n","protected":false},"excerpt":{"rendered":"<p>Axians Construction Suite SAP CX f\u00fcr die Bauindustrie Durchg\u00e4ngige SAP CX-Steuerung f\u00fcr komplexe Bauabl\u00e4ufe Je gr\u00f6\u00dfer das Projekt, desto gr\u00f6\u00dfer das Chaos &#8211; das ist in der Bau- und Bauzulieferindustrie allgemein bekannt. Wie k\u00f6nnen Projekt-, Service- oder Vertriebsleiter von der Planung \u00fcber die Ausf\u00fchrung bis zum Betrieb den \u00dcberblick behalten? Wie bildet man komplexe Bauprojekte [&hellip;]<\/p>\n","protected":false},"author":9,"featured_media":0,"parent":273,"menu_order":0,"comment_status":"closed","ping_status":"closed","template":"","meta":{"footnotes":""},"class_list":["post-6219","page","type-page","status-publish","hentry"],"lang":"de","translations":{"de":6219,"en":5306,"hr":5751,"at":6217},"pll_sync_post":{"de":true},"_links":{"self":[{"href":"https:\/\/solutions.axians.com\/sap\/wp-json\/wp\/v2\/pages\/6219","targetHints":{"allow":["GET"]}}],"collection":[{"href":"https:\/\/solutions.axians.com\/sap\/wp-json\/wp\/v2\/pages"}],"about":[{"href":"https:\/\/solutions.axians.com\/sap\/wp-json\/wp\/v2\/types\/page"}],"author":[{"embeddable":true,"href":"https:\/\/solutions.axians.com\/sap\/wp-json\/wp\/v2\/users\/9"}],"replies":[{"embeddable":true,"href":"https:\/\/solutions.axians.com\/sap\/wp-json\/wp\/v2\/comments?post=6219"}],"version-history":[{"count":9,"href":"https:\/\/solutions.axians.com\/sap\/wp-json\/wp\/v2\/pages\/6219\/revisions"}],"predecessor-version":[{"id":8204,"href":"https:\/\/solutions.axians.com\/sap\/wp-json\/wp\/v2\/pages\/6219\/revisions\/8204"}],"up":[{"embeddable":true,"href":"https:\/\/solutions.axians.com\/sap\/wp-json\/wp\/v2\/pages\/273"}],"wp:attachment":[{"href":"https:\/\/solutions.axians.com\/sap\/wp-json\/wp\/v2\/media?parent=6219"}],"curies":[{"name":"wp","href":"https:\/\/api.w.org\/{rel}","templated":true}]}}