{"id":5866,"date":"2026-03-31T12:22:55","date_gmt":"2026-03-31T11:22:55","guid":{"rendered":"https:\/\/solutions.axians.com\/sap\/?page_id=5866"},"modified":"2026-04-15T10:11:26","modified_gmt":"2026-04-15T09:11:26","slug":"automotive","status":"publish","type":"page","link":"https:\/\/solutions.axians.com\/sap\/hr\/automotive\/","title":{"rendered":"Automotive"},"content":{"rendered":"\n<section class=\"wp-block-group stage-subpage is-layout-constrained wp-block-group-is-layout-constrained\">\n<figure class=\"wp-block-image size-full\"><img loading=\"lazy\" decoding=\"async\" width=\"1277\" height=\"821\" src=\"https:\/\/solutions.axians.com\/sap\/wp-content\/uploads\/2026\/03\/auto-industry.jpg\" alt=\"\" class=\"wp-image-6747\" style=\"aspect-ratio:2.3333333333333335;object-fit:cover\" srcset=\"https:\/\/solutions.axians.com\/sap\/wp-content\/uploads\/2026\/03\/auto-industry.jpg 1277w, https:\/\/solutions.axians.com\/sap\/wp-content\/uploads\/2026\/03\/auto-industry-800x514.jpg 800w, https:\/\/solutions.axians.com\/sap\/wp-content\/uploads\/2026\/03\/auto-industry-768x494.jpg 768w\" sizes=\"auto, (max-width: 1277px) 100vw, 1277px\" \/><\/figure>\n\n\n\n<div class=\"wp-block-group container is-layout-flow wp-block-group-is-layout-flow\">\n<div class=\"wp-block-columns row is-layout-flex wp-block-columns-is-layout-flex\">\n<div class=\"wp-block-column col-12 is-layout-flow wp-block-column-is-layout-flow\">\n<h1 class=\"wp-block-heading headline\">Automotive<\/h1>\n\n\n\n<p>Transformacija poslovanja u automobilskoj industriji kroz integrirane podatkovne i poslovne platforme. <\/p>\n\n\n\n<p><\/p>\n<\/div>\n<\/div>\n<\/div>\n<\/section>\n\n\n\n<section class=\"wp-block-group breadcrumb is-layout-constrained wp-block-group-is-layout-constrained\">\n<div class=\"wp-block-group container is-layout-flow wp-block-group-is-layout-flow\">\n<div class=\"wp-block-columns row is-layout-flex wp-block-columns-is-layout-flex\">\n<div class=\"wp-block-column col-12 is-layout-flow wp-block-column-is-layout-flow\"><nav aria-label=\"breadcrumbs\" class=\"rank-math-breadcrumb\"><p><span class=\"last\">Home<\/span><\/p><\/nav>\n<\/div>\n<\/div>\n<\/div>\n<\/section>\n\n\n\n<section class=\"wp-block-group text-centered-gradient is-layout-constrained wp-block-group-is-layout-constrained\">\n<div class=\"wp-block-group container is-layout-flow wp-block-group-is-layout-flow\">\n<div class=\"wp-block-columns row is-layout-flex wp-block-columns-is-layout-flex\">\n<div class=\"wp-block-column col-12 is-layout-flow wp-block-column-is-layout-flow\">\n<h2 class=\"wp-block-heading headline\">Digitalna mobilnost i integrirani poslovni procesi.<\/h2>\n\n\n\n<p>Povezujemo proizvodnju, opskrbu i korisni\u010dke usluge u jedinstvenu platformu koja omogu\u0107uje agilnost, kvalitetu i inovacije u automobilskoj industriji.&nbsp;<\/p>\n\n\n\n<p><strong>Digitalna transformacija i agilni procesi klju\u010dni su za uspjeh u automobilskoj industriji.<\/strong>&nbsp;<br>Dana\u0161nji automobilski sektor zahtijeva integraciju svih poslovnih procesa, od istra\u017eivanja i razvoja, proizvodnje i logistike do prodaje i postprodajnih&nbsp; servisa &#8211; uz brzu prilagodbu tr\u017ei\u0161nim zahtjevima, uklju\u010duju\u0107i elektrifikaciju, povezane usluge i nove modele mobilnosti.&nbsp;<\/p>\n<\/div>\n<\/div>\n<\/div>\n<\/section>\n\n\n\n<section class=\"wp-block-group headline-text-slider-icon-text is-layout-constrained wp-block-group-is-layout-constrained\">\n<div class=\"wp-block-group container is-layout-flow wp-block-group-is-layout-flow\">\n<div class=\"wp-block-columns row is-layout-flex wp-block-columns-is-layout-flex\">\n<div class=\"wp-block-column col-12 is-layout-flow wp-block-column-is-layout-flow\">\n<h2 class=\"wp-block-heading headline\">Izazovi automobilske industrije<\/h2>\n\n\n\n<div class=\"wp-block-group slider-icon-text swiper is-layout-flow wp-block-group-is-layout-flow\">\n<div class=\"wp-block-group swiper-wrapper is-layout-flow wp-block-group-is-layout-flow\">\n<div class=\"wp-block-group swiper-slide is-layout-flow wp-block-group-is-layout-flow\">\n\n\n<h3 class=\"wp-block-heading headline\">Upravljanje slo\u017eenim globalnim lancima opskrbe i dobavlja\u010da&nbsp;<\/h3>\n\n\n\n<p><\/p>\n<\/div>\n\n\n\n<div class=\"wp-block-group swiper-slide is-layout-flow wp-block-group-is-layout-flow\">\n\n\n<h3 class=\"wp-block-heading headline\">Pra\u0107enje i optimizacija proizvodnje i kvalitete&nbsp;<\/h3>\n\n\n\n<p><\/p>\n<\/div>\n\n\n\n<div class=\"wp-block-group swiper-slide is-layout-flow wp-block-group-is-layout-flow\">\n\n\n<h3 class=\"wp-block-heading headline\">Integracija podataka vozila, korisnika i servisa za personalizirane usluge&nbsp;<\/h3>\n\n\n\n<p><\/p>\n<\/div>\n\n\n\n<div class=\"wp-block-group swiper-slide is-layout-flow wp-block-group-is-layout-flow\">\n\n\n<h3 class=\"wp-block-heading headline\">Zadovoljavanje regulatornih zahtjeva i ekolo\u0161kih standarda&nbsp;<\/h3>\n\n\n\n<p><\/p>\n<\/div>\n\n\n\n<div class=\"wp-block-group swiper-slide is-layout-flow wp-block-group-is-layout-flow\">\n\n\n<h3 class=\"wp-block-heading headline\">Implementacija digitalnih i IoT rje\u0161enja za povezanu mobilnost&nbsp;<\/h3>\n\n\n\n<p><\/p>\n<\/div>\n<\/div>\n<\/div>\n<\/div>\n<\/div>\n<\/div>\n<\/section>\n\n\n\n<section class=\"wp-block-group text-image-2-columns is-layout-constrained wp-block-group-is-layout-constrained\">\n<div class=\"wp-block-group container is-layout-flow wp-block-group-is-layout-flow\">\n<div class=\"wp-block-columns row is-layout-flex wp-block-columns-is-layout-flex\">\n<div class=\"wp-block-column col-12 is-layout-flow wp-block-column-is-layout-flow\">\n<h2 class=\"wp-block-heading headline\">Kako Axians i SAP rje\u0161enja poma\u017eu automobilskoj industriji?<\/h2>\n\n\n\n<p><\/p>\n\n\n\n<ul class=\"wp-block-list\">\n<li>SAP S\/4HANA for Automotive:&nbsp;integrirano ERP rje\u0161enje za financije, nabavu, proizvodnju i logistiku&nbsp;<br><\/li>\n\n\n\n<li>SAP Integrated Business Planning (IBP):&nbsp; planiranje lanca opskrbe u realnom vremenu&nbsp;&nbsp;<\/li>\n<\/ul>\n\n\n\n<ul class=\"wp-block-list\">\n<li>SAP Extended Warehouse Management (EWM) :&nbsp; optimizacija skladi\u0161ta i logistike&nbsp;<\/li>\n<\/ul>\n\n\n\n<ul class=\"wp-block-list\">\n<li>SAP Customer Experience (CX):&nbsp;&nbsp; personalizacija usluga i podr\u0161ke korisnicima&nbsp;<\/li>\n<\/ul>\n\n\n\n<ul class=\"wp-block-list\">\n<li>AI i napredna analitika:&nbsp;&nbsp; prediktivna analiza i automatizacija procesa&nbsp;<br><\/li>\n\n\n\n<li>Odr\u017eivi poslovni modeli:&nbsp;&nbsp; pra\u0107enje utjecaja na okoli\u0161 i pristup cirkularne ekonomije&nbsp;<\/li>\n<\/ul>\n\n\n\n<div class=\"wp-block-buttons is-layout-flex wp-block-buttons-is-layout-flex\">\n<div class=\"wp-block-button is-style-primary\"><a class=\"wp-block-button__link wp-element-button\" href=\"https:\/\/solutions.axians.com\/sap\/hr\/sap-rjesenja\/\">Na\u0161a SAP rje\u0161enja<\/a><\/div>\n<\/div>\n<\/div>\n\n\n\n<div class=\"wp-block-column col-12 is-layout-flow wp-block-column-is-layout-flow\">\n<figure class=\"wp-block-image size-full\"><img loading=\"lazy\" decoding=\"async\" width=\"1411\" height=\"744\" src=\"https:\/\/solutions.axians.com\/sap\/wp-content\/uploads\/2026\/03\/auto-industry-cars.jpg\" alt=\"\" class=\"wp-image-6757\" style=\"aspect-ratio:16\/9;object-fit:cover\" srcset=\"https:\/\/solutions.axians.com\/sap\/wp-content\/uploads\/2026\/03\/auto-industry-cars.jpg 1411w, https:\/\/solutions.axians.com\/sap\/wp-content\/uploads\/2026\/03\/auto-industry-cars-800x422.jpg 800w, https:\/\/solutions.axians.com\/sap\/wp-content\/uploads\/2026\/03\/auto-industry-cars-768x405.jpg 768w\" sizes=\"auto, (max-width: 1411px) 100vw, 1411px\" \/><\/figure>\n<\/div>\n<\/div>\n<\/div>\n<\/section>\n\n\n\n<section class=\"wp-block-group image-text-accordion is-layout-constrained wp-block-group-is-layout-constrained\">\n<div class=\"wp-block-group container is-layout-flow wp-block-group-is-layout-flow\">\n<div class=\"wp-block-columns row is-layout-flex wp-block-columns-is-layout-flex\">\n<div class=\"wp-block-column col-12 is-layout-flow wp-block-column-is-layout-flow\">\n<figure class=\"wp-block-image size-full\"><img loading=\"lazy\" decoding=\"async\" width=\"1411\" height=\"744\" src=\"https:\/\/solutions.axians.com\/sap\/wp-content\/uploads\/2026\/03\/auto-industry-planning.jpg\" alt=\"\" class=\"wp-image-6758\" style=\"aspect-ratio:4\/3;object-fit:cover\" srcset=\"https:\/\/solutions.axians.com\/sap\/wp-content\/uploads\/2026\/03\/auto-industry-planning.jpg 1411w, https:\/\/solutions.axians.com\/sap\/wp-content\/uploads\/2026\/03\/auto-industry-planning-800x422.jpg 800w, https:\/\/solutions.axians.com\/sap\/wp-content\/uploads\/2026\/03\/auto-industry-planning-768x405.jpg 768w\" sizes=\"auto, (max-width: 1411px) 100vw, 1411px\" \/><\/figure>\n<\/div>\n\n\n\n<div class=\"wp-block-column col-12 is-layout-flow wp-block-column-is-layout-flow\">\n<h2 class=\"wp-block-heading headline\">Vrijednosti za korisnika&nbsp;<\/h2>\n\n\n\n<ul class=\"wp-block-list\">\n<li>Efikasnije upravljanje globalnim lancima opskrbe i proizvodnjom&nbsp;<\/li>\n<\/ul>\n\n\n\n<ul class=\"wp-block-list\">\n<li>Br\u017ee dono\u0161enje odluka zahvaljuju\u0107i real\u2011time uvidima&nbsp;<\/li>\n<\/ul>\n\n\n\n<ul class=\"wp-block-list\">\n<li>Bolje korisni\u010dko iskustvo i servis kroz digitalnu povezanost&nbsp;<br><\/li>\n\n\n\n<li>Odr\u017eivi rast i uskla\u0111enost s ekolo\u0161kim standardima&nbsp;<\/li>\n<\/ul>\n\n\n\n<p><\/p>\n<\/div>\n<\/div>\n<\/div>\n<\/section>\n\n\n\n<section id=\"kontakt\" class=\"wp-block-group contactperson is-layout-constrained wp-block-group-is-layout-constrained\">\n<div class=\"wp-block-group container is-layout-flow wp-block-group-is-layout-flow\">\n<div class=\"wp-block-columns row is-layout-flex wp-block-columns-is-layout-flex\">\n<div class=\"wp-block-column col-12 is-layout-flow wp-block-column-is-layout-flow\">\n<h2 class=\"wp-block-heading headline\">\u0160to mo\u017eemo u\u010diniti za vas?<\/h2>\n<\/div>\n\n\n\n<div class=\"wp-block-column col-12 is-layout-flow wp-block-column-is-layout-flow\">\n<figure class=\"wp-block-image size-full\"><img loading=\"lazy\" decoding=\"async\" width=\"1441\" height=\"1858\" src=\"https:\/\/solutions.axians.com\/sap\/wp-content\/uploads\/2026\/03\/Maja-Hleb-2.jpg\" alt=\"Maja Hleb\" class=\"wp-image-6456\" style=\"aspect-ratio:1;object-fit:cover\" srcset=\"https:\/\/solutions.axians.com\/sap\/wp-content\/uploads\/2026\/03\/Maja-Hleb-2.jpg 1441w, https:\/\/solutions.axians.com\/sap\/wp-content\/uploads\/2026\/03\/Maja-Hleb-2-620x800.jpg 620w, https:\/\/solutions.axians.com\/sap\/wp-content\/uploads\/2026\/03\/Maja-Hleb-2-768x990.jpg 768w, https:\/\/solutions.axians.com\/sap\/wp-content\/uploads\/2026\/03\/Maja-Hleb-2-1191x1536.jpg 1191w\" sizes=\"auto, (max-width: 1441px) 100vw, 1441px\" \/><\/figure>\n<\/div>\n\n\n\n<div class=\"wp-block-column col-12 is-layout-flow wp-block-column-is-layout-flow\">\n<h3 class=\"wp-block-heading headline\">Maja Hleb<\/h3>\n\n\n\n<p class=\"section-headline\">SAP Sales Representative<\/p>\n\n\n\n<div class=\"wp-block-group social is-layout-flow wp-block-group-is-layout-flow\">\n<figure class=\"wp-block-image size-full\"><a class=\"https:\/\/www.linkedin.com\/in\/michael-scharff\/\" href=\"https:\/\/www.linkedin.com\/in\/maja-hleb-562951101\/\" target=\"_blank\" rel=\" noreferrer noopener\"><img decoding=\"async\" src=\"\/sap\/wp-content\/uploads\/2025\/06\/icon-linkedin.svg\" alt=\"logo\"\/><\/a><\/figure>\n\n\n\n<figure class=\"wp-block-image size-full\"><a href=\"tel:+385 91 460 3066\"><img decoding=\"async\" src=\"https:\/\/solutions.axians.com\/sap\/wp-content\/uploads\/2025\/09\/phone-icon-contact.svg\" alt=\"\" class=\"wp-image-5406\"\/><\/a><\/figure>\n<\/div>\n\n\n\n<div class=\"wp-block-buttons is-layout-flex wp-block-buttons-is-layout-flex\">\n<div class=\"wp-block-button is-style-primary\"><a class=\"wp-block-button__link wp-element-button\" href=\"https:\/\/meetings-eu1.hubspot.com\/maja-hleb?uuid=4619c942-4289-4176-a824-d2431bd4aae0\" target=\"_blank\" rel=\"noopener\">Rezervirajte termin sada<\/a><\/div>\n<\/div>\n\n\n<\/div>\n<\/div>\n<\/div>\n<\/section>\n","protected":false},"excerpt":{"rendered":"<p>Automotive Transformacija poslovanja u automobilskoj industriji kroz integrirane podatkovne i poslovne platforme. Digitalna mobilnost i integrirani poslovni procesi. Povezujemo proizvodnju, opskrbu i korisni\u010dke usluge u jedinstvenu platformu koja omogu\u0107uje agilnost, kvalitetu i inovacije u automobilskoj industriji.&nbsp; Digitalna transformacija i agilni procesi klju\u010dni su za uspjeh u automobilskoj industriji.&nbsp;Dana\u0161nji automobilski sektor zahtijeva integraciju svih poslovnih procesa, [&hellip;]<\/p>\n","protected":false},"author":4,"featured_media":0,"parent":0,"menu_order":0,"comment_status":"closed","ping_status":"closed","template":"","meta":{"footnotes":""},"class_list":["post-5866","page","type-page","status-publish","hentry"],"lang":"hr","translations":{"hr":5866},"pll_sync_post":{},"_links":{"self":[{"href":"https:\/\/solutions.axians.com\/sap\/wp-json\/wp\/v2\/pages\/5866","targetHints":{"allow":["GET"]}}],"collection":[{"href":"https:\/\/solutions.axians.com\/sap\/wp-json\/wp\/v2\/pages"}],"about":[{"href":"https:\/\/solutions.axians.com\/sap\/wp-json\/wp\/v2\/types\/page"}],"author":[{"embeddable":true,"href":"https:\/\/solutions.axians.com\/sap\/wp-json\/wp\/v2\/users\/4"}],"replies":[{"embeddable":true,"href":"https:\/\/solutions.axians.com\/sap\/wp-json\/wp\/v2\/comments?post=5866"}],"version-history":[{"count":15,"href":"https:\/\/solutions.axians.com\/sap\/wp-json\/wp\/v2\/pages\/5866\/revisions"}],"predecessor-version":[{"id":7979,"href":"https:\/\/solutions.axians.com\/sap\/wp-json\/wp\/v2\/pages\/5866\/revisions\/7979"}],"wp:attachment":[{"href":"https:\/\/solutions.axians.com\/sap\/wp-json\/wp\/v2\/media?parent=5866"}],"curies":[{"name":"wp","href":"https:\/\/api.w.org\/{rel}","templated":true}]}}