{"id":5751,"date":"2026-03-31T12:23:56","date_gmt":"2026-03-31T11:23:56","guid":{"rendered":"https:\/\/solutions.axians.com\/sap\/?page_id=5751"},"modified":"2026-04-03T11:03:01","modified_gmt":"2026-04-03T10:03:01","slug":"axians-construction-suite","status":"publish","type":"page","link":"https:\/\/solutions.axians.com\/sap\/hr\/sap-rjesenja\/axians-sap-dodaci\/axians-construction-suite\/","title":{"rendered":"Axians Construction Suite"},"content":{"rendered":"\n<section class=\"wp-block-group stage-subpage is-layout-constrained wp-block-group-is-layout-constrained\">\n<figure class=\"wp-block-image size-full\"><img loading=\"lazy\" decoding=\"async\" width=\"1365\" height=\"768\" src=\"https:\/\/solutions.axians.com\/sap\/wp-content\/uploads\/2025\/08\/iStock-2153381400.jpg\" alt=\"\" class=\"wp-image-5643\" style=\"aspect-ratio:21\/9;object-fit:cover\" srcset=\"https:\/\/solutions.axians.com\/sap\/wp-content\/uploads\/2025\/08\/iStock-2153381400.jpg 1365w, https:\/\/solutions.axians.com\/sap\/wp-content\/uploads\/2025\/08\/iStock-2153381400-800x450.jpg 800w, https:\/\/solutions.axians.com\/sap\/wp-content\/uploads\/2025\/08\/iStock-2153381400-768x432.jpg 768w\" sizes=\"auto, (max-width: 1365px) 100vw, 1365px\" \/><\/figure>\n\n\n\n<div class=\"wp-block-group container is-layout-flow wp-block-group-is-layout-flow\">\n<div class=\"wp-block-columns row is-layout-flex wp-block-columns-is-layout-flex\">\n<div class=\"wp-block-column col-12 is-layout-flow wp-block-column-is-layout-flow\">\n<h1 class=\"wp-block-heading headline\">Axians Construction Suite<\/h1>\n\n\n\n<p>SAP CX za gra\u0111evinsku industriju<\/p>\n\n\n\n<div class=\"wp-block-buttons is-layout-flex wp-block-buttons-is-layout-flex\">\n<div class=\"wp-block-button is-style-primary\"><a class=\"wp-block-button__link wp-element-button\" href=\"https:\/\/solutions.axians.com\/sap\/hr\/kontakt\/\">Zatra\u017eite demo<\/a><\/div>\n<\/div>\n<\/div>\n<\/div>\n<\/div>\n<\/section>\n\n\n\n\n\n<section class=\"wp-block-group text-centered-gradient is-layout-constrained wp-block-group-is-layout-constrained\">\n<div class=\"wp-block-group container is-layout-flow wp-block-group-is-layout-flow\">\n<div class=\"wp-block-columns row is-layout-flex wp-block-columns-is-layout-flex\">\n<div class=\"wp-block-column col-12 is-layout-flow wp-block-column-is-layout-flow\">\n<h2 class=\"wp-block-heading headline\">Sveobuhvatna SAP CX kontrola za slo\u017eene gra\u0111evinske operacije<\/h2>\n\n\n\n<p>\u0160to je projekt ve\u0107i, to je ve\u0107i kaos, dobro poznata \u010dinjenica u gra\u0111evinarstvu i industriji gra\u0111evinskog materijala. Kako voditelji projekata, usluga ili prodaje mogu zadr\u017eati jasan pregled od planiranja do izvedbe i rada? Kako mapirati slo\u017eene gra\u0111evinske projekte u SAP CX? Axians Construction Suite to omogu\u0107uje: upravljajte svojim projektima centralizirano i od po\u010detka do kraja uz SAP CX.<\/p>\n<\/div>\n<\/div>\n<\/div>\n<\/section>\n\n\n\n<section class=\"wp-block-group headline-text-slider-icon-text is-layout-constrained wp-block-group-is-layout-constrained\">\n<div class=\"wp-block-group container is-layout-flow wp-block-group-is-layout-flow\">\n<div class=\"wp-block-columns row is-layout-flex wp-block-columns-is-layout-flex\">\n<div class=\"wp-block-column col-12 is-layout-flow wp-block-column-is-layout-flow\">\n<h2 class=\"wp-block-heading headline\">Va\u0161e prednosti s AxDataCare<\/h2>\n\n\n\n<div class=\"wp-block-group slider-icon-text swiper is-layout-flow wp-block-group-is-layout-flow\">\n<div class=\"wp-block-group swiper-wrapper is-layout-flow wp-block-group-is-layout-flow\">\n<div class=\"wp-block-group swiper-slide is-layout-flow wp-block-group-is-layout-flow\">\n\n\n<h3 class=\"wp-block-heading headline\"><strong><strong>U\u010dinkovito upravljanje<\/strong><\/strong><\/h3>\n\n\n\n<p>kompleksnih gra\u0111evinskih projekata u izravnom i posredni\u010dkom poslovanju<\/p>\n<\/div>\n\n\n\n<div class=\"wp-block-group swiper-slide is-layout-flow wp-block-group-is-layout-flow\">\n\n\n<h3 class=\"wp-block-heading headline\"><strong><strong>Neprimjetan nadzor<\/strong><\/strong><\/h3>\n\n\n\n<p>od po\u010detnog prodajnog potencijalnog klijenta do servisa<\/p>\n<\/div>\n\n\n\n<div class=\"wp-block-group swiper-slide is-layout-flow wp-block-group-is-layout-flow\">\n\n\n<h3 class=\"wp-block-heading headline\"><strong>Jasna vizualizacija<\/strong><\/h3>\n\n\n\n<p>od projekata s dugoro\u010dnim procesima<\/p>\n<\/div>\n<\/div>\n<\/div>\n<\/div>\n<\/div>\n<\/div>\n<\/section>\n\n\n\n\n\n<section class=\"wp-block-group text-image-2-columns is-layout-constrained wp-block-group-is-layout-constrained\">\n<div class=\"wp-block-group container is-layout-flow wp-block-group-is-layout-flow\">\n<div class=\"wp-block-columns row is-layout-flex wp-block-columns-is-layout-flex\">\n<div class=\"wp-block-column col-12 is-layout-flow wp-block-column-is-layout-flow\">\n<h2 class=\"wp-block-heading headline\">Opseg rje\u0161enja<\/h2>\n\n\n\n<ul class=\"wp-block-list\">\n<li><strong><strong><strong>Backend integracija<\/strong><\/strong> &#8211; <\/strong> za prave end-to-end procese<\/li>\n\n\n\n<li><strong><strong><strong>Razna dodatna rje\u0161enja<\/strong><\/strong> &#8211; <\/strong> za funkcionalna pro\u0161irenja<\/li>\n\n\n\n<li><strong><strong>Opseg prilago\u0111enog rje\u0161enja<\/strong><\/strong> &#8211; temeljen na licenciranim CX komponentama<\/li>\n<\/ul>\n\n\n\n<p><\/p>\n\n\n\n<div class=\"wp-block-buttons is-layout-flex wp-block-buttons-is-layout-flex\">\n<div class=\"wp-block-button is-style-primary\"><a class=\"wp-block-button__link wp-element-button\" href=\"https:\/\/solutions.axians.com\/sap\/hr\/kontakt\/\">Zatra\u017eite demo<\/a><\/div>\n<\/div>\n<\/div>\n\n\n\n<div class=\"wp-block-column col-12 is-layout-flow wp-block-column-is-layout-flow\">\n<p><a>&nbsp;<\/a><\/p>\n\n\n\n<figure class=\"wp-block-image size-large\"><img loading=\"lazy\" decoding=\"async\" width=\"1920\" height=\"1280\" src=\"https:\/\/solutions.axians.com\/sap\/wp-content\/uploads\/2026\/02\/iStock-1277749962-1-1920x1280.jpg\" alt=\"\" class=\"wp-image-5750\" srcset=\"https:\/\/solutions.axians.com\/sap\/wp-content\/uploads\/2026\/02\/iStock-1277749962-1-1920x1280.jpg 1920w, https:\/\/solutions.axians.com\/sap\/wp-content\/uploads\/2026\/02\/iStock-1277749962-1-800x533.jpg 800w, https:\/\/solutions.axians.com\/sap\/wp-content\/uploads\/2026\/02\/iStock-1277749962-1-768x512.jpg 768w, https:\/\/solutions.axians.com\/sap\/wp-content\/uploads\/2026\/02\/iStock-1277749962-1-1536x1024.jpg 1536w, https:\/\/solutions.axians.com\/sap\/wp-content\/uploads\/2026\/02\/iStock-1277749962-1-2048x1365.jpg 2048w\" sizes=\"auto, (max-width: 1920px) 100vw, 1920px\" \/><\/figure>\n<\/div>\n<\/div>\n<\/div>\n<\/section>\n\n\n\n<section class=\"wp-block-group headline-text-slider-icon-text is-layout-constrained wp-block-group-is-layout-constrained\">\n<div class=\"wp-block-group container is-layout-flow wp-block-group-is-layout-flow\">\n<div class=\"wp-block-columns row is-layout-flex wp-block-columns-is-layout-flex\">\n<div class=\"wp-block-column col-12 is-layout-flow wp-block-column-is-layout-flow\">\n<h2 class=\"wp-block-heading headline\">Ovo rje\u0161enje odgovara tvrtkama u sljede\u0107im granama:<\/h2>\n\n\n\n<div class=\"wp-block-group slider-icon-text swiper is-layout-flow wp-block-group-is-layout-flow\">\n<div class=\"wp-block-group swiper-wrapper is-layout-flow wp-block-group-is-layout-flow\">\n<div class=\"wp-block-group swiper-slide is-layout-flow wp-block-group-is-layout-flow\">\n\n\n<h3 class=\"wp-block-heading headline\">Proizvodnja i industrija<\/h3>\n\n\n\n<p><\/p>\n<\/div>\n\n\n\n<div class=\"wp-block-group swiper-slide is-layout-flow wp-block-group-is-layout-flow\">\n\n\n<h3 class=\"wp-block-heading headline\">Maloprodaja<\/h3>\n\n\n\n<p><\/p>\n<\/div>\n<\/div>\n<\/div>\n<\/div>\n<\/div>\n<\/div>\n<\/section>\n\n\n\n<section class=\"wp-block-group image-text-2-columns is-layout-constrained wp-block-group-is-layout-constrained\">\n<div class=\"wp-block-group container is-layout-flow wp-block-group-is-layout-flow\">\n<div class=\"wp-block-columns row is-layout-flex wp-block-columns-is-layout-flex\">\n<div class=\"wp-block-column col-12 is-layout-flow wp-block-column-is-layout-flow\">\n<figure class=\"wp-block-image size-full\"><img loading=\"lazy\" decoding=\"async\" width=\"1365\" height=\"768\" src=\"https:\/\/solutions.axians.com\/sap\/wp-content\/uploads\/2025\/08\/iStock-1410652010.jpg\" alt=\"\" class=\"wp-image-5644\" style=\"aspect-ratio:16\/9;object-fit:cover\" srcset=\"https:\/\/solutions.axians.com\/sap\/wp-content\/uploads\/2025\/08\/iStock-1410652010.jpg 1365w, https:\/\/solutions.axians.com\/sap\/wp-content\/uploads\/2025\/08\/iStock-1410652010-800x450.jpg 800w, https:\/\/solutions.axians.com\/sap\/wp-content\/uploads\/2025\/08\/iStock-1410652010-768x432.jpg 768w\" sizes=\"auto, (max-width: 1365px) 100vw, 1365px\" \/><\/figure>\n<\/div>\n\n\n\n<div class=\"wp-block-column col-12 is-layout-flow wp-block-column-is-layout-flow\">\n<h2 class=\"wp-block-heading headline\">Uobi\u010dajeni izazovi &#8211; va\u0161a rje\u0161enja<\/h2>\n\n\n\n<p><strong>Problem:<\/strong> slo\u017eeno upravljanje dobavlja\u010dima i partnerima &#8211;  gra\u0111evinski projekti uklju\u010duju vi\u0161e dobavlja\u010da i partnera te dugotrajne faze kvalifikacije, \u0161to ote\u017eava koordinaciju.<\/p>\n\n\n\n<p><strong>Rje\u0161enje:<\/strong> centralizirano upravljanje potencijalnim klijentima i distributerima unutar SAP CX-a osigurava strukturirane procese, jasne odgovornosti i potpunu transparentnost za sve uklju\u010dene strane.<\/p>\n\n\n\n<p><strong>Problem:<\/strong> izazovi u kontroli potencijalnih kupaca u auto salonima \u2013 ograni\u010dena vidljivost kroz distribuirane prodajne kanale smanjuje to\u010dnost predvi\u0111anja i kontrolu prodajnog procesa.<\/p>\n\n\n\n<p><strong>Rje\u0161enje:<\/strong> integrirano pra\u0107enje i izvje\u0161tavanje pru\u017eaju uvid u stvarnom vremenu o statusu potencijalnih klijenata, uspje\u0161nosti dilera i napretku prodaje.<\/p>\n\n\n\n<p><strong>Problem<\/strong>: rje\u0161avanje slo\u017eenih prodajnih ciklusa \u2013 dugotrajni projekti s vi\u0161e donositelja odluka pove\u0107avaju napor i rizik od ka\u0161njenja.<\/p>\n\n\n\n<p><strong><strong>Rje\u0161enje:<\/strong> <\/strong>skalabilno, sekvencijalno i paralelno obra\u0111ivanje omogu\u0107uje u\u010dinkovitu i sigurnu migraciju velikih razmjera.<\/p>\n\n\n\n<p><strong>Problem<\/strong>: provjera dosljednosti podataka \u2013 Neotkrivene nedosljednosti mogu utjecati na uskla\u0111enost i poslovanje.<\/p>\n\n\n\n<p><strong><strong>Rje\u0161enje:<\/strong><\/strong> integracija prodajnih i servisnih procesa <strong>od po\u010detka do kraja<\/strong> povezuje sve faze projekta, omogu\u0107uju\u0107i besprijekornu provedbu od prvog kontakta do zavr\u0161etka projekta.<\/p>\n<\/div>\n<\/div>\n<\/div>\n<\/section>\n\n\n\n<section class=\"wp-block-group headline-text-slider-icon-text is-layout-constrained wp-block-group-is-layout-constrained\">\n<div class=\"wp-block-group container is-layout-flow wp-block-group-is-layout-flow\">\n<div class=\"wp-block-columns row is-layout-flex wp-block-columns-is-layout-flex\">\n<div class=\"wp-block-column col-12 is-layout-flow wp-block-column-is-layout-flow\">\n<h2 class=\"wp-block-heading headline\">Pokriveni poslovni proces<\/h2>\n\n\n\n<p>Axians Construction Suite omogu\u0107uje strukturirano upravljanje kontaktima, distributerima i projektima kroz slo\u017eene prodajne procese u gra\u0111evinarstvu unutar SAP CX.<\/p>\n\n\n\n<div class=\"wp-block-group slider-icon-text swiper is-layout-flow wp-block-group-is-layout-flow\">\n<div class=\"wp-block-group swiper-wrapper is-layout-flow wp-block-group-is-layout-flow\">\n<div class=\"wp-block-group swiper-slide is-layout-flow wp-block-group-is-layout-flow\">\n\n\n<h3 class=\"wp-block-heading headline\">Prodaja&nbsp;<\/h3>\n\n\n\n<p><\/p>\n<\/div>\n\n\n\n<div class=\"wp-block-group swiper-slide is-layout-flow wp-block-group-is-layout-flow\">\n\n\n<h3 class=\"wp-block-heading headline\">Usluga<\/h3>\n\n\n\n<p><\/p>\n<\/div>\n\n\n\n<div class=\"wp-block-group swiper-slide is-layout-flow wp-block-group-is-layout-flow\">\n\n\n<h3 class=\"wp-block-heading headline\">Upravljanje imovinom<\/h3>\n\n\n\n<p><\/p>\n<\/div>\n\n\n\n<div class=\"wp-block-group swiper-slide is-layout-flow wp-block-group-is-layout-flow\">\n\n\n<h3 class=\"wp-block-heading headline\">Poslovna strategija<\/h3>\n\n\n\n<p><\/p>\n<\/div>\n\n\n\n<div class=\"wp-block-group swiper-slide is-layout-flow wp-block-group-is-layout-flow\">\n\n\n<h3 class=\"wp-block-heading headline\">Upravljanje terenskim servisima<\/h3>\n\n\n\n<p><\/p>\n<\/div>\n<\/div>\n<\/div>\n<\/div>\n<\/div>\n<\/div>\n<\/section>\n","protected":false},"excerpt":{"rendered":"<p>Axians Construction Suite SAP CX za gra\u0111evinsku industriju Sveobuhvatna SAP CX kontrola za slo\u017eene gra\u0111evinske operacije \u0160to je projekt ve\u0107i, to je ve\u0107i kaos, dobro poznata \u010dinjenica u gra\u0111evinarstvu i industriji gra\u0111evinskog materijala. Kako voditelji projekata, usluga ili prodaje mogu zadr\u017eati jasan pregled od planiranja do izvedbe i rada? Kako mapirati slo\u017eene gra\u0111evinske projekte u [&hellip;]<\/p>\n","protected":false},"author":9,"featured_media":0,"parent":5615,"menu_order":0,"comment_status":"closed","ping_status":"closed","template":"","meta":{"footnotes":""},"class_list":["post-5751","page","type-page","status-publish","hentry"],"lang":"hr","translations":{"hr":5751,"en":5306,"at":6217,"de":6219},"pll_sync_post":[],"_links":{"self":[{"href":"https:\/\/solutions.axians.com\/sap\/wp-json\/wp\/v2\/pages\/5751","targetHints":{"allow":["GET"]}}],"collection":[{"href":"https:\/\/solutions.axians.com\/sap\/wp-json\/wp\/v2\/pages"}],"about":[{"href":"https:\/\/solutions.axians.com\/sap\/wp-json\/wp\/v2\/types\/page"}],"author":[{"embeddable":true,"href":"https:\/\/solutions.axians.com\/sap\/wp-json\/wp\/v2\/users\/9"}],"replies":[{"embeddable":true,"href":"https:\/\/solutions.axians.com\/sap\/wp-json\/wp\/v2\/comments?post=5751"}],"version-history":[{"count":3,"href":"https:\/\/solutions.axians.com\/sap\/wp-json\/wp\/v2\/pages\/5751\/revisions"}],"predecessor-version":[{"id":7628,"href":"https:\/\/solutions.axians.com\/sap\/wp-json\/wp\/v2\/pages\/5751\/revisions\/7628"}],"up":[{"embeddable":true,"href":"https:\/\/solutions.axians.com\/sap\/wp-json\/wp\/v2\/pages\/5615"}],"wp:attachment":[{"href":"https:\/\/solutions.axians.com\/sap\/wp-json\/wp\/v2\/media?parent=5751"}],"curies":[{"name":"wp","href":"https:\/\/api.w.org\/{rel}","templated":true}]}}