{"id":5663,"date":"2026-03-31T12:22:56","date_gmt":"2026-03-31T11:22:56","guid":{"rendered":"https:\/\/solutions.axians.com\/sap\/?page_id=5663"},"modified":"2026-04-15T09:45:21","modified_gmt":"2026-04-15T08:45:21","slug":"kontakt","status":"publish","type":"page","link":"https:\/\/solutions.axians.com\/sap\/hr\/kontakt\/","title":{"rendered":"Kontakt"},"content":{"rendered":"\n<section class=\"wp-block-group stage-subpage is-layout-constrained wp-block-group-is-layout-constrained\">\n<figure class=\"wp-block-image size-large\"><img loading=\"lazy\" decoding=\"async\" width=\"1920\" height=\"1081\" src=\"https:\/\/solutions.axians.com\/sap\/wp-content\/uploads\/2025\/08\/DSC4493-2-1920x1081.jpg\" alt=\"Kontaktirajte na\u0161e SAP stru\u010dnjake\" class=\"wp-image-5659\" style=\"aspect-ratio:21\/9;object-fit:cover\" srcset=\"https:\/\/solutions.axians.com\/sap\/wp-content\/uploads\/2025\/08\/DSC4493-2-1920x1081.jpg 1920w, https:\/\/solutions.axians.com\/sap\/wp-content\/uploads\/2025\/08\/DSC4493-2-800x450.jpg 800w, https:\/\/solutions.axians.com\/sap\/wp-content\/uploads\/2025\/08\/DSC4493-2-768x432.jpg 768w, https:\/\/solutions.axians.com\/sap\/wp-content\/uploads\/2025\/08\/DSC4493-2-1536x864.jpg 1536w, https:\/\/solutions.axians.com\/sap\/wp-content\/uploads\/2025\/08\/DSC4493-2-2048x1153.jpg 2048w\" sizes=\"auto, (max-width: 1920px) 100vw, 1920px\" \/><\/figure>\n\n\n\n<div class=\"wp-block-group container is-layout-flow wp-block-group-is-layout-flow\">\n<div class=\"wp-block-columns row is-layout-flex wp-block-columns-is-layout-flex\">\n<div class=\"wp-block-column col-12 is-layout-flow wp-block-column-is-layout-flow\">\n<h1 class=\"wp-block-heading headline\">Direktni kontakt s na\u0161im SAP stru\u010dnjacima<\/h1>\n\n\n\n<p>Brzo. Osobno. Stru\u010dno.<\/p>\n\n\n<\/div>\n<\/div>\n<\/div>\n<\/section>\n\n\n\n<section class=\"wp-block-group breadcrumb is-layout-constrained wp-block-group-is-layout-constrained\">\n<div class=\"wp-block-group container is-layout-flow wp-block-group-is-layout-flow\">\n<div class=\"wp-block-columns row is-layout-flex wp-block-columns-is-layout-flex\">\n<div class=\"wp-block-column col-12 is-layout-flow wp-block-column-is-layout-flow\"><nav aria-label=\"breadcrumbs\" class=\"rank-math-breadcrumb\"><p><span class=\"last\">Home<\/span><\/p><\/nav>\n<\/div>\n<\/div>\n<\/div>\n<\/section>\n\n\n\n\n\n\n\n<section id=\"kontaktformular\" class=\"wp-block-group contact-form is-layout-constrained wp-block-group-is-layout-constrained\">\n<div class=\"wp-block-group container is-layout-flow wp-block-group-is-layout-flow\">\n<div class=\"wp-block-columns row is-layout-flex wp-block-columns-is-layout-flex\">\n<div class=\"wp-block-column col-12 col-lg-10 offset-lg-1 is-layout-flow wp-block-column-is-layout-flow\">\n<h2 class=\"wp-block-heading headline\">Kontaktirajte nas<\/h2>\n\n\n\n<script src=\"https:\/\/js-eu1.hsforms.net\/forms\/embed\/145179324.js\" defer><\/script>\n<div class=\"hs-form-frame\" data-region=\"eu1\" data-form-id=\"c6288269-85ab-4e2e-8724-0b6c5c4cbd6e\" data-portal-id=\"145179324\"><\/div>\n\n\n<\/div>\n<\/div>\n<\/div>\n<\/section>\n\n\n\n<section id=\"kontakt\" class=\"wp-block-group contactperson is-layout-constrained wp-block-group-is-layout-constrained\">\n<div class=\"wp-block-group container is-layout-flow wp-block-group-is-layout-flow\">\n<div class=\"wp-block-columns row is-layout-flex wp-block-columns-is-layout-flex\">\n<div class=\"wp-block-column col-12 is-layout-flow wp-block-column-is-layout-flow\">\n<h2 class=\"wp-block-heading headline\">\u0160to mo\u017eemo u\u010diniti za vas?<\/h2>\n<\/div>\n\n\n\n<div class=\"wp-block-column col-12 is-layout-flow wp-block-column-is-layout-flow\">\n<figure class=\"wp-block-image size-full\"><img loading=\"lazy\" decoding=\"async\" width=\"1441\" height=\"1858\" src=\"https:\/\/solutions.axians.com\/sap\/wp-content\/uploads\/2026\/03\/Maja-Hleb-2.jpg\" alt=\"Maja Hleb\" class=\"wp-image-6456\" style=\"aspect-ratio:1;object-fit:cover\" srcset=\"https:\/\/solutions.axians.com\/sap\/wp-content\/uploads\/2026\/03\/Maja-Hleb-2.jpg 1441w, https:\/\/solutions.axians.com\/sap\/wp-content\/uploads\/2026\/03\/Maja-Hleb-2-620x800.jpg 620w, https:\/\/solutions.axians.com\/sap\/wp-content\/uploads\/2026\/03\/Maja-Hleb-2-768x990.jpg 768w, https:\/\/solutions.axians.com\/sap\/wp-content\/uploads\/2026\/03\/Maja-Hleb-2-1191x1536.jpg 1191w\" sizes=\"auto, (max-width: 1441px) 100vw, 1441px\" \/><\/figure>\n<\/div>\n\n\n\n<div class=\"wp-block-column col-12 is-layout-flow wp-block-column-is-layout-flow\">\n<h3 class=\"wp-block-heading headline\">Maja Hleb<\/h3>\n\n\n\n<p class=\"section-headline\">SAP Sales Representative<\/p>\n\n\n\n<div class=\"wp-block-group social is-layout-flow wp-block-group-is-layout-flow\">\n<figure class=\"wp-block-image size-full\"><a class=\"https:\/\/www.linkedin.com\/in\/michael-scharff\/\" href=\"https:\/\/www.linkedin.com\/in\/maja-hleb-562951101\/\" target=\"_blank\" rel=\" noreferrer noopener\"><img decoding=\"async\" src=\"\/sap\/wp-content\/uploads\/2025\/06\/icon-linkedin.svg\" alt=\"logo\"\/><\/a><\/figure>\n\n\n\n<figure class=\"wp-block-image size-full\"><a href=\"tel:+385 91 460 3066\"><img decoding=\"async\" src=\"https:\/\/solutions.axians.com\/sap\/wp-content\/uploads\/2025\/09\/phone-icon-contact.svg\" alt=\"\" class=\"wp-image-5406\"\/><\/a><\/figure>\n<\/div>\n\n\n\n<div class=\"wp-block-buttons is-layout-flex wp-block-buttons-is-layout-flex\">\n<div class=\"wp-block-button is-style-primary\"><a class=\"wp-block-button__link wp-element-button\" href=\"https:\/\/meetings-eu1.hubspot.com\/maja-hleb?uuid=4619c942-4289-4176-a824-d2431bd4aae0\" target=\"_blank\" rel=\"noreferrer noopener\">Rezervirajte termin sada<\/a><\/div>\n<\/div>\n\n\n\n<p><\/p>\n\n\n\n<div class=\"wp-block-buttons is-layout-flex wp-block-buttons-is-layout-flex\">\n<div class=\"wp-block-button is-style-primary\"><a class=\"wp-block-button__link wp-element-button\" href=\"tel:+385 91 460 3066\">Nazovite odmah<\/a><\/div>\n<\/div>\n<\/div>\n<\/div>\n<\/div>\n<\/section>\n\n\n\n\n\n\n","protected":false},"excerpt":{"rendered":"<p>Direktni kontakt s na\u0161im SAP stru\u010dnjacima Brzo. Osobno. Stru\u010dno. Nalazite li se pred odlukom o procesu, planirate li projekt ili jednostavno \u017eelite razumjeti \u0161to je mogu\u0107e s SAP Cloud rje\u0161enjima? Na\u0161 Discovery Call je upravo ono \u0161to vam treba. Razgovor na ravnopravnoj osnovi bez prodajnih prezentacija.&nbsp; \u0160to mo\u017eete o\u010dekivati:&nbsp; Kada je besplatni probni poziv isplativ?&nbsp; [&hellip;]<\/p>\n","protected":false},"author":9,"featured_media":0,"parent":0,"menu_order":0,"comment_status":"closed","ping_status":"closed","template":"","meta":{"footnotes":""},"class_list":["post-5663","page","type-page","status-publish","hentry"],"lang":"hr","translations":{"hr":5663,"de":4439,"at":2862,"en":4442},"pll_sync_post":{},"_links":{"self":[{"href":"https:\/\/solutions.axians.com\/sap\/wp-json\/wp\/v2\/pages\/5663","targetHints":{"allow":["GET"]}}],"collection":[{"href":"https:\/\/solutions.axians.com\/sap\/wp-json\/wp\/v2\/pages"}],"about":[{"href":"https:\/\/solutions.axians.com\/sap\/wp-json\/wp\/v2\/types\/page"}],"author":[{"embeddable":true,"href":"https:\/\/solutions.axians.com\/sap\/wp-json\/wp\/v2\/users\/9"}],"replies":[{"embeddable":true,"href":"https:\/\/solutions.axians.com\/sap\/wp-json\/wp\/v2\/comments?post=5663"}],"version-history":[{"count":10,"href":"https:\/\/solutions.axians.com\/sap\/wp-json\/wp\/v2\/pages\/5663\/revisions"}],"predecessor-version":[{"id":7968,"href":"https:\/\/solutions.axians.com\/sap\/wp-json\/wp\/v2\/pages\/5663\/revisions\/7968"}],"wp:attachment":[{"href":"https:\/\/solutions.axians.com\/sap\/wp-json\/wp\/v2\/media?parent=5663"}],"curies":[{"name":"wp","href":"https:\/\/api.w.org\/{rel}","templated":true}]}}