{"id":5660,"date":"2026-03-31T12:23:03","date_gmt":"2026-03-31T11:23:03","guid":{"rendered":"https:\/\/solutions.axians.com\/sap\/?page_id=5660"},"modified":"2026-04-15T10:21:10","modified_gmt":"2026-04-15T09:21:10","slug":"poziv-na-upoznavanje","status":"publish","type":"page","link":"https:\/\/solutions.axians.com\/sap\/hr\/poziv-na-upoznavanje\/","title":{"rendered":"Poziv na upoznavanje"},"content":{"rendered":"\n<section class=\"wp-block-group stage-subpage is-layout-constrained wp-block-group-is-layout-constrained\">\n<figure class=\"wp-block-image size-large\"><img loading=\"lazy\" decoding=\"async\" width=\"1920\" height=\"1081\" src=\"https:\/\/solutions.axians.com\/sap\/wp-content\/uploads\/2025\/08\/DSC4493-2-1920x1081.jpg\" alt=\"\" class=\"wp-image-5659\" style=\"aspect-ratio:21\/9;object-fit:cover\" srcset=\"https:\/\/solutions.axians.com\/sap\/wp-content\/uploads\/2025\/08\/DSC4493-2-1920x1081.jpg 1920w, https:\/\/solutions.axians.com\/sap\/wp-content\/uploads\/2025\/08\/DSC4493-2-800x450.jpg 800w, https:\/\/solutions.axians.com\/sap\/wp-content\/uploads\/2025\/08\/DSC4493-2-768x432.jpg 768w, https:\/\/solutions.axians.com\/sap\/wp-content\/uploads\/2025\/08\/DSC4493-2-1536x864.jpg 1536w, https:\/\/solutions.axians.com\/sap\/wp-content\/uploads\/2025\/08\/DSC4493-2-2048x1153.jpg 2048w\" sizes=\"auto, (max-width: 1920px) 100vw, 1920px\" \/><\/figure>\n\n\n\n<div class=\"wp-block-group container is-layout-flow wp-block-group-is-layout-flow\">\n<div class=\"wp-block-columns row is-layout-flex wp-block-columns-is-layout-flex\">\n<div class=\"wp-block-column col-12 is-layout-flow wp-block-column-is-layout-flow\">\n<h1 class=\"wp-block-heading headline\">Razgovarajmo o va\u0161im izazovima&nbsp;<\/h1>\n\n\n\n<p>Va\u0161 uvodni poziv \u2013 bez obaveza, direktno<\/p>\n\n\n\n<div class=\"wp-block-buttons is-layout-flex wp-block-buttons-is-layout-flex\">\n<div class=\"wp-block-button is-style-primary\"><a class=\"wp-block-button__link wp-element-button\" href=\"https:\/\/solutions.axians.com\/sap\/hr\/kontakt\/\">\u0160to mo\u017eemo u\u010diniti za vas?<\/a><\/div>\n<\/div>\n<\/div>\n<\/div>\n<\/div>\n<\/section>\n\n\n\n<section class=\"wp-block-group breadcrumb is-layout-constrained wp-block-group-is-layout-constrained\">\n<div class=\"wp-block-group container is-layout-flow wp-block-group-is-layout-flow\">\n<div class=\"wp-block-columns row is-layout-flex wp-block-columns-is-layout-flex\">\n<div class=\"wp-block-column col-12 is-layout-flow wp-block-column-is-layout-flow\"><nav aria-label=\"breadcrumbs\" class=\"rank-math-breadcrumb\"><p><span class=\"last\">Home<\/span><\/p><\/nav>\n<\/div>\n<\/div>\n<\/div>\n<\/section>\n\n\n\n<section class=\"wp-block-group text-centered-gradient is-layout-constrained wp-block-group-is-layout-constrained\">\n<div class=\"wp-block-group container is-layout-flow wp-block-group-is-layout-flow\">\n<div class=\"wp-block-columns row is-layout-flex wp-block-columns-is-layout-flex\">\n<div class=\"wp-block-column col-12 is-layout-flow wp-block-column-is-layout-flow\">\n<h2 class=\"wp-block-heading headline\">Nalazite se pred poslovnom odlukom, planirate projekt ili jednostavno \u017eelite razumjeti \u0161to je mogu\u0107e sa SAP Cloud rje\u0161enjima?<\/h2>\n\n\n\n<p>U tom slu\u010daju na\u0161a besplatna probna konzultacija je upravo ono \u0161to vam treba. Bez prodajnih prezentacija \u2013 samo razgovor izme\u0111u jednakih.&nbsp;<\/p>\n<\/div>\n<\/div>\n<\/div>\n<\/section>\n\n\n\n<section class=\"wp-block-group text-50-50 is-layout-constrained wp-block-group-is-layout-constrained\">\n<div class=\"wp-block-group container is-layout-flow wp-block-group-is-layout-flow\">\n<div class=\"wp-block-columns row is-layout-flex wp-block-columns-is-layout-flex\">\n<div class=\"wp-block-column col-12 is-layout-flow wp-block-column-is-layout-flow\">\n<div class=\"wp-block-group is-layout-flow wp-block-group-is-layout-flow\">\n<figure class=\"wp-block-image size-large\"><img loading=\"lazy\" decoding=\"async\" width=\"1920\" height=\"1081\" src=\"https:\/\/solutions.axians.com\/sap\/wp-content\/uploads\/2025\/08\/DSC4561-2-1920x1081.jpg\" alt=\"\" class=\"wp-image-5658\" srcset=\"https:\/\/solutions.axians.com\/sap\/wp-content\/uploads\/2025\/08\/DSC4561-2-1920x1081.jpg 1920w, https:\/\/solutions.axians.com\/sap\/wp-content\/uploads\/2025\/08\/DSC4561-2-800x450.jpg 800w, https:\/\/solutions.axians.com\/sap\/wp-content\/uploads\/2025\/08\/DSC4561-2-768x432.jpg 768w, https:\/\/solutions.axians.com\/sap\/wp-content\/uploads\/2025\/08\/DSC4561-2-1536x864.jpg 1536w, https:\/\/solutions.axians.com\/sap\/wp-content\/uploads\/2025\/08\/DSC4561-2-2048x1153.jpg 2048w\" sizes=\"auto, (max-width: 1920px) 100vw, 1920px\" \/><\/figure>\n\n\n\n<div class=\"wp-block-group is-layout-flow wp-block-group-is-layout-flow\">\n\n\n<h2 class=\"wp-block-heading headline\">\u0160to mo\u017eete o\u010dekivati:&nbsp;<\/h2>\n\n\n\n<ul class=\"wp-block-list\">\n<li>30 &#8211; 45 minuta usredoto\u010denih na va\u0161e izazove<\/li>\n\n\n\n<li>Mogu\u0107a rje\u0161enja<\/li>\n\n\n\n<li>Po\u010detna procjena napora, koristi i sljede\u0107ih koraka <\/li>\n\n\n\n<li>Razumljiv i prakti\u010dan razgovor<\/li>\n<\/ul>\n<\/div>\n<\/div>\n<\/div>\n\n\n\n<div class=\"wp-block-column col-12 is-layout-flow wp-block-column-is-layout-flow\">\n<div class=\"wp-block-group is-layout-flow wp-block-group-is-layout-flow\">\n<figure class=\"wp-block-image size-large\"><img loading=\"lazy\" decoding=\"async\" width=\"1920\" height=\"1081\" src=\"https:\/\/solutions.axians.com\/sap\/wp-content\/uploads\/2025\/09\/DSC4664-2-1920x1081.jpg\" alt=\"\" class=\"wp-image-5655\" srcset=\"https:\/\/solutions.axians.com\/sap\/wp-content\/uploads\/2025\/09\/DSC4664-2-1920x1081.jpg 1920w, https:\/\/solutions.axians.com\/sap\/wp-content\/uploads\/2025\/09\/DSC4664-2-800x450.jpg 800w, https:\/\/solutions.axians.com\/sap\/wp-content\/uploads\/2025\/09\/DSC4664-2-768x432.jpg 768w, https:\/\/solutions.axians.com\/sap\/wp-content\/uploads\/2025\/09\/DSC4664-2-1536x865.jpg 1536w, https:\/\/solutions.axians.com\/sap\/wp-content\/uploads\/2025\/09\/DSC4664-2.jpg 2000w\" sizes=\"auto, (max-width: 1920px) 100vw, 1920px\" \/><\/figure>\n\n\n\n<div class=\"wp-block-group is-layout-flow wp-block-group-is-layout-flow\">\n\n\n<h2 class=\"wp-block-heading headline\">Kada se isplati obaviti besplatni probni poziv?&nbsp;<\/h2>\n\n\n\n<ul class=\"wp-block-list\">\n<li>Ako \u017eelite modernizirati svoje procese u prodaji, servisu ili financijama.<\/li>\n\n\n\n<li>Ako razmatrate SAP S\/4HANA Public Cloud ili CX rje\u0161enja<\/li>\n\n\n\n<li>Ako tra\u017eite pragmati\u010dan uvod, a ne teorijske PowerPoint bitke.<\/li>\n\n\n\n<li>Ako \u017eelite znati ho\u0107e li i kako SAP odgovarati va\u0161oj tvrtki.<\/li>\n<\/ul>\n<\/div>\n<\/div>\n<\/div>\n<\/div>\n<\/div>\n<\/section>\n\n\n\n\n\n<section id=\"kontakt\" class=\"wp-block-group contactperson is-layout-constrained wp-block-group-is-layout-constrained\">\n<div class=\"wp-block-group container is-layout-flow wp-block-group-is-layout-flow\">\n<div class=\"wp-block-columns row is-layout-flex wp-block-columns-is-layout-flex\">\n<div class=\"wp-block-column col-12 is-layout-flow wp-block-column-is-layout-flow\">\n<h2 class=\"wp-block-heading headline\">\u0160to mo\u017eemo u\u010diniti za vas?<\/h2>\n<\/div>\n\n\n\n<div class=\"wp-block-column col-12 is-layout-flow wp-block-column-is-layout-flow\">\n<figure class=\"wp-block-image size-full\"><img loading=\"lazy\" decoding=\"async\" width=\"1441\" height=\"1858\" src=\"https:\/\/solutions.axians.com\/sap\/wp-content\/uploads\/2026\/03\/Maja-Hleb-2.jpg\" alt=\"Maja Hleb\" class=\"wp-image-6456\" style=\"aspect-ratio:1;object-fit:cover\" srcset=\"https:\/\/solutions.axians.com\/sap\/wp-content\/uploads\/2026\/03\/Maja-Hleb-2.jpg 1441w, https:\/\/solutions.axians.com\/sap\/wp-content\/uploads\/2026\/03\/Maja-Hleb-2-620x800.jpg 620w, https:\/\/solutions.axians.com\/sap\/wp-content\/uploads\/2026\/03\/Maja-Hleb-2-768x990.jpg 768w, https:\/\/solutions.axians.com\/sap\/wp-content\/uploads\/2026\/03\/Maja-Hleb-2-1191x1536.jpg 1191w\" sizes=\"auto, (max-width: 1441px) 100vw, 1441px\" \/><\/figure>\n<\/div>\n\n\n\n<div class=\"wp-block-column col-12 is-layout-flow wp-block-column-is-layout-flow\">\n<h3 class=\"wp-block-heading headline\">Maja Hleb<\/h3>\n\n\n\n<p class=\"section-headline\">SAP Sales Representative<\/p>\n\n\n\n<div class=\"wp-block-group social is-layout-flow wp-block-group-is-layout-flow\">\n<figure class=\"wp-block-image size-full\"><a class=\"https:\/\/www.linkedin.com\/in\/michael-scharff\/\" href=\"https:\/\/www.linkedin.com\/in\/maja-hleb-562951101\/\" target=\"_blank\" rel=\" noreferrer noopener\"><img decoding=\"async\" src=\"\/sap\/wp-content\/uploads\/2025\/06\/icon-linkedin.svg\" alt=\"logo\"\/><\/a><\/figure>\n\n\n\n<figure class=\"wp-block-image size-full\"><a href=\"tel:+385 91 460 3066\"><img decoding=\"async\" src=\"https:\/\/solutions.axians.com\/sap\/wp-content\/uploads\/2025\/09\/phone-icon-contact.svg\" alt=\"\" class=\"wp-image-5406\"\/><\/a><\/figure>\n<\/div>\n\n\n\n<div class=\"wp-block-buttons is-layout-flex wp-block-buttons-is-layout-flex\">\n<div class=\"wp-block-button is-style-primary\"><a class=\"wp-block-button__link wp-element-button\" href=\"https:\/\/meetings-eu1.hubspot.com\/maja-hleb?uuid=4619c942-4289-4176-a824-d2431bd4aae0\" target=\"_blank\" rel=\"noopener\">Rezervirajte termin sada<\/a><\/div>\n<\/div>\n\n\n<\/div>\n<\/div>\n<\/div>\n<\/section>\n\n\n\n<section class=\"wp-block-group text-image-2-columns is-layout-constrained wp-block-group-is-layout-constrained\">\n<div class=\"wp-block-group container is-layout-flow wp-block-group-is-layout-flow\">\n<div class=\"wp-block-columns row is-layout-flex wp-block-columns-is-layout-flex\">\n<div class=\"wp-block-column col-12 is-layout-flow wp-block-column-is-layout-flow\">\n<h2 class=\"wp-block-heading headline\">Na\u0161 pristup:&nbsp;&nbsp;<br>Axians Discovery Assessment (ADA)&nbsp;<\/h2>\n\n\n\n<p>Nakon Discovery poziva nudimo strukturiranu implementaciju <strong>na\u0161e Axians Discovery procjene<\/strong>.&nbsp;<\/p>\n\n\n\n<p>ADA je vo\u0111ena radionica u kojoj s vama radimo na:&nbsp;<\/p>\n\n\n\n<ul class=\"wp-block-list\">\n<li>Identificirajte <strong>ciljeve i izazove<\/strong> svog <strong>poslovanja<\/strong> <\/li>\n\n\n\n<li><strong>Analizirajte cjelovite procese<\/strong> koji nude potencijal za digitalizaciju <\/li>\n\n\n\n<li>Razvijte <strong>po\u010detnu<\/strong> arhitekturu <strong>rje\u0161enja<\/strong> prilago\u0111enu va\u0161im zahtjevima. <\/li>\n\n\n\n<li>i izvu\u0107i konkretne <strong>preporuke za daljnji postupak<\/strong> <\/li>\n<\/ul>\n<\/div>\n\n\n\n<div class=\"wp-block-column col-12 is-layout-flow wp-block-column-is-layout-flow\">\n<figure class=\"wp-block-image size-large\"><img loading=\"lazy\" decoding=\"async\" width=\"1920\" height=\"1081\" src=\"https:\/\/solutions.axians.com\/sap\/wp-content\/uploads\/2025\/08\/DSC4741-2-1-1920x1081.jpg\" alt=\"\" class=\"wp-image-5657\" style=\"aspect-ratio:16\/9;object-fit:cover\" srcset=\"https:\/\/solutions.axians.com\/sap\/wp-content\/uploads\/2025\/08\/DSC4741-2-1-1920x1081.jpg 1920w, https:\/\/solutions.axians.com\/sap\/wp-content\/uploads\/2025\/08\/DSC4741-2-1-800x450.jpg 800w, https:\/\/solutions.axians.com\/sap\/wp-content\/uploads\/2025\/08\/DSC4741-2-1-768x432.jpg 768w, https:\/\/solutions.axians.com\/sap\/wp-content\/uploads\/2025\/08\/DSC4741-2-1-1536x864.jpg 1536w, https:\/\/solutions.axians.com\/sap\/wp-content\/uploads\/2025\/08\/DSC4741-2-1-2048x1153.jpg 2048w\" sizes=\"auto, (max-width: 1920px) 100vw, 1920px\" \/><\/figure>\n<\/div>\n<\/div>\n<\/div>\n<\/section>\n\n\n\n<section class=\"wp-block-group image-text-2-columns is-layout-constrained wp-block-group-is-layout-constrained\">\n<div class=\"wp-block-group container is-layout-flow wp-block-group-is-layout-flow\">\n<div class=\"wp-block-columns row is-layout-flex wp-block-columns-is-layout-flex\">\n<div class=\"wp-block-column col-12 is-layout-flow wp-block-column-is-layout-flow\">\n<figure class=\"wp-block-image size-large\"><img loading=\"lazy\" decoding=\"async\" width=\"1920\" height=\"1081\" src=\"https:\/\/solutions.axians.com\/sap\/wp-content\/uploads\/2025\/08\/DSC4714-2-1920x1081.jpg\" alt=\"\" class=\"wp-image-5656\" srcset=\"https:\/\/solutions.axians.com\/sap\/wp-content\/uploads\/2025\/08\/DSC4714-2-1920x1081.jpg 1920w, https:\/\/solutions.axians.com\/sap\/wp-content\/uploads\/2025\/08\/DSC4714-2-800x450.jpg 800w, https:\/\/solutions.axians.com\/sap\/wp-content\/uploads\/2025\/08\/DSC4714-2-768x432.jpg 768w, https:\/\/solutions.axians.com\/sap\/wp-content\/uploads\/2025\/08\/DSC4714-2-1536x864.jpg 1536w, https:\/\/solutions.axians.com\/sap\/wp-content\/uploads\/2025\/08\/DSC4714-2-2048x1153.jpg 2048w\" sizes=\"auto, (max-width: 1920px) 100vw, 1920px\" \/><\/figure>\n<\/div>\n\n\n\n<div class=\"wp-block-column col-12 is-layout-flow wp-block-column-is-layout-flow\">\n<h2 class=\"wp-block-heading headline\">Prednosti za vas:<\/h2>\n\n\n\n<p>Ste\u0107i \u0107ete jasno\u0107u o svojim sljede\u0107im koracima:&nbsp;<\/p>\n\n\n\n<p>Zasnovan na \u010dinjenicama, jasno vizualiziran i izravno povezan sa SAP-om. To \u010dini Axians Discovery Assessment idealnom osnovom za va\u0161e interno dono\u0161enje odluka ili izradu poslovnog slu\u010daja.&nbsp;<\/p>\n\n\n\n<div class=\"wp-block-buttons is-layout-flex wp-block-buttons-is-layout-flex\">\n<div class=\"wp-block-button is-style-primary\"><a class=\"wp-block-button__link wp-element-button\" href=\"https:\/\/solutions.axians.com\/sap\/hr\/poslovna-transformacija\/axians-procjena-sustava-ada\/\">Saznajte vi\u0161e<\/a><\/div>\n<\/div>\n<\/div>\n<\/div>\n\n\n\n<p><\/p>\n\n\n\n<p><\/p>\n<\/div>\n<\/section>\n\n\n","protected":false},"excerpt":{"rendered":"<p>Razgovarajmo o va\u0161im izazovima&nbsp; Va\u0161 uvodni poziv \u2013 bez obaveza, direktno Nalazite se pred poslovnom odlukom, planirate projekt ili jednostavno \u017eelite razumjeti \u0161to je mogu\u0107e sa SAP Cloud rje\u0161enjima? U tom slu\u010daju na\u0161a besplatna probna konzultacija je upravo ono \u0161to vam treba. Bez prodajnih prezentacija \u2013 samo razgovor izme\u0111u jednakih.&nbsp; \u0160to mo\u017eete o\u010dekivati:&nbsp; Kada se [&hellip;]<\/p>\n","protected":false},"author":1,"featured_media":0,"parent":0,"menu_order":0,"comment_status":"closed","ping_status":"closed","template":"","meta":{"footnotes":""},"class_list":["post-5660","page","type-page","status-publish","hentry"],"lang":"hr","translations":{"hr":5660,"de":2184,"en":2694,"at":2842},"pll_sync_post":{},"_links":{"self":[{"href":"https:\/\/solutions.axians.com\/sap\/wp-json\/wp\/v2\/pages\/5660","targetHints":{"allow":["GET"]}}],"collection":[{"href":"https:\/\/solutions.axians.com\/sap\/wp-json\/wp\/v2\/pages"}],"about":[{"href":"https:\/\/solutions.axians.com\/sap\/wp-json\/wp\/v2\/types\/page"}],"author":[{"embeddable":true,"href":"https:\/\/solutions.axians.com\/sap\/wp-json\/wp\/v2\/users\/1"}],"replies":[{"embeddable":true,"href":"https:\/\/solutions.axians.com\/sap\/wp-json\/wp\/v2\/comments?post=5660"}],"version-history":[{"count":12,"href":"https:\/\/solutions.axians.com\/sap\/wp-json\/wp\/v2\/pages\/5660\/revisions"}],"predecessor-version":[{"id":7991,"href":"https:\/\/solutions.axians.com\/sap\/wp-json\/wp\/v2\/pages\/5660\/revisions\/7991"}],"wp:attachment":[{"href":"https:\/\/solutions.axians.com\/sap\/wp-json\/wp\/v2\/media?parent=5660"}],"curies":[{"name":"wp","href":"https:\/\/api.w.org\/{rel}","templated":true}]}}