{"id":5649,"date":"2026-03-31T12:24:45","date_gmt":"2026-03-31T11:24:45","guid":{"rendered":"https:\/\/solutions.axians.com\/sap\/?page_id=5649"},"modified":"2026-04-03T11:16:23","modified_gmt":"2026-04-03T10:16:23","slug":"zastita-podataka","status":"publish","type":"page","link":"https:\/\/solutions.axians.com\/sap\/hr\/zastita-podataka\/","title":{"rendered":"Za\u0161tita podataka"},"content":{"rendered":"\n<section class=\"wp-block-group stage-subpage is-layout-constrained wp-block-group-is-layout-constrained\">\n<figure class=\"wp-block-image size-large\"><img loading=\"lazy\" decoding=\"async\" width=\"1920\" height=\"1125\" src=\"https:\/\/solutions.axians.com\/sap\/wp-content\/uploads\/2025\/10\/Axians-Building-Branding-2-1920x1125.jpg\" alt=\"\" class=\"wp-image-5636\" srcset=\"https:\/\/solutions.axians.com\/sap\/wp-content\/uploads\/2025\/10\/Axians-Building-Branding-2-1920x1125.jpg 1920w, https:\/\/solutions.axians.com\/sap\/wp-content\/uploads\/2025\/10\/Axians-Building-Branding-2-800x469.jpg 800w, https:\/\/solutions.axians.com\/sap\/wp-content\/uploads\/2025\/10\/Axians-Building-Branding-2-768x450.jpg 768w, https:\/\/solutions.axians.com\/sap\/wp-content\/uploads\/2025\/10\/Axians-Building-Branding-2-1536x900.jpg 1536w, https:\/\/solutions.axians.com\/sap\/wp-content\/uploads\/2025\/10\/Axians-Building-Branding-2.jpg 2000w\" sizes=\"auto, (max-width: 1920px) 100vw, 1920px\" \/><\/figure>\n\n\n\n<div class=\"wp-block-group container is-layout-flow wp-block-group-is-layout-flow\">\n<div class=\"wp-block-columns row is-layout-flex wp-block-columns-is-layout-flex\">\n<div class=\"wp-block-column col-12 is-layout-flow wp-block-column-is-layout-flow\">\n<h1 class=\"wp-block-heading headline\">Za\u0161tita podataka<\/h1>\n\n\n\n<p><\/p>\n<\/div>\n<\/div>\n<\/div>\n<\/section>\n\n\n\n<section class=\"wp-block-group breadcrumb is-layout-constrained wp-block-group-is-layout-constrained\">\n<div class=\"wp-block-group container is-layout-flow wp-block-group-is-layout-flow\">\n<div class=\"wp-block-columns row is-layout-flex wp-block-columns-is-layout-flex\">\n<div class=\"wp-block-column col-12 is-layout-flow wp-block-column-is-layout-flow\"><nav aria-label=\"breadcrumbs\" class=\"rank-math-breadcrumb\"><p><span class=\"last\">Home<\/span><\/p><\/nav>\n<\/div>\n<\/div>\n<\/div>\n<\/section>\n\n\n\n<section class=\"wp-block-group default-text is-layout-constrained wp-block-group-is-layout-constrained\">\n<div class=\"wp-block-group container is-layout-flow wp-block-group-is-layout-flow\">\n<div class=\"wp-block-columns row is-layout-flex wp-block-columns-is-layout-flex\">\n<div class=\"wp-block-column col-12 col-lg-9 is-layout-flow wp-block-column-is-layout-flow\">\n<h2 class=\"wp-block-heading headline\">Izjava o obvezi pru\u017eanja informacija \u2013 Izjava o za\u0161titi podataka<\/h2>\n\n\n\n<p>Izjava o obvezi informiranja \u2013 Pravila o privatnosti<\/p>\n\n\n\n<p>Za\u0161tita va\u0161ih osobnih podataka nam je od posebne va\u017enosti. Stoga va\u0161e podatke obra\u0111ujemo isklju\u010divo na temelju zakonskih odredbi (GDPR, TKG 2003). U ovim informacijama o za\u0161titi podataka obavje\u0161tavamo vas o najva\u017enijim aspektima obrade podataka na na\u0161oj web stranici.<\/p>\n\n\n\n<p>Ako nas kontaktirate putem obrasca na web stranici ili putem e-po\u0161te, podatke koje navedete pohranit \u0107emo \u0161est mjeseci u svrhu obrade upita i u slu\u010daju dodatnih pitanja. Ove podatke ne\u0107emo proslje\u0111ivati \u200b\u200bbez va\u0161eg pristanka.<\/p>\n\n\n\n<p><\/p>\n\n\n\n<h3 class=\"wp-block-heading\">1. Automatska pohrana podataka<\/h3>\n\n\n\n<p>Danas se, kada posjetite web stranice, odre\u0111ene informacije automatski stvaraju i pohranjuju, uklju\u010duju\u0107i i na ovoj web stranici.<\/p>\n\n\n\n<p>Kada posjetite na\u0161u web stranicu kao \u0161to to \u010dinite upravo sada, na\u0161 web poslu\u017eitelj automatski sprema podatke kao \u0161to su:<\/p>\n\n\n\n<p>adresa (URL) web stranice kojoj se pristupa<br>Preglednik i verzija preglednika<br>kori\u0161teni operativni sustav<br>adresa (URL) prethodno posje\u0107ene stranice (referrer URL)<br>naziv hosta i IP adresa ure\u0111aja s kojeg se pristupa<br>Datum i vrijeme<\/p>\n\n\n\n<p>u datoteke (datoteke zapisnika web poslu\u017eitelja).<\/p>\n\n\n\n<p>U pravilu se datoteke zapisnika web poslu\u017eitelja pohranjuju dva tjedna, a zatim se automatski bri\u0161u. Ne proslje\u0111ujemo ove podatke dalje, ali ne mo\u017eemo isklju\u010diti mogu\u0107nost da se ti podaci mogu pregledati u slu\u010daju nezakonitog pona\u0161anja.<br>Pravna osnova u skladu s \u010dlankom 6(1)(f) GDPR-a (zakonitost obrade) jest da postoji legitimni interes za omogu\u0107avanje besprijekornog rada ove web stranice prikupljanjem datoteka zapisnika web poslu\u017eitelja.<\/p>\n\n\n\n<p><\/p>\n\n\n\n<p><\/p>\n\n\n\n<h3 class=\"wp-block-heading\">2. Pohrana osobnih podataka<\/h3>\n\n\n\n<p>Osobne podatke koje nam elektroni\u010dki prenesete na ovoj web stranici, kao \u0161to su va\u0161e ime, adresa e-po\u0161te, adresa ili drugi osobni podaci prilikom slanja obrasca ili komentara na blogu, koristit \u0107emo zajedno s vremenom i IP adresom samo u svrhu navedenu u svakom slu\u010daju, sigurno \u0107emo ih pohraniti i ne\u0107emo ih proslje\u0111ivati \u200b\u200btre\u0107im stranama.<\/p>\n\n\n\n<p>Stoga va\u0161e osobne podatke koristimo samo za komunikaciju s posjetiteljima koji izri\u010dito zatra\u017ee kontakt i za obradu usluga i proizvoda koji se nude na ovoj web stranici. Ne proslje\u0111ujemo va\u0161e osobne podatke bez va\u0161eg pristanka, ali ne mo\u017eemo isklju\u010diti mogu\u0107nost da se ti podaci pregledaju u slu\u010daju nezakonitog pona\u0161anja.<\/p>\n\n\n\n<p>Ako nam po\u0161aljete osobne podatke putem e-po\u0161te \u2013 tj. izvan ove web stranice \u2013 ne mo\u017eemo jam\u010diti siguran prijenos i za\u0161titu va\u0161ih podataka. Preporu\u010dujemo da nikada ne \u0161aljete povjerljive podatke ne\u0161ifrirane putem e-po\u0161te.<\/p>\n\n\n\n<p>U skladu s \u010dlankom 6(1)(a) GDPR-a (zakonitost obrade), pravna osnova je da nam date svoju privolu za obradu podataka koje ste unijeli. Ovu privolu mo\u017eete opozvati u bilo kojem trenutku \u2013 dovoljna je neformalna e-po\u0161ta, na\u0161e kontakt podatke prona\u0107i \u0107ete u impresumu.<\/p>\n\n\n\n<p><\/p>\n\n\n\n<p><\/p>\n\n\n\n<h3 class=\"wp-block-heading\">3. Prava prema Op\u0107oj uredbi o za\u0161titi podataka<\/h3>\n\n\n\n<p>Prema odredbama GDPR-a i austrijskog Zakona o za\u0161titi podataka (DSG), imate sljede\u0107a prava:<\/p>\n\n\n\n<p>Pravo na ispravak (\u010dlanak 16. GDPR-a)<br>Pravo na brisanje (\u201epravo na zaborav\u201c) (\u010dlanak 17. GDPR-a)<br>Pravo na ograni\u010denje obrade (\u010dlanak 18. GDPR-a)<br>Pravo na obavijest \u2013 obveza obavje\u0161tavanja u vezi s ispravkom ili brisanjem osobnih podataka ili ograni\u010denjem obrade (\u010dlanak 19. GDPR-a)<br>Pravo na prenosivost podataka (\u010dlanak 20. GDPR-a)<br>Pravo na prigovor (\u010dlanak 21. GDPR-a)<br>Pravo da ne budete predmetom odluke koja se temelji isklju\u010divo na automatiziranoj obradi, uklju\u010duju\u0107i profiliranje (\u010dlanak 22. GDPR-a)<\/p>\n\n\n\n<p><\/p>\n\n\n\n<p><\/p>\n\n\n\n<h3 class=\"wp-block-heading\">4. TLS enkripcija s https<\/h3>\n\n\n\n<p>Koristimo https za prijenos podataka za\u0161ti\u0107enih od prislu\u0161kivanja na internetu (za\u0161tita podataka tehnolo\u0161kim dizajnom \u010dlanak 25. (1.) GDPR-a). Kori\u0161tenjem TLS-a (Transport Layer Security), protokola za \u0161ifriranje za siguran prijenos podataka na internetu, mo\u017eemo osigurati za\u0161titu povjerljivih podataka. Kori\u0161tenje ove sigurnosti prijenosa podataka mo\u017eete prepoznati po malom simbolu lokota u gornjem lijevom kutu preglednika i kori\u0161tenju https sheme (umjesto http) kao dijela na\u0161e internetske adrese.<\/p>\n\n\n\n<p><\/p>\n\n\n\n<p><\/p>\n\n\n\n<h3 class=\"wp-block-heading\">5. Kola\u010di\u0107i<\/h3>\n\n\n\n<p>Na\u0161a web stranica koristi HTTP kola\u010di\u0107e za pohranu podataka specifi\u010dnih za korisnika.<br>Kola\u010di\u0107 je kratki paket podataka koji se razmjenjuje izme\u0111u web preglednika i web poslu\u017eitelja, ali je za njih potpuno besmislen i dobiva zna\u010denje samo za web aplikaciju, npr. online trgovinu, kao \u0161to je sadr\u017eaj virtualne ko\u0161arice za kupnju.<\/p>\n\n\n\n<p>Postoje dvije vrste kola\u010di\u0107a: kola\u010di\u0107e prve strane stvara na\u0161a web stranica, kola\u010di\u0107e tre\u0107e strane stvaraju druge web stranice (npr. Google Analytics).<br>Primjerni podaci o kola\u010di\u0107ima:<\/p>\n\n\n\n<p>Naziv: _ga<br>Vrijeme isteka: 2 godine<br>Upotreba: Diferenciranje posjetitelja web stranice<br>Primjer vrijednosti: GA1.2.1326744211.152211083433<\/p>\n\n\n\n<p>Postoje tri kategorije kola\u010di\u0107a: strogo potrebni kola\u010di\u0107i za osiguravanje osnovnih funkcija web stranice, funkcionalni kola\u010di\u0107i za osiguravanje performansi web stranice i ciljani kola\u010di\u0107i za pobolj\u0161anje korisni\u010dkog iskustva.<\/p>\n\n\n\n<p>Kola\u010di\u0107e koristimo kako bismo na\u0161u web stranicu u\u010dinili jednostavnijom za kori\u0161tenje. Neki kola\u010di\u0107i ostaju pohranjeni na va\u0161em ure\u0111aju dok ih ne izbri\u0161ete.<\/p>\n\n\n\n<p><\/p>\n\n\n\n<p><\/p>\n\n\n\n<h5 class=\"wp-block-heading\">Prikaz postavki kola\u010di\u0107a i brisanje kola\u010di\u0107a<\/h5>\n\n\n\n<p>Ako \u017eelite saznati koji su kola\u010di\u0107i pohranjeni u va\u0161em pregledniku, promijeniti postavke kola\u010di\u0107a ili izbrisati kola\u010di\u0107e, to mo\u017eete prona\u0107i u postavkama preglednika. Ako ne \u017eelite da se podaci pohranjuju u kola\u010di\u0107ima, mo\u017eete postaviti preglednik tako da vas obavje\u0161tava o postavljanju kola\u010di\u0107a i to dopu\u0161tate samo u pojedina\u010dnim slu\u010dajevima. Kola\u010di\u0107e koji su ve\u0107 na va\u0161em ra\u010dunalu mo\u017eete izbrisati ili ih deaktivirati u bilo kojem trenutku. Postupak za to razlikuje se ovisno o pregledniku; najbolje je pretra\u017eiti upute na Googleu pomo\u0107u pojma &#8220;brisanje kola\u010di\u0107a Chrome&#8221; ili &#8220;deaktiviranje kola\u010di\u0107a Chrome&#8221; u slu\u010daju preglednika Chrome ili zamijeniti rije\u010d &#8220;Chrome&#8221; nazivom va\u0161eg preglednika, npr. Edge, Firefox, Safari.<br>Ako nam op\u0107enito ne dopustite kori\u0161tenje kola\u010di\u0107a, tj. onemogu\u0107ite ih putem postavki preglednika, neke funkcije i stranice mo\u017eda ne\u0107e raditi kako se o\u010dekuje.<\/p>\n\n\n\n<p><\/p>\n\n\n\n<p><\/p>\n\n\n\n<h3 class=\"wp-block-heading\">6. Pravila o privatnosti za Google Analytics<\/h3>\n\n\n\n<p>Na ovoj web stranici koristimo Google Analytics tvrtke Google LLC (1600 Amphitheatre Parkway Mountain View, CA 94043, SAD) za statisti\u010dku analizu podataka o posjetiteljima. Google Analytics u tu svrhu koristi ciljane kola\u010di\u0107e.<\/p>\n\n\n\n<p><strong>Kola\u010di\u0107i iz Google Analyticsa<\/strong><\/p>\n\n\n\n<p><em>ga Vrijeme isteka: 2 godine Upotreba: Diferencijacija posjetitelja web stranice Primjer vrijednosti: GA1.2.1326744211.152211083433 _gid Vrijeme isteka: 24 sata Upotreba: Diferencijacija posjetitelja web stranice Primjer vrijednosti: GA1.2.1687193234.152211083433 _gat_gtag_UA<\/em> Vrijeme isteka: 1 minuta Upotreba: Koristi se za smanjenje stope zahtjeva. Ako se Google Analytics pru\u017ea putem Google Tag Managera, ovom kola\u010di\u0107u dodjeljuje se naziv <em>dc_gtm<\/em> .<\/p>\n\n\n\n<p>Primjerna vrijednost: 1<\/p>\n\n\n\n<p>Pseudonimizacija<\/p>\n\n\n\n<p>Na\u0161a je briga u smislu GDPR-a pobolj\u0161anje na\u0161e ponude i na\u0161e web stranice. Budu\u0107i da nam je privatnost na\u0161ih korisnika va\u017ena, korisni\u010dki podaci se pseudonimiziraju. Obrada podataka provodi se na temelju zakonskih odredbi \u00a7 96. stavka 3. TKG-a i \u010dl. 6. EU GDPR-a stavka 1. to\u010dke a (privola) i\/ili f (legitimni interes) GDPR-a.<\/p>\n\n\n\n<p>Deaktivacija prikupljanja podataka putem Google Analyticsa<\/p>\n\n\n\n<p>Kori\u0161tenjem dodatka preglednika za deaktivaciju Google Analytics JavaScripta (ga.js, analytics.js, dc.js), posjetitelji web stranice mogu sprije\u010diti Google Analytics da koristi njihove podatke.<\/p>\n\n\n\n<p>Mo\u017eete sprije\u010diti Google da prikuplja podatke koje generira kola\u010di\u0107 i koji se odnose na va\u0161u upotrebu web stranice te da obra\u0111uje te podatke od strane Googlea preuzimanjem i instaliranjem dodatka za preglednik dostupnog na sljede\u0107oj poveznici: <a href=\"https:\/\/tools.google.com\/dlpage\/gaoptout?hl=de\" target=\"_blank\" rel=\"noreferrer noopener\">https:\/\/tools.google.com\/dlpage\/gaoptout?hl=de<\/a><\/p>\n\n\n\n<p><\/p>\n\n\n\n<p><\/p>\n\n\n\n<h3 class=\"wp-block-heading\">7.  Pravila o privatnosti YouTubea<\/h3>\n\n\n\n<p>Na ovoj web stranici koristimo video uslugu YouTube, YouTube, LLC, 901 Cherry Ave, San Bruno, CA 94066, SAD.<\/p>\n\n\n\n<p>Kada pristupite stranicama na na\u0161oj web stranici koje imaju integrirane YouTube videozapise, podaci se prenose na YouTube, pohranjuju i analiziraju.<br>Ako imate YouTube ra\u010dun i prijavljeni ste, ti \u0107e se podaci dodijeliti va\u0161em osobnom ra\u010dunu i podacima pohranjenima u njemu.<\/p>\n\n\n\n<p><br><\/p>\n\n\n\n<h3 class=\"wp-block-heading\">8. Pravila o privatnosti LinkedIna<\/h3>\n\n\n\n<p>Na na\u0161oj web stranici koristimo funkcije dru\u0161tvene mre\u017ee LinkedIn tvrtke LinkedIn Corporation, 2029 Stierlin Court, Mountain View, CA 94043, SAD.<\/p>\n\n\n\n<p>Pristupom stranicama koje koriste takve funkcije, podaci (IP adresa, podaci preglednika, datum i vrijeme, kola\u010di\u0107i) prenose se na LinkedIn, pohranjuju i analiziraju.<\/p>\n\n\n\n<p>Ako imate LinkedIn ra\u010dun i prijavljeni ste, ti \u0107e se podaci dodijeliti va\u0161em osobnom ra\u010dunu i podacima pohranjenima u njemu.<\/p>\n\n\n\n<p><\/p>\n\n\n\n<p><\/p>\n\n\n\n<h3 class=\"wp-block-heading\">9. Bilten<\/h3>\n\n\n\n<p>Imate mogu\u0107nost pretplate na na\u0161 bilten putem na\u0161e web stranice. Za to nam je potrebna va\u0161a adresa e-po\u0161te i va\u0161a izjava da pristajete na primanje biltena. \u010cim se prijavite za bilten, poslat \u0107emo vam e-poruku s potvrdom i poveznicom za potvrdu va\u0161e prijave. Pretplatu na bilten mo\u017eete otkazati u bilo kojem trenutku klikom na &#8220;Odjava&#8221; u podno\u017eju biltena ili slanjem e-po\u0161te na backstage@axians.at s predmetom &#8220;Odjava&#8221;. Nakon toga \u0107emo odmah izbrisati va\u0161e podatke u vezi s slanjem biltena.<\/p>\n\n\n\n<p>Kori\u0161tenje podataka za registraciju i evaluaciju biltena<\/p>\n\n\n\n<p>Kao pretplatnik, bilten Axians ICT Austria primat \u0107ete nekoliko puta godi\u0161nje. To vas ne samo obavje\u0161tava o najnovijim vijestima, ve\u0107 vam pru\u017ea i razne informacije o:<\/p>\n\n\n\n<ul class=\"wp-block-list\">\n<li>Pri\u010dama o uspjehu i rje\u0161enjima<\/li>\n\n\n\n<li>Proizvodima i uslugama<\/li>\n\n\n\n<li>O tvrtki Axians i tehni\u010dkoj stru\u010dnosti<\/li>\n\n\n\n<li>Trendovima i novostima<\/li>\n\n\n\n<li>Doga\u0111ajima, sajmovima i doga\u0111ajima<\/li>\n\n\n\n<li>Anketama i rezultatima<\/li>\n<\/ul>\n\n\n\n<p>Kako bismo osigurali da je na\u0161 bilten prilago\u0111en va\u0161im interesima i da vam pru\u017ea relevantne informacije, prikupljamo podatke o va\u0161oj individualnoj upotrebi biltena. Svaki primatelj prima jedinstveni ID i korisni\u010dki kod kako bi prenio odgovaraju\u0107i sadr\u017eaj tijekom personalizacije (npr. pozdrav, unaprijed ispunjeni obrazac za registraciju). Bilje\u017eimo sljede\u0107e:<\/p>\n\n\n\n<ul class=\"wp-block-list\">\n<li>Datum i vrijeme slanja primatelju<\/li>\n\n\n\n<li>Datum i vrijeme klika na poveznicu i koliko \u010desto je na koju poveznicu kliknuto<\/li>\n\n\n\n<li>Datum, vrijeme i program za slanje e-po\u0161te kojim je e-po\u0161ta otvorena (za svakog primatelja)<\/li>\n\n\n\n<li>Preferencije sadr\u017eaja (interesne skupine) prilikom otvaranja poveznica<\/li>\n\n\n\n<li>Pribli\u017ena lokacija gdje je e-po\u0161ta otvorena<\/li>\n\n\n\n<li>Datum i vrijeme prijave za newsletter i izvor (ru\u010dni unos ili online prijava)<\/li>\n\n\n\n<li>Preferirani format po\u0161te<\/li>\n<\/ul>\n\n\n\n<p><\/p>\n\n\n\n<p><\/p>\n\n\n\n<h3 class=\"wp-block-heading\">10. prava ispitanika i kontaktiranje slu\u017ebenika za za\u0161titu podataka tvrtke Axians ICT Austria GmbH<\/h3>\n\n\n\n<p>Imate pravo dobiti informacije od tvrtke Axians ICT Austria GmbH o doti\u010dnim osobnim podacima, kao i pravo na ispravak, brisanje, ograni\u010davanje obrade, prigovor na obradu i prenosivost podataka. Osim toga, imate pravo podnijeti pritu\u017ebu nadzornom tijelu, koje je u Austriji tijelo za za\u0161titu podataka (<a href=\"http:\/\/www.dsb.gv.at\" target=\"_blank\" rel=\"noreferrer noopener\">www.dsb.gv.at<\/a>).<\/p>\n\n\n\n<p>Ako imate bilo kakvih pitanja o ovim temama ili \u017eelite ostvariti svoja prava kao ispitanik, obratite se na\u0161em slu\u017ebeniku za za\u0161titu podataka, g. Vladimiru Mlynaru, na <a href=\"mailto:datenschutz@axians.at\">datenschutz@axians.at<\/a>.<\/p>\n\n\n\n<p>Izvor: Izra\u0111eno s generatorom za\u0161tite podataka tvrtke firmenwebseiten.at u suradnji s <a href=\"http:\/\/eventsevents.at\" target=\"_blank\" rel=\"noreferrer noopener\">eventsevents.at<\/a>.<\/p>\n<\/div>\n<\/div>\n<\/div>\n<\/section>\n","protected":false},"excerpt":{"rendered":"<p>Za\u0161tita podataka Izjava o obvezi pru\u017eanja informacija \u2013 Izjava o za\u0161titi podataka Izjava o obvezi informiranja \u2013 Pravila o privatnosti Za\u0161tita va\u0161ih osobnih podataka nam je od posebne va\u017enosti. Stoga va\u0161e podatke obra\u0111ujemo isklju\u010divo na temelju zakonskih odredbi (GDPR, TKG 2003). U ovim informacijama o za\u0161titi podataka obavje\u0161tavamo vas o najva\u017enijim aspektima obrade podataka na [&hellip;]<\/p>\n","protected":false},"author":1,"featured_media":0,"parent":0,"menu_order":0,"comment_status":"closed","ping_status":"closed","template":"","meta":{"footnotes":""},"class_list":["post-5649","page","type-page","status-publish","hentry"],"lang":"hr","translations":{"hr":5649,"de":3452,"en":3485,"at":3488},"pll_sync_post":{},"_links":{"self":[{"href":"https:\/\/solutions.axians.com\/sap\/wp-json\/wp\/v2\/pages\/5649","targetHints":{"allow":["GET"]}}],"collection":[{"href":"https:\/\/solutions.axians.com\/sap\/wp-json\/wp\/v2\/pages"}],"about":[{"href":"https:\/\/solutions.axians.com\/sap\/wp-json\/wp\/v2\/types\/page"}],"author":[{"embeddable":true,"href":"https:\/\/solutions.axians.com\/sap\/wp-json\/wp\/v2\/users\/1"}],"replies":[{"embeddable":true,"href":"https:\/\/solutions.axians.com\/sap\/wp-json\/wp\/v2\/comments?post=5649"}],"version-history":[{"count":7,"href":"https:\/\/solutions.axians.com\/sap\/wp-json\/wp\/v2\/pages\/5649\/revisions"}],"predecessor-version":[{"id":7083,"href":"https:\/\/solutions.axians.com\/sap\/wp-json\/wp\/v2\/pages\/5649\/revisions\/7083"}],"wp:attachment":[{"href":"https:\/\/solutions.axians.com\/sap\/wp-json\/wp\/v2\/media?parent=5649"}],"curies":[{"name":"wp","href":"https:\/\/api.w.org\/{rel}","templated":true}]}}