{"id":5646,"date":"2026-03-31T12:24:00","date_gmt":"2026-03-31T11:24:00","guid":{"rendered":"https:\/\/solutions.axians.com\/sap\/?page_id=5646"},"modified":"2026-04-03T11:05:23","modified_gmt":"2026-04-03T10:05:23","slug":"neo-raspored","status":"publish","type":"page","link":"https:\/\/solutions.axians.com\/sap\/hr\/sap-rjesenja\/axians-sap-dodaci\/neo-raspored\/","title":{"rendered":"NEO raspored\u00a0"},"content":{"rendered":"\n<section class=\"wp-block-group stage-subpage is-layout-constrained wp-block-group-is-layout-constrained\">\n<figure class=\"wp-block-image size-full\"><img loading=\"lazy\" decoding=\"async\" width=\"1365\" height=\"768\" src=\"https:\/\/solutions.axians.com\/sap\/wp-content\/uploads\/2025\/08\/iStock-2153381400.jpg\" alt=\"\" class=\"wp-image-5643\" style=\"aspect-ratio:21\/9;object-fit:cover\" srcset=\"https:\/\/solutions.axians.com\/sap\/wp-content\/uploads\/2025\/08\/iStock-2153381400.jpg 1365w, https:\/\/solutions.axians.com\/sap\/wp-content\/uploads\/2025\/08\/iStock-2153381400-800x450.jpg 800w, https:\/\/solutions.axians.com\/sap\/wp-content\/uploads\/2025\/08\/iStock-2153381400-768x432.jpg 768w\" sizes=\"auto, (max-width: 1365px) 100vw, 1365px\" \/><\/figure>\n\n\n\n<div class=\"wp-block-group container is-layout-flow wp-block-group-is-layout-flow\">\n<div class=\"wp-block-columns row is-layout-flex wp-block-columns-is-layout-flex\">\n<div class=\"wp-block-column col-12 is-layout-flow wp-block-column-is-layout-flow\">\n<h1 class=\"wp-block-heading headline\">Neo raspored<\/h1>\n\n\n\n<p>Inteligentno planiranje resursa za tehni\u010dke usluge i upravljanje terenskim servisima&nbsp;<\/p>\n\n\n\n<div class=\"wp-block-buttons is-layout-flex wp-block-buttons-is-layout-flex\">\n<div class=\"wp-block-button is-style-primary\"><a class=\"wp-block-button__link wp-element-button\" href=\"https:\/\/solutions.axians.com\/sap\/hr\/kontakt\/\">Zatra\u017eite demo<\/a><\/div>\n<\/div>\n<\/div>\n<\/div>\n<\/div>\n<\/section>\n\n\n\n<section class=\"wp-block-group breadcrumb is-layout-constrained wp-block-group-is-layout-constrained\">\n<div class=\"wp-block-group container is-layout-flow wp-block-group-is-layout-flow\">\n<div class=\"wp-block-columns row is-layout-flex wp-block-columns-is-layout-flex\">\n<div class=\"wp-block-column col-12 is-layout-flow wp-block-column-is-layout-flow\"><nav aria-label=\"breadcrumbs\" class=\"rank-math-breadcrumb\"><p><span class=\"last\">Home<\/span><\/p><\/nav>\n<\/div>\n<\/div>\n<\/div>\n<\/section>\n\n\n\n<section class=\"wp-block-group text-centered-gradient is-layout-constrained wp-block-group-is-layout-constrained\">\n<div class=\"wp-block-group container is-layout-flow wp-block-group-is-layout-flow\">\n<div class=\"wp-block-columns row is-layout-flex wp-block-columns-is-layout-flex\">\n<div class=\"wp-block-column col-12 is-layout-flow wp-block-column-is-layout-flow\">\n<h2 class=\"wp-block-heading headline\">Optimizirajte svoje rute, pove\u0107ajte produktivnost i smanjite tro\u0161kove uz rje\u0161enje koje kombinira transparentnost u stvarnom vremenu i pametno planiranje. <\/h2>\n\n\n\n<p>Planirajte u\u010dinkovitije, reagirajte br\u017ee i odu\u0161evite svoje kupce vrhunskom uslugom pri njihovom prvom posjetu.<\/p>\n\n\n\n<p><\/p>\n<\/div>\n<\/div>\n<\/div>\n<\/section>\n\n\n\n<section class=\"wp-block-group headline-text-slider-icon-text is-layout-constrained wp-block-group-is-layout-constrained\">\n<div class=\"wp-block-group container is-layout-flow wp-block-group-is-layout-flow\">\n<div class=\"wp-block-columns row is-layout-flex wp-block-columns-is-layout-flex\">\n<div class=\"wp-block-column col-12 is-layout-flow wp-block-column-is-layout-flow\">\n<h2 class=\"wp-block-heading headline\">Prednosti na prvi pogled<\/h2>\n\n\n\n<p><\/p>\n\n\n\n<div class=\"wp-block-group slider-icon-text swiper is-layout-flow wp-block-group-is-layout-flow\">\n<div class=\"wp-block-group swiper-wrapper is-layout-flow wp-block-group-is-layout-flow\">\n<div class=\"wp-block-group swiper-slide is-layout-flow wp-block-group-is-layout-flow\">\n\n\n<h3 class=\"wp-block-heading headline\">Transparentnost u stvarnom vremenu&nbsp;<\/h3>\n\n\n\n<p>Donosite brze i informirane odluke uz uvid u resurse, zadatke i rasporede u stvarnom vremenu.&nbsp;<\/p>\n<\/div>\n\n\n\n<div class=\"wp-block-group swiper-slide is-layout-flow wp-block-group-is-layout-flow\">\n\n\n<h3 class=\"wp-block-heading headline\">Ve\u0107a stopa uspje\u0161nosti pri prvom kori\u0161tenju&nbsp;<\/h3>\n\n\n\n<p>Pove\u0107ajte stopu rje\u0161avanja pri prvom dolasku do 50% putem ciljanog i proaktivnog planiranja.&nbsp;<\/p>\n<\/div>\n\n\n\n<div class=\"wp-block-group swiper-slide is-layout-flow wp-block-group-is-layout-flow\">\n\n\n<h3 class=\"wp-block-heading headline\">Ni\u017ei tro\u0161kovi \u2013 ve\u0107a u\u010dinkovitost<\/h3>\n\n\n\n<p>Smanjite vrijeme putovanja i trud u planiranju. Pove\u0107ajte produktivnost svog tima.&nbsp;<\/p>\n<\/div>\n<\/div>\n<\/div>\n<\/div>\n<\/div>\n<\/div>\n<\/section>\n\n\n\n<section class=\"wp-block-group accordion-2-col is-layout-constrained wp-block-group-is-layout-constrained\">\n<div class=\"wp-block-group container is-layout-flow wp-block-group-is-layout-flow\">\n<div class=\"wp-block-columns row is-layout-flex wp-block-columns-is-layout-flex\">\n<div class=\"wp-block-column col-12 is-layout-flow wp-block-column-is-layout-flow\">\n<h2 class=\"wp-block-heading headline\">Rje\u0161enje na prvi pogled&nbsp;<\/h2>\n\n\n\n<p><strong>Inteligentno planiranje raspore\u0111ivanja&nbsp;<\/strong><\/p>\n\n\n\n<p>Planirajte, odredite prioritete, uspore\u0111ujte \u2013 u svakom trenutku pratite zadatke, rokove i status.&nbsp;<\/p>\n\n\n\n<p><strong>Upravljanje vizualnim resursima&nbsp;<\/strong><\/p>\n\n\n\n<p>Koristite intuitivnu <em>drag-and-drop<\/em> plo\u010du za planiranje te interaktivni prikaz karte za planiranje svojih timova u stvarnom vremenu.&nbsp;<\/p>\n\n\n\n<p><strong>Optimizirano planiranje ruta&nbsp;<\/strong><\/p>\n\n\n\n<p>Smanjite prazne vo\u017enje i vrijeme putovanja uz automatsko izra\u010dunavanje ruta \u2013 izravno integrirano.&nbsp;<\/p>\n<\/div>\n<\/div>\n\n\n\n<div class=\"wp-block-columns row is-layout-flex wp-block-columns-is-layout-flex\">\n<div class=\"wp-block-column col-12 is-layout-flow wp-block-column-is-layout-flow\">\n<div class=\"wp-block-teufels-accordion accordion\" id=\"accordion-6f8df3e3-7953-4bae-88a7-dbdea6d39744\"><\/div>\n<\/div>\n\n\n\n<div class=\"wp-block-column col-12 is-layout-flow wp-block-column-is-layout-flow\">\n<div class=\"wp-block-teufels-accordion accordion\" id=\"accordion-c990c131-9082-448e-b984-f7d79b71d366\"><\/div>\n<\/div>\n<\/div>\n<\/div>\n<\/section>\n\n\n\n<section class=\"wp-block-group text-image-2-columns is-layout-constrained wp-block-group-is-layout-constrained\">\n<div class=\"wp-block-group container is-layout-flow wp-block-group-is-layout-flow\">\n<div class=\"wp-block-columns row is-layout-flex wp-block-columns-is-layout-flex\">\n<div class=\"wp-block-column col-12 is-layout-flow wp-block-column-is-layout-flow\">\n<h2 class=\"wp-block-heading headline\">Glavne prednosti&nbsp;<\/h2>\n\n\n\n<p><strong>Odmah uo\u010dljiva dodana vrijednost<\/strong>&nbsp;<\/p>\n\n\n\n<ul class=\"wp-block-list\">\n<li>Optimalna iskori\u0161tenost resursa i raspodjela vje\u0161tina <\/li>\n\n\n\n<li>Do 50% ve\u0107a stopa uspje\u0161nog popravka pri prvom poku\u0161aju <\/li>\n\n\n\n<li>Smanjeni tro\u0161kovi putovanja i planiranja <\/li>\n\n\n\n<li>Ve\u0107e zadovoljstvo kupaca i pridr\u017eavanje rokova <\/li>\n<\/ul>\n\n\n<\/div>\n\n\n\n<div class=\"wp-block-column col-12 is-layout-flow wp-block-column-is-layout-flow\">\n<figure class=\"wp-block-image size-full\"><img loading=\"lazy\" decoding=\"async\" width=\"1254\" height=\"837\" src=\"https:\/\/solutions.axians.com\/sap\/wp-content\/uploads\/2025\/08\/iStock-1058885032.jpg\" alt=\"\" class=\"wp-image-5645\" style=\"aspect-ratio:16\/9;object-fit:cover\" srcset=\"https:\/\/solutions.axians.com\/sap\/wp-content\/uploads\/2025\/08\/iStock-1058885032.jpg 1254w, https:\/\/solutions.axians.com\/sap\/wp-content\/uploads\/2025\/08\/iStock-1058885032-800x534.jpg 800w, https:\/\/solutions.axians.com\/sap\/wp-content\/uploads\/2025\/08\/iStock-1058885032-768x513.jpg 768w\" sizes=\"auto, (max-width: 1254px) 100vw, 1254px\" \/><\/figure>\n<\/div>\n<\/div>\n<\/div>\n<\/section>\n\n\n\n<section class=\"wp-block-group headline-text-slider-icon-text is-layout-constrained wp-block-group-is-layout-constrained\">\n<div class=\"wp-block-group container is-layout-flow wp-block-group-is-layout-flow\">\n<div class=\"wp-block-columns row is-layout-flex wp-block-columns-is-layout-flex\">\n<div class=\"wp-block-column col-12 is-layout-flow wp-block-column-is-layout-flow\">\n<h2 class=\"wp-block-heading headline\">Za koga je ovo rje\u0161enje namijenjeno?&nbsp;<\/h2>\n\n\n\n<p>Ovo rje\u0161enje je idealno za tvrtke u:&nbsp;<\/p>\n\n\n\n<div class=\"wp-block-group slider-icon-text swiper is-layout-flow wp-block-group-is-layout-flow\">\n<div class=\"wp-block-group swiper-wrapper is-layout-flow wp-block-group-is-layout-flow\">\n<div class=\"wp-block-group swiper-slide is-layout-flow wp-block-group-is-layout-flow\">\n\n\n<h3 class=\"wp-block-heading headline\">Ma\u0161instvo i industrija&nbsp;<\/h3>\n\n\n\n<p><\/p>\n<\/div>\n\n\n\n<div class=\"wp-block-group swiper-slide is-layout-flow wp-block-group-is-layout-flow\">\n\n\n<h3 class=\"wp-block-heading headline\">Zdravstvena skrb i medicinska tehnologija&nbsp;<\/h3>\n\n\n\n<p><\/p>\n<\/div>\n\n\n\n<div class=\"wp-block-group swiper-slide is-layout-flow wp-block-group-is-layout-flow\">\n\n\n<h3 class=\"wp-block-heading headline\">Opskrba energijom i obnovljivi izvori energije&nbsp;<\/h3>\n\n\n\n<p><\/p>\n<\/div>\n\n\n\n<div class=\"wp-block-group swiper-slide is-layout-flow wp-block-group-is-layout-flow\">\n\n\n<h3 class=\"wp-block-heading headline\">Tehni\u010dka terenska slu\u017eba \/ Usluge&nbsp;<\/h3>\n\n\n\n<p><\/p>\n<\/div>\n\n\n\n<div class=\"wp-block-group swiper-slide is-layout-flow wp-block-group-is-layout-flow\">\n\n\n<h3 class=\"wp-block-heading headline\">Upravljanje objektima i prometna infrastruktura&nbsp;<\/h3>\n\n\n\n<p><\/p>\n<\/div>\n<\/div>\n<\/div>\n<\/div>\n<\/div>\n<\/div>\n<\/section>\n\n\n\n<section class=\"wp-block-group image-text-2-columns is-layout-constrained wp-block-group-is-layout-constrained\">\n<div class=\"wp-block-group container is-layout-flow wp-block-group-is-layout-flow\">\n<div class=\"wp-block-columns row is-layout-flex wp-block-columns-is-layout-flex\">\n<div class=\"wp-block-column col-12 is-layout-flow wp-block-column-is-layout-flow\">\n<figure class=\"wp-block-image size-full\"><img loading=\"lazy\" decoding=\"async\" width=\"1365\" height=\"768\" src=\"https:\/\/solutions.axians.com\/sap\/wp-content\/uploads\/2025\/08\/iStock-1410652010.jpg\" alt=\"\" class=\"wp-image-5644\" style=\"aspect-ratio:16\/9;object-fit:cover\" srcset=\"https:\/\/solutions.axians.com\/sap\/wp-content\/uploads\/2025\/08\/iStock-1410652010.jpg 1365w, https:\/\/solutions.axians.com\/sap\/wp-content\/uploads\/2025\/08\/iStock-1410652010-800x450.jpg 800w, https:\/\/solutions.axians.com\/sap\/wp-content\/uploads\/2025\/08\/iStock-1410652010-768x432.jpg 768w\" sizes=\"auto, (max-width: 1365px) 100vw, 1365px\" \/><\/figure>\n<\/div>\n\n\n\n<div class=\"wp-block-column col-12 is-layout-flow wp-block-column-is-layout-flow\">\n<h2 class=\"wp-block-heading headline\">Tipi\u010dni izazovi \u2013 va\u0161e rje\u0161enje&nbsp;<\/h2>\n\n\n\n<p><strong>Problem:<\/strong> &#8220;kako da odgovorim na kratkoro\u010dne smetnje bez ugro\u017eavanja postoje\u0107ih planova?&#8221;&nbsp;<\/p>\n\n\n\n<p><strong>Rje\u0161enje:<\/strong> prioritetizacija i vizualno upravljanje objedinjuju kratkoro\u010dne i dugoro\u010dne zadatke u jednom sustavu.&nbsp;<\/p>\n\n\n\n<p><strong>Problem:<\/strong> &#8220;kako da planiram s obzirom na vje\u0161tine, dostupnost materijala i vrijeme putovanja?&#8221;&nbsp;<\/p>\n\n\n\n<p><strong>Rje\u0161enje:<\/strong> rje\u0161enje automatski izra\u010dunava sve relevantne \u010dimbenike za optimalnu raspodjelu i zadovoljstvo kupaca.&nbsp;<\/p>\n\n\n<\/div>\n<\/div>\n<\/div>\n<\/section>\n\n\n\n<section class=\"wp-block-group headline-text-slider-icon-text is-layout-constrained wp-block-group-is-layout-constrained\">\n<div class=\"wp-block-group container is-layout-flow wp-block-group-is-layout-flow\">\n<div class=\"wp-block-columns row is-layout-flex wp-block-columns-is-layout-flex\">\n<div class=\"wp-block-column col-12 is-layout-flow wp-block-column-is-layout-flow\">\n<h2 class=\"wp-block-heading headline\">Pokriveni poslovni procesi&nbsp;<\/h2>\n\n\n\n<p>Razvoj uz postoje\u0107e sustave na SAP BTP-u omogu\u0107uje razvoj i implementaciju novih aplikacija ili funkcija uz postoje\u0107e sustave, bez njihove potpune zamjene.<\/p>\n\n\n\n<div class=\"wp-block-group slider-icon-text swiper is-layout-flow wp-block-group-is-layout-flow\">\n<div class=\"wp-block-group swiper-wrapper is-layout-flow wp-block-group-is-layout-flow\">\n<div class=\"wp-block-group swiper-slide is-layout-flow wp-block-group-is-layout-flow\">\n\n\n<h3 class=\"wp-block-heading headline\">Prodaja i korisni\u010dka podr\u0161ka&nbsp;<\/h3>\n\n\n\n<p><\/p>\n<\/div>\n\n\n\n<div class=\"wp-block-group swiper-slide is-layout-flow wp-block-group-is-layout-flow\">\n\n\n<h3 class=\"wp-block-heading headline\">Proizvodnja i opskrbni lanac&nbsp;<\/h3>\n\n\n\n<p><\/p>\n<\/div>\n\n\n\n<div class=\"wp-block-group swiper-slide is-layout-flow wp-block-group-is-layout-flow\">\n\n\n<h3 class=\"wp-block-heading headline\">Terenski servis i odr\u017eavanje&nbsp;<\/h3>\n\n\n\n<p><\/p>\n<\/div>\n\n\n\n<div class=\"wp-block-group swiper-slide is-layout-flow wp-block-group-is-layout-flow\">\n\n\n<h3 class=\"wp-block-heading headline\">Upravljanje imovinom i analitika&nbsp;<\/h3>\n\n\n\n<p><\/p>\n<\/div>\n\n\n\n<div class=\"wp-block-group swiper-slide is-layout-flow wp-block-group-is-layout-flow\">\n\n\n<h3 class=\"wp-block-heading headline\">Odr\u017eivost i pametne tehnologije&nbsp;<\/h3>\n\n\n\n<p><\/p>\n<\/div>\n<\/div>\n<\/div>\n<\/div>\n<\/div>\n<\/div>\n<\/section>\n","protected":false},"excerpt":{"rendered":"<p>Neo raspored Inteligentno planiranje resursa za tehni\u010dke usluge i upravljanje terenskim servisima&nbsp; Optimizirajte svoje rute, pove\u0107ajte produktivnost i smanjite tro\u0161kove uz rje\u0161enje koje kombinira transparentnost u stvarnom vremenu i pametno planiranje. Planirajte u\u010dinkovitije, reagirajte br\u017ee i odu\u0161evite svoje kupce vrhunskom uslugom pri njihovom prvom posjetu. Prednosti na prvi pogled Transparentnost u stvarnom vremenu&nbsp; Donosite brze [&hellip;]<\/p>\n","protected":false},"author":1,"featured_media":0,"parent":5615,"menu_order":0,"comment_status":"closed","ping_status":"closed","template":"","meta":{"footnotes":""},"class_list":["post-5646","page","type-page","status-publish","hentry"],"lang":"hr","translations":{"hr":5646,"de":279,"at":2894},"pll_sync_post":{},"_links":{"self":[{"href":"https:\/\/solutions.axians.com\/sap\/wp-json\/wp\/v2\/pages\/5646","targetHints":{"allow":["GET"]}}],"collection":[{"href":"https:\/\/solutions.axians.com\/sap\/wp-json\/wp\/v2\/pages"}],"about":[{"href":"https:\/\/solutions.axians.com\/sap\/wp-json\/wp\/v2\/types\/page"}],"author":[{"embeddable":true,"href":"https:\/\/solutions.axians.com\/sap\/wp-json\/wp\/v2\/users\/1"}],"replies":[{"embeddable":true,"href":"https:\/\/solutions.axians.com\/sap\/wp-json\/wp\/v2\/comments?post=5646"}],"version-history":[{"count":5,"href":"https:\/\/solutions.axians.com\/sap\/wp-json\/wp\/v2\/pages\/5646\/revisions"}],"predecessor-version":[{"id":7792,"href":"https:\/\/solutions.axians.com\/sap\/wp-json\/wp\/v2\/pages\/5646\/revisions\/7792"}],"up":[{"embeddable":true,"href":"https:\/\/solutions.axians.com\/sap\/wp-json\/wp\/v2\/pages\/5615"}],"wp:attachment":[{"href":"https:\/\/solutions.axians.com\/sap\/wp-json\/wp\/v2\/media?parent=5646"}],"curies":[{"name":"wp","href":"https:\/\/api.w.org\/{rel}","templated":true}]}}