{"id":5632,"date":"2026-03-31T08:56:13","date_gmt":"2026-03-31T07:56:13","guid":{"rendered":"https:\/\/solutions.axians.com\/sap\/?page_id=5632"},"modified":"2026-04-03T10:37:10","modified_gmt":"2026-04-03T09:37:10","slug":"o-nama","status":"publish","type":"page","link":"https:\/\/solutions.axians.com\/sap\/hr\/o-nama\/","title":{"rendered":"O nama"},"content":{"rendered":"\n<section class=\"wp-block-group stage-subpage is-layout-constrained wp-block-group-is-layout-constrained\">\n<figure class=\"wp-block-image size-full\"><img loading=\"lazy\" decoding=\"async\" width=\"2560\" height=\"1441\" src=\"https:\/\/solutions.axians.com\/sap\/wp-content\/uploads\/2025\/08\/DSC4468-2-scaled.jpg\" alt=\"\" class=\"wp-image-5460\" style=\"aspect-ratio:21\/9;object-fit:cover\" srcset=\"https:\/\/solutions.axians.com\/sap\/wp-content\/uploads\/2025\/08\/DSC4468-2-scaled.jpg 2560w, https:\/\/solutions.axians.com\/sap\/wp-content\/uploads\/2025\/08\/DSC4468-2-800x450.jpg 800w, https:\/\/solutions.axians.com\/sap\/wp-content\/uploads\/2025\/08\/DSC4468-2-1920x1081.jpg 1920w, https:\/\/solutions.axians.com\/sap\/wp-content\/uploads\/2025\/08\/DSC4468-2-768x432.jpg 768w, https:\/\/solutions.axians.com\/sap\/wp-content\/uploads\/2025\/08\/DSC4468-2-1536x864.jpg 1536w, https:\/\/solutions.axians.com\/sap\/wp-content\/uploads\/2025\/08\/DSC4468-2-2048x1153.jpg 2048w\" sizes=\"auto, (max-width: 2560px) 100vw, 2560px\" \/><\/figure>\n\n\n\n<div class=\"wp-block-group container is-layout-flow wp-block-group-is-layout-flow\">\n<div class=\"wp-block-columns row is-layout-flex wp-block-columns-is-layout-flex\">\n<div class=\"wp-block-column col-12 is-layout-flow wp-block-column-is-layout-flow\">\n<h1 class=\"wp-block-heading headline\">Postignimo vi\u0161e zajedno \u2013 na\u0161i SAP konzultanti u Axiansu<\/h1>\n\n\n\n<p><\/p>\n<\/div>\n<\/div>\n<\/div>\n<\/section>\n\n\n\n<section class=\"wp-block-group breadcrumb is-layout-constrained wp-block-group-is-layout-constrained\">\n<div class=\"wp-block-group container is-layout-flow wp-block-group-is-layout-flow\">\n<div class=\"wp-block-columns row is-layout-flex wp-block-columns-is-layout-flex\">\n<div class=\"wp-block-column col-12 is-layout-flow wp-block-column-is-layout-flow\"><nav aria-label=\"breadcrumbs\" class=\"rank-math-breadcrumb\"><p><span class=\"last\">Home<\/span><\/p><\/nav>\n<\/div>\n<\/div>\n<\/div>\n<\/section>\n\n\n\n<section class=\"wp-block-group text-centered-gradient is-layout-constrained wp-block-group-is-layout-constrained\">\n<div class=\"wp-block-group container is-layout-flow wp-block-group-is-layout-flow\">\n<div class=\"wp-block-columns row is-layout-flex wp-block-columns-is-layout-flex\">\n<div class=\"wp-block-column col-12 is-layout-flow wp-block-column-is-layout-flow\">\n<h2 class=\"wp-block-heading headline\">Axians je ICT brend tvrtke VINCI Energies, koji spaja globalnu stru\u010dnost i lokalnu dostupnost.<\/h2>\n\n\n\n<p>S  200+ stru\u010dnjaka u Hrvatskoj i 16.600 stru\u010dnjaka diljem svijeta, Axians spaja globalnu stru\u010dnost i lokalnu dostupnost. Nudimo sveobuhvatan ICT portfelj, od IT infrastrukture i pametnih softverskih rje\u0161enja do IT operacija i usluga. Na taj na\u010din podr\u017eavamo tvrtke u svim industrijama u optimizaciji procesa i provedbi digitalnih poslovnih strategija spremnih za budu\u0107nost.<\/p>\n\n\n\n<p>S dugogodi\u0161njim SAP iskustvom, Axians podr\u017eava tvrtke u savjetovanju, implementaciji i upravljanju modernim SAP rje\u0161enjima,  od strategije do svakodnevnog poslovanja. Na\u0161a misija: razvijati rje\u0161enja koja na odr\u017eiv na\u010din pokre\u0107u ljude i organizacije naprijed. Fokus nije samo na tehnologiji, ve\u0107 na ljudima koji je koriste. Zajedno osmi\u0161ljavamo rje\u0161enja koja osiguravaju va\u0161u digitalnu budu\u0107nost.<\/p>\n\n\n\n<p><strong>The Best of ICT with a human touch.<\/strong><\/p>\n\n\n\n<div class=\"wp-block-buttons is-layout-flex wp-block-buttons-is-layout-flex\">\n<div class=\"wp-block-button is-style-primary\"><a class=\"wp-block-button__link wp-element-button\" href=\"https:\/\/www.axians.hr\/o-nama\" target=\"_blank\" rel=\"noreferrer noopener\">Saznajte vi\u0161e o Axiansu<\/a><\/div>\n<\/div>\n<\/div>\n<\/div>\n<\/div>\n<\/section>\n\n\n\n<section class=\"wp-block-group headline-facts is-layout-constrained wp-block-group-is-layout-constrained\">\n<div class=\"wp-block-group container is-layout-flow wp-block-group-is-layout-flow\">\n<div class=\"wp-block-columns row is-layout-flex wp-block-columns-is-layout-flex\">\n<div class=\"wp-block-column col-12 col-lg-9 is-layout-flow wp-block-column-is-layout-flow\">\n<h2 class=\"wp-block-heading headline\">Axians SAP stru\u010dnost na prvi pogled<\/h2>\n<\/div>\n<\/div>\n\n\n\n<div class=\"wp-block-columns row is-layout-flex wp-block-columns-is-layout-flex\">\n<div class=\"wp-block-column col-12 col-lg-3 is-layout-flow wp-block-column-is-layout-flow\">\n<p class=\"number\">+25<\/p>\n\n\n\n<p>Godina iskustva u SAP industriji&nbsp;<\/p>\n<\/div>\n\n\n\n<div class=\"wp-block-column col-12 col-lg-3 is-layout-flow wp-block-column-is-layout-flow\">\n<p class=\"number\">+1000&nbsp;<\/p>\n\n\n\n<p>Zadovoljnih SAP korisnika u raznim industrijama&nbsp;<\/p>\n<\/div>\n\n\n\n<div class=\"wp-block-column col-12 col-lg-3 is-layout-flow wp-block-column-is-layout-flow\">\n<p class=\"number\">+500<\/p>\n\n\n\n<p>SAP stru\u010dnjaka u 10 europskih zemalja&nbsp;<\/p>\n<\/div>\n\n\n\n<div class=\"wp-block-column col-12 col-lg-3 is-layout-flow wp-block-column-is-layout-flow\">\n<p class=\"number\">+400<\/p>\n\n\n\n<p>SAP projekata, savjetovanja i obuka godi\u0161nje&nbsp;<\/p>\n<\/div>\n<\/div>\n<\/div>\n<\/section>\n\n\n\n<section class=\"wp-block-group image-text-2-columns is-layout-constrained wp-block-group-is-layout-constrained\">\n<div class=\"wp-block-group container is-layout-flow wp-block-group-is-layout-flow\">\n<div class=\"wp-block-columns row is-layout-flex wp-block-columns-is-layout-flex\">\n<div class=\"wp-block-column col-12 is-layout-flow wp-block-column-is-layout-flow\">\n<figure class=\"wp-block-image size-full\"><img loading=\"lazy\" decoding=\"async\" width=\"2000\" height=\"1126\" src=\"https:\/\/solutions.axians.com\/sap\/wp-content\/uploads\/2025\/09\/DSC4602-2.jpg\" alt=\"\" class=\"wp-image-5461\" style=\"aspect-ratio:16\/9;object-fit:cover\" srcset=\"https:\/\/solutions.axians.com\/sap\/wp-content\/uploads\/2025\/09\/DSC4602-2.jpg 2000w, https:\/\/solutions.axians.com\/sap\/wp-content\/uploads\/2025\/09\/DSC4602-2-800x450.jpg 800w, https:\/\/solutions.axians.com\/sap\/wp-content\/uploads\/2025\/09\/DSC4602-2-1920x1081.jpg 1920w, https:\/\/solutions.axians.com\/sap\/wp-content\/uploads\/2025\/09\/DSC4602-2-768x432.jpg 768w, https:\/\/solutions.axians.com\/sap\/wp-content\/uploads\/2025\/09\/DSC4602-2-1536x865.jpg 1536w\" sizes=\"auto, (max-width: 2000px) 100vw, 2000px\" \/><\/figure>\n<\/div>\n\n\n\n<div class=\"wp-block-column col-12 is-layout-flow wp-block-column-is-layout-flow\">\n<h2 class=\"wp-block-heading headline\">Po \u010demu se razlikujemo&nbsp;<\/h2>\n\n\n\n<p>Na\u0161i timovi su vi\u0161e od samih konzultanata \u2013 oni su stru\u010dnjaci iz industrije, stratezi i graditelji mostova.&nbsp;<\/p>\n\n\n\n<p><strong>Pru\u017eamo vam sveobuhvatnu podr\u0161ku:&nbsp;<\/strong><\/p>\n\n\n\n<p>Pa\u017eljivo slu\u0161amo, razmi\u0161ljamo izvan standardnih okvira i stavljamo va\u0161e potrebe na prvo mjesto. \u010cvrsto vjerujemo da se stvarne promjene mogu posti\u0107i samo uz ljude.&nbsp;<\/p>\n\n\n\n<p><strong>Zato su na\u0161 fokus:&nbsp;<\/strong><\/p>\n\n\n\n<ul class=\"wp-block-list\">\n<li>Najvi\u0161i standardi kvalitete i pouzdanosti <\/li>\n\n\n\n<li>Posve\u0107enost kontinuiranom razvoju \u2013 zajedno s vama <\/li>\n\n\n\n<li>Suradnja bazirana na po\u0161tovanju i jednakosti<\/li>\n<\/ul>\n\n\n\n<p>SAP savjetovanje vidimo kao suradni\u010dki proces. Promjenu smatramo prilikom i podr\u017eavamo vas jasno\u0107om, strukturom i istinskim entuzijazmom.&nbsp;<\/p>\n<\/div>\n<\/div>\n<\/div>\n<\/section>\n\n\n\n<section class=\"wp-block-group text-image-2-columns is-layout-constrained wp-block-group-is-layout-constrained\">\n<div class=\"wp-block-group container is-layout-flow wp-block-group-is-layout-flow\">\n<div class=\"wp-block-columns row is-layout-flex wp-block-columns-is-layout-flex\">\n<div class=\"wp-block-column col-12 is-layout-flow wp-block-column-is-layout-flow\">\n<h2 class=\"wp-block-heading headline\">Europska prisutnost \u2013 lokalna snaga u Hrvatskoj&nbsp;<\/h2>\n\n\n\n<p>S vi\u0161e od 500 SAP stru\u010dnjaka u 10 europskih zemalja nudimo vam sna\u017enu mre\u017eu s me\u0111unarodnom stru\u010dno\u0161\u0107u. Istovremeno imate koristi od na\u0161e lokalne prisutnosti i dubinskog poznavanja industrije u Hrvatskoj. To nam omogu\u0107uje da pru\u017eimo brze, personalizirane i individualno prilago\u0111ene savjete izravno na licu mjesta.&nbsp;<\/p>\n<\/div>\n\n\n\n<div class=\"wp-block-column col-12 is-layout-flow wp-block-column-is-layout-flow\">\n<figure class=\"wp-block-image size-full\"><img loading=\"lazy\" decoding=\"async\" width=\"1869\" height=\"1752\" src=\"https:\/\/solutions.axians.com\/sap\/wp-content\/uploads\/2026\/02\/Europakarte-3.png\" alt=\"\" class=\"wp-image-5631\" style=\"aspect-ratio:16\/9;object-fit:contain\" srcset=\"https:\/\/solutions.axians.com\/sap\/wp-content\/uploads\/2026\/02\/Europakarte-3.png 1869w, https:\/\/solutions.axians.com\/sap\/wp-content\/uploads\/2026\/02\/Europakarte-3-800x750.png 800w, https:\/\/solutions.axians.com\/sap\/wp-content\/uploads\/2026\/02\/Europakarte-3-768x720.png 768w, https:\/\/solutions.axians.com\/sap\/wp-content\/uploads\/2026\/02\/Europakarte-3-1536x1440.png 1536w\" sizes=\"auto, (max-width: 1869px) 100vw, 1869px\" \/><\/figure>\n<\/div>\n<\/div>\n<\/div>\n<\/section>\n\n\n\n<section class=\"wp-block-group image-text-2-columns is-layout-constrained wp-block-group-is-layout-constrained\">\n<div class=\"wp-block-group container is-layout-flow wp-block-group-is-layout-flow\">\n<div class=\"wp-block-columns row is-layout-flex wp-block-columns-is-layout-flex\">\n<div class=\"wp-block-column col-12 is-layout-flow wp-block-column-is-layout-flow\">\n<figure class=\"wp-block-image size-full\"><img loading=\"lazy\" decoding=\"async\" width=\"2000\" height=\"1126\" src=\"https:\/\/solutions.axians.com\/sap\/wp-content\/uploads\/2025\/09\/DSC4800-2.jpg\" alt=\"\" class=\"wp-image-5463\" style=\"aspect-ratio:16\/9;object-fit:cover\" srcset=\"https:\/\/solutions.axians.com\/sap\/wp-content\/uploads\/2025\/09\/DSC4800-2.jpg 2000w, https:\/\/solutions.axians.com\/sap\/wp-content\/uploads\/2025\/09\/DSC4800-2-800x450.jpg 800w, https:\/\/solutions.axians.com\/sap\/wp-content\/uploads\/2025\/09\/DSC4800-2-1920x1081.jpg 1920w, https:\/\/solutions.axians.com\/sap\/wp-content\/uploads\/2025\/09\/DSC4800-2-768x432.jpg 768w, https:\/\/solutions.axians.com\/sap\/wp-content\/uploads\/2025\/09\/DSC4800-2-1536x865.jpg 1536w\" sizes=\"auto, (max-width: 2000px) 100vw, 2000px\" \/><\/figure>\n<\/div>\n\n\n\n<div class=\"wp-block-column col-12 is-layout-flow wp-block-column-is-layout-flow\">\n<h2 class=\"wp-block-heading headline\">SAP karijera u Axiansu &#8211; oblikujte budu\u0107nost s nama!&nbsp;<\/h2>\n\n\n\n<p>Axians tra\u017ei ljude koji \u017eele aktivno pokretati digitalnu transformaciju. Kao poslodavac vam nudimo:&nbsp;<\/p>\n\n\n\n<ul class=\"wp-block-list\">\n<li>Uzbudljivi projekti koji uklju\u010duju SAP, ra\u010dunarstvo u oblaku i inovativne tehnologije poput umjetne inteligencije<\/li>\n\n\n\n<li>\u0160irok raspon mogu\u0107nosti za obuku i karijeru <\/li>\n\n\n\n<li>Fleksibilno i cijenjeno radno okru\u017eenje <\/li>\n<\/ul>\n\n\n\n<div class=\"wp-block-buttons is-layout-flex wp-block-buttons-is-layout-flex\">\n<div class=\"wp-block-button is-style-primary\"><a class=\"wp-block-button__link wp-element-button\" href=\"https:\/\/www.axians.hr\/karijere\/\" target=\"_blank\" rel=\"noreferrer noopener\">Otkrijte prilike za karijeru<\/a><\/div>\n<\/div>\n<\/div>\n<\/div>\n<\/div>\n<\/section>\n\n\n\n<section class=\"wp-block-group text-image-2-columns is-layout-constrained wp-block-group-is-layout-constrained\">\n<div class=\"wp-block-group container is-layout-flow wp-block-group-is-layout-flow\">\n<div class=\"wp-block-columns row is-layout-flex wp-block-columns-is-layout-flex\">\n<div class=\"wp-block-column col-12 is-layout-flow wp-block-column-is-layout-flow\">\n<h2 class=\"wp-block-heading headline\">Nudimo vam vi\u0161e od samog savjeta: sveobuhvatan paket&nbsp;<\/h2>\n\n\n\n<p><strong>S Axiansom imate koristi od sveobuhvatnog portfelja&nbsp;<\/strong><\/p>\n\n\n\n<p>Kombiniramo snagu SAP-a kao tehnolo\u0161ke okosnice s konzultantskim uslugama usmjerenim na industriju, dokazanu partnersku mre\u017eu i vlastiti rastu\u0107i asortiman rje\u0161enja i usluga.&nbsp;<\/p>\n\n\n\n<p>Bilo da se radi o javnom oblaku, hibridnom ili lokalnom rje\u0161enju, pratimo va\u0161u transformaciju od po\u010detka do kraja: od strategije do operacije, lokalno ukorijenjeni i globalno umre\u017eeni.&nbsp;<\/p>\n\n\n\n<div class=\"wp-block-buttons is-layout-flex wp-block-buttons-is-layout-flex\">\n<div class=\"wp-block-button is-style-primary\"><a class=\"wp-block-button__link wp-element-button\" href=\"https:\/\/solutions.axians.com\/sap\/hr\/sap-usluge\/\">Na\u0161e usluge<\/a><\/div>\n<\/div>\n<\/div>\n\n\n\n<div class=\"wp-block-column col-12 is-layout-flow wp-block-column-is-layout-flow\">\n<figure class=\"wp-block-image size-full\"><img loading=\"lazy\" decoding=\"async\" width=\"2000\" height=\"1126\" src=\"https:\/\/solutions.axians.com\/sap\/wp-content\/uploads\/2025\/09\/DSC4724-2.jpg\" alt=\"\" class=\"wp-image-5464\" style=\"aspect-ratio:16\/9;object-fit:cover\" srcset=\"https:\/\/solutions.axians.com\/sap\/wp-content\/uploads\/2025\/09\/DSC4724-2.jpg 2000w, https:\/\/solutions.axians.com\/sap\/wp-content\/uploads\/2025\/09\/DSC4724-2-800x450.jpg 800w, https:\/\/solutions.axians.com\/sap\/wp-content\/uploads\/2025\/09\/DSC4724-2-1920x1081.jpg 1920w, https:\/\/solutions.axians.com\/sap\/wp-content\/uploads\/2025\/09\/DSC4724-2-768x432.jpg 768w, https:\/\/solutions.axians.com\/sap\/wp-content\/uploads\/2025\/09\/DSC4724-2-1536x865.jpg 1536w\" sizes=\"auto, (max-width: 2000px) 100vw, 2000px\" \/><\/figure>\n<\/div>\n<\/div>\n<\/div>\n<\/section>\n","protected":false},"excerpt":{"rendered":"<p>Postignimo vi\u0161e zajedno \u2013 na\u0161i SAP konzultanti u Axiansu Axians je ICT brend tvrtke VINCI Energies, koji spaja globalnu stru\u010dnost i lokalnu dostupnost. S 200+ stru\u010dnjaka u Hrvatskoj i 16.600 stru\u010dnjaka diljem svijeta, Axians spaja globalnu stru\u010dnost i lokalnu dostupnost. Nudimo sveobuhvatan ICT portfelj, od IT infrastrukture i pametnih softverskih rje\u0161enja do IT operacija i [&hellip;]<\/p>\n","protected":false},"author":1,"featured_media":0,"parent":0,"menu_order":0,"comment_status":"closed","ping_status":"closed","template":"","meta":{"footnotes":""},"class_list":["post-5632","page","type-page","status-publish","hentry"],"lang":"hr","translations":{"hr":5632,"de":261,"at":4417,"en":8414},"pll_sync_post":{},"_links":{"self":[{"href":"https:\/\/solutions.axians.com\/sap\/wp-json\/wp\/v2\/pages\/5632","targetHints":{"allow":["GET"]}}],"collection":[{"href":"https:\/\/solutions.axians.com\/sap\/wp-json\/wp\/v2\/pages"}],"about":[{"href":"https:\/\/solutions.axians.com\/sap\/wp-json\/wp\/v2\/types\/page"}],"author":[{"embeddable":true,"href":"https:\/\/solutions.axians.com\/sap\/wp-json\/wp\/v2\/users\/1"}],"replies":[{"embeddable":true,"href":"https:\/\/solutions.axians.com\/sap\/wp-json\/wp\/v2\/comments?post=5632"}],"version-history":[{"count":6,"href":"https:\/\/solutions.axians.com\/sap\/wp-json\/wp\/v2\/pages\/5632\/revisions"}],"predecessor-version":[{"id":7572,"href":"https:\/\/solutions.axians.com\/sap\/wp-json\/wp\/v2\/pages\/5632\/revisions\/7572"}],"wp:attachment":[{"href":"https:\/\/solutions.axians.com\/sap\/wp-json\/wp\/v2\/media?parent=5632"}],"curies":[{"name":"wp","href":"https:\/\/api.w.org\/{rel}","templated":true}]}}