{"id":5586,"date":"2026-03-31T09:10:08","date_gmt":"2026-03-31T08:10:08","guid":{"rendered":"https:\/\/solutions.axians.com\/sap\/?page_id=5586"},"modified":"2026-04-03T11:00:12","modified_gmt":"2026-04-03T10:00:12","slug":"sap-rjesenja","status":"publish","type":"page","link":"https:\/\/solutions.axians.com\/sap\/hr\/sap-rjesenja\/","title":{"rendered":"SAP rje\u0161enja"},"content":{"rendered":"\n<section class=\"wp-block-group stage-subpage is-layout-constrained wp-block-group-is-layout-constrained\">\n<figure class=\"wp-block-image size-full\"><img loading=\"lazy\" decoding=\"async\" width=\"1801\" height=\"581\" src=\"https:\/\/solutions.axians.com\/sap\/wp-content\/uploads\/2025\/08\/iStock-1474127269.jpg\" alt=\"\" class=\"wp-image-5409\" style=\"aspect-ratio:21\/9;object-fit:cover\" srcset=\"https:\/\/solutions.axians.com\/sap\/wp-content\/uploads\/2025\/08\/iStock-1474127269.jpg 1801w, https:\/\/solutions.axians.com\/sap\/wp-content\/uploads\/2025\/08\/iStock-1474127269-800x258.jpg 800w, https:\/\/solutions.axians.com\/sap\/wp-content\/uploads\/2025\/08\/iStock-1474127269-768x248.jpg 768w, https:\/\/solutions.axians.com\/sap\/wp-content\/uploads\/2025\/08\/iStock-1474127269-1536x496.jpg 1536w\" sizes=\"auto, (max-width: 1801px) 100vw, 1801px\" \/><\/figure>\n\n\n\n<div class=\"wp-block-group container is-layout-flow wp-block-group-is-layout-flow\">\n<div class=\"wp-block-columns row is-layout-flex wp-block-columns-is-layout-flex\">\n<div class=\"wp-block-column col-12 is-layout-flow wp-block-column-is-layout-flow\">\n<h1 class=\"wp-block-heading headline\">SAP rje\u0161enja<\/h1>\n\n\n\n<p>Za u\u010dinkovitost, fleksibilnost i odr\u017eivi rast.<\/p>\n<\/div>\n<\/div>\n<\/div>\n<\/section>\n\n\n\n<section class=\"wp-block-group breadcrumb is-layout-constrained wp-block-group-is-layout-constrained\">\n<div class=\"wp-block-group container is-layout-flow wp-block-group-is-layout-flow\">\n<div class=\"wp-block-columns row is-layout-flex wp-block-columns-is-layout-flex\">\n<div class=\"wp-block-column col-12 is-layout-flow wp-block-column-is-layout-flow\"><nav aria-label=\"breadcrumbs\" class=\"rank-math-breadcrumb\"><p><span class=\"last\">Home<\/span><\/p><\/nav>\n<\/div>\n<\/div>\n<\/div>\n<\/section>\n\n\n\n<section class=\"wp-block-group text-centered-gradient is-layout-constrained wp-block-group-is-layout-constrained\">\n<div class=\"wp-block-group container is-layout-flow wp-block-group-is-layout-flow\">\n<div class=\"wp-block-columns row is-layout-flex wp-block-columns-is-layout-flex\">\n<div class=\"wp-block-column col-12 is-layout-flow wp-block-column-is-layout-flow\">\n<h2 class=\"wp-block-heading headline\">Na\u0161a SAP rje\u0161enja na prvi pogled<\/h2>\n\n\n\n<p>S na\u0161im SAP rje\u0161enjima pru\u017eamo vam \u0161irok portfelj inovativnih tehnologija i dodataka. Isporu\u010dujemo osnove za va\u0161u digitalnu transformaciju: od SAP Cloud ERP-a i SAP Business Technology Platform do SAP SuccessFactors HCM rje\u0161enja. Kombiniramo standardna rje\u0161enja s prilago\u0111enim pro\u0161irenjima kako bismo optimalno podr\u017eali va\u0161e poslovne procese i osigurali konkurentne prednosti.<\/p>\n<\/div>\n<\/div>\n<\/div>\n<\/section>\n\n\n\n<section class=\"wp-block-group slider-image-text-3-col is-layout-constrained wp-block-group-is-layout-constrained\">\n<div class=\"wp-block-group container is-layout-flow wp-block-group-is-layout-flow\">\n<div class=\"wp-block-columns row is-layout-flex wp-block-columns-is-layout-flex\">\n<div class=\"wp-block-column col-12 is-layout-flow wp-block-column-is-layout-flow\">\n<h2 class=\"wp-block-heading headline\">SAP rje\u0161enja<\/h2>\n\n\n\n<div class=\"wp-block-group swiper-image-text-3-col swiper is-layout-flow wp-block-group-is-layout-flow\">\n<div class=\"wp-block-group swiper-wrapper is-layout-flow wp-block-group-is-layout-flow\">\n<div class=\"wp-block-group swiper-slide is-layout-flow wp-block-group-is-layout-flow\">\n<figure class=\"wp-block-image size-full is-resized\"><img loading=\"lazy\" decoding=\"async\" width=\"1024\" height=\"1024\" src=\"https:\/\/solutions.axians.com\/sap\/wp-content\/uploads\/2025\/08\/iStock-924183192-1.jpg\" alt=\"\" class=\"wp-image-5410\" style=\"aspect-ratio:4\/3;object-fit:cover;width:504px;height:auto\" srcset=\"https:\/\/solutions.axians.com\/sap\/wp-content\/uploads\/2025\/08\/iStock-924183192-1.jpg 1024w, https:\/\/solutions.axians.com\/sap\/wp-content\/uploads\/2025\/08\/iStock-924183192-1-800x800.jpg 800w, https:\/\/solutions.axians.com\/sap\/wp-content\/uploads\/2025\/08\/iStock-924183192-1-768x768.jpg 768w\" sizes=\"auto, (max-width: 1024px) 100vw, 1024px\" \/><\/figure>\n\n\n\n<div class=\"wp-block-group is-layout-flow wp-block-group-is-layout-flow\">\n<h3 class=\"wp-block-heading headline\">Cloud ERP (S\/4HANA javno i privatno izdanje)&nbsp;<\/h3>\n\n\n\n<p>Maksimalna fleksibilnost i skalabilnost za va\u0161e poslovne procese uz SAP S\/4HANA Cloud.<\/p>\n\n\n\n<div class=\"wp-block-buttons is-layout-flex wp-block-buttons-is-layout-flex\">\n<div class=\"wp-block-button is-style-primary\"><a class=\"wp-block-button__link wp-element-button\" href=\"https:\/\/solutions.axians.com\/sap\/hr\/sap-rjesenja\/cloud-erp-s-4hana-javno-i-privatno-izdanje\/\">Saznajte vi\u0161e<\/a><\/div>\n<\/div>\n<\/div>\n<\/div>\n\n\n\n<div class=\"wp-block-group swiper-slide is-layout-flow wp-block-group-is-layout-flow\">\n<figure class=\"wp-block-image size-full is-resized\"><img loading=\"lazy\" decoding=\"async\" width=\"1322\" height=\"793\" src=\"https:\/\/solutions.axians.com\/sap\/wp-content\/uploads\/2025\/08\/iStock-2039809714.jpg\" alt=\"\" class=\"wp-image-5411\" style=\"aspect-ratio:4\/3;object-fit:cover;width:502px;height:auto\" srcset=\"https:\/\/solutions.axians.com\/sap\/wp-content\/uploads\/2025\/08\/iStock-2039809714.jpg 1322w, https:\/\/solutions.axians.com\/sap\/wp-content\/uploads\/2025\/08\/iStock-2039809714-800x480.jpg 800w, https:\/\/solutions.axians.com\/sap\/wp-content\/uploads\/2025\/08\/iStock-2039809714-768x461.jpg 768w\" sizes=\"auto, (max-width: 1322px) 100vw, 1322px\" \/><\/figure>\n\n\n\n<div class=\"wp-block-group is-layout-flow wp-block-group-is-layout-flow\">\n<h3 class=\"wp-block-heading headline\">BTP \u2013 Poslovna tehnolo\u0161ka platforma&nbsp;<\/h3>\n\n\n\n<p>Osnova za inovacije: inteligentno umre\u017eeni podaci, aplikacije i procesi.<\/p>\n\n\n\n<div class=\"wp-block-buttons is-layout-flex wp-block-buttons-is-layout-flex\">\n<div class=\"wp-block-button is-style-primary\"><a class=\"wp-block-button__link wp-element-button\" href=\"https:\/\/solutions.axians.com\/sap\/hr\/sap-rjesenja\/btp-poslovna-tehnoloska-platforma\/\">Saznajte vi\u0161e<\/a><\/div>\n<\/div>\n<\/div>\n<\/div>\n\n\n\n<div class=\"wp-block-group swiper-slide is-layout-flow wp-block-group-is-layout-flow\">\n<figure class=\"wp-block-image size-full is-resized\"><img loading=\"lazy\" decoding=\"async\" width=\"1254\" height=\"836\" src=\"https:\/\/solutions.axians.com\/sap\/wp-content\/uploads\/2025\/08\/iStock-961126800.jpg\" alt=\"\" class=\"wp-image-5412\" style=\"aspect-ratio:4\/3;object-fit:cover;width:499px;height:auto\" srcset=\"https:\/\/solutions.axians.com\/sap\/wp-content\/uploads\/2025\/08\/iStock-961126800.jpg 1254w, https:\/\/solutions.axians.com\/sap\/wp-content\/uploads\/2025\/08\/iStock-961126800-800x533.jpg 800w, https:\/\/solutions.axians.com\/sap\/wp-content\/uploads\/2025\/08\/iStock-961126800-768x512.jpg 768w\" sizes=\"auto, (max-width: 1254px) 100vw, 1254px\" \/><\/figure>\n\n\n\n<div class=\"wp-block-group is-layout-flow wp-block-group-is-layout-flow\">\n<h3 class=\"wp-block-heading headline\">SAP SuccessFactors HCM Suite<\/h3>\n\n\n\n<p>Modernizirajte HR procese kroz jedinstvenu HCM platformu u oblaku, prikladnu za tvrtke svih veli\u010dina.<\/p>\n\n\n\n<div class=\"wp-block-buttons is-layout-flex wp-block-buttons-is-layout-flex\">\n<div class=\"wp-block-button is-style-primary\"><a class=\"wp-block-button__link wp-element-button\" href=\"https:\/\/solutions.axians.com\/sap\/hr\/sap-successfactors\/\">Saznajte vi\u0161e<\/a><\/div>\n<\/div>\n<\/div>\n<\/div>\n\n\n\n<div class=\"wp-block-group swiper-slide is-layout-flow wp-block-group-is-layout-flow\">\n<figure class=\"wp-block-image size-full is-resized\"><img loading=\"lazy\" decoding=\"async\" width=\"1230\" height=\"852\" src=\"https:\/\/solutions.axians.com\/sap\/wp-content\/uploads\/2025\/08\/iStock-1368757787.jpg\" alt=\"\" class=\"wp-image-5413\" style=\"aspect-ratio:4\/3;object-fit:cover;width:508px;height:auto\" srcset=\"https:\/\/solutions.axians.com\/sap\/wp-content\/uploads\/2025\/08\/iStock-1368757787.jpg 1230w, https:\/\/solutions.axians.com\/sap\/wp-content\/uploads\/2025\/08\/iStock-1368757787-800x554.jpg 800w, https:\/\/solutions.axians.com\/sap\/wp-content\/uploads\/2025\/08\/iStock-1368757787-768x532.jpg 768w\" sizes=\"auto, (max-width: 1230px) 100vw, 1230px\" \/><\/figure>\n\n\n\n<div class=\"wp-block-group is-layout-flow wp-block-group-is-layout-flow\">\n<h3 class=\"wp-block-heading headline\">Axians SAP dodaci<\/h3>\n\n\n\n<p>Prilago\u0111ena pobolj\u0161anja koja precizno prilago\u0111avaju va\u0161a SAP rje\u0161enja va\u0161oj industriji.<\/p>\n\n\n\n<div class=\"wp-block-buttons is-layout-flex wp-block-buttons-is-layout-flex\">\n<div class=\"wp-block-button is-style-primary\"><a class=\"wp-block-button__link wp-element-button\" href=\"https:\/\/solutions.axians.com\/sap\/hr\/sap-rjesenja\/axians-sap-dodaci\/\">Saznajte vi\u0161e<\/a><\/div>\n<\/div>\n<\/div>\n<\/div>\n<\/div>\n<\/div>\n<\/div>\n<\/div>\n<\/div>\n<\/section>\n","protected":false},"excerpt":{"rendered":"<p>SAP rje\u0161enja Za u\u010dinkovitost, fleksibilnost i odr\u017eivi rast. Na\u0161a SAP rje\u0161enja na prvi pogled S na\u0161im SAP rje\u0161enjima pru\u017eamo vam \u0161irok portfelj inovativnih tehnologija i dodataka. Isporu\u010dujemo osnove za va\u0161u digitalnu transformaciju: od SAP Cloud ERP-a i SAP Business Technology Platform do SAP SuccessFactors HCM rje\u0161enja. Kombiniramo standardna rje\u0161enja s prilago\u0111enim pro\u0161irenjima kako bismo optimalno [&hellip;]<\/p>\n","protected":false},"author":1,"featured_media":0,"parent":0,"menu_order":0,"comment_status":"closed","ping_status":"closed","template":"","meta":{"footnotes":""},"class_list":["post-5586","page","type-page","status-publish","hentry"],"lang":"hr","translations":{"hr":5586,"de":255,"en":2535,"at":2873},"pll_sync_post":{},"_links":{"self":[{"href":"https:\/\/solutions.axians.com\/sap\/wp-json\/wp\/v2\/pages\/5586","targetHints":{"allow":["GET"]}}],"collection":[{"href":"https:\/\/solutions.axians.com\/sap\/wp-json\/wp\/v2\/pages"}],"about":[{"href":"https:\/\/solutions.axians.com\/sap\/wp-json\/wp\/v2\/types\/page"}],"author":[{"embeddable":true,"href":"https:\/\/solutions.axians.com\/sap\/wp-json\/wp\/v2\/users\/1"}],"replies":[{"embeddable":true,"href":"https:\/\/solutions.axians.com\/sap\/wp-json\/wp\/v2\/comments?post=5586"}],"version-history":[{"count":5,"href":"https:\/\/solutions.axians.com\/sap\/wp-json\/wp\/v2\/pages\/5586\/revisions"}],"predecessor-version":[{"id":7602,"href":"https:\/\/solutions.axians.com\/sap\/wp-json\/wp\/v2\/pages\/5586\/revisions\/7602"}],"wp:attachment":[{"href":"https:\/\/solutions.axians.com\/sap\/wp-json\/wp\/v2\/media?parent=5586"}],"curies":[{"name":"wp","href":"https:\/\/api.w.org\/{rel}","templated":true}]}}