{"id":5575,"date":"2026-03-31T12:24:41","date_gmt":"2026-03-31T11:24:41","guid":{"rendered":"https:\/\/solutions.axians.com\/sap\/?page_id=5575"},"modified":"2026-04-03T11:14:00","modified_gmt":"2026-04-03T10:14:00","slug":"savjetovanje-po-potrebi","status":"publish","type":"page","link":"https:\/\/solutions.axians.com\/sap\/hr\/sap-usluge\/savjetovanje-po-potrebi\/","title":{"rendered":"Savjetovanje po potrebi\u00a0"},"content":{"rendered":"\n<section class=\"wp-block-group stage-subpage is-layout-constrained wp-block-group-is-layout-constrained\">\n<figure class=\"wp-block-image size-full\"><img loading=\"lazy\" decoding=\"async\" width=\"2000\" height=\"1184\" src=\"https:\/\/solutions.axians.com\/sap\/wp-content\/uploads\/2025\/09\/Axians_Vicenza-7.jpg\" alt=\"\" class=\"wp-image-5573\" style=\"aspect-ratio:21\/9;object-fit:cover\" srcset=\"https:\/\/solutions.axians.com\/sap\/wp-content\/uploads\/2025\/09\/Axians_Vicenza-7.jpg 2000w, https:\/\/solutions.axians.com\/sap\/wp-content\/uploads\/2025\/09\/Axians_Vicenza-7-800x474.jpg 800w, https:\/\/solutions.axians.com\/sap\/wp-content\/uploads\/2025\/09\/Axians_Vicenza-7-1920x1137.jpg 1920w, https:\/\/solutions.axians.com\/sap\/wp-content\/uploads\/2025\/09\/Axians_Vicenza-7-768x455.jpg 768w, https:\/\/solutions.axians.com\/sap\/wp-content\/uploads\/2025\/09\/Axians_Vicenza-7-1536x909.jpg 1536w\" sizes=\"auto, (max-width: 2000px) 100vw, 2000px\" \/><\/figure>\n\n\n\n<div class=\"wp-block-group container is-layout-flow wp-block-group-is-layout-flow\">\n<div class=\"wp-block-columns row is-layout-flex wp-block-columns-is-layout-flex\">\n<div class=\"wp-block-column col-12 is-layout-flow wp-block-column-is-layout-flow\">\n<h1 class=\"wp-block-heading headline\">Spot savjetovanje \u2013 SAP stru\u010dnost na zahtjev&nbsp;<\/h1>\n\n\n\n<p>Kada je SAP stru\u010dnost potrebna ad hoc, potrebna je fleksibilna podr\u0161ka bez dugih rokova isporuke.&nbsp;<\/p>\n<\/div>\n<\/div>\n<\/div>\n<\/section>\n\n\n\n<section class=\"wp-block-group breadcrumb is-layout-constrained wp-block-group-is-layout-constrained\">\n<div class=\"wp-block-group container is-layout-flow wp-block-group-is-layout-flow\">\n<div class=\"wp-block-columns row is-layout-flex wp-block-columns-is-layout-flex\">\n<div class=\"wp-block-column col-12 is-layout-flow wp-block-column-is-layout-flow\"><nav aria-label=\"breadcrumbs\" class=\"rank-math-breadcrumb\"><p><span class=\"last\">Home<\/span><\/p><\/nav>\n<\/div>\n<\/div>\n<\/div>\n<\/section>\n\n\n\n<section class=\"wp-block-group text-centered-gradient is-layout-constrained wp-block-group-is-layout-constrained\">\n<div class=\"wp-block-group container is-layout-flow wp-block-group-is-layout-flow\">\n<div class=\"wp-block-columns row is-layout-flex wp-block-columns-is-layout-flex\">\n<div class=\"wp-block-column col-12 is-layout-flow wp-block-column-is-layout-flow\">\n<h2 class=\"wp-block-heading headline\">Na\u0161im spot savjetovanjem pru\u017eamo vam iskusne SAP stru\u010dnjake za precizno definirane zadatke, kratkoro\u010dne kapacitetne zastoje ili specifi\u010dne tehnolo\u0161ke probleme. Neovisno o projektnom poslovanju, integrirani u va\u0161e strukture.&nbsp;<\/h2>\n\n\n\n<p><\/p>\n<\/div>\n<\/div>\n<\/div>\n<\/section>\n\n\n\n<section class=\"wp-block-group quote is-layout-constrained wp-block-group-is-layout-constrained\">\n<div class=\"wp-block-group container is-layout-flow wp-block-group-is-layout-flow\">\n<div class=\"wp-block-columns row is-layout-flex wp-block-columns-is-layout-flex\">\n<div class=\"wp-block-column col-12 col-lg-9 is-layout-flow wp-block-column-is-layout-flow\">\n<div class=\"wp-block-group is-layout-flow wp-block-group-is-layout-flow\">\n<blockquote class=\"wp-block-quote is-layout-flow wp-block-quote-is-layout-flow\">\n<p>Ciljana podr\u0161ka, tehnolo\u0161ko znanje, bez dugotrajnih procesa koordinacije: to je ono \u0161to odlikuje na\u0161e spot savjetovanje.&nbsp;<\/p>\n<\/blockquote>\n\n\n\n<p><\/p>\n<\/div>\n<\/div>\n<\/div>\n<\/div>\n<\/section>\n\n\n\n<section class=\"wp-block-group image-text-accordion is-layout-constrained wp-block-group-is-layout-constrained\">\n<div class=\"wp-block-group container is-layout-flow wp-block-group-is-layout-flow\">\n<div class=\"wp-block-columns row is-layout-flex wp-block-columns-is-layout-flex\">\n<div class=\"wp-block-column col-12 is-layout-flow wp-block-column-is-layout-flow\">\n<figure class=\"wp-block-image size-full\"><img loading=\"lazy\" decoding=\"async\" width=\"2560\" height=\"1441\" src=\"https:\/\/solutions.axians.com\/sap\/wp-content\/uploads\/2025\/08\/DSC4519-2-scaled.jpg\" alt=\"\" class=\"wp-image-5574\" style=\"aspect-ratio:4\/3;object-fit:cover\" srcset=\"https:\/\/solutions.axians.com\/sap\/wp-content\/uploads\/2025\/08\/DSC4519-2-scaled.jpg 2560w, https:\/\/solutions.axians.com\/sap\/wp-content\/uploads\/2025\/08\/DSC4519-2-800x450.jpg 800w, https:\/\/solutions.axians.com\/sap\/wp-content\/uploads\/2025\/08\/DSC4519-2-1920x1081.jpg 1920w, https:\/\/solutions.axians.com\/sap\/wp-content\/uploads\/2025\/08\/DSC4519-2-768x432.jpg 768w, https:\/\/solutions.axians.com\/sap\/wp-content\/uploads\/2025\/08\/DSC4519-2-1536x864.jpg 1536w, https:\/\/solutions.axians.com\/sap\/wp-content\/uploads\/2025\/08\/DSC4519-2-2048x1153.jpg 2048w\" sizes=\"auto, (max-width: 2560px) 100vw, 2560px\" \/><\/figure>\n<\/div>\n\n\n\n<div class=\"wp-block-column col-12 is-layout-flow wp-block-column-is-layout-flow\">\n<h2 class=\"wp-block-heading headline\">Podru\u010dja primjene na\u0161eg ciljanog savjetovanja&nbsp;<\/h2>\n\n\n\n<p>Na\u0161i stru\u010dnjaci pru\u017eaju <strong>prakti\u010dnu, udaljenu ili podr\u0161ku na licu mjesta<\/strong>, funkcionalnu ili projektnu \u2013 ovisno o va\u0161im potrebama. Tipi\u010dna podru\u010dja primjene:<\/p>\n\n\n\n<div class=\"wp-block-teufels-accordion accordion\" id=\"accordion-ff055095-6919-422f-9331-e0d850344b8b\">\n<div class=\"wp-block-teufels-accordion-item accordion-item\"><h2 class=\"accordion-header\" id=\"heading-d59bc0e1-76b8-4727-8a39-cf20fa74a0de\"><button class=\"accordion-button collapsed\" data-bs-toggle=\"collapse\" data-bs-target=\"#collapse-d59bc0e1-76b8-4727-8a39-cf20fa74a0de\" aria-expanded=\"false\" aria-control=\"collapse-d59bc0e1-76b8-4727-8a39-cf20fa74a0de\">Moduli<\/button><\/h2><div id=\"collapse-d59bc0e1-76b8-4727-8a39-cf20fa74a0de\" class=\"accordion-collapse collapse\" aria-labelledby=\"heading-d59bc0e1-76b8-4727-8a39-cf20fa74a0de\" data-bs-parent=\"#accordion-ff055095-6919-422f-9331-e0d850344b8b\"><div class=\"accordion-body\">\n<ul class=\"wp-block-list\">\n<li><strong>FICO<\/strong> <\/li>\n<\/ul>\n\n\n\n<ul class=\"wp-block-list\">\n<li><strong>Logistika<\/strong><\/li>\n<\/ul>\n\n\n\n<ul class=\"wp-block-list\">\n<li><strong>HCM<\/strong><\/li>\n<\/ul>\n\n\n\n<ul class=\"wp-block-list\">\n<li><strong>Prodaja<\/strong> <\/li>\n<\/ul>\n\n\n\n<ul class=\"wp-block-list\">\n<li><strong>Usluga<\/strong><\/li>\n<\/ul>\n\n\n\n<ul class=\"wp-block-list\">\n<li><strong>BI<\/strong><\/li>\n<\/ul>\n<\/div><\/div><\/div>\n\n\n\n<div class=\"wp-block-teufels-accordion-item accordion-item\"><h2 class=\"accordion-header\" id=\"heading-545c7bb0-368f-425b-aa14-f08ffa15f207\"><button class=\"accordion-button collapsed\" data-bs-toggle=\"collapse\" data-bs-target=\"#collapse-545c7bb0-368f-425b-aa14-f08ffa15f207\" aria-expanded=\"false\" aria-control=\"collapse-545c7bb0-368f-425b-aa14-f08ffa15f207\">SAP Business Technology Platform (BTP)<\/button><\/h2><div id=\"collapse-545c7bb0-368f-425b-aa14-f08ffa15f207\" class=\"accordion-collapse collapse\" aria-labelledby=\"heading-545c7bb0-368f-425b-aa14-f08ffa15f207\" data-bs-parent=\"#accordion-ff055095-6919-422f-9331-e0d850344b8b\"><div class=\"accordion-body\">\n<p>Pro\u0161irenja, integracije, upravljanje API-jem, radni tokovi, SAP Build&nbsp;<\/p>\n<\/div><\/div><\/div>\n\n\n\n<div class=\"wp-block-teufels-accordion-item accordion-item\"><h2 class=\"accordion-header\" id=\"heading-9efa9b36-e7b5-45d4-b658-cfa2208b3533\"><button class=\"accordion-button collapsed\" data-bs-toggle=\"collapse\" data-bs-target=\"#collapse-9efa9b36-e7b5-45d4-b658-cfa2208b3533\" aria-expanded=\"false\" aria-control=\"collapse-9efa9b36-e7b5-45d4-b658-cfa2208b3533\">Razvoj ABAP-a i Fiori-ja<\/button><\/h2><div id=\"collapse-9efa9b36-e7b5-45d4-b658-cfa2208b3533\" class=\"accordion-collapse collapse\" aria-labelledby=\"heading-9efa9b36-e7b5-45d4-b658-cfa2208b3533\" data-bs-parent=\"#accordion-ff055095-6919-422f-9331-e0d850344b8b\"><div class=\"accordion-body\">\n<p>Pro\u0161irenja, izvje\u0161taji, su\u010delja<\/p>\n<\/div><\/div><\/div>\n\n\n\n<div class=\"wp-block-teufels-accordion-item accordion-item\"><h2 class=\"accordion-header\" id=\"heading-2ecae60c-b1f7-4648-ab1e-188043b0842a\"><button class=\"accordion-button collapsed\" data-bs-toggle=\"collapse\" data-bs-target=\"#collapse-2ecae60c-b1f7-4648-ab1e-188043b0842a\" aria-expanded=\"false\" aria-control=\"collapse-2ecae60c-b1f7-4648-ab1e-188043b0842a\">Sigurnost<\/button><\/h2><div id=\"collapse-2ecae60c-b1f7-4648-ab1e-188043b0842a\" class=\"accordion-collapse collapse\" aria-labelledby=\"heading-2ecae60c-b1f7-4648-ab1e-188043b0842a\" data-bs-parent=\"#accordion-ff055095-6919-422f-9331-e0d850344b8b\"><div class=\"accordion-body\">\n<p>Sigurnosni audit, upravljanje ulogama i ovlastima, autentifikacija, sigurnost podataka, nadzor i evidentiranje<\/p>\n<\/div><\/div><\/div>\n\n\n\n<div class=\"wp-block-teufels-accordion-item accordion-item\"><h2 class=\"accordion-header\" id=\"heading-441e5e82-1dea-4862-a47d-3570246c20f3\"><button class=\"accordion-button collapsed\" data-bs-toggle=\"collapse\" data-bs-target=\"#collapse-441e5e82-1dea-4862-a47d-3570246c20f3\" aria-expanded=\"false\" aria-control=\"collapse-441e5e82-1dea-4862-a47d-3570246c20f3\">SAP Basis\u00a0<\/button><\/h2><div id=\"collapse-441e5e82-1dea-4862-a47d-3570246c20f3\" class=\"accordion-collapse collapse\" aria-labelledby=\"heading-441e5e82-1dea-4862-a47d-3570246c20f3\" data-bs-parent=\"#accordion-ff055095-6919-422f-9331-e0d850344b8b\"><div class=\"accordion-body\">\n<p>SAP Basis provjere, savjetovanje i implementacija<\/p>\n<\/div><\/div><\/div>\n<\/div>\n<\/div>\n<\/div>\n<\/div>\n<\/section>\n\n\n\n\n\n<section class=\"wp-block-group headline-text-slider-icon-text-light is-layout-constrained wp-block-group-is-layout-constrained\">\n<div class=\"wp-block-group container is-layout-flow wp-block-group-is-layout-flow\">\n<div class=\"wp-block-columns row is-layout-flex wp-block-columns-is-layout-flex\">\n<div class=\"wp-block-column col-12 is-layout-flow wp-block-column-is-layout-flow\">\n<h2 class=\"wp-block-heading headline\">Prednosti&nbsp;<\/h2>\n\n\n\n<p><\/p>\n\n\n\n<div class=\"wp-block-group slider-icon-text swiper is-layout-flow wp-block-group-is-layout-flow\">\n<div class=\"wp-block-group swiper-wrapper is-layout-flow wp-block-group-is-layout-flow\">\n<div class=\"wp-block-group swiper-slide is-layout-flow wp-block-group-is-layout-flow\">\n\n\n<h3 class=\"wp-block-heading headline\">Brzo raspore\u0111ivanje<\/h3>\n\n\n\n<p>Dostupno za nekoliko dana&nbsp;<\/p>\n<\/div>\n\n\n\n<div class=\"wp-block-group swiper-slide is-layout-flow wp-block-group-is-layout-flow\">\n\n\n<h3 class=\"wp-block-heading headline\">Fleksibilan model<\/h3>\n\n\n\n<p>Po satu ili dnevno, kao kvota ili temeljeno na SLA-u&nbsp;<\/p>\n<\/div>\n\n\n\n<div class=\"wp-block-group swiper-slide is-layout-flow wp-block-group-is-layout-flow\">\n\n\n<h3 class=\"wp-block-heading headline\">Integrirana stru\u010dnost<\/h3>\n\n\n\n<p>Na\u0161i konzultanti rade besprijekorno unutar va\u0161ih timova i procesa.&nbsp;<\/p>\n<\/div>\n<\/div>\n<\/div>\n<\/div>\n<\/div>\n<\/div>\n<\/section>\n\n\n\n<section class=\"wp-block-group headline-text-slider-icon-text is-layout-constrained wp-block-group-is-layout-constrained\">\n<div class=\"wp-block-group container is-layout-flow wp-block-group-is-layout-flow\">\n<div class=\"wp-block-columns row is-layout-flex wp-block-columns-is-layout-flex\">\n<div class=\"wp-block-column col-12 is-layout-flow wp-block-column-is-layout-flow\">\n<h2 class=\"wp-block-heading headline\">Primjeri scenarija iz prakse:&nbsp;<\/h2>\n\n\n\n<p><\/p>\n\n\n\n<div class=\"wp-block-group slider-icon-text swiper is-layout-flow wp-block-group-is-layout-flow\">\n<div class=\"wp-block-group swiper-wrapper is-layout-flow wp-block-group-is-layout-flow\">\n<div class=\"wp-block-group swiper-slide is-layout-flow wp-block-group-is-layout-flow\">\n<h3 class=\"wp-block-heading headline\">Razvoj aplikacija u S\/4HANA okru\u017eenju:&nbsp;<\/h3>\n\n\n\n<p>Podr\u0161ka pri implementaciji prilago\u0111enog tijeka odobrenja za kupca (ABAP i Fiori)<\/p>\n<\/div>\n\n\n\n<div class=\"wp-block-group swiper-slide is-layout-flow wp-block-group-is-layout-flow\">\n<h3 class=\"wp-block-heading headline\">Pro\u0161irenje BTP-a:&nbsp;<\/h3>\n\n\n\n<p>Razvoj prilago\u0111enog Launchpad modula s povezivanjem na lokalne izvore podataka&nbsp;<\/p>\n<\/div>\n\n\n\n<div class=\"wp-block-group swiper-slide is-layout-flow wp-block-group-is-layout-flow\">\n<h3 class=\"wp-block-heading headline\">Pregled arhitekture<\/h3>\n\n\n\n<p>Analiza postoje\u0107eg integracijskog okru\u017eenja i razvoj strategije lean ekspanzije<\/p>\n<\/div>\n\n\n\n<div class=\"wp-block-group swiper-slide is-layout-flow wp-block-group-is-layout-flow\">\n<h3 class=\"wp-block-heading headline\">Razvoj proizvodnog kokpita&nbsp;<\/h3>\n\n\n\n<p><\/p>\n<\/div>\n\n\n\n<div class=\"wp-block-group swiper-slide is-layout-flow wp-block-group-is-layout-flow\">\n<h3 class=\"wp-block-heading headline\">Implementacija novih zakonskih zahtjeva u HCM okru\u017eenju&nbsp;<\/h3>\n\n\n\n<p><\/p>\n<\/div>\n\n\n\n<div class=\"wp-block-group swiper-slide is-layout-flow wp-block-group-is-layout-flow\">\n<h3 class=\"wp-block-heading headline\">Pro\u0161irenja izvje\u0161tavanja i kontrolnih funkcionalnosti&nbsp;<\/h3>\n\n\n\n<p><\/p>\n<\/div>\n<\/div>\n<\/div>\n<\/div>\n<\/div>\n<\/div>\n<\/section>\n\n\n\n<p><\/p>\n","protected":false},"excerpt":{"rendered":"<p>Spot savjetovanje \u2013 SAP stru\u010dnost na zahtjev&nbsp; Kada je SAP stru\u010dnost potrebna ad hoc, potrebna je fleksibilna podr\u0161ka bez dugih rokova isporuke.&nbsp; Na\u0161im spot savjetovanjem pru\u017eamo vam iskusne SAP stru\u010dnjake za precizno definirane zadatke, kratkoro\u010dne kapacitetne zastoje ili specifi\u010dne tehnolo\u0161ke probleme. Neovisno o projektnom poslovanju, integrirani u va\u0161e strukture.&nbsp; Ciljana podr\u0161ka, tehnolo\u0161ko znanje, bez dugotrajnih [&hellip;]<\/p>\n","protected":false},"author":9,"featured_media":0,"parent":5487,"menu_order":0,"comment_status":"closed","ping_status":"closed","template":"","meta":{"footnotes":""},"class_list":["post-5575","page","type-page","status-publish","hentry"],"lang":"hr","translations":{"hr":5575,"de":4545,"at":2961,"en":4548},"pll_sync_post":{},"_links":{"self":[{"href":"https:\/\/solutions.axians.com\/sap\/wp-json\/wp\/v2\/pages\/5575","targetHints":{"allow":["GET"]}}],"collection":[{"href":"https:\/\/solutions.axians.com\/sap\/wp-json\/wp\/v2\/pages"}],"about":[{"href":"https:\/\/solutions.axians.com\/sap\/wp-json\/wp\/v2\/types\/page"}],"author":[{"embeddable":true,"href":"https:\/\/solutions.axians.com\/sap\/wp-json\/wp\/v2\/users\/9"}],"replies":[{"embeddable":true,"href":"https:\/\/solutions.axians.com\/sap\/wp-json\/wp\/v2\/comments?post=5575"}],"version-history":[{"count":5,"href":"https:\/\/solutions.axians.com\/sap\/wp-json\/wp\/v2\/pages\/5575\/revisions"}],"predecessor-version":[{"id":7805,"href":"https:\/\/solutions.axians.com\/sap\/wp-json\/wp\/v2\/pages\/5575\/revisions\/7805"}],"up":[{"embeddable":true,"href":"https:\/\/solutions.axians.com\/sap\/wp-json\/wp\/v2\/pages\/5487"}],"wp:attachment":[{"href":"https:\/\/solutions.axians.com\/sap\/wp-json\/wp\/v2\/media?parent=5575"}],"curies":[{"name":"wp","href":"https:\/\/api.w.org\/{rel}","templated":true}]}}