{"id":5567,"date":"2026-03-31T12:24:40","date_gmt":"2026-03-31T11:24:40","guid":{"rendered":"https:\/\/solutions.axians.com\/sap\/?page_id=5567"},"modified":"2026-03-31T12:24:40","modified_gmt":"2026-03-31T11:24:40","slug":"sap-upravljanje-zivotnim-ciklusom-aplikacija-alm","status":"publish","type":"page","link":"https:\/\/solutions.axians.com\/sap\/hr\/sap-usluge\/savjetovanje\/sap-upravljanje-zivotnim-ciklusom-aplikacija-alm\/","title":{"rendered":"SAP upravljanje \u017eivotnim ciklusom aplikacija (ALM)\u00a0"},"content":{"rendered":"\n<section class=\"wp-block-group stage-subpage is-layout-constrained wp-block-group-is-layout-constrained\">\n<figure class=\"wp-block-image size-full\"><img loading=\"lazy\" decoding=\"async\" width=\"1706\" height=\"614\" src=\"https:\/\/solutions.axians.com\/sap\/wp-content\/uploads\/2025\/08\/iStock-2157666226.jpg\" alt=\"Upravljanje \u017eivotnim ciklusom SAP aplikacija\" class=\"wp-image-5566\" style=\"aspect-ratio:21\/9;object-fit:cover\" srcset=\"https:\/\/solutions.axians.com\/sap\/wp-content\/uploads\/2025\/08\/iStock-2157666226.jpg 1706w, https:\/\/solutions.axians.com\/sap\/wp-content\/uploads\/2025\/08\/iStock-2157666226-800x288.jpg 800w, https:\/\/solutions.axians.com\/sap\/wp-content\/uploads\/2025\/08\/iStock-2157666226-768x276.jpg 768w, https:\/\/solutions.axians.com\/sap\/wp-content\/uploads\/2025\/08\/iStock-2157666226-1536x553.jpg 1536w\" sizes=\"auto, (max-width: 1706px) 100vw, 1706px\" \/><\/figure>\n\n\n\n<div class=\"wp-block-group container is-layout-flow wp-block-group-is-layout-flow\">\n<div class=\"wp-block-columns row is-layout-flex wp-block-columns-is-layout-flex\">\n<div class=\"wp-block-column col-12 is-layout-flow wp-block-column-is-layout-flow\">\n<h1 class=\"wp-block-heading headline\">Upravljanje \u017eivotnim ciklusom SAP aplikacija za va\u0161e SAP sustave<\/h1>\n\n\n\n<p>Uloge, metode i alati za implementaciju i upravljanje va\u0161im SAP sustavima.&nbsp;<\/p>\n<\/div>\n<\/div>\n<\/div>\n<\/section>\n\n\n\n<section class=\"wp-block-group breadcrumb is-layout-constrained wp-block-group-is-layout-constrained\">\n<div class=\"wp-block-group container is-layout-flow wp-block-group-is-layout-flow\">\n<div class=\"wp-block-columns row is-layout-flex wp-block-columns-is-layout-flex\">\n<div class=\"wp-block-column col-12 is-layout-flow wp-block-column-is-layout-flow\"><nav aria-label=\"breadcrumbs\" class=\"rank-math-breadcrumb\"><p><span class=\"last\">Home<\/span><\/p><\/nav>\n<\/div>\n<\/div>\n<\/div>\n<\/section>\n\n\n\n<section class=\"wp-block-group text-centered-gradient is-layout-constrained wp-block-group-is-layout-constrained\">\n<div class=\"wp-block-group container is-layout-flow wp-block-group-is-layout-flow\">\n<div class=\"wp-block-columns row is-layout-flex wp-block-columns-is-layout-flex\">\n<div class=\"wp-block-column col-12 is-layout-flow wp-block-column-is-layout-flow\">\n<h2 class=\"wp-block-heading headline\">Od ideje do projekta do operacije<\/h2>\n\n\n\n<p>ALM je tajna uspje\u0161nih SAP projekata: definirane uloge, provjereni procesi i pametni alati osiguravaju da se \u0161ira slika nikada ne izgubi iz vida u svakodnevnom radu na projektu, \u010dine\u0107i &#8220;na vrijeme, unutar bud\u017eeta&#8221; stvarnost.&nbsp;<\/p>\n<\/div>\n<\/div>\n<\/div>\n<\/section>\n\n\n\n<section class=\"wp-block-group headline-text-slider-icon-text is-layout-constrained wp-block-group-is-layout-constrained\">\n<div class=\"wp-block-group container is-layout-flow wp-block-group-is-layout-flow\">\n<div class=\"wp-block-columns row is-layout-flex wp-block-columns-is-layout-flex\">\n<div class=\"wp-block-column col-12 is-layout-flow wp-block-column-is-layout-flow\">\n<h2 class=\"wp-block-heading headline\">Na\u0161 portfelj ALM usluga na prvi pogled:&nbsp;<\/h2>\n\n\n\n<p><\/p>\n\n\n\n<div class=\"wp-block-group slider-icon-text swiper is-layout-flow wp-block-group-is-layout-flow\">\n<div class=\"wp-block-group swiper-wrapper is-layout-flow wp-block-group-is-layout-flow\">\n<div class=\"wp-block-group swiper-slide is-layout-flow wp-block-group-is-layout-flow\">\n\n\n<h3 class=\"wp-block-heading headline\"><strong>Uloge u projektu<\/strong><\/h3>\n\n\n\n<p>Voditelj projekta, voditelj testiranja ili voditelj izdanja \u2013 na\u0161i iskusni stru\u010dnjaci popunjavaju klju\u010dne pozicije i vode va\u0161e projekte do uspjeha.<\/p>\n<\/div>\n\n\n\n<div class=\"wp-block-group swiper-slide is-layout-flow wp-block-group-is-layout-flow\">\n\n\n<h3 class=\"wp-block-heading headline\"><strong>Metodologija i iskustvo<\/strong><\/h3>\n\n\n\n<p>Je li SAP Activate zlatni standard? Pro\u0161irujemo SAP-ove preporuke industrijskim standardima i postupcima temeljenim na iskustvu.&nbsp;<\/p>\n<\/div>\n\n\n\n<div class=\"wp-block-group swiper-slide is-layout-flow wp-block-group-is-layout-flow\">\n\n\n<h3 class=\"wp-block-heading headline\"><strong>ALM scenariji<\/strong><\/h3>\n\n\n\n<p>Pru\u017eamo stru\u010dne i metodi\u010dne savjete za sve ALM scenarije \u2013 od upravljanja projektima, dokumentacije procesa, upravljanja testiranjem i transportom do nadzora i rada sustava.<\/p>\n<\/div>\n\n\n\n<div class=\"wp-block-group swiper-slide is-layout-flow wp-block-group-is-layout-flow\">\n\n\n<h3 class=\"wp-block-heading headline\"><strong>Izbor alata<\/strong><\/h3>\n\n\n\n<p>Koji ALM alati smanjuju tro\u0161kove i stvaraju transparentnost u va\u0161oj tvrtki? SAP Cloud ALM i &#8220;Transformation Toolchain&#8221;, ne-SAP ili najbolje od oba svijeta?&nbsp;<\/p>\n<\/div>\n\n\n\n<div class=\"wp-block-group swiper-slide is-layout-flow wp-block-group-is-layout-flow\">\n\n\n<h3 class=\"wp-block-heading headline\"><strong>GxP<\/strong><\/h3>\n\n\n\n<p>Strogo regulirani sektori poput farmacije, biotehnologije i medicinskih ure\u0111aja zahtijevaju robusne ALM procese kako bi se mapirali svi zahtjevi za validaciju ra\u010dunalnih sustava.&nbsp;<\/p>\n<\/div>\n<\/div>\n<\/div>\n<\/div>\n<\/div>\n<\/div>\n<\/section>\n\n\n\n<section class=\"wp-block-group headline-text-slider-icon-text-light is-layout-constrained wp-block-group-is-layout-constrained\">\n<div class=\"wp-block-group container is-layout-flow wp-block-group-is-layout-flow\">\n<div class=\"wp-block-columns row is-layout-flex wp-block-columns-is-layout-flex\">\n<div class=\"wp-block-column col-12 is-layout-flow wp-block-column-is-layout-flow\">\n<h2 class=\"wp-block-heading headline\">Va\u0161e prednosti s Axians ALM na prvi pogled:&nbsp;<\/h2>\n\n\n\n<p><\/p>\n\n\n\n<div class=\"wp-block-group slider-icon-text swiper is-layout-flow wp-block-group-is-layout-flow\">\n<div class=\"wp-block-group swiper-wrapper is-layout-flow wp-block-group-is-layout-flow\">\n<div class=\"wp-block-group swiper-slide is-layout-flow wp-block-group-is-layout-flow\">\n<figure class=\"wp-block-image size-large\"><img decoding=\"async\" src=\"\/sap\/wp-content\/uploads\/2025\/06\/icon-1.png\" alt=\"\"\/><\/figure>\n\n\n\n<h3 class=\"wp-block-heading headline\"><strong>Stru\u010dno znanje i iskustvo<\/strong>&nbsp;<\/h3>\n\n\n\n<p>za uspjeh va\u0161ih SAP projekata&nbsp;<\/p>\n<\/div>\n\n\n\n<div class=\"wp-block-group swiper-slide is-layout-flow wp-block-group-is-layout-flow\">\n<figure class=\"wp-block-image size-large\"><img decoding=\"async\" src=\"\/sap\/wp-content\/uploads\/2025\/06\/icon-1.png\" alt=\"\"\/><\/figure>\n\n\n\n<h3 class=\"wp-block-heading headline\"><strong>Transparentnost&nbsp;<\/strong><\/h3>\n\n\n\n<p>u svim fazama projekta do pu\u0161tanja u rad\u00a0<\/p>\n<\/div>\n\n\n\n<div class=\"wp-block-group swiper-slide is-layout-flow wp-block-group-is-layout-flow\">\n<figure class=\"wp-block-image size-large\"><img decoding=\"async\" src=\"\/sap\/wp-content\/uploads\/2025\/06\/icon-1.png\" alt=\"\"\/><\/figure>\n\n\n\n<h3 class=\"wp-block-heading headline\"><strong>Smanjenje<\/strong><\/h3>\n\n\n\n<p>administrativnih tro\u0161kova&nbsp;&nbsp;<\/p>\n<\/div>\n\n\n\n<div class=\"wp-block-group swiper-slide is-layout-flow wp-block-group-is-layout-flow\">\n<figure class=\"wp-block-image size-large\"><img decoding=\"async\" src=\"\/sap\/wp-content\/uploads\/2025\/06\/icon-1.png\" alt=\"\"\/><\/figure>\n\n\n\n<h3 class=\"wp-block-heading headline\"><strong>U\u010dinkovitost&nbsp;<\/strong><\/h3>\n\n\n\n<p>pove\u0107anje projekata i operacija&nbsp;<\/p>\n<\/div>\n\n\n\n<div class=\"wp-block-group swiper-slide is-layout-flow wp-block-group-is-layout-flow\">\n<figure class=\"wp-block-image size-large\"><img decoding=\"async\" src=\"\/sap\/wp-content\/uploads\/2025\/06\/icon-1.png\" alt=\"\"\/><\/figure>\n\n\n\n<h3 class=\"wp-block-heading headline\"><strong>Sveobuhvatni savjeti<\/strong><\/h3>\n\n\n\n<p>sve ALM teme&nbsp;<\/p>\n<\/div>\n<\/div>\n<\/div>\n<\/div>\n<\/div>\n<\/div>\n<\/section>\n\n\n\n<section class=\"wp-block-group accordion-2-col is-layout-constrained wp-block-group-is-layout-constrained\">\n<div class=\"wp-block-group container is-layout-flow wp-block-group-is-layout-flow\">\n<div class=\"wp-block-columns row is-layout-flex wp-block-columns-is-layout-flex\">\n<div class=\"wp-block-column col-12 is-layout-flow wp-block-column-is-layout-flow\">\n<h2 class=\"wp-block-heading headline\">Na\u0161e usluge i savjetodavne ponude:&nbsp;<\/h2>\n\n\n\n<p><\/p>\n<\/div>\n<\/div>\n\n\n\n<div class=\"wp-block-columns row is-layout-flex wp-block-columns-is-layout-flex\">\n<div class=\"wp-block-column col-12 is-layout-flow wp-block-column-is-layout-flow\">\n<div class=\"wp-block-teufels-accordion accordion\" id=\"accordion-637cef18-8e81-4bc9-937e-187ce231d921\">\n<div class=\"wp-block-teufels-accordion-item accordion-item\"><h2 class=\"accordion-header\" id=\"heading-eed681cd-9ea9-4371-abea-79ea5a130547\"><button class=\"accordion-button collapsed\" data-bs-toggle=\"collapse\" data-bs-target=\"#collapse-eed681cd-9ea9-4371-abea-79ea5a130547\" aria-expanded=\"false\" aria-control=\"collapse-eed681cd-9ea9-4371-abea-79ea5a130547\">Puna podr\u0161ka za projekte \u201eRISE with SAP\u201c<\/button><\/h2><div id=\"collapse-eed681cd-9ea9-4371-abea-79ea5a130547\" class=\"accordion-collapse collapse\" aria-labelledby=\"heading-eed681cd-9ea9-4371-abea-79ea5a130547\" data-bs-parent=\"#accordion-637cef18-8e81-4bc9-937e-187ce231d921\"><div class=\"accordion-body\">\n<p>Od samog po\u010detka u svojim projektima dosljedno se oslanjamo na ALM metode i alate  radi transparentnosti, pouzdanosti planiranja i u\u010dinkovite suradnje.&nbsp;<\/p>\n\n\n\n<ul class=\"wp-block-list\">\n<li>Planiranje i provedba projekta <\/li>\n\n\n\n<li>Prikupite poslovne zahtjeve i pretvorite ih u specifikacije <\/li>\n\n\n\n<li>Planirajte, provedite i dokumentirajte aktivnosti testiranja <\/li>\n\n\n\n<li>Koordinirati promjene sustava i provesti ih na ciljan i produktivan na\u010din <\/li>\n\n\n\n<li>Optimalne performanse: uklju\u010divanje znanja o projektu u rad sustava <\/li>\n<\/ul>\n<\/div><\/div><\/div>\n\n\n\n<div class=\"wp-block-teufels-accordion-item accordion-item\"><h2 class=\"accordion-header\" id=\"heading-9f338670-9d59-49a2-ba04-ed3be8f60720\"><button class=\"accordion-button collapsed\" data-bs-toggle=\"collapse\" data-bs-target=\"#collapse-9f338670-9d59-49a2-ba04-ed3be8f60720\" aria-expanded=\"false\" aria-control=\"collapse-9f338670-9d59-49a2-ba04-ed3be8f60720\">ALM strate\u0161ko savjetovanje<\/button><\/h2><div id=\"collapse-9f338670-9d59-49a2-ba04-ed3be8f60720\" class=\"accordion-collapse collapse\" aria-labelledby=\"heading-9f338670-9d59-49a2-ba04-ed3be8f60720\" data-bs-parent=\"#accordion-637cef18-8e81-4bc9-937e-187ce231d921\"><div class=\"accordion-body\">\n<p>Uvijek ima prostora za pobolj\u0161anje: u na\u0161im savjetodavnim uslugama za ALM strategiju ispitujemo va\u0161e ALM procese i poma\u017eemo vam u njihovoj optimizaciji. \u010cak i male promjene mogu imati veliki utjecaj.&nbsp;<\/p>\n\n\n\n<ul class=\"wp-block-list\">\n<li>Procjena ALM-a i upravljanja testiranjem po fiksnoj cijeni <\/li>\n\n\n\n<li>Inventar: Trenutni ALM procesi <\/li>\n\n\n\n<li>Identificiranje i rje\u0161avanje izazova i bolnih to\u010daka <\/li>\n\n\n\n<li>Usporedba i benchmarking s iskustvom iz bezbroj ALM projekata <\/li>\n\n\n\n<li>Prilago\u0111eni plan za optimizaciju <\/li>\n<\/ul>\n<\/div><\/div><\/div>\n<\/div>\n<\/div>\n\n\n\n<div class=\"wp-block-column col-12 is-layout-flow wp-block-column-is-layout-flow\">\n<div class=\"wp-block-teufels-accordion accordion\" id=\"accordion-b079f8dc-5237-4102-b311-865fd5525fcb\">\n<div class=\"wp-block-teufels-accordion-item accordion-item\"><h2 class=\"accordion-header\" id=\"heading-5251193d-d81e-4443-ae87-ea68b20598da\"><button class=\"accordion-button collapsed\" data-bs-toggle=\"collapse\" data-bs-target=\"#collapse-5251193d-d81e-4443-ae87-ea68b20598da\" aria-expanded=\"false\" aria-control=\"collapse-5251193d-d81e-4443-ae87-ea68b20598da\">Uloge u projektu<\/button><\/h2><div id=\"collapse-5251193d-d81e-4443-ae87-ea68b20598da\" class=\"accordion-collapse collapse\" aria-labelledby=\"heading-5251193d-d81e-4443-ae87-ea68b20598da\" data-bs-parent=\"#accordion-b079f8dc-5237-4102-b311-865fd5525fcb\"><div class=\"accordion-body\">\n<p>Upravljanje projektom, testiranjem i pu\u0161tanjem u produkciju klju\u010dni su \u010dimbenici uspjeha SAP projekta. Na\u0161i stru\u010dnjaci preuzimaju odgovaraju\u0107e uloge u va\u0161em projektu ili pru\u017eaju podr\u0161ku po potrebi.&nbsp;<\/p>\n\n\n\n<ul class=\"wp-block-list\">\n<li>Stru\u010dnjaci za klju\u010dne uloge u projektu <\/li>\n\n\n\n<li>Opse\u017eno iskustvo i bogato metodolo\u0161ko znanje  <\/li>\n\n\n\n<li>Certificiran u SAP metodama i industrijskim standardima <\/li>\n<\/ul>\n<\/div><\/div><\/div>\n\n\n\n<div class=\"wp-block-teufels-accordion-item accordion-item\"><h2 class=\"accordion-header\" id=\"heading-f798900c-89e9-477e-aeae-6c15f6976297\"><button class=\"accordion-button collapsed\" data-bs-toggle=\"collapse\" data-bs-target=\"#collapse-f798900c-89e9-477e-aeae-6c15f6976297\" aria-expanded=\"false\" aria-control=\"collapse-f798900c-89e9-477e-aeae-6c15f6976297\">Savjeti o alatima<\/button><\/h2><div id=\"collapse-f798900c-89e9-477e-aeae-6c15f6976297\" class=\"accordion-collapse collapse\" aria-labelledby=\"heading-f798900c-89e9-477e-aeae-6c15f6976297\" data-bs-parent=\"#accordion-b079f8dc-5237-4102-b311-865fd5525fcb\"><div class=\"accordion-body\">\n<p>Alati nisu sve, ali pravi alati u kombinaciji s pravom strategijom zna\u010dajno pove\u0107avaju u\u010dinkovitost i efikasnost.&nbsp;<\/p>\n\n\n\n<ul class=\"wp-block-list\">\n<li>Savjeti za odabir alata <\/li>\n\n\n\n<li>SAP Cloud ALM: Implementacija, konfiguracija i obuka za sve scenarije <\/li>\n\n\n\n<li>Integracija SAP Signavio, SAP LeanIX, SAP Enable Now, Tricentis Test Automation <\/li>\n\n\n\n<li>Kombinirano savjetovanje o strategiji i alatima, npr. implementacija strategije testiranja <\/li>\n\n\n\n<li>SAP Solution Manager: tehni\u010dka i funkcionalna konfiguracija svih scenarija, tehni\u010dko upravljanje i nadogradnje, Focused Build i Focused Insights, migracija na druge alate. <\/li>\n<\/ul>\n<\/div><\/div><\/div>\n<\/div>\n<\/div>\n<\/div>\n<\/div>\n<\/section>\n\n\n\n<section class=\"wp-block-group headline-accordion is-layout-constrained wp-block-group-is-layout-constrained\">\n<div class=\"wp-block-group container is-layout-flow wp-block-group-is-layout-flow\">\n<div class=\"wp-block-columns row is-layout-flex wp-block-columns-is-layout-flex\">\n<div class=\"wp-block-column col-12 is-layout-flow wp-block-column-is-layout-flow\">\n<h2 class=\"wp-block-heading headline\">\u010cesto postavljana pitanja<\/h2>\n\n\n\n<div class=\"wp-block-teufels-accordion accordion\" id=\"accordion-705567ee-daff-4b45-9012-124811e0a019\">\n<div class=\"wp-block-teufels-accordion-item accordion-item\"><h2 class=\"accordion-header\" id=\"heading-40d0bf98-5251-4751-8db9-b2c4bb8329b0\"><button class=\"accordion-button collapsed\" data-bs-toggle=\"collapse\" data-bs-target=\"#collapse-40d0bf98-5251-4751-8db9-b2c4bb8329b0\" aria-expanded=\"false\" aria-control=\"collapse-40d0bf98-5251-4751-8db9-b2c4bb8329b0\">\u0160to ALM zna\u010di u SAP kontekstu?<\/button><\/h2><div id=\"collapse-40d0bf98-5251-4751-8db9-b2c4bb8329b0\" class=\"accordion-collapse collapse\" aria-labelledby=\"heading-40d0bf98-5251-4751-8db9-b2c4bb8329b0\" data-bs-parent=\"#accordion-705567ee-daff-4b45-9012-124811e0a019\"><div class=\"accordion-body\">\n<p>Upravljanje \u017eivotnim ciklusom aplikacija (ALM) obuhva\u0107a projektne uloge, metode, procese i alate za upravljanje SAP sustavima tijekom cijelog njihovog \u017eivotnog ciklusa. Bilo da se radi o projektima, radu sustava ili svakodnevnom poslovanju, ALM olak\u0161ava uvo\u0111enje i rad SAP proizvoda te pojednostavljuje komunikaciju izme\u0111u poslovnih odjela i IT-a.&nbsp;<\/p>\n<\/div><\/div><\/div>\n\n\n\n<div class=\"wp-block-teufels-accordion-item accordion-item\"><h2 class=\"accordion-header\" id=\"heading-b1a09009-0d64-473a-be5e-9e99130bb9d5\"><button class=\"accordion-button collapsed\" data-bs-toggle=\"collapse\" data-bs-target=\"#collapse-b1a09009-0d64-473a-be5e-9e99130bb9d5\" aria-expanded=\"false\" aria-control=\"collapse-b1a09009-0d64-473a-be5e-9e99130bb9d5\">Je li ALM relevantan samo za IT?<\/button><\/h2><div id=\"collapse-b1a09009-0d64-473a-be5e-9e99130bb9d5\" class=\"accordion-collapse collapse\" aria-labelledby=\"heading-b1a09009-0d64-473a-be5e-9e99130bb9d5\" data-bs-parent=\"#accordion-705567ee-daff-4b45-9012-124811e0a019\"><div class=\"accordion-body\">\n<p>Ne, ALM nije namijenjen samo IT odjelima. Teme poput dokumentacije procesa, upravljanja zahtjevima, upravljanja testiranjem i izdanjima namijenjene su stru\u010dnim odjelima koji potom imaju koristi od br\u017ee implementacije zahtjeva, ciljanijeg testiranja i transparentnih i sigurno prenesenih promjena procesa.&nbsp;ALM tako\u0111er nudi specifi\u010dnu dodanu vrijednost za CIO-ove, voditelje projekata i vlasnike procesa, npr. transparentnost u pogledu tro\u0161kova SAP projekata, dokumentacije i osiguranja kvalitete, ili pra\u0107enje metrika procesa.&nbsp;&nbsp;<\/p>\n<\/div><\/div><\/div>\n\n\n\n<div class=\"wp-block-teufels-accordion-item accordion-item\"><h2 class=\"accordion-header\" id=\"heading-ab2fa77c-60ea-49f7-b60c-bbf6c8fbc32c\"><button class=\"accordion-button collapsed\" data-bs-toggle=\"collapse\" data-bs-target=\"#collapse-ab2fa77c-60ea-49f7-b60c-bbf6c8fbc32c\" aria-expanded=\"false\" aria-control=\"collapse-ab2fa77c-60ea-49f7-b60c-bbf6c8fbc32c\">Trebam li u potpunosti implementirati ALM?<\/button><\/h2><div id=\"collapse-ab2fa77c-60ea-49f7-b60c-bbf6c8fbc32c\" class=\"accordion-collapse collapse\" aria-labelledby=\"heading-ab2fa77c-60ea-49f7-b60c-bbf6c8fbc32c\" data-bs-parent=\"#accordion-705567ee-daff-4b45-9012-124811e0a019\"><div class=\"accordion-body\">\n<p>Ne. ALM metode i alati imaju modularnu strukturu. Mo\u017eete zapo\u010deti tamo gdje se stvara najve\u0107a dodana vrijednost, npr. upravljanjem testiranjem ili upravljanjem izdanjima. S na\u0161om ALM procjenom rado \u0107emo vam pomo\u0107i odrediti koji su ALM procesi i alati najkorisniji u va\u0161em kontekstu.&nbsp;<\/p>\n<\/div><\/div><\/div>\n\n\n\n<div class=\"wp-block-teufels-accordion-item accordion-item\"><h2 class=\"accordion-header\" id=\"heading-baa82244-cbb2-484b-9ce7-833436674043\"><button class=\"accordion-button collapsed\" data-bs-toggle=\"collapse\" data-bs-target=\"#collapse-baa82244-cbb2-484b-9ce7-833436674043\" aria-expanded=\"false\" aria-control=\"collapse-baa82244-cbb2-484b-9ce7-833436674043\">\u0160to je SAP Cloud ALM?<\/button><\/h2><div id=\"collapse-baa82244-cbb2-484b-9ce7-833436674043\" class=\"accordion-collapse collapse\" aria-labelledby=\"heading-baa82244-cbb2-484b-9ce7-833436674043\" data-bs-parent=\"#accordion-705567ee-daff-4b45-9012-124811e0a019\"><div class=\"accordion-body\">\n<p>SAP Cloud ALM je SAP-ov trenutni ALM proizvod koji upravlja cjelokupnim \u017eivotnim ciklusom SAP aplikacija koriste\u0107i razli\u010dite scenarije. Ti scenariji uklju\u010duju:&nbsp;<\/p>\n\n\n\n<ul class=\"wp-block-list\">\n<li>Upravljanje projektima i zadacima <\/li>\n\n\n\n<li>upravljanje zahtjevima <\/li>\n\n\n\n<li>upravljanje testiranjem <\/li>\n\n\n\n<li>Upravljanje promjenama i pu\u0161tanjem u rad  <\/li>\n\n\n\n<li>Tehni\u010dki nadzor <\/li>\n\n\n\n<li>nadzor poslovnih procesa <\/li>\n<\/ul>\n\n\n\n<p>SAP Cloud ALM temelji se na SAP Business Technology Platform (BTP), ne zahtijeva zasebnu infrastrukturu i dostupan je kao softver kao usluga (SaaS).&nbsp;<\/p>\n<\/div><\/div><\/div>\n\n\n\n<div class=\"wp-block-teufels-accordion-item accordion-item\"><h2 class=\"accordion-header\" id=\"heading-2a53ed08-4269-479d-95f1-dc8553a6fe2a\"><button class=\"accordion-button collapsed\" data-bs-toggle=\"collapse\" data-bs-target=\"#collapse-2a53ed08-4269-479d-95f1-dc8553a6fe2a\" aria-expanded=\"false\" aria-control=\"collapse-2a53ed08-4269-479d-95f1-dc8553a6fe2a\">Mo\u017eemo li koristiti i postoje\u0107e alate poput Jire ili ServiceNow sa SAP Cloud ALM-om?<\/button><\/h2><div id=\"collapse-2a53ed08-4269-479d-95f1-dc8553a6fe2a\" class=\"accordion-collapse collapse\" aria-labelledby=\"heading-2a53ed08-4269-479d-95f1-dc8553a6fe2a\" data-bs-parent=\"#accordion-705567ee-daff-4b45-9012-124811e0a019\"><div class=\"accordion-body\">\n<p>Da! SAP Cloud ALM je osmi\u0161ljen kao integrativno rje\u0161enje i nudi standardne su\u010delje koje omogu\u0107uju jednostavnu integraciju drugih alata, npr. za zahtjeve, ITSM ili aktivnosti testiranja.&nbsp;<\/p>\n<\/div><\/div><\/div>\n\n\n\n<div class=\"wp-block-teufels-accordion-item accordion-item\"><h2 class=\"accordion-header\" id=\"heading-1a6d8c9d-6513-4a8d-9eee-8420d215e761\"><button class=\"accordion-button collapsed\" data-bs-toggle=\"collapse\" data-bs-target=\"#collapse-1a6d8c9d-6513-4a8d-9eee-8420d215e761\" aria-expanded=\"false\" aria-control=\"collapse-1a6d8c9d-6513-4a8d-9eee-8420d215e761\">\u0160to je SAP Solution Manager?<\/button><\/h2><div id=\"collapse-1a6d8c9d-6513-4a8d-9eee-8420d215e761\" class=\"accordion-collapse collapse\" aria-labelledby=\"heading-1a6d8c9d-6513-4a8d-9eee-8420d215e761\" data-bs-parent=\"#accordion-705567ee-daff-4b45-9012-124811e0a019\"><div class=\"accordion-body\">\n<p>SAP Solution Manager je paket ALM alata koje nudi SAP, a koji su brojni SAP korisnici koristili vi\u0161e od 20 godina za implementaciju i upravljanje SAP sustavima. Standardno odr\u017eavanje SAP Solution Managera zavr\u0161ava 2027., a produ\u017eeno odr\u017eavanje 2030. SAP preporu\u010duje prelazak na SAP Cloud ALM.<\/p>\n<\/div><\/div><\/div>\n<\/div>\n<\/div>\n<\/div>\n<\/div>\n<\/section>\n","protected":false},"excerpt":{"rendered":"<p>Upravljanje \u017eivotnim ciklusom SAP aplikacija za va\u0161e SAP sustave Uloge, metode i alati za implementaciju i upravljanje va\u0161im SAP sustavima.&nbsp; Od ideje do projekta do operacije ALM je tajna uspje\u0161nih SAP projekata: definirane uloge, provjereni procesi i pametni alati osiguravaju da se \u0161ira slika nikada ne izgubi iz vida u svakodnevnom radu na projektu, \u010dine\u0107i [&hellip;]<\/p>\n","protected":false},"author":1,"featured_media":0,"parent":5557,"menu_order":0,"comment_status":"closed","ping_status":"closed","template":"","meta":{"footnotes":""},"class_list":["post-5567","page","type-page","status-publish","hentry"],"lang":"hr","translations":{"hr":5567,"de":205,"at":2987,"en":4622},"pll_sync_post":{},"_links":{"self":[{"href":"https:\/\/solutions.axians.com\/sap\/wp-json\/wp\/v2\/pages\/5567","targetHints":{"allow":["GET"]}}],"collection":[{"href":"https:\/\/solutions.axians.com\/sap\/wp-json\/wp\/v2\/pages"}],"about":[{"href":"https:\/\/solutions.axians.com\/sap\/wp-json\/wp\/v2\/types\/page"}],"author":[{"embeddable":true,"href":"https:\/\/solutions.axians.com\/sap\/wp-json\/wp\/v2\/users\/1"}],"replies":[{"embeddable":true,"href":"https:\/\/solutions.axians.com\/sap\/wp-json\/wp\/v2\/comments?post=5567"}],"version-history":[{"count":4,"href":"https:\/\/solutions.axians.com\/sap\/wp-json\/wp\/v2\/pages\/5567\/revisions"}],"predecessor-version":[{"id":6695,"href":"https:\/\/solutions.axians.com\/sap\/wp-json\/wp\/v2\/pages\/5567\/revisions\/6695"}],"up":[{"embeddable":true,"href":"https:\/\/solutions.axians.com\/sap\/wp-json\/wp\/v2\/pages\/5557"}],"wp:attachment":[{"href":"https:\/\/solutions.axians.com\/sap\/wp-json\/wp\/v2\/media?parent=5567"}],"curies":[{"name":"wp","href":"https:\/\/api.w.org\/{rel}","templated":true}]}}