{"id":5557,"date":"2026-03-31T12:24:07","date_gmt":"2026-03-31T11:24:07","guid":{"rendered":"https:\/\/solutions.axians.com\/sap\/?page_id=5557"},"modified":"2026-04-02T10:35:52","modified_gmt":"2026-04-02T09:35:52","slug":"savjetovanje","status":"publish","type":"page","link":"https:\/\/solutions.axians.com\/sap\/hr\/sap-usluge\/savjetovanje\/","title":{"rendered":"Savjetovanje"},"content":{"rendered":"\n<section class=\"wp-block-group stage-subpage is-layout-constrained wp-block-group-is-layout-constrained\">\n<figure class=\"wp-block-image size-full\"><img loading=\"lazy\" decoding=\"async\" width=\"2000\" height=\"1126\" src=\"https:\/\/solutions.axians.com\/sap\/wp-content\/uploads\/2025\/09\/DSC4519-2.jpg\" alt=\"\" class=\"wp-image-5553\" style=\"aspect-ratio:21\/9;object-fit:cover\" srcset=\"https:\/\/solutions.axians.com\/sap\/wp-content\/uploads\/2025\/09\/DSC4519-2.jpg 2000w, https:\/\/solutions.axians.com\/sap\/wp-content\/uploads\/2025\/09\/DSC4519-2-800x450.jpg 800w, https:\/\/solutions.axians.com\/sap\/wp-content\/uploads\/2025\/09\/DSC4519-2-1920x1081.jpg 1920w, https:\/\/solutions.axians.com\/sap\/wp-content\/uploads\/2025\/09\/DSC4519-2-768x432.jpg 768w, https:\/\/solutions.axians.com\/sap\/wp-content\/uploads\/2025\/09\/DSC4519-2-1536x865.jpg 1536w\" sizes=\"auto, (max-width: 2000px) 100vw, 2000px\" \/><\/figure>\n\n\n\n<div class=\"wp-block-group container is-layout-flow wp-block-group-is-layout-flow\">\n<div class=\"wp-block-columns row is-layout-flex wp-block-columns-is-layout-flex\">\n<div class=\"wp-block-column col-12 is-layout-flow wp-block-column-is-layout-flow\">\n<h1 class=\"wp-block-heading headline\">SAP savjetovanje koje razumije procese i uklju\u010duje ljude<\/h1>\n\n\n\n<p>Razumijevanje, strukturiranje i provo\u0111enje procesa<\/p>\n<\/div>\n<\/div>\n<\/div>\n<\/section>\n\n\n\n<section class=\"wp-block-group breadcrumb is-layout-constrained wp-block-group-is-layout-constrained\">\n<div class=\"wp-block-group container is-layout-flow wp-block-group-is-layout-flow\">\n<div class=\"wp-block-columns row is-layout-flex wp-block-columns-is-layout-flex\">\n<div class=\"wp-block-column col-12 is-layout-flow wp-block-column-is-layout-flow\"><nav aria-label=\"breadcrumbs\" class=\"rank-math-breadcrumb\"><p><span class=\"last\">Home<\/span><\/p><\/nav>\n<\/div>\n<\/div>\n<\/div>\n<\/section>\n\n\n\n<section class=\"wp-block-group text-centered-gradient is-layout-constrained wp-block-group-is-layout-constrained\">\n<div class=\"wp-block-group container is-layout-flow wp-block-group-is-layout-flow\">\n<div class=\"wp-block-columns row is-layout-flex wp-block-columns-is-layout-flex\">\n<div class=\"wp-block-column col-12 is-layout-flow wp-block-column-is-layout-flow\">\n<h2 class=\"wp-block-heading headline\">Na\u0161 SAP konzultantski pristup donosi jasno\u0107u slo\u017eenim softverskim okru\u017eenjima, uz dobro promi\u0161ljenu metodologiju i odgovaraju\u0107u razinu prakti\u010dne relevantnosti.<\/h2>\n\n\n\n<p><\/p>\n<\/div>\n<\/div>\n<\/div>\n<\/section>\n\n\n\n<section class=\"wp-block-group headline-accordion is-layout-constrained wp-block-group-is-layout-constrained\">\n<div class=\"wp-block-group container is-layout-flow wp-block-group-is-layout-flow\">\n<div class=\"wp-block-columns row is-layout-flex wp-block-columns-is-layout-flex\">\n<div class=\"wp-block-column col-12 is-layout-flow wp-block-column-is-layout-flow\">\n<h2 class=\"wp-block-heading headline\">Na\u0161a podru\u010dja SAP savjetovanja<\/h2>\n\n\n\n<div class=\"wp-block-teufels-accordion accordion\" id=\"accordion-070f3255-12e2-4ff7-bf3a-c81a234de2a6\">\n<div class=\"wp-block-teufels-accordion-item accordion-item\"><h2 class=\"accordion-header\" id=\"heading-6c52d167-8933-4b94-8e25-24ecb2525946\"><button class=\"accordion-button collapsed\" data-bs-toggle=\"collapse\" data-bs-target=\"#collapse-6c52d167-8933-4b94-8e25-24ecb2525946\" aria-expanded=\"false\" aria-control=\"collapse-6c52d167-8933-4b94-8e25-24ecb2525946\">Prava arhitektura za va\u0161u SAP budu\u0107nost<\/button><\/h2><div id=\"collapse-6c52d167-8933-4b94-8e25-24ecb2525946\" class=\"accordion-collapse collapse\" aria-labelledby=\"heading-6c52d167-8933-4b94-8e25-24ecb2525946\" data-bs-parent=\"#accordion-070f3255-12e2-4ff7-bf3a-c81a234de2a6\"><div class=\"accordion-body\">\n<p>Bilo da je rije\u010d o lokalnom rje\u0161enju, oblaku ili hibridnom modelu \u2013 razvijamo tehnolo\u0161ke ciljne vizije, procjenjujemo infrastrukturne opcije i projektiramo integracije. Uvijek u skladu s va\u0161im IT specifikacijama i budu\u0107im planovima.<\/p>\n<\/div><\/div><\/div>\n\n\n\n<div class=\"wp-block-teufels-accordion-item accordion-item\"><h2 class=\"accordion-header\" id=\"heading-416d5834-b8ea-45f4-9bbf-8e01796a4ffd\"><button class=\"accordion-button collapsed\" data-bs-toggle=\"collapse\" data-bs-target=\"#collapse-416d5834-b8ea-45f4-9bbf-8e01796a4ffd\" aria-expanded=\"false\" aria-control=\"collapse-416d5834-b8ea-45f4-9bbf-8e01796a4ffd\">Razvijte svoju SAP cloud strategiju \u2013 dobro utemeljenu, tehnolo\u0161ki neutralnu i usmjerenu na ciljeve.<\/button><\/h2><div id=\"collapse-416d5834-b8ea-45f4-9bbf-8e01796a4ffd\" class=\"accordion-collapse collapse\" aria-labelledby=\"heading-416d5834-b8ea-45f4-9bbf-8e01796a4ffd\" data-bs-parent=\"#accordion-070f3255-12e2-4ff7-bf3a-c81a234de2a6\"><div class=\"accordion-body\">\n<p>Razvijamo va\u0161u individualnu cloud strategiju za SAP: Koji cloud modeli odgovaraju va\u0161im zahtjevima? Koji se sustavi trebaju migrirati? Pru\u017eamo jasno\u0107u putem planova razvoja, operativnih modela i kriterija za dono\u0161enje odluka.<\/p>\n<\/div><\/div><\/div>\n\n\n\n<div class=\"wp-block-teufels-accordion-item accordion-item\"><h2 class=\"accordion-header\" id=\"heading-b3b7232d-d111-4c18-8d6d-c809d53a2f87\"><button class=\"accordion-button collapsed\" data-bs-toggle=\"collapse\" data-bs-target=\"#collapse-b3b7232d-d111-4c18-8d6d-c809d53a2f87\" aria-expanded=\"false\" aria-control=\"collapse-b3b7232d-d111-4c18-8d6d-c809d53a2f87\">SAP za va\u0161e odjele \u2013 rje\u0161enja koja razumiju procese<\/button><\/h2><div id=\"collapse-b3b7232d-d111-4c18-8d6d-c809d53a2f87\" class=\"accordion-collapse collapse\" aria-labelledby=\"heading-b3b7232d-d111-4c18-8d6d-c809d53a2f87\" data-bs-parent=\"#accordion-070f3255-12e2-4ff7-bf3a-c81a234de2a6\"><div class=\"accordion-body\">\n<p>Pru\u017eamo ciljane savjete o SAP modulima relevantnim za va\u0161a specijalisti\u010dka podru\u010dja. Bilo da se radi o financijama, logistici, prodaji ili ljudskim resursima \u2013 pokazujemo vam kako u\u010dinkovito podr\u017eati procese pomo\u0107u SAP tehnologije.<\/p>\n<\/div><\/div><\/div>\n\n\n\n<div class=\"wp-block-teufels-accordion-item accordion-item\"><h2 class=\"accordion-header\" id=\"heading-e0210540-a5fa-4347-8869-e38280c5138a\"><button class=\"accordion-button collapsed\" data-bs-toggle=\"collapse\" data-bs-target=\"#collapse-e0210540-a5fa-4347-8869-e38280c5138a\" aria-expanded=\"false\" aria-control=\"collapse-e0210540-a5fa-4347-8869-e38280c5138a\">Transparentnost u sustavu licenciranja, sigurnost u procesu odabira.<\/button><\/h2><div id=\"collapse-e0210540-a5fa-4347-8869-e38280c5138a\" class=\"accordion-collapse collapse\" aria-labelledby=\"heading-e0210540-a5fa-4347-8869-e38280c5138a\" data-bs-parent=\"#accordion-070f3255-12e2-4ff7-bf3a-c81a234de2a6\"><div class=\"accordion-body\">\n<p>Analiziramo va\u0161u postoje\u0107u SAP licencu, identificiramo potencijal za optimizaciju i savjetujemo vas pri kupnji novih licenci \u2013 neovisno o proizvo\u0111a\u010du, u skladu s propisima i isplativo.<\/p>\n<\/div><\/div><\/div>\n\n\n\n<div class=\"wp-block-teufels-accordion-item accordion-item\"><h2 class=\"accordion-header\" id=\"heading-05c4828d-ca44-4a5f-9858-5e5211834f38\"><button class=\"accordion-button collapsed\" data-bs-toggle=\"collapse\" data-bs-target=\"#collapse-05c4828d-ca44-4a5f-9858-5e5211834f38\" aria-expanded=\"false\" aria-control=\"collapse-05c4828d-ca44-4a5f-9858-5e5211834f38\">Najsuvremenije upravljanje projektima za va\u0161e SAP projekte.<\/button><\/h2><div id=\"collapse-05c4828d-ca44-4a5f-9858-5e5211834f38\" class=\"accordion-collapse collapse\" aria-labelledby=\"heading-05c4828d-ca44-4a5f-9858-5e5211834f38\" data-bs-parent=\"#accordion-070f3255-12e2-4ff7-bf3a-c81a234de2a6\"><div class=\"accordion-body\">\n<p>U svakom projektu radimo prema najvi\u0161im standardima upravljanja projektima.<\/p>\n\n\n<\/div><\/div><\/div>\n<\/div>\n\n\n\n<div class=\"wp-block-buttons is-layout-flex wp-block-buttons-is-layout-flex\">\n<div class=\"wp-block-button is-style-primary\"><a class=\"wp-block-button__link wp-element-button\" href=\"https:\/\/solutions.axians.com\/sap\/hr\/sap-usluge\/savjetovanje\/metodologija-projekta\/\">Metodologija projekta<\/a><\/div>\n<\/div>\n<\/div>\n<\/div>\n<\/div>\n<\/section>\n\n\n\n<section class=\"wp-block-group accordion-2-col is-layout-constrained wp-block-group-is-layout-constrained\">\n<div class=\"wp-block-group container is-layout-flow wp-block-group-is-layout-flow\">\n<div class=\"wp-block-columns row is-layout-flex wp-block-columns-is-layout-flex\">\n<div class=\"wp-block-column col-12 is-layout-flow wp-block-column-is-layout-flow\">\n<h2 class=\"wp-block-heading headline\">Axiansov savjetodavni pristup: za\u0161to su procesi u fokusu?<\/h2>\n\n\n\n<p>Za razliku od tradicionalnih IT implementacija, koje se \u010desto usredoto\u010duju na funkcije ili sustave, <strong>pristup konzultiranja temeljen na procesima<\/strong> usredoto\u010duje se na stvarne poslovne procese. Ovaj pristup ima za cilj razumjeti i optimizirati cjelovite procese od po\u010detka do kraja te ih \u0161to preciznije uskladiti sa standardima u obla\u010dnom rje\u0161enju.<\/p>\n\n\n\n<p><strong>Osnovni principi proceduralnog pristupa<\/strong>:<\/p>\n<\/div>\n<\/div>\n\n\n\n<div class=\"wp-block-columns row is-layout-flex wp-block-columns-is-layout-flex\">\n<div class=\"wp-block-column col-12 is-layout-flow wp-block-column-is-layout-flow\">\n<div class=\"wp-block-teufels-accordion accordion\" id=\"accordion-3e636d9d-8d78-4e63-925e-19e4f020e8e4\">\n<div class=\"wp-block-teufels-accordion-item accordion-item\"><h2 class=\"accordion-header\" id=\"heading-b1372f65-c0a0-44e0-be97-1ee73b543384\"><button class=\"accordion-button collapsed\" data-bs-toggle=\"collapse\" data-bs-target=\"#collapse-b1372f65-c0a0-44e0-be97-1ee73b543384\" aria-expanded=\"false\" aria-control=\"collapse-b1372f65-c0a0-44e0-be97-1ee73b543384\">1. Poslovni proces na prvom mjestu<\/button><\/h2><div id=\"collapse-b1372f65-c0a0-44e0-be97-1ee73b543384\" class=\"accordion-collapse collapse\" aria-labelledby=\"heading-b1372f65-c0a0-44e0-be97-1ee73b543384\" data-bs-parent=\"#accordion-3e636d9d-8d78-4e63-925e-19e4f020e8e4\"><div class=\"accordion-body\">\n<p>Polazna to\u010dka je uvijek poslovni proces, a ne sustav. Procesi se analiziraju i prioritetiziraju, a ciljne vizije definiraju se u suradnji sa stru\u010dnim odjelima.<\/p>\n<\/div><\/div><\/div>\n\n\n\n<div class=\"wp-block-teufels-accordion-item accordion-item\"><h2 class=\"accordion-header\" id=\"heading-7c1f5b6d-8741-4a6b-adde-7019453a107a\"><button class=\"accordion-button collapsed\" data-bs-toggle=\"collapse\" data-bs-target=\"#collapse-7c1f5b6d-8741-4a6b-adde-7019453a107a\" aria-expanded=\"false\" aria-control=\"collapse-7c1f5b6d-8741-4a6b-adde-7019453a107a\">2. Kori\u0161tenje najboljih praksa<\/button><\/h2><div id=\"collapse-7c1f5b6d-8741-4a6b-adde-7019453a107a\" class=\"accordion-collapse collapse\" aria-labelledby=\"heading-7c1f5b6d-8741-4a6b-adde-7019453a107a\" data-bs-parent=\"#accordion-3e636d9d-8d78-4e63-925e-19e4f020e8e4\"><div class=\"accordion-body\">\n<p>SAP Cloud isporu\u010duje predkonfigurirane procese temeljene na me\u0111unarodnim najboljim praksama. Umjesto pojedina\u010dnih prilagodbi, fokus je na pitanju: <em>Koliko dobro standard odgovara na\u0161em poslovnom modelu?<\/em><\/p>\n<\/div><\/div><\/div>\n\n\n\n<div class=\"wp-block-teufels-accordion-item accordion-item\"><h2 class=\"accordion-header\" id=\"heading-b224f08e-49fa-44da-95bf-61acea92982c\"><button class=\"accordion-button collapsed\" data-bs-toggle=\"collapse\" data-bs-target=\"#collapse-b224f08e-49fa-44da-95bf-61acea92982c\" aria-expanded=\"false\" aria-control=\"collapse-b224f08e-49fa-44da-95bf-61acea92982c\">3. Prilago\u0111avanje standardu<\/button><\/h2><div id=\"collapse-b224f08e-49fa-44da-95bf-61acea92982c\" class=\"accordion-collapse collapse\" aria-labelledby=\"heading-b224f08e-49fa-44da-95bf-61acea92982c\" data-bs-parent=\"#accordion-3e636d9d-8d78-4e63-925e-19e4f020e8e4\"><div class=\"accordion-body\">\n<p>Prilagodbe se svode na minimum. Radionice uskladivanja sa standardom ispituju kako se procesi mogu mapirati u oblaku: u\u010dinkovito, odr\u017eivo i spremno za objavu.<\/p>\n<\/div><\/div><\/div>\n\n\n\n<div class=\"wp-block-teufels-accordion-item accordion-item\"><h2 class=\"accordion-header\" id=\"heading-c819954c-fef1-444c-af04-5a8f9206bc0b\"><button class=\"accordion-button collapsed\" data-bs-toggle=\"collapse\" data-bs-target=\"#collapse-c819954c-fef1-444c-af04-5a8f9206bc0b\" aria-expanded=\"false\" aria-control=\"collapse-c819954c-fef1-444c-af04-5a8f9206bc0b\">4. Iterativni pristup<\/button><\/h2><div id=\"collapse-c819954c-fef1-444c-af04-5a8f9206bc0b\" class=\"accordion-collapse collapse\" aria-labelledby=\"heading-c819954c-fef1-444c-af04-5a8f9206bc0b\" data-bs-parent=\"#accordion-3e636d9d-8d78-4e63-925e-19e4f020e8e4\"><div class=\"accordion-body\">\n<p>Konsultantski pristup slijedi agilne principe: male objave, brza implementacija, kontinuirana povratna informacija. To \u010dini uspjeh projekta transparentnim i kontrolabilnim.<\/p>\n<\/div><\/div><\/div>\n\n\n\n<div class=\"wp-block-teufels-accordion-item accordion-item\"><h2 class=\"accordion-header\" id=\"heading-6a29fd6c-4ed5-4189-8eee-fccc8a3db726\"><button class=\"accordion-button collapsed\" data-bs-toggle=\"collapse\" data-bs-target=\"#collapse-6a29fd6c-4ed5-4189-8eee-fccc8a3db726\" aria-expanded=\"false\" aria-control=\"collapse-6a29fd6c-4ed5-4189-8eee-fccc8a3db726\">5. Upravljanje promjenama kao faktor uspjeha<\/button><\/h2><div id=\"collapse-6a29fd6c-4ed5-4189-8eee-fccc8a3db726\" class=\"accordion-collapse collapse\" aria-labelledby=\"heading-6a29fd6c-4ed5-4189-8eee-fccc8a3db726\" data-bs-parent=\"#accordion-3e636d9d-8d78-4e63-925e-19e4f020e8e4\"><div class=\"accordion-body\">\n<p>Prelazak na procesno orijentirani rad i standardizirani sustav zahtijeva kulturnu promjenu. Savjetodavni pristup integrira komunikaciju, obuku i upravljanje dionicima u ranoj fazi.<\/p>\n<\/div><\/div><\/div>\n<\/div>\n<\/div>\n\n\n\n<div class=\"wp-block-column col-12 is-layout-flow wp-block-column-is-layout-flow\">\n<figure class=\"wp-block-image size-large\"><img loading=\"lazy\" decoding=\"async\" width=\"1920\" height=\"1081\" src=\"https:\/\/solutions.axians.com\/sap\/wp-content\/uploads\/2025\/08\/DSC4468-2-1920x1081.jpg\" alt=\"\" class=\"wp-image-5460\" srcset=\"https:\/\/solutions.axians.com\/sap\/wp-content\/uploads\/2025\/08\/DSC4468-2-1920x1081.jpg 1920w, https:\/\/solutions.axians.com\/sap\/wp-content\/uploads\/2025\/08\/DSC4468-2-800x450.jpg 800w, https:\/\/solutions.axians.com\/sap\/wp-content\/uploads\/2025\/08\/DSC4468-2-768x432.jpg 768w, https:\/\/solutions.axians.com\/sap\/wp-content\/uploads\/2025\/08\/DSC4468-2-1536x864.jpg 1536w, https:\/\/solutions.axians.com\/sap\/wp-content\/uploads\/2025\/08\/DSC4468-2-2048x1153.jpg 2048w\" sizes=\"auto, (max-width: 1920px) 100vw, 1920px\" \/><\/figure>\n<\/div>\n<\/div>\n<\/div>\n<\/section>\n\n\n\n<section class=\"wp-block-group headline-text-slider-icon-text is-layout-constrained wp-block-group-is-layout-constrained\">\n<div class=\"wp-block-group container is-layout-flow wp-block-group-is-layout-flow\">\n<div class=\"wp-block-columns row is-layout-flex wp-block-columns-is-layout-flex\">\n<div class=\"wp-block-column col-12 is-layout-flow wp-block-column-is-layout-flow\">\n<h2 class=\"wp-block-heading headline\">Prednosti proceduralnog savjetodavnog pristupa<\/h2>\n\n\n\n<p><\/p>\n\n\n\n<div class=\"wp-block-group slider-icon-text swiper is-layout-flow wp-block-group-is-layout-flow\">\n<div class=\"wp-block-group swiper-wrapper is-layout-flow wp-block-group-is-layout-flow\">\n<div class=\"wp-block-group swiper-slide is-layout-flow wp-block-group-is-layout-flow\">\n<h3 class=\"wp-block-heading headline\"><strong>Br\u017ea implementacija<\/strong><\/h3>\n\n\n\n<p>putem unaprijed definiranih procesa<\/p>\n<\/div>\n\n\n\n<div class=\"wp-block-group swiper-slide is-layout-flow wp-block-group-is-layout-flow\">\n<h3 class=\"wp-block-heading headline\"><strong>Ni\u017ei operativni tro\u0161kovi<\/strong><\/h3>\n\n\n\n<p>zahvaljuju\u0107i standardizaciji<\/p>\n<\/div>\n\n\n\n<div class=\"wp-block-group swiper-slide is-layout-flow wp-block-group-is-layout-flow\">\n<h3 class=\"wp-block-heading headline\"><strong>Ve\u0107a transparentnost<\/strong><\/h3>\n\n\n\n<p>u procesima i odgovornostima<\/p>\n<\/div>\n\n\n\n<div class=\"wp-block-group swiper-slide is-layout-flow wp-block-group-is-layout-flow\">\n<h3 class=\"wp-block-heading headline\"><strong>Maksimalna skalabilnost<\/strong><\/h3>\n\n\n\n<p>za budu\u0107i rast<\/p>\n<\/div>\n\n\n\n<div class=\"wp-block-group swiper-slide is-layout-flow wp-block-group-is-layout-flow\">\n<h3 class=\"wp-block-heading headline\"><strong>Brzi inovacijski ciklusi<\/strong><\/h3>\n\n\n\n<p>putem redovitih a\u017euriranja SAP-a<\/p>\n<\/div>\n\n\n<\/div>\n<\/div>\n<\/div>\n<\/div>\n<\/div>\n<\/section>\n\n\n\n<section class=\"wp-block-group image-text-2-columns is-layout-constrained wp-block-group-is-layout-constrained\">\n<div class=\"wp-block-group container is-layout-flow wp-block-group-is-layout-flow\">\n<div class=\"wp-block-columns row is-layout-flex wp-block-columns-is-layout-flex\">\n<div class=\"wp-block-column col-12 is-layout-flow wp-block-column-is-layout-flow\">\n<figure class=\"wp-block-image size-full\"><img loading=\"lazy\" decoding=\"async\" width=\"2000\" height=\"1126\" src=\"https:\/\/solutions.axians.com\/sap\/wp-content\/uploads\/2025\/09\/DSC4493-2.jpg\" alt=\"\" class=\"wp-image-5554\" style=\"aspect-ratio:4\/3;object-fit:cover\" srcset=\"https:\/\/solutions.axians.com\/sap\/wp-content\/uploads\/2025\/09\/DSC4493-2.jpg 2000w, https:\/\/solutions.axians.com\/sap\/wp-content\/uploads\/2025\/09\/DSC4493-2-800x450.jpg 800w, https:\/\/solutions.axians.com\/sap\/wp-content\/uploads\/2025\/09\/DSC4493-2-1920x1081.jpg 1920w, https:\/\/solutions.axians.com\/sap\/wp-content\/uploads\/2025\/09\/DSC4493-2-768x432.jpg 768w, https:\/\/solutions.axians.com\/sap\/wp-content\/uploads\/2025\/09\/DSC4493-2-1536x865.jpg 1536w\" sizes=\"auto, (max-width: 2000px) 100vw, 2000px\" \/><\/figure>\n<\/div>\n\n\n\n<div class=\"wp-block-column col-12 is-layout-flow wp-block-column-is-layout-flow\">\n<h2 class=\"wp-block-heading headline\">Na\u0161i SAP konzultanti<\/h2>\n\n\n\n<p>Na\u0161i konzultanti donose vi\u0161e od samog SAP znanja kao stru\u010dnjaci za procese, partneri i pokreta\u010di promjena. Zahvaljuju\u0107i redovitim certifikacijama i dodatnoj obuci, uvijek su u toku s najnovijim SAP razvojem.<\/p>\n\n\n\n<p>Rado \u0107emo vam na zahtjev dostaviti konkretne <strong>profile konzultanata<\/strong>.<\/p>\n\n\n\n<div class=\"wp-block-buttons is-layout-flex wp-block-buttons-is-layout-flex\">\n<div class=\"wp-block-button is-style-primary\"><a class=\"wp-block-button__link wp-element-button\" href=\"https:\/\/solutions.axians.com\/sap\/hr\/kontakt\/\">Zatra\u017eite profile konzultanata odmah<\/a><\/div>\n<\/div>\n<\/div>\n<\/div>\n<\/div>\n<\/section>\n\n\n\n<section class=\"wp-block-group headline-text-slider-icon-text is-layout-constrained wp-block-group-is-layout-constrained\">\n<div class=\"wp-block-group container is-layout-flow wp-block-group-is-layout-flow\">\n<div class=\"wp-block-columns row is-layout-flex wp-block-columns-is-layout-flex\">\n<div class=\"wp-block-column col-12 is-layout-flow wp-block-column-is-layout-flow\">\n<h2 class=\"wp-block-heading headline\">Tipi\u010dna podru\u010dja fokusa na\u0161ih timova:<\/h2>\n\n\n\n<p><\/p>\n\n\n\n<div class=\"wp-block-group slider-icon-text swiper is-layout-flow wp-block-group-is-layout-flow\">\n<div class=\"wp-block-group swiper-wrapper is-layout-flow wp-block-group-is-layout-flow\">\n<div class=\"wp-block-group swiper-slide is-layout-flow wp-block-group-is-layout-flow\">\n\n\n<h3 class=\"wp-block-heading headline\">SAP Cloud ERP i S\/4HANA (u oblaku i na lokaciji)<\/h3>\n\n\n\n<p>Prate\u0107i vas od strategije do pu\u0161tanja u rad, koristimo provjerene metode kako bismo osigurali brz i niskorizi\u010dan prijelaz na SAP S\/4HANA.<\/p>\n<\/div>\n\n\n\n<div class=\"wp-block-group swiper-slide is-layout-flow wp-block-group-is-layout-flow\">\n\n\n<h3 class=\"wp-block-heading headline\">Financije, CX, Logistika, HCM, Analitika<\/h3>\n\n\n\n<p>S dubinskim stru\u010dnim znanjem o procesima \u010dinimo va\u0161e klju\u010dne procese u\u010dinkovitijima za ve\u0107u transparentnost, automatizaciju i zadovoljstvo kupaca.<\/p>\n<\/div>\n\n\n\n<div class=\"wp-block-group swiper-slide is-layout-flow wp-block-group-is-layout-flow\">\n\n\n<h3 class=\"wp-block-heading headline\">Integracijska arhitektura<\/h3>\n\n\n\n<p>Dizajniramo arhitekture sigurne za integraciju koje besprijekorno povezuju sustave, stvaraju\u0107i stabilne procese od po\u010detka do kraja.<\/p>\n<\/div>\n\n\n\n<div class=\"wp-block-group swiper-slide is-layout-flow wp-block-group-is-layout-flow\">\n\n\n<h3 class=\"wp-block-heading headline\">Upravljanje promjenama<\/h3>\n\n\n\n<p>Osiguravamo da svi podr\u017eavaju transformacije kroz jasnu komunikaciju, obuku i odr\u017eivo ukorjenjivanje unutar tvrtke.<\/p>\n<\/div>\n\n\n<\/div>\n<\/div>\n<\/div>\n<\/div>\n<\/div>\n<\/section>\n\n\n\n<section class=\"wp-block-group image-quote-slider is-layout-constrained wp-block-group-is-layout-constrained\">\n<div class=\"wp-block-group container is-layout-flow wp-block-group-is-layout-flow\">\n<div class=\"wp-block-columns row is-layout-flex wp-block-columns-is-layout-flex\">\n<div class=\"wp-block-column col-12 is-layout-flow wp-block-column-is-layout-flow\">\n<div class=\"wp-block-group slider-quote swiper is-layout-flow wp-block-group-is-layout-flow\">\n<div class=\"wp-block-group swiper-wrapper is-layout-flow wp-block-group-is-layout-flow\">\n<div class=\"wp-block-group swiper-slide is-layout-flow wp-block-group-is-layout-flow\">\n<figure class=\"wp-block-image size-full\"><img loading=\"lazy\" decoding=\"async\" width=\"1254\" height=\"836\" src=\"https:\/\/solutions.axians.com\/sap\/wp-content\/uploads\/2025\/08\/iStock-1413766112-1.jpg\" alt=\"\" class=\"wp-image-5556\" srcset=\"https:\/\/solutions.axians.com\/sap\/wp-content\/uploads\/2025\/08\/iStock-1413766112-1.jpg 1254w, https:\/\/solutions.axians.com\/sap\/wp-content\/uploads\/2025\/08\/iStock-1413766112-1-800x533.jpg 800w, https:\/\/solutions.axians.com\/sap\/wp-content\/uploads\/2025\/08\/iStock-1413766112-1-768x512.jpg 768w\" sizes=\"auto, (max-width: 1254px) 100vw, 1254px\" \/><\/figure>\n\n\n\n<div class=\"wp-block-group is-layout-flow wp-block-group-is-layout-flow\">\n<blockquote class=\"wp-block-quote is-layout-flow wp-block-quote-is-layout-flow\">\n<p>\u0160to nas je uvjerilo? Ne samo stru\u010dnost SAP-a, nego i na\u010din na koji su na\u0161i zaposlenici bili uklju\u010deni.<\/p>\n<cite>IT menad\u017eer industrijske tvrtke<\/cite><\/blockquote>\n\n\n<\/div>\n<\/div>\n\n\n\n<div class=\"wp-block-group swiper-slide is-layout-flow wp-block-group-is-layout-flow\">\n<figure class=\"wp-block-image size-full\"><img loading=\"lazy\" decoding=\"async\" width=\"1254\" height=\"836\" src=\"https:\/\/solutions.axians.com\/sap\/wp-content\/uploads\/2025\/08\/iStock-1413766112-2.jpg\" alt=\"\" class=\"wp-image-5555\" srcset=\"https:\/\/solutions.axians.com\/sap\/wp-content\/uploads\/2025\/08\/iStock-1413766112-2.jpg 1254w, https:\/\/solutions.axians.com\/sap\/wp-content\/uploads\/2025\/08\/iStock-1413766112-2-800x533.jpg 800w, https:\/\/solutions.axians.com\/sap\/wp-content\/uploads\/2025\/08\/iStock-1413766112-2-768x512.jpg 768w\" sizes=\"auto, (max-width: 1254px) 100vw, 1254px\" \/><\/figure>\n\n\n\n<div class=\"wp-block-group is-layout-flow wp-block-group-is-layout-flow\">\n<blockquote class=\"wp-block-quote is-layout-flow wp-block-quote-is-layout-flow\">\n<p>Jasno izra\u017eavanje, strukturirani pristup, iskren savjet. Tako \u017eelite da va\u0161 projektni tim bude.<\/p>\n<cite>Upravljanje projektima za trgova\u010dko poduze\u0107e srednje veli\u010dine<\/cite><\/blockquote>\n\n\n<\/div>\n<\/div>\n<\/div>\n<\/div>\n<\/div>\n<\/div>\n<\/div>\n<\/section>\n","protected":false},"excerpt":{"rendered":"<p>SAP savjetovanje koje razumije procese i uklju\u010duje ljude Razumijevanje, strukturiranje i provo\u0111enje procesa Na\u0161 SAP konzultantski pristup donosi jasno\u0107u slo\u017eenim softverskim okru\u017eenjima, uz dobro promi\u0161ljenu metodologiju i odgovaraju\u0107u razinu prakti\u010dne relevantnosti. Na\u0161a podru\u010dja SAP savjetovanja Axiansov savjetodavni pristup: za\u0161to su procesi u fokusu? Za razliku od tradicionalnih IT implementacija, koje se \u010desto usredoto\u010duju na funkcije [&hellip;]<\/p>\n","protected":false},"author":1,"featured_media":0,"parent":5487,"menu_order":0,"comment_status":"closed","ping_status":"closed","template":"","meta":{"footnotes":""},"class_list":["post-5557","page","type-page","status-publish","hentry"],"lang":"hr","translations":{"hr":5557,"de":201,"at":2503,"en":4541},"pll_sync_post":{},"_links":{"self":[{"href":"https:\/\/solutions.axians.com\/sap\/wp-json\/wp\/v2\/pages\/5557","targetHints":{"allow":["GET"]}}],"collection":[{"href":"https:\/\/solutions.axians.com\/sap\/wp-json\/wp\/v2\/pages"}],"about":[{"href":"https:\/\/solutions.axians.com\/sap\/wp-json\/wp\/v2\/types\/page"}],"author":[{"embeddable":true,"href":"https:\/\/solutions.axians.com\/sap\/wp-json\/wp\/v2\/users\/1"}],"replies":[{"embeddable":true,"href":"https:\/\/solutions.axians.com\/sap\/wp-json\/wp\/v2\/comments?post=5557"}],"version-history":[{"count":5,"href":"https:\/\/solutions.axians.com\/sap\/wp-json\/wp\/v2\/pages\/5557\/revisions"}],"predecessor-version":[{"id":7657,"href":"https:\/\/solutions.axians.com\/sap\/wp-json\/wp\/v2\/pages\/5557\/revisions\/7657"}],"up":[{"embeddable":true,"href":"https:\/\/solutions.axians.com\/sap\/wp-json\/wp\/v2\/pages\/5487"}],"wp:attachment":[{"href":"https:\/\/solutions.axians.com\/sap\/wp-json\/wp\/v2\/media?parent=5557"}],"curies":[{"name":"wp","href":"https:\/\/api.w.org\/{rel}","templated":true}]}}