{"id":5527,"date":"2026-03-31T12:23:02","date_gmt":"2026-03-31T11:23:02","guid":{"rendered":"https:\/\/solutions.axians.com\/sap\/?page_id=5527"},"modified":"2026-04-03T10:53:01","modified_gmt":"2026-04-03T09:53:01","slug":"sap-za-postojece-sap-korisnike","status":"publish","type":"page","link":"https:\/\/solutions.axians.com\/sap\/hr\/poslovna-transformacija\/sap-za-postojece-sap-korisnike\/","title":{"rendered":"SAP za postoje\u0107e SAP korisnike"},"content":{"rendered":"\n<section class=\"wp-block-group stage-subpage is-layout-constrained wp-block-group-is-layout-constrained\">\n<figure class=\"wp-block-image size-full\"><img loading=\"lazy\" decoding=\"async\" width=\"1365\" height=\"768\" src=\"https:\/\/solutions.axians.com\/sap\/wp-content\/uploads\/2025\/08\/iStock-1266452444.jpg\" alt=\"Uspon sa SAP-om: od zastarjelog IT-a do inteligentnog oblaka\" class=\"wp-image-5526\" style=\"aspect-ratio:2.3333333333333335;object-fit:cover\" srcset=\"https:\/\/solutions.axians.com\/sap\/wp-content\/uploads\/2025\/08\/iStock-1266452444.jpg 1365w, https:\/\/solutions.axians.com\/sap\/wp-content\/uploads\/2025\/08\/iStock-1266452444-800x450.jpg 800w, https:\/\/solutions.axians.com\/sap\/wp-content\/uploads\/2025\/08\/iStock-1266452444-768x432.jpg 768w\" sizes=\"auto, (max-width: 1365px) 100vw, 1365px\" \/><\/figure>\n\n\n\n<div class=\"wp-block-group container is-layout-flow wp-block-group-is-layout-flow\">\n<div class=\"wp-block-columns row is-layout-flex wp-block-columns-is-layout-flex\">\n<div class=\"wp-block-column col-12 is-layout-flow wp-block-column-is-layout-flow\">\n<h1 class=\"wp-block-heading headline\">Kako migrirati u oblak kao SAP korisnik<\/h1>\n\n\n\n<p>SAP Cloud ERP private<em>:<\/em> Od zastarjelog IT-a do inteligentnog oblaka&nbsp;<\/p>\n<\/div>\n<\/div>\n<\/div>\n<\/section>\n\n\n\n<section class=\"wp-block-group breadcrumb is-layout-constrained wp-block-group-is-layout-constrained\">\n<div class=\"wp-block-group container is-layout-flow wp-block-group-is-layout-flow\">\n<div class=\"wp-block-columns row is-layout-flex wp-block-columns-is-layout-flex\">\n<div class=\"wp-block-column col-12 is-layout-flow wp-block-column-is-layout-flow\"><nav aria-label=\"breadcrumbs\" class=\"rank-math-breadcrumb\"><p><span class=\"last\">Home<\/span><\/p><\/nav>\n<\/div>\n<\/div>\n<\/div>\n<\/section>\n\n\n\n<section class=\"wp-block-group text-image-2-columns is-layout-constrained wp-block-group-is-layout-constrained\">\n<div class=\"wp-block-group container is-layout-flow wp-block-group-is-layout-flow\">\n<div class=\"wp-block-columns row is-layout-flex wp-block-columns-is-layout-flex\">\n<div class=\"wp-block-column col-12 is-layout-flow wp-block-column-is-layout-flow\">\n<h2 class=\"wp-block-heading headline\">RISE with SAP: Od on-premise sustava do ERP-a u oblaku<\/h2>\n\n\n\n<p>Stari ERP sustavi poput SAP ECC-a, rascjepkani izvori podataka i izolirani procesi ometaju inovacije i prilagodljivost.&nbsp;<\/p>\n\n\n\n<p><strong>RISE with SAP nudi vam cjelovit pristup za prevladavanje ovih prepreka:<\/strong>&nbsp;<\/p>\n\n\n\n<ul class=\"wp-block-list\">\n<li><strong>Inteligentni agenti<\/strong> za automatizaciju i odgovor u stvarnom vremenu <\/li>\n\n\n\n<li><strong>Integrirane aplikacije<\/strong> za cjelovite procese <\/li>\n\n\n\n<li><strong>Pouzdani podaci<\/strong> kao osnova za stvaranje istinske vrijednosti umjetne inteligencije <\/li>\n<\/ul>\n\n\n<\/div>\n\n\n\n<div class=\"wp-block-column col-12 is-layout-flow wp-block-column-is-layout-flow\">\n<figure class=\"wp-block-image size-full\"><img loading=\"lazy\" decoding=\"async\" width=\"1365\" height=\"768\" src=\"https:\/\/solutions.axians.com\/sap\/wp-content\/uploads\/2025\/08\/iStock-1477152593.jpg\" alt=\"\" class=\"wp-image-5525\" style=\"aspect-ratio:16\/9;object-fit:cover\" srcset=\"https:\/\/solutions.axians.com\/sap\/wp-content\/uploads\/2025\/08\/iStock-1477152593.jpg 1365w, https:\/\/solutions.axians.com\/sap\/wp-content\/uploads\/2025\/08\/iStock-1477152593-800x450.jpg 800w, https:\/\/solutions.axians.com\/sap\/wp-content\/uploads\/2025\/08\/iStock-1477152593-768x432.jpg 768w\" sizes=\"auto, (max-width: 1365px) 100vw, 1365px\" \/><\/figure>\n<\/div>\n<\/div>\n<\/div>\n<\/section>\n\n\n\n<section class=\"wp-block-group default-text is-layout-constrained wp-block-group-is-layout-constrained\">\n<div class=\"wp-block-group container is-layout-flow wp-block-group-is-layout-flow\">\n<div class=\"wp-block-columns row is-layout-flex wp-block-columns-is-layout-flex\">\n<div class=\"wp-block-column col-12 col-lg-9 is-layout-flow wp-block-column-is-layout-flow\">\n<h2 class=\"wp-block-heading headline\">RISE with SAP: holisti\u010dki put do privatnog oblaka za postoje\u0107e SAP korisnike<\/h2>\n\n\n\n<p>Za postoje\u0107e SAP korisnike.<br><em>RISE with SAP<\/em> namijenjen je tvrtkama koje ve\u0107 koriste SAP i suo\u010dene su s izazovom transformacije zastarjelih sustavnih krajolika, visoke slo\u017eenosti i fragmentiranih procesa u modernu, integriranu arhitekturu u oblaku. Rje\u0161enje nudi jasno strukturiran put transformacije \u2013 tehni\u010dki, proceduralni i organizacijski \u2013 prema inteligentnom, skalabilnom ERP-u u oblaku.&nbsp;<\/p>\n<\/div>\n<\/div>\n<\/div>\n<\/section>\n\n\n\n<section class=\"wp-block-group process-4-col is-layout-constrained wp-block-group-is-layout-constrained\">\n<div class=\"wp-block-group container is-layout-flow wp-block-group-is-layout-flow\">\n<div class=\"wp-block-columns row is-layout-flex wp-block-columns-is-layout-flex\">\n<div class=\"wp-block-column col-12 is-layout-flow wp-block-column-is-layout-flow\">\n<div class=\"wp-block-group step step--1 is-layout-flow wp-block-group-is-layout-flow\">\n<div class=\"wp-block-group tags is-layout-flow wp-block-group-is-layout-flow\">\n<p>SAP ECC<\/p>\n\n\n\n<p>Aplikacije i rje\u0161enja tre\u0107ih strana<\/p>\n<\/div>\n<\/div>\n\n\n\n<div class=\"wp-block-group step step--2 is-layout-flow wp-block-group-is-layout-flow\">\n<div class=\"wp-block-group tag is-layout-constrained wp-block-group-is-layout-constrained\">\n<p>Rise with SAP<\/p>\n\n\n\n<div class=\"wp-block-group popoverContent is-layout-flow wp-block-group-is-layout-flow\">\n<ul class=\"wp-block-list\">\n<li>Upravljanje znanjem<\/li>\n\n\n\n<li>Alati i usluge<\/li>\n\n\n\n<li>Dokazane najbolje prakse<\/li>\n\n\n\n<li>Lean procesi<\/li>\n<\/ul>\n<\/div>\n<\/div>\n<\/div>\n\n\n\n<div class=\"wp-block-group step step--3 is-layout-flow wp-block-group-is-layout-flow\">\n<div class=\"wp-block-group tags is-layout-flow wp-block-group-is-layout-flow\">\n<p>Radikalna transformacija<\/p>\n\n\n\n<p>Transformacija u vi\u0161e koraka<\/p>\n<\/div>\n<\/div>\n\n\n\n<div class=\"wp-block-group step step--4 is-layout-flow wp-block-group-is-layout-flow\">\n<div class=\"wp-block-group tag is-layout-constrained wp-block-group-is-layout-constrained\">\n<p>MODERNI ERP U OBLAKU<\/p>\n\n\n\n<div class=\"wp-block-group popoverContent is-layout-flow wp-block-group-is-layout-flow\">\n<ul class=\"wp-block-list\">\n<li>Brzi rast<\/li>\n\n\n\n<li>Isplativa implementacija<\/li>\n\n\n\n<li>Ugra\u0111ena umjetna inteligencija, automatizacija i analitika<\/li>\n<\/ul>\n<\/div>\n<\/div>\n<\/div>\n<\/div>\n<\/div>\n<\/div>\n<\/section>\n\n\n\n<section class=\"wp-block-group headline-accordion is-layout-constrained wp-block-group-is-layout-constrained\">\n<div class=\"wp-block-group container is-layout-flow wp-block-group-is-layout-flow\">\n<div class=\"wp-block-columns row is-layout-flex wp-block-columns-is-layout-flex\">\n<div class=\"wp-block-column col-12 is-layout-flow wp-block-column-is-layout-flow\">\n<h2 class=\"wp-block-heading headline\">Integrirani SAP alati za modernizaciju va\u0161eg IT okru\u017eenja&nbsp;<\/h2>\n\n\n\n<div class=\"wp-block-teufels-accordion accordion\" id=\"accordion-8a913931-6c9d-4de2-8037-14a7641ba447\">\n<div class=\"wp-block-teufels-accordion-item accordion-item\"><h2 class=\"accordion-header\" id=\"heading-56780df8-0444-4dd3-b107-43c49e5f508a\"><button class=\"accordion-button collapsed\" data-bs-toggle=\"collapse\" data-bs-target=\"#collapse-56780df8-0444-4dd3-b107-43c49e5f508a\" aria-expanded=\"false\" aria-control=\"collapse-56780df8-0444-4dd3-b107-43c49e5f508a\">Kome je Rise with SAP namijen?<\/button><\/h2><div id=\"collapse-56780df8-0444-4dd3-b107-43c49e5f508a\" class=\"accordion-collapse collapse\" aria-labelledby=\"heading-56780df8-0444-4dd3-b107-43c49e5f508a\" data-bs-parent=\"#accordion-8a913931-6c9d-4de2-8037-14a7641ba447\"><div class=\"accordion-body\">\n<p>RISE with SAP je namijenjen tvrtkama koje:&nbsp;<\/p>\n\n\n\n<ul class=\"wp-block-list\">\n<li>\u017dele zamijeniti naslije\u0111ene sustave modernim ERP okru\u017eenjem<\/li>\n\n\n\n<li>\u017dele digitalizirati i automatizirati svoje procese <\/li>\n\n\n\n<li>\u017dele u\u010dinkovito rasti uz standardizirane najbolje prakse<\/li>\n\n\n\n<li>\u017dele uspostaviti odr\u017eivu i inovativnu IT infrastrukturu.<\/li>\n<\/ul>\n\n\n\n<p>Bilo da ste <strong>velika korporacija<\/strong>, <strong>srednja tvrtka vode\u0107a na tr\u017ei\u0161tu<\/strong> ili <strong>globalni igra\u010d<\/strong>, RISE with SAP je idealna polazna to\u010dka za transformaciju u oblaku.&nbsp;<\/p>\n<\/div><\/div><\/div>\n\n\n\n<div class=\"wp-block-teufels-accordion-item accordion-item\"><h2 class=\"accordion-header\" id=\"heading-b346b44c-0ab4-44c9-8354-9e9db6f63eb4\"><button class=\"accordion-button collapsed\" data-bs-toggle=\"collapse\" data-bs-target=\"#collapse-b346b44c-0ab4-44c9-8354-9e9db6f63eb4\" aria-expanded=\"false\" aria-control=\"collapse-b346b44c-0ab4-44c9-8354-9e9db6f63eb4\">Razli\u010diti putevi na RISE putovanju: va\u0161a individualna po\u010detna to\u010dka je va\u017ena<\/button><\/h2><div id=\"collapse-b346b44c-0ab4-44c9-8354-9e9db6f63eb4\" class=\"accordion-collapse collapse\" aria-labelledby=\"heading-b346b44c-0ab4-44c9-8354-9e9db6f63eb4\" data-bs-parent=\"#accordion-8a913931-6c9d-4de2-8037-14a7641ba447\"><div class=\"accordion-body\">\n<p>Ne polazi svaka tvrtka s iste po\u010detne to\u010dke, i zato je RISE with SAP osmi\u0161ljen da bude fleksibilan. Status quo va\u0161eg sustava odre\u0111uje odabir puta transformacije:&nbsp;<\/p>\n\n\n\n<ul class=\"wp-block-list\">\n<li><strong>Greenfield<\/strong>: Gradite ne\u0161to novo od nule \u2013 idealno za tvrtke koje \u017eele zamijeniti stare sustave i usvojiti najbolje prakse. <\/li>\n\n\n\n<li><strong>Brownfield<\/strong>: Migrirate postoje\u0107i SAP okoli\u0161 \u2013 s konverzijom sustava i o\u010duvanjem povijesnih podataka. <\/li>\n\n\n\n<li><strong>Selektivna transformacija<\/strong>: Modernizirate odre\u0111ene dijelove va\u0161eg sustava. <\/li>\n\n\n\n<li><strong>On-premise kao polazna to\u010dka<\/strong>: Va\u0161e RISE putovanje tako\u0111er mo\u017ee zapo\u010deti ovdje \u2013 s jasnim odrednicama na putu prema oblaku.<\/li>\n<\/ul>\n\n\n\n<p>Na\u0161i stru\u010dnjaci pomo\u0107i \u0107e vam odabrati najbolji put za vas \u2013 tehni\u010dki, organizacijski i strate\u0161ki.&nbsp;<\/p>\n<\/div><\/div><\/div>\n<\/div>\n\n\n\n<div class=\"wp-block-buttons is-layout-flex wp-block-buttons-is-layout-flex\">\n<div class=\"wp-block-button is-style-primary\"><a class=\"wp-block-button__link wp-element-button\" href=\"https:\/\/solutions.axians.com\/sap\/hr\/kontakt\/\">Dogovorite termin konzultacije<\/a><\/div>\n<\/div>\n<\/div>\n<\/div>\n<\/div>\n<\/section>\n\n\n\n<section class=\"wp-block-group headline-facts is-layout-constrained wp-block-group-is-layout-constrained\">\n<div class=\"wp-block-group container is-layout-flow wp-block-group-is-layout-flow\">\n<div class=\"wp-block-columns row is-layout-flex wp-block-columns-is-layout-flex\">\n<div class=\"wp-block-column col-12 col-lg-9 is-layout-flow wp-block-column-is-layout-flow\">\n<h2 class=\"wp-block-heading headline\">Prakti\u010dno iskustvo&nbsp;<\/h2>\n<\/div>\n<\/div>\n\n\n\n<div class=\"wp-block-columns row is-layout-flex wp-block-columns-is-layout-flex\">\n<div class=\"wp-block-column col-12 col-lg-3 is-layout-flow wp-block-column-is-layout-flow\">\n<p class=\"number\">75%<\/p>\n\n\n\n<p><strong>Dodatna poslovna vrijednost<\/strong> kroz kontinuiranu upotrebu inovacija*<\/p>\n<\/div>\n\n\n\n<div class=\"wp-block-column col-12 col-lg-3 is-layout-flow wp-block-column-is-layout-flow\">\n<p class=\"number\">80 posto<\/p>\n\n\n\n<p><strong>Ni\u017ei tro\u0161kovi<\/strong> implementacije primjena umjetne inteligencije*<\/p>\n<\/div>\n\n\n\n<div class=\"wp-block-column col-12 col-lg-3 is-layout-flow wp-block-column-is-layout-flow\">\n<p class=\"number\">30%<\/p>\n\n\n\n<p><strong>ni\u017ei tro\u0161kovi<\/strong> razvoja aplikacija*&nbsp;<\/p>\n<\/div>\n\n\n\n<div class=\"wp-block-column col-12 col-lg-3 is-layout-flow wp-block-column-is-layout-flow\">\n<p class=\"number\">25 posto<\/p>\n\n\n\n<p><strong>br\u017ee lansiranje<\/strong> novih aplikacija na tr\u017ei\u0161te*<\/p>\n<\/div>\n<\/div>\n\n\n\n<p>Prikupio SAP SE<\/p>\n<\/div>\n<\/section>\n\n\n\n<section class=\"wp-block-group headline-text-slider-icon-text is-layout-constrained wp-block-group-is-layout-constrained\">\n<div class=\"wp-block-group container is-layout-flow wp-block-group-is-layout-flow\">\n<div class=\"wp-block-columns row is-layout-flex wp-block-columns-is-layout-flex\">\n<div class=\"wp-block-column col-12 is-layout-flow wp-block-column-is-layout-flow\">\n<h2 class=\"wp-block-heading headline\">Prilago\u0111ena transformacija za korisnike SAP ERP-a&nbsp;<\/h2>\n\n\n\n<p><em>RISE with SAP<\/em> je osmi\u0161ljen posebno za korisnike SAP ERP-a kako bi im omogu\u0107io brzu i u\u010dinkovitu migraciju na SAP Business Suite. U ovom pristupu kombinira se:&nbsp;<\/p>\n\n\n\n<div class=\"wp-block-group slider-icon-text swiper is-layout-flow wp-block-group-is-layout-flow\">\n<div class=\"wp-block-group swiper-wrapper is-layout-flow wp-block-group-is-layout-flow\">\n<div class=\"wp-block-group swiper-slide is-layout-flow wp-block-group-is-layout-flow\">\n<h3 class=\"wp-block-heading headline\">Dokazana metodologija<\/h3>\n\n\n\n<p>&nbsp;Ubrzajte transformaciju standardiziranim okvirom, integriranim alatima i iskusnim timom za vo\u0111enje.&nbsp;<\/p>\n<\/div>\n\n\n\n<div class=\"wp-block-group swiper-slide is-layout-flow wp-block-group-is-layout-flow\">\n<h3 class=\"wp-block-heading headline\">Pouzdan rad u oblaku<\/h3>\n\n\n\n<p>&nbsp;s maksimalnom stabilno\u0161\u0107u, sigurno\u0161\u0107u i dostupno\u0161\u0107u&nbsp;<\/p>\n<\/div>\n\n\n\n<div class=\"wp-block-group swiper-slide is-layout-flow wp-block-group-is-layout-flow\">\n<h3 class=\"wp-block-heading headline\">Za\u0161tita ulaganja&nbsp;<\/h3>\n\n\n\n<p>putem fleksibilnih modela licenciranja i kredita za transformaciju koji nadokna\u0111uju tro\u0161kove migracije i tehnologije&nbsp;<\/p>\n<\/div>\n\n\n\n<div class=\"wp-block-group swiper-slide is-layout-flow wp-block-group-is-layout-flow\">\n<h3 class=\"wp-block-heading headline\">Predvidljiva struktura tro\u0161kova<\/h3>\n\n\n\n<p>tijekom cijelog trajanja ugovora o oblaku&nbsp;<\/p>\n<\/div>\n<\/div>\n<\/div>\n\n\n\n<p><strong>Pratimo vas na va\u0161em putu prema rastu poslovanja<\/strong><\/p>\n\n\n\n<div class=\"wp-block-buttons is-layout-flex wp-block-buttons-is-layout-flex\">\n<div class=\"wp-block-button is-style-primary\"><a class=\"wp-block-button__link wp-element-button\" href=\"https:\/\/solutions.axians.com\/sap\/hr\/kontakt\/\">Kontaktirajte nas<\/a><\/div>\n<\/div>\n<\/div>\n<\/div>\n<\/div>\n<\/section>\n\n\n\n<section class=\"wp-block-group reference-image-slider swiper is-layout-constrained wp-block-group-is-layout-constrained\">\n<div class=\"wp-block-group container is-layout-flow wp-block-group-is-layout-flow\">\n<div class=\"wp-block-columns row is-layout-flex wp-block-columns-is-layout-flex\">\n<div class=\"wp-block-column col-12 is-layout-flow wp-block-column-is-layout-flow\">\n<h2 class=\"wp-block-heading headline section-headline\">Uspjesi na\u0161ih klijenata&nbsp;&nbsp;<\/h2>\n<\/div>\n<\/div>\n<\/div>\n\n\n\n<div class=\"wp-block-group container-fluid swiper-wrapper is-layout-flow wp-block-group-is-layout-flow\">\n<div class=\"wp-block-group swiper-slide is-layout-flow wp-block-group-is-layout-flow\">\n<div class=\"wp-block-group content container is-layout-flow wp-block-group-is-layout-flow\">\n<figure class=\"wp-block-image size-full\"><img decoding=\"async\" src=\"https:\/\/solutions.axians.com\/sap\/wp-content\/uploads\/2025\/10\/frutura.svg\" alt=\"Logo Frutura\" class=\"wp-image-5399\"\/><\/figure>\n\n\n\n<h3 class=\"wp-block-heading headline\">Digitalna snaga procesa za svje\u017ee vo\u0107e i povr\u0107e u Fruturi<\/h3>\n\n\n\n<p>Frutura je vode\u0107i austrijski proizvo\u0111a\u010d i trgovac vo\u0107em i povr\u0107em, koji svakodnevno opskrbljuje trgovce svje\u017eim proizvodima. Kako bi bolje upravljala rastom, logistikom i osiguranjem kvalitete, tvrtka je sura\u0111ivala s Axiansom na uvo\u0111enju SAP S\/4HANA kao svog novog centralnog ERP sustava.<\/p>\n\n\n\n<div class=\"wp-block-buttons is-layout-flex wp-block-buttons-is-layout-flex\">\n<div class=\"wp-block-button is-style-primary\"><a class=\"wp-block-button__link wp-element-button\" href=\"https:\/\/solutions.axians.com\/sap\/hr\/referenzen\/frutura-se-oslanja-na-sap-aribu\/\">O projektu<\/a><\/div>\n<\/div>\n<\/div>\n\n\n\n<figure class=\"wp-block-image size-full\"><img loading=\"lazy\" decoding=\"async\" width=\"1420\" height=\"700\" src=\"https:\/\/solutions.axians.com\/sap\/wp-content\/uploads\/2025\/09\/Frutura_Suppy_chain-slider.jpg\" alt=\"\" class=\"wp-image-5524\" srcset=\"https:\/\/solutions.axians.com\/sap\/wp-content\/uploads\/2025\/09\/Frutura_Suppy_chain-slider.jpg 1420w, https:\/\/solutions.axians.com\/sap\/wp-content\/uploads\/2025\/09\/Frutura_Suppy_chain-slider-800x394.jpg 800w, https:\/\/solutions.axians.com\/sap\/wp-content\/uploads\/2025\/09\/Frutura_Suppy_chain-slider-768x379.jpg 768w\" sizes=\"auto, (max-width: 1420px) 100vw, 1420px\" \/><\/figure>\n<\/div>\n\n\n\n<div class=\"wp-block-group swiper-slide is-layout-flow wp-block-group-is-layout-flow\">\n<div class=\"wp-block-group content container is-layout-flow wp-block-group-is-layout-flow\">\n<figure class=\"wp-block-image size-full\"><img decoding=\"async\" src=\"https:\/\/solutions.axians.com\/sap\/wp-content\/uploads\/2025\/10\/Wollsdorf-3.svg\" alt=\"\" class=\"wp-image-5490\"\/><\/figure>\n\n\n\n<h3 class=\"wp-block-heading headline\">Odr\u017eiv korak prema u\u010dinkovitosti i dosljednosti &#8211; Wollsdorf Leder Schmidt &amp; Co Ges.m.b.H.<\/h3>\n\n\n\n<p>SAP konzultantski projekt usmjeren je na migraciju ra\u010dunovodstvenog podru\u010dja za Hrvatsku iz postoje\u0107eg sustava ECC 6.0 u SAP S\/4HANA sustav iz Walldorfa. Opseg usluga u su\u0161tini je uklju\u010divao sljede\u0107e to\u010dke:&nbsp;<\/p>\n\n\n\n<div class=\"wp-block-buttons is-layout-flex wp-block-buttons-is-layout-flex\">\n<div class=\"wp-block-button is-style-primary\"><a class=\"wp-block-button__link wp-element-button\" href=\"https:\/\/solutions.axians.com\/sap\/hr\/referenzen\/wollsdorf-leder-migrira-na-sap-s-4hana\/\">O projektu<\/a><\/div>\n<\/div>\n<\/div>\n\n\n\n<figure class=\"wp-block-image size-full\"><img loading=\"lazy\" decoding=\"async\" width=\"1420\" height=\"700\" src=\"https:\/\/solutions.axians.com\/sap\/wp-content\/uploads\/2025\/09\/Wallsdorf_Leder-Slider.jpg\" alt=\"\" class=\"wp-image-5493\" srcset=\"https:\/\/solutions.axians.com\/sap\/wp-content\/uploads\/2025\/09\/Wallsdorf_Leder-Slider.jpg 1420w, https:\/\/solutions.axians.com\/sap\/wp-content\/uploads\/2025\/09\/Wallsdorf_Leder-Slider-800x394.jpg 800w, https:\/\/solutions.axians.com\/sap\/wp-content\/uploads\/2025\/09\/Wallsdorf_Leder-Slider-768x379.jpg 768w\" sizes=\"auto, (max-width: 1420px) 100vw, 1420px\" \/><\/figure>\n<\/div>\n\n\n<\/div>\n<\/section>\n\n\n\n<p><\/p>\n","protected":false},"excerpt":{"rendered":"<p>Kako migrirati u oblak kao SAP korisnik SAP Cloud ERP private: Od zastarjelog IT-a do inteligentnog oblaka&nbsp; RISE with SAP: Od on-premise sustava do ERP-a u oblaku Stari ERP sustavi poput SAP ECC-a, rascjepkani izvori podataka i izolirani procesi ometaju inovacije i prilagodljivost.&nbsp; RISE with SAP nudi vam cjelovit pristup za prevladavanje ovih prepreka:&nbsp; RISE [&hellip;]<\/p>\n","protected":false},"author":1,"featured_media":0,"parent":5501,"menu_order":0,"comment_status":"closed","ping_status":"closed","template":"","meta":{"footnotes":""},"class_list":["post-5527","page","type-page","status-publish","hentry"],"lang":"hr","translations":{"hr":5527,"de":197,"at":2995,"en":4608},"pll_sync_post":{},"_links":{"self":[{"href":"https:\/\/solutions.axians.com\/sap\/wp-json\/wp\/v2\/pages\/5527","targetHints":{"allow":["GET"]}}],"collection":[{"href":"https:\/\/solutions.axians.com\/sap\/wp-json\/wp\/v2\/pages"}],"about":[{"href":"https:\/\/solutions.axians.com\/sap\/wp-json\/wp\/v2\/types\/page"}],"author":[{"embeddable":true,"href":"https:\/\/solutions.axians.com\/sap\/wp-json\/wp\/v2\/users\/1"}],"replies":[{"embeddable":true,"href":"https:\/\/solutions.axians.com\/sap\/wp-json\/wp\/v2\/comments?post=5527"}],"version-history":[{"count":11,"href":"https:\/\/solutions.axians.com\/sap\/wp-json\/wp\/v2\/pages\/5527\/revisions"}],"predecessor-version":[{"id":7781,"href":"https:\/\/solutions.axians.com\/sap\/wp-json\/wp\/v2\/pages\/5527\/revisions\/7781"}],"up":[{"embeddable":true,"href":"https:\/\/solutions.axians.com\/sap\/wp-json\/wp\/v2\/pages\/5501"}],"wp:attachment":[{"href":"https:\/\/solutions.axians.com\/sap\/wp-json\/wp\/v2\/media?parent=5527"}],"curies":[{"name":"wp","href":"https:\/\/api.w.org\/{rel}","templated":true}]}}