{"id":5478,"date":"2026-03-31T09:06:26","date_gmt":"2026-03-31T08:06:26","guid":{"rendered":"https:\/\/solutions.axians.com\/sap\/?page_id=5478"},"modified":"2026-04-15T11:17:39","modified_gmt":"2026-04-15T10:17:39","slug":"sektori","status":"publish","type":"page","link":"https:\/\/solutions.axians.com\/sap\/hr\/sektori\/","title":{"rendered":"Sektori"},"content":{"rendered":"\n<section class=\"wp-block-group stage-subpage is-layout-constrained wp-block-group-is-layout-constrained\">\n<figure class=\"wp-block-image size-full\"><img loading=\"lazy\" decoding=\"async\" width=\"1365\" height=\"768\" src=\"https:\/\/solutions.axians.com\/sap\/wp-content\/uploads\/2025\/08\/iStock-1331790190.jpg\" alt=\"\" class=\"wp-image-5477\" style=\"aspect-ratio:21\/9;object-fit:cover\" srcset=\"https:\/\/solutions.axians.com\/sap\/wp-content\/uploads\/2025\/08\/iStock-1331790190.jpg 1365w, https:\/\/solutions.axians.com\/sap\/wp-content\/uploads\/2025\/08\/iStock-1331790190-800x450.jpg 800w, https:\/\/solutions.axians.com\/sap\/wp-content\/uploads\/2025\/08\/iStock-1331790190-768x432.jpg 768w\" sizes=\"auto, (max-width: 1365px) 100vw, 1365px\" \/><\/figure>\n\n\n\n<div class=\"wp-block-group container is-layout-flow wp-block-group-is-layout-flow\">\n<div class=\"wp-block-columns row is-layout-flex wp-block-columns-is-layout-flex\">\n<div class=\"wp-block-column col-12 is-layout-flow wp-block-column-is-layout-flow\">\n<h1 class=\"wp-block-heading headline\">Sektori<\/h1>\n\n\n\n<p>SAP rje\u0161enja prilago\u0111ena industriji koja podi\u017eu u\u010dinkovitost, poti\u010du inovacije i ja\u010daju konkurentnost.<\/p>\n<\/div>\n<\/div>\n<\/div>\n<\/section>\n\n\n\n<section class=\"wp-block-group breadcrumb is-layout-constrained wp-block-group-is-layout-constrained\">\n<div class=\"wp-block-group container is-layout-flow wp-block-group-is-layout-flow\">\n<div class=\"wp-block-columns row is-layout-flex wp-block-columns-is-layout-flex\">\n<div class=\"wp-block-column col-12 is-layout-flow wp-block-column-is-layout-flow\"><nav aria-label=\"breadcrumbs\" class=\"rank-math-breadcrumb\"><p><span class=\"last\">Home<\/span><\/p><\/nav>\n<\/div>\n<\/div>\n<\/div>\n<\/section>\n\n\n\n<section class=\"wp-block-group text-centered-gradient is-layout-constrained wp-block-group-is-layout-constrained\">\n<div class=\"wp-block-group container is-layout-flow wp-block-group-is-layout-flow\">\n<div class=\"wp-block-columns row is-layout-flex wp-block-columns-is-layout-flex\">\n<div class=\"wp-block-column col-12 is-layout-flow wp-block-column-is-layout-flow\">\n<h2 class=\"wp-block-heading headline\">Na\u0161a stru\u010dnost za va\u0161u granu industrije<\/h2>\n\n\n\n<p>Svaka industrija ima svoje izazove, a mi pru\u017eamo prava rje\u0161enja. Bilo da poslujete u IT industriji, strojarstvu, gra\u0111evini ili sigurnosti i obrani, na\u0161im dubinskim poznavanjem industrije i inovativnim SAP rje\u0161enjima mo\u017eemo vam pomo\u0107i optimizirati procese, smanjiti tro\u0161kove i pove\u0107ati va\u0161u prednost.<\/p>\n<\/div>\n<\/div>\n<\/div>\n<\/section>\n\n\n\n<section class=\"wp-block-group slider-image-text-3-col is-layout-constrained wp-block-group-is-layout-constrained\">\n<div class=\"wp-block-group container is-layout-flow wp-block-group-is-layout-flow\">\n<div class=\"wp-block-columns row is-layout-flex wp-block-columns-is-layout-flex\">\n<div class=\"wp-block-column col-12 is-layout-flow wp-block-column-is-layout-flow\">\n<h2 class=\"wp-block-heading headline\">Sektori<\/h2>\n\n\n\n<div class=\"wp-block-group swiper-image-text-3-col swiper is-layout-flow wp-block-group-is-layout-flow\">\n<div class=\"wp-block-group swiper-wrapper is-layout-flow wp-block-group-is-layout-flow\">\n<div class=\"wp-block-group swiper-slide is-layout-flow wp-block-group-is-layout-flow\">\n<figure class=\"wp-block-gallery has-nested-images columns-default is-cropped wp-block-gallery-1 is-layout-flex wp-block-gallery-is-layout-flex\">\n<figure class=\"wp-block-image size-full\"><img loading=\"lazy\" decoding=\"async\" width=\"1277\" height=\"821\" data-id=\"6747\" src=\"https:\/\/solutions.axians.com\/sap\/wp-content\/uploads\/2026\/03\/auto-industry.jpg\" alt=\"\" class=\"wp-image-6747\" style=\"aspect-ratio:4\/3;object-fit:cover\" srcset=\"https:\/\/solutions.axians.com\/sap\/wp-content\/uploads\/2026\/03\/auto-industry.jpg 1277w, https:\/\/solutions.axians.com\/sap\/wp-content\/uploads\/2026\/03\/auto-industry-800x514.jpg 800w, https:\/\/solutions.axians.com\/sap\/wp-content\/uploads\/2026\/03\/auto-industry-768x494.jpg 768w\" sizes=\"auto, (max-width: 1277px) 100vw, 1277px\" \/><\/figure>\n<\/figure>\n\n\n\n<div class=\"wp-block-group is-layout-flow wp-block-group-is-layout-flow\">\n<h3 class=\"wp-block-heading headline\">Automotive&nbsp;<\/h3>\n\n\n\n<p>Transformacija poslovanja u automobilskoj industriji kroz integrirane podatkovne i poslovne platforme.<\/p>\n\n\n\n<div class=\"wp-block-buttons is-layout-flex wp-block-buttons-is-layout-flex\">\n<div class=\"wp-block-button is-style-primary\"><a class=\"wp-block-button__link wp-element-button\" href=\"https:\/\/solutions.axians.com\/sap\/hr\/automotive\/\" target=\"_blank\" rel=\"noreferrer noopener\">Saznajte vi\u0161e<\/a><\/div>\n<\/div>\n<\/div>\n<\/div>\n\n\n\n<div class=\"wp-block-group swiper-slide is-layout-flow wp-block-group-is-layout-flow\">\n<figure class=\"wp-block-gallery has-nested-images columns-default is-cropped wp-block-gallery-2 is-layout-flex wp-block-gallery-is-layout-flex\">\n<figure class=\"wp-block-image size-full\"><img loading=\"lazy\" decoding=\"async\" width=\"1277\" height=\"821\" data-id=\"6763\" src=\"https:\/\/solutions.axians.com\/sap\/wp-content\/uploads\/2026\/03\/Wholesale-1.jpg\" alt=\"\" class=\"wp-image-6763\" style=\"aspect-ratio:4\/3;object-fit:cover\" srcset=\"https:\/\/solutions.axians.com\/sap\/wp-content\/uploads\/2026\/03\/Wholesale-1.jpg 1277w, https:\/\/solutions.axians.com\/sap\/wp-content\/uploads\/2026\/03\/Wholesale-1-800x514.jpg 800w, https:\/\/solutions.axians.com\/sap\/wp-content\/uploads\/2026\/03\/Wholesale-1-768x494.jpg 768w\" sizes=\"auto, (max-width: 1277px) 100vw, 1277px\" \/><\/figure>\n<\/figure>\n\n\n\n<div class=\"wp-block-group is-layout-flow wp-block-group-is-layout-flow\">\n<h3 class=\"wp-block-heading headline\">Wholesale and Distribution<\/h3>\n\n\n\n<p>Inteligentno upravljanje distribucijom i zalihama za uspjeh u dinami\u010dnom tr\u017ei\u0161tu.&nbsp;<\/p>\n\n\n\n<div class=\"wp-block-buttons is-layout-flex wp-block-buttons-is-layout-flex\">\n<div class=\"wp-block-button is-style-primary\"><a class=\"wp-block-button__link wp-element-button\" href=\"https:\/\/solutions.axians.com\/sap\/hr\/sektori\/wholesale-and-distribution\/\" target=\"_blank\" rel=\"noreferrer noopener\">Saznajte vi\u0161e<\/a><\/div>\n<\/div>\n<\/div>\n<\/div>\n\n\n\n<div class=\"wp-block-group swiper-slide is-layout-flow wp-block-group-is-layout-flow\">\n<figure class=\"wp-block-image size-full is-resized\"><img loading=\"lazy\" decoding=\"async\" width=\"1277\" height=\"821\" src=\"https:\/\/solutions.axians.com\/sap\/wp-content\/uploads\/2026\/03\/LifeSciences.jpg\" alt=\"\" class=\"wp-image-6799\" style=\"aspect-ratio:4\/3;object-fit:cover;width:523px;height:auto\" srcset=\"https:\/\/solutions.axians.com\/sap\/wp-content\/uploads\/2026\/03\/LifeSciences.jpg 1277w, https:\/\/solutions.axians.com\/sap\/wp-content\/uploads\/2026\/03\/LifeSciences-800x514.jpg 800w, https:\/\/solutions.axians.com\/sap\/wp-content\/uploads\/2026\/03\/LifeSciences-768x494.jpg 768w\" sizes=\"auto, (max-width: 1277px) 100vw, 1277px\" \/><\/figure>\n\n\n\n<div class=\"wp-block-group is-layout-flow wp-block-group-is-layout-flow\">\n<h3 class=\"wp-block-heading headline\">Life Sciences<\/h3>\n\n\n\n<p>Sigurnost, inovacije i uskla\u0111enost s regulativom. Povezujemo istra\u017eivanje, proizvodnju i distribuciju u transparentan i kontroliran sustav, podr\u017eavaju\u0107i razvoj terapija i zadovoljavanje regulatornih standarda.<\/p>\n\n\n\n<div class=\"wp-block-buttons is-layout-flex wp-block-buttons-is-layout-flex\">\n<div class=\"wp-block-button is-style-primary\"><a class=\"wp-block-button__link wp-element-button\" href=\"https:\/\/solutions.axians.com\/sap\/hr\/life-sciences\/\" target=\"_blank\" rel=\"noreferrer noopener\">Saznajte vi\u0161e<\/a><\/div>\n<\/div>\n<\/div>\n<\/div>\n\n\n\n<div class=\"wp-block-group swiper-slide is-layout-flow wp-block-group-is-layout-flow\">\n<figure class=\"wp-block-image size-full is-resized\"><img loading=\"lazy\" decoding=\"async\" width=\"1277\" height=\"821\" src=\"https:\/\/solutions.axians.com\/sap\/wp-content\/uploads\/2026\/03\/Consumer-products1.jpg\" alt=\"\" class=\"wp-image-6791\" style=\"aspect-ratio:4\/3;object-fit:cover;width:511px;height:auto\" srcset=\"https:\/\/solutions.axians.com\/sap\/wp-content\/uploads\/2026\/03\/Consumer-products1.jpg 1277w, https:\/\/solutions.axians.com\/sap\/wp-content\/uploads\/2026\/03\/Consumer-products1-800x514.jpg 800w, https:\/\/solutions.axians.com\/sap\/wp-content\/uploads\/2026\/03\/Consumer-products1-768x494.jpg 768w\" sizes=\"auto, (max-width: 1277px) 100vw, 1277px\" \/><\/figure>\n\n\n\n<div class=\"wp-block-group is-layout-flow wp-block-group-is-layout-flow\">\n<h3 class=\"wp-block-heading headline\">Consumer Goods<\/h3>\n\n\n\n<p>Agilnost i iskustvo potro\u0161a\u010da u sredi\u0161tu. Brzo reagirajte na tr\u017ei\u0161ne trendove, upravljajte omnichannel prodajom i kreirajte personalizirane kampanje koje pove\u0107avaju zadovoljstvo i profitabilnost.<\/p>\n\n\n\n<div class=\"wp-block-buttons is-layout-flex wp-block-buttons-is-layout-flex\">\n<div class=\"wp-block-button is-style-primary\"><a class=\"wp-block-button__link wp-element-button\" href=\"https:\/\/solutions.axians.com\/sap\/hr\/consumer-goods\/\" target=\"_blank\" rel=\"noreferrer noopener\">Saznajte vi\u0161e<\/a><\/div>\n<\/div>\n<\/div>\n<\/div>\n<\/div>\n<\/div>\n<\/div>\n<\/div>\n<\/div>\n<\/section>\n\n\n\n<section id=\"kontakt\" class=\"wp-block-group contactperson is-layout-constrained wp-block-group-is-layout-constrained\">\n<div class=\"wp-block-group container is-layout-flow wp-block-group-is-layout-flow\">\n<div class=\"wp-block-columns row is-layout-flex wp-block-columns-is-layout-flex\">\n<div class=\"wp-block-column col-12 is-layout-flow wp-block-column-is-layout-flow\">\n<h2 class=\"wp-block-heading headline\">\u0160to mo\u017eemo u\u010diniti za vas?<\/h2>\n<\/div>\n\n\n\n<div class=\"wp-block-column col-12 is-layout-flow wp-block-column-is-layout-flow\">\n<figure class=\"wp-block-image size-full\"><img loading=\"lazy\" decoding=\"async\" width=\"1441\" height=\"1858\" src=\"https:\/\/solutions.axians.com\/sap\/wp-content\/uploads\/2026\/03\/Maja-Hleb-2.jpg\" alt=\"Maja Hleb\" class=\"wp-image-6456\" style=\"aspect-ratio:1;object-fit:cover\" srcset=\"https:\/\/solutions.axians.com\/sap\/wp-content\/uploads\/2026\/03\/Maja-Hleb-2.jpg 1441w, https:\/\/solutions.axians.com\/sap\/wp-content\/uploads\/2026\/03\/Maja-Hleb-2-620x800.jpg 620w, https:\/\/solutions.axians.com\/sap\/wp-content\/uploads\/2026\/03\/Maja-Hleb-2-768x990.jpg 768w, https:\/\/solutions.axians.com\/sap\/wp-content\/uploads\/2026\/03\/Maja-Hleb-2-1191x1536.jpg 1191w\" sizes=\"auto, (max-width: 1441px) 100vw, 1441px\" \/><\/figure>\n<\/div>\n\n\n\n<div class=\"wp-block-column col-12 is-layout-flow wp-block-column-is-layout-flow\">\n<h3 class=\"wp-block-heading headline\">Maja Hleb<\/h3>\n\n\n\n<p class=\"section-headline\">SAP Sales Representative<\/p>\n\n\n\n<div class=\"wp-block-group social is-layout-flow wp-block-group-is-layout-flow\">\n<figure class=\"wp-block-image size-full\"><a class=\"https:\/\/www.linkedin.com\/in\/michael-scharff\/\" href=\"https:\/\/www.linkedin.com\/in\/maja-hleb-562951101\/\" target=\"_blank\" rel=\" noreferrer noopener\"><img decoding=\"async\" src=\"\/sap\/wp-content\/uploads\/2025\/06\/icon-linkedin.svg\" alt=\"logo\"\/><\/a><\/figure>\n\n\n\n<figure class=\"wp-block-image size-full\"><a href=\"tel:+385 91 460 3066\"><img decoding=\"async\" src=\"https:\/\/solutions.axians.com\/sap\/wp-content\/uploads\/2025\/09\/phone-icon-contact.svg\" alt=\"\" class=\"wp-image-5406\"\/><\/a><\/figure>\n<\/div>\n\n\n\n<div class=\"wp-block-buttons is-layout-flex wp-block-buttons-is-layout-flex\">\n<div class=\"wp-block-button is-style-primary\"><a class=\"wp-block-button__link wp-element-button\" href=\"https:\/\/meetings-eu1.hubspot.com\/maja-hleb?uuid=4619c942-4289-4176-a824-d2431bd4aae0\" target=\"_blank\" rel=\"noreferrer noopener\">Rezervirajte termin sada<\/a><\/div>\n<\/div>\n\n\n<\/div>\n<\/div>\n<\/div>\n<\/section>\n","protected":false},"excerpt":{"rendered":"<p>Sektori SAP rje\u0161enja prilago\u0111ena industriji koja podi\u017eu u\u010dinkovitost, poti\u010du inovacije i ja\u010daju konkurentnost. Na\u0161a stru\u010dnost za va\u0161u granu industrije Svaka industrija ima svoje izazove, a mi pru\u017eamo prava rje\u0161enja. Bilo da poslujete u IT industriji, strojarstvu, gra\u0111evini ili sigurnosti i obrani, na\u0161im dubinskim poznavanjem industrije i inovativnim SAP rje\u0161enjima mo\u017eemo vam pomo\u0107i optimizirati procese, smanjiti [&hellip;]<\/p>\n","protected":false},"author":1,"featured_media":0,"parent":0,"menu_order":0,"comment_status":"closed","ping_status":"closed","template":"","meta":{"footnotes":""},"class_list":["post-5478","page","type-page","status-publish","hentry"],"lang":"hr","translations":{"hr":5478,"de":265,"at":2828,"en":4693},"pll_sync_post":{},"_links":{"self":[{"href":"https:\/\/solutions.axians.com\/sap\/wp-json\/wp\/v2\/pages\/5478","targetHints":{"allow":["GET"]}}],"collection":[{"href":"https:\/\/solutions.axians.com\/sap\/wp-json\/wp\/v2\/pages"}],"about":[{"href":"https:\/\/solutions.axians.com\/sap\/wp-json\/wp\/v2\/types\/page"}],"author":[{"embeddable":true,"href":"https:\/\/solutions.axians.com\/sap\/wp-json\/wp\/v2\/users\/1"}],"replies":[{"embeddable":true,"href":"https:\/\/solutions.axians.com\/sap\/wp-json\/wp\/v2\/comments?post=5478"}],"version-history":[{"count":9,"href":"https:\/\/solutions.axians.com\/sap\/wp-json\/wp\/v2\/pages\/5478\/revisions"}],"predecessor-version":[{"id":7996,"href":"https:\/\/solutions.axians.com\/sap\/wp-json\/wp\/v2\/pages\/5478\/revisions\/7996"}],"wp:attachment":[{"href":"https:\/\/solutions.axians.com\/sap\/wp-json\/wp\/v2\/media?parent=5478"}],"curies":[{"name":"wp","href":"https:\/\/api.w.org\/{rel}","templated":true}]}}