{"id":4417,"date":"2025-12-11T10:24:28","date_gmt":"2025-12-11T10:24:28","guid":{"rendered":"https:\/\/solutions.axians.com\/sap\/?page_id=4417"},"modified":"2025-12-11T10:24:28","modified_gmt":"2025-12-11T10:24:28","slug":"uber-uns","status":"publish","type":"page","link":"https:\/\/solutions.axians.com\/sap\/at\/uber-uns\/","title":{"rendered":"\u00dcber uns"},"content":{"rendered":"\n<section class=\"wp-block-group stage-subpage is-layout-constrained wp-block-group-is-layout-constrained\">\n<figure class=\"wp-block-image size-full\"><img loading=\"lazy\" decoding=\"async\" width=\"2560\" height=\"1441\" src=\"https:\/\/solutions.axians.com\/sap\/wp-content\/uploads\/2025\/08\/DSC4468-2-scaled.jpg\" alt=\"\" class=\"wp-image-2500\" style=\"aspect-ratio:21\/9;object-fit:cover\" srcset=\"https:\/\/solutions.axians.com\/sap\/wp-content\/uploads\/2025\/08\/DSC4468-2-scaled.jpg 2560w, https:\/\/solutions.axians.com\/sap\/wp-content\/uploads\/2025\/08\/DSC4468-2-800x450.jpg 800w, https:\/\/solutions.axians.com\/sap\/wp-content\/uploads\/2025\/08\/DSC4468-2-1920x1081.jpg 1920w, https:\/\/solutions.axians.com\/sap\/wp-content\/uploads\/2025\/08\/DSC4468-2-768x432.jpg 768w, https:\/\/solutions.axians.com\/sap\/wp-content\/uploads\/2025\/08\/DSC4468-2-1536x864.jpg 1536w, https:\/\/solutions.axians.com\/sap\/wp-content\/uploads\/2025\/08\/DSC4468-2-2048x1153.jpg 2048w\" sizes=\"auto, (max-width: 2560px) 100vw, 2560px\" \/><\/figure>\n\n\n\n<div class=\"wp-block-group container is-layout-flow wp-block-group-is-layout-flow\">\n<div class=\"wp-block-columns row is-layout-flex wp-block-columns-is-layout-flex\">\n<div class=\"wp-block-column col-12 is-layout-flow wp-block-column-is-layout-flow\">\n<h1 class=\"wp-block-heading headline\">Gemeinsam mehr bewegen \u2013 Unsere SAP-Berater bei Axians<\/h1>\n\n\n\n<p><\/p>\n<\/div>\n<\/div>\n<\/div>\n<\/section>\n\n\n\n<section class=\"wp-block-group breadcrumb is-layout-constrained wp-block-group-is-layout-constrained\">\n<div class=\"wp-block-group container is-layout-flow wp-block-group-is-layout-flow\">\n<div class=\"wp-block-columns row is-layout-flex wp-block-columns-is-layout-flex\">\n<div class=\"wp-block-column col-12 is-layout-flow wp-block-column-is-layout-flow\"><nav aria-label=\"breadcrumbs\" class=\"rank-math-breadcrumb\"><p><span class=\"last\">Home<\/span><\/p><\/nav>\n<\/div>\n<\/div>\n<\/div>\n<\/section>\n\n\n\n<section class=\"wp-block-group text-centered-gradient is-layout-constrained wp-block-group-is-layout-constrained\">\n<div class=\"wp-block-group container is-layout-flow wp-block-group-is-layout-flow\">\n<div class=\"wp-block-columns row is-layout-flex wp-block-columns-is-layout-flex\">\n<div class=\"wp-block-column col-12 is-layout-flow wp-block-column-is-layout-flow\">\n<h2 class=\"wp-block-heading headline\">Axians ist die ICT-Marke von VINCI Energies und vereint globale Kompetenz und lokale N\u00e4he.<\/h2>\n\n\n\n<p>Mit 3.225 Expert:innen in Deutschland und 16.600 Spezialist:innen weltweit vereint Axians globale Kompetenz und lokale N\u00e4he. Wir bieten ein umfassendes ICT-Portfolio \u2013 von IT-Infrastrukturen \u00fcber smarte Softwarel\u00f6sungen bis hin zu IT-Betrieb und Services. So unterst\u00fctzen wir Unternehmen branchen\u00fcbergreifend dabei, Prozesse zu optimieren und digitale Gesch\u00e4ftsstrategien zukunftssicher umzusetzen.<\/p>\n\n\n\n<p>Mit langj\u00e4hrigem SAP-Know-How begleitet Axians Unternehmen bei Beratung, Implementierung und Betrieb moderner SAP-L\u00f6sungen \u2013 von der Roadmap bis zum t\u00e4glichen Betrieb. Unser Anspruch: L\u00f6sungen entwickeln, die Menschen und Organisationen nachhaltig voranbringen. Dabei steht nicht die Technik allein im Fokus, sondern die Menschen, die sie nutzen. Gemeinsam gestalten wir L\u00f6sungen, die Ihre digitale Zukunft sichern.<\/p>\n\n\n\n<p><strong>The best of ICT with a human touch.<\/strong><\/p>\n\n\n\n<div class=\"wp-block-buttons is-layout-flex wp-block-buttons-is-layout-flex\">\n<div class=\"wp-block-button is-style-primary\"><a class=\"wp-block-button__link wp-element-button\" href=\"https:\/\/www.axians.de\/uber-uns\/\" target=\"_blank\" rel=\"noreferrer noopener\">Mehr zu Axians erfahren<\/a><\/div>\n<\/div>\n<\/div>\n<\/div>\n<\/div>\n<\/section>\n\n\n\n<section class=\"wp-block-group headline-facts is-layout-constrained wp-block-group-is-layout-constrained\">\n<div class=\"wp-block-group container is-layout-flow wp-block-group-is-layout-flow\">\n<div class=\"wp-block-columns row is-layout-flex wp-block-columns-is-layout-flex\">\n<div class=\"wp-block-column col-12 col-lg-9 is-layout-flow wp-block-column-is-layout-flow\">\n<h2 class=\"wp-block-heading headline\">Axians SAP-Expertise auf einem Blick<\/h2>\n<\/div>\n<\/div>\n\n\n\n<div class=\"wp-block-columns row is-layout-flex wp-block-columns-is-layout-flex\">\n<div class=\"wp-block-column col-12 col-lg-3 is-layout-flow wp-block-column-is-layout-flow\">\n<p class=\"number\">+25<\/p>\n\n\n\n<p>Jahre SAP-Branchenerfahrung&nbsp;<\/p>\n<\/div>\n\n\n\n<div class=\"wp-block-column col-12 col-lg-3 is-layout-flow wp-block-column-is-layout-flow\">\n<p class=\"number\">+1000&nbsp;<\/p>\n\n\n\n<p>zufriedene SAP-Kunden in diversen Branchen&nbsp;<\/p>\n<\/div>\n\n\n\n<div class=\"wp-block-column col-12 col-lg-3 is-layout-flow wp-block-column-is-layout-flow\">\n<p class=\"number\">+500<\/p>\n\n\n\n<p>SAP-Expert:innen in 10 europ\u00e4ischen L\u00e4ndern&nbsp;<\/p>\n<\/div>\n\n\n\n<div class=\"wp-block-column col-12 col-lg-3 is-layout-flow wp-block-column-is-layout-flow\">\n<p class=\"number\">+400<\/p>\n\n\n\n<p>SAP-Projekte, Beratungen &amp; Trainings pro Jahr&nbsp;<\/p>\n<\/div>\n<\/div>\n<\/div>\n<\/section>\n\n\n\n<section class=\"wp-block-group image-text-2-columns is-layout-constrained wp-block-group-is-layout-constrained\">\n<div class=\"wp-block-group container is-layout-flow wp-block-group-is-layout-flow\">\n<div class=\"wp-block-columns row is-layout-flex wp-block-columns-is-layout-flex\">\n<div class=\"wp-block-column col-12 is-layout-flow wp-block-column-is-layout-flow\">\n<figure class=\"wp-block-image size-full\"><img loading=\"lazy\" decoding=\"async\" width=\"2000\" height=\"1126\" src=\"https:\/\/solutions.axians.com\/sap\/wp-content\/uploads\/2025\/09\/DSC4602-2.jpg\" alt=\"\" class=\"wp-image-2929\" style=\"aspect-ratio:16\/9;object-fit:cover\" srcset=\"https:\/\/solutions.axians.com\/sap\/wp-content\/uploads\/2025\/09\/DSC4602-2.jpg 2000w, https:\/\/solutions.axians.com\/sap\/wp-content\/uploads\/2025\/09\/DSC4602-2-800x450.jpg 800w, https:\/\/solutions.axians.com\/sap\/wp-content\/uploads\/2025\/09\/DSC4602-2-1920x1081.jpg 1920w, https:\/\/solutions.axians.com\/sap\/wp-content\/uploads\/2025\/09\/DSC4602-2-768x432.jpg 768w, https:\/\/solutions.axians.com\/sap\/wp-content\/uploads\/2025\/09\/DSC4602-2-1536x865.jpg 1536w\" sizes=\"auto, (max-width: 2000px) 100vw, 2000px\" \/><\/figure>\n<\/div>\n\n\n\n<div class=\"wp-block-column col-12 is-layout-flow wp-block-column-is-layout-flow\">\n<h2 class=\"wp-block-heading headline\">Was uns ausmacht&nbsp;<\/h2>\n\n\n\n<p>Unsere Teams sind mehr als nur Berater:innen \u2013 sie sind Branchenversteher:innen, Strateg:innen, M\u00f6glichmacher:innen und Br\u00fcckenbauer:innen.&nbsp;<\/p>\n\n\n\n<p><strong>Wir begleiten Sie ganzheitlich:&nbsp;<\/strong><\/p>\n\n\n\n<p>Wir h\u00f6ren genau zu, denken \u00fcber Standards hinaus und stellen Ihre Bed\u00fcrfnisse in den Vordergrund. Dabei glauben wir fest daran, dass wirkliche Ver\u00e4nderung nur mit Menschen gelingt.&nbsp;<\/p>\n\n\n\n<p><strong>Deshalb stehen bei uns im Vordergrund:&nbsp;<\/strong><\/p>\n\n\n\n<ul class=\"wp-block-list\">\n<li>H\u00f6chster Anspruch an Qualit\u00e4t und Zuverl\u00e4ssigkeit&nbsp;<\/li>\n\n\n\n<li>Wille zur kontinuierlichen Weiterentwicklung \u2013 gemeinsam mit Ihnen&nbsp;<\/li>\n\n\n\n<li>Wertsch\u00e4tzende Zusammenarbeit auf Augenh\u00f6he&nbsp;<\/li>\n<\/ul>\n\n\n\n<p>Wir verstehen SAP-Beratung als&nbsp;partnerschaftlichen Prozess. Ver\u00e4nderungen betrachten wir als Chancen und begleiten Sie dabei mit Klarheit, Struktur und ehrlicher Begeisterung.&nbsp;<\/p>\n<\/div>\n<\/div>\n<\/div>\n<\/section>\n\n\n\n<section class=\"wp-block-group text-image-2-columns is-layout-constrained wp-block-group-is-layout-constrained\">\n<div class=\"wp-block-group container is-layout-flow wp-block-group-is-layout-flow\">\n<div class=\"wp-block-columns row is-layout-flex wp-block-columns-is-layout-flex\">\n<div class=\"wp-block-column col-12 is-layout-flow wp-block-column-is-layout-flow\">\n<h2 class=\"wp-block-heading headline\">Europ\u00e4ische Pr\u00e4senz \u2013 Lokale St\u00e4rke in Deutschland &amp; \u00d6sterreich&nbsp;<\/h2>\n\n\n\n<p>Mit \u00fcber 500 SAP-Expert:innen in 10 europ\u00e4ischen L\u00e4ndern bieten wir Ihnen ein starkes Netzwerk mit internationaler Kompetenz. Gleichzeitig profitieren Sie von unserer lokalen Pr\u00e4senz und tiefgehenden Branchenkenntnissen speziell in Deutschland und \u00d6sterreich. So gew\u00e4hrleisten wir eine schnelle, pers\u00f6nliche und individuell zugeschnittene Beratung direkt vor Ort.&nbsp;<\/p>\n\n\n\n<div class=\"wp-block-buttons is-layout-flex wp-block-buttons-is-layout-flex\">\n<div class=\"wp-block-button is-style-primary\"><a class=\"wp-block-button__link wp-element-button\" href=\"https:\/\/www.axians.at\/das-sind-wir\/standorte-netzwerk\/\" target=\"_blank\" rel=\"noreferrer noopener nofollow\">Standorte<\/a><\/div>\n<\/div>\n<\/div>\n\n\n\n<div class=\"wp-block-column col-12 is-layout-flow wp-block-column-is-layout-flow\">\n<figure class=\"wp-block-image size-full\"><img decoding=\"async\" src=\"https:\/\/solutions.axians.com\/sap\/wp-content\/uploads\/2025\/09\/Europakarte.svg\" alt=\"\" class=\"wp-image-2930\" style=\"aspect-ratio:16\/9;object-fit:contain\"\/><\/figure>\n<\/div>\n<\/div>\n<\/div>\n<\/section>\n\n\n\n<section class=\"wp-block-group image-text-2-columns is-layout-constrained wp-block-group-is-layout-constrained\">\n<div class=\"wp-block-group container is-layout-flow wp-block-group-is-layout-flow\">\n<div class=\"wp-block-columns row is-layout-flex wp-block-columns-is-layout-flex\">\n<div class=\"wp-block-column col-12 is-layout-flow wp-block-column-is-layout-flow\">\n<figure class=\"wp-block-image size-full\"><img loading=\"lazy\" decoding=\"async\" width=\"2000\" height=\"1126\" src=\"https:\/\/solutions.axians.com\/sap\/wp-content\/uploads\/2025\/09\/DSC4800-2.jpg\" alt=\"\" class=\"wp-image-2927\" style=\"aspect-ratio:16\/9;object-fit:cover\" srcset=\"https:\/\/solutions.axians.com\/sap\/wp-content\/uploads\/2025\/09\/DSC4800-2.jpg 2000w, https:\/\/solutions.axians.com\/sap\/wp-content\/uploads\/2025\/09\/DSC4800-2-800x450.jpg 800w, https:\/\/solutions.axians.com\/sap\/wp-content\/uploads\/2025\/09\/DSC4800-2-1920x1081.jpg 1920w, https:\/\/solutions.axians.com\/sap\/wp-content\/uploads\/2025\/09\/DSC4800-2-768x432.jpg 768w, https:\/\/solutions.axians.com\/sap\/wp-content\/uploads\/2025\/09\/DSC4800-2-1536x865.jpg 1536w\" sizes=\"auto, (max-width: 2000px) 100vw, 2000px\" \/><\/figure>\n<\/div>\n\n\n\n<div class=\"wp-block-column col-12 is-layout-flow wp-block-column-is-layout-flow\">\n<h2 class=\"wp-block-heading headline\">SAP-Karriere bei Axians \u2013 Gestalten Sie mit uns die Zukunft!&nbsp;<\/h2>\n\n\n\n<p>Axians sucht Menschen, die digitale Transformation aktiv vorantreiben wollen. Als Arbeitgeber bieten wir Ihnen:&nbsp;<\/p>\n\n\n\n<ul class=\"wp-block-list\">\n<li>Spannende Projekte rund um SAP, Cloud und innovative Technologien&nbsp;wie AI<\/li>\n\n\n\n<li>Vielf\u00e4ltige Weiterbildungs- und Karrierem\u00f6glichkeiten&nbsp;<\/li>\n\n\n\n<li>Ein flexibles und wertsch\u00e4tzendes Arbeitsumfeld&nbsp;<\/li>\n<\/ul>\n\n\n\n<div class=\"wp-block-buttons is-layout-flex wp-block-buttons-is-layout-flex\">\n<div class=\"wp-block-button is-style-primary\"><a class=\"wp-block-button__link wp-element-button\" href=\"https:\/\/jobs.axians.de\/\" target=\"_blank\" rel=\"noreferrer noopener\">Jetzt Karrierechancen entdecken<\/a><\/div>\n<\/div>\n<\/div>\n<\/div>\n<\/div>\n<\/section>\n\n\n\n<section class=\"wp-block-group text-image-2-columns is-layout-constrained wp-block-group-is-layout-constrained\">\n<div class=\"wp-block-group container is-layout-flow wp-block-group-is-layout-flow\">\n<div class=\"wp-block-columns row is-layout-flex wp-block-columns-is-layout-flex\">\n<div class=\"wp-block-column col-12 is-layout-flow wp-block-column-is-layout-flow\">\n<h2 class=\"wp-block-heading headline\">Wir bieten Ihnen mehr als Beratung \u2013 ein starkes Gesamtpaket&nbsp;<\/h2>\n\n\n\n<p><strong>Mit Axians profitieren Sie von einem ganzheitlichen Portfolio&nbsp;<\/strong><\/p>\n\n\n\n<p>Wir verbinden die Leistungsst\u00e4rke von&nbsp;SAP als technologisches R\u00fcckgrat&nbsp;mit&nbsp;branchenfokussierter Beratung, einem bew\u00e4hrten&nbsp;Partnernetzwerk&nbsp;und eigenen,&nbsp;erweiternden L\u00f6sungen und Services.&nbsp;<\/p>\n\n\n\n<p>Ob Public Cloud, Hybrid oder On-Premise, wir begleiten Ihre Transformation&nbsp;end-to-end: von der Strategie bis zum Betrieb, lokal verankert und weltweit vernetzt.&nbsp;<\/p>\n\n\n\n<div class=\"wp-block-buttons is-layout-flex wp-block-buttons-is-layout-flex\">\n<div class=\"wp-block-button is-style-primary\"><a class=\"wp-block-button__link wp-element-button\" href=\"https:\/\/solutions.axians.com\/sap\/de\/sap-services\/\" target=\"_blank\" rel=\"noreferrer noopener\">Unsere Services<\/a><\/div>\n<\/div>\n<\/div>\n\n\n\n<div class=\"wp-block-column col-12 is-layout-flow wp-block-column-is-layout-flow\">\n<figure class=\"wp-block-image size-full\"><img loading=\"lazy\" decoding=\"async\" width=\"2000\" height=\"1126\" src=\"https:\/\/solutions.axians.com\/sap\/wp-content\/uploads\/2025\/09\/DSC4724-2.jpg\" alt=\"\" class=\"wp-image-2928\" style=\"aspect-ratio:16\/9;object-fit:cover\" srcset=\"https:\/\/solutions.axians.com\/sap\/wp-content\/uploads\/2025\/09\/DSC4724-2.jpg 2000w, https:\/\/solutions.axians.com\/sap\/wp-content\/uploads\/2025\/09\/DSC4724-2-800x450.jpg 800w, https:\/\/solutions.axians.com\/sap\/wp-content\/uploads\/2025\/09\/DSC4724-2-1920x1081.jpg 1920w, https:\/\/solutions.axians.com\/sap\/wp-content\/uploads\/2025\/09\/DSC4724-2-768x432.jpg 768w, https:\/\/solutions.axians.com\/sap\/wp-content\/uploads\/2025\/09\/DSC4724-2-1536x865.jpg 1536w\" sizes=\"auto, (max-width: 2000px) 100vw, 2000px\" \/><\/figure>\n<\/div>\n<\/div>\n<\/div>\n<\/section>\n","protected":false},"excerpt":{"rendered":"<p>Gemeinsam mehr bewegen \u2013 Unsere SAP-Berater bei Axians Axians ist die ICT-Marke von VINCI Energies und vereint globale Kompetenz und lokale N\u00e4he. Mit 3.225 Expert:innen in Deutschland und 16.600 Spezialist:innen weltweit vereint Axians globale Kompetenz und lokale N\u00e4he. Wir bieten ein umfassendes ICT-Portfolio \u2013 von IT-Infrastrukturen \u00fcber smarte Softwarel\u00f6sungen bis hin zu IT-Betrieb und Services. [&hellip;]<\/p>\n","protected":false},"author":9,"featured_media":0,"parent":0,"menu_order":0,"comment_status":"closed","ping_status":"closed","template":"","meta":{"footnotes":""},"class_list":["post-4417","page","type-page","status-publish","hentry"],"lang":"at","translations":{"at":4417,"de":261,"hr":5632},"pll_sync_post":[],"_links":{"self":[{"href":"https:\/\/solutions.axians.com\/sap\/wp-json\/wp\/v2\/pages\/4417","targetHints":{"allow":["GET"]}}],"collection":[{"href":"https:\/\/solutions.axians.com\/sap\/wp-json\/wp\/v2\/pages"}],"about":[{"href":"https:\/\/solutions.axians.com\/sap\/wp-json\/wp\/v2\/types\/page"}],"author":[{"embeddable":true,"href":"https:\/\/solutions.axians.com\/sap\/wp-json\/wp\/v2\/users\/9"}],"replies":[{"embeddable":true,"href":"https:\/\/solutions.axians.com\/sap\/wp-json\/wp\/v2\/comments?post=4417"}],"version-history":[{"count":1,"href":"https:\/\/solutions.axians.com\/sap\/wp-json\/wp\/v2\/pages\/4417\/revisions"}],"predecessor-version":[{"id":4418,"href":"https:\/\/solutions.axians.com\/sap\/wp-json\/wp\/v2\/pages\/4417\/revisions\/4418"}],"wp:attachment":[{"href":"https:\/\/solutions.axians.com\/sap\/wp-json\/wp\/v2\/media?parent=4417"}],"curies":[{"name":"wp","href":"https:\/\/api.w.org\/{rel}","templated":true}]}}