{"id":4407,"date":"2025-12-11T10:19:30","date_gmt":"2025-12-11T10:19:30","guid":{"rendered":"https:\/\/solutions.axians.com\/sap\/?page_id=4407"},"modified":"2025-12-11T10:19:30","modified_gmt":"2025-12-11T10:19:30","slug":"sap-services","status":"publish","type":"page","link":"https:\/\/solutions.axians.com\/sap\/de\/sap-services\/","title":{"rendered":"SAP Services"},"content":{"rendered":"\n<section class=\"wp-block-group stage-subpage is-layout-constrained wp-block-group-is-layout-constrained\">\n<figure class=\"wp-block-image size-full\"><img loading=\"lazy\" decoding=\"async\" width=\"1365\" height=\"768\" src=\"https:\/\/solutions.axians.com\/sap\/wp-content\/uploads\/2025\/08\/iStock-2159775570.jpg\" alt=\"\" class=\"wp-image-781\" style=\"aspect-ratio:21\/9;object-fit:cover\" srcset=\"https:\/\/solutions.axians.com\/sap\/wp-content\/uploads\/2025\/08\/iStock-2159775570.jpg 1365w, https:\/\/solutions.axians.com\/sap\/wp-content\/uploads\/2025\/08\/iStock-2159775570-800x450.jpg 800w, https:\/\/solutions.axians.com\/sap\/wp-content\/uploads\/2025\/08\/iStock-2159775570-768x432.jpg 768w\" sizes=\"auto, (max-width: 1365px) 100vw, 1365px\" \/><\/figure>\n\n\n\n<div class=\"wp-block-group container is-layout-flow wp-block-group-is-layout-flow\">\n<div class=\"wp-block-columns row is-layout-flex wp-block-columns-is-layout-flex\">\n<div class=\"wp-block-column col-12 is-layout-flow wp-block-column-is-layout-flow\">\n<h1 class=\"wp-block-heading headline\">SAP Services<\/h1>\n\n\n\n<p>Ganzheitliche Beratung, ma\u00dfgeschneiderte L\u00f6sungen, zuverl\u00e4ssiger Support.<\/p>\n<\/div>\n<\/div>\n<\/div>\n<\/section>\n\n\n\n<section class=\"wp-block-group breadcrumb is-layout-constrained wp-block-group-is-layout-constrained\">\n<div class=\"wp-block-group container is-layout-flow wp-block-group-is-layout-flow\">\n<div class=\"wp-block-columns row is-layout-flex wp-block-columns-is-layout-flex\">\n<div class=\"wp-block-column col-12 is-layout-flow wp-block-column-is-layout-flow\"><nav aria-label=\"breadcrumbs\" class=\"rank-math-breadcrumb\"><p><span class=\"last\">Home<\/span><\/p><\/nav>\n<\/div>\n<\/div>\n<\/div>\n<\/section>\n\n\n\n<section class=\"wp-block-group text-centered-gradient is-layout-constrained wp-block-group-is-layout-constrained\">\n<div class=\"wp-block-group container is-layout-flow wp-block-group-is-layout-flow\">\n<div class=\"wp-block-columns row is-layout-flex wp-block-columns-is-layout-flex\">\n<div class=\"wp-block-column col-12 is-layout-flow wp-block-column-is-layout-flow\">\n<h2 class=\"wp-block-heading headline\">Ganzheitliche SAP-Unterst\u00fctzung aus einer Hand<\/h2>\n\n\n\n<p>Ob Optimierung bestehender Prozesse, Einf\u00fchrung neuer L\u00f6sungen oder laufender Support \u2013 mit unseren SAP Services schaffen wir nachhaltige Mehrwerte. Wir kombinieren technologisches Know-how mit praxisnaher Beratung und begleiten Sie bei allen Herausforderungen rund um SAP.<\/p>\n<\/div>\n<\/div>\n<\/div>\n<\/section>\n\n\n\n<section class=\"wp-block-group slider-image-text-3-col is-layout-constrained wp-block-group-is-layout-constrained\">\n<div class=\"wp-block-group container is-layout-flow wp-block-group-is-layout-flow\">\n<div class=\"wp-block-columns row is-layout-flex wp-block-columns-is-layout-flex\">\n<div class=\"wp-block-column col-12 is-layout-flow wp-block-column-is-layout-flow\">\n<h2 class=\"wp-block-heading headline\">SAP Services<\/h2>\n\n\n\n<div class=\"wp-block-group swiper-image-text-3-col swiper is-layout-flow wp-block-group-is-layout-flow\">\n<div class=\"wp-block-group swiper-wrapper is-layout-flow wp-block-group-is-layout-flow\">\n<div class=\"wp-block-group swiper-slide is-layout-flow wp-block-group-is-layout-flow\">\n<figure class=\"wp-block-image size-full is-resized\"><img loading=\"lazy\" decoding=\"async\" width=\"1342\" height=\"781\" src=\"https:\/\/solutions.axians.com\/sap\/wp-content\/uploads\/2025\/08\/iStock-1368757790-2.jpg\" alt=\"\" class=\"wp-image-784\" style=\"aspect-ratio:4\/3;object-fit:cover;width:503px;height:auto\" srcset=\"https:\/\/solutions.axians.com\/sap\/wp-content\/uploads\/2025\/08\/iStock-1368757790-2.jpg 1342w, https:\/\/solutions.axians.com\/sap\/wp-content\/uploads\/2025\/08\/iStock-1368757790-2-800x466.jpg 800w, https:\/\/solutions.axians.com\/sap\/wp-content\/uploads\/2025\/08\/iStock-1368757790-2-768x447.jpg 768w\" sizes=\"auto, (max-width: 1342px) 100vw, 1342px\" \/><\/figure>\n\n\n\n<div class=\"wp-block-group is-layout-flow wp-block-group-is-layout-flow\">\n<h3 class=\"wp-block-heading headline\">Business Transformation<\/h3>\n\n\n\n<p>Wir begleiten Sie bei der digitalen Transformation \u2013 von der Strategie bis zur erfolgreichen Umsetzung.<\/p>\n\n\n\n<div class=\"wp-block-buttons is-layout-flex wp-block-buttons-is-layout-flex\">\n<div class=\"wp-block-button is-style-primary\"><a class=\"wp-block-button__link wp-element-button\" href=\"https:\/\/solutions.axians.com\/sap\/at\/sap-services\/business-transformation\/\">Mehr erfahren<\/a><\/div>\n<\/div>\n<\/div>\n<\/div>\n\n\n\n<div class=\"wp-block-group swiper-slide is-layout-flow wp-block-group-is-layout-flow\">\n<figure class=\"wp-block-image size-full is-resized\"><img loading=\"lazy\" decoding=\"async\" width=\"2560\" height=\"1441\" src=\"https:\/\/solutions.axians.com\/sap\/wp-content\/uploads\/2025\/08\/DSC4502-2-scaled.jpg\" alt=\"\" class=\"wp-image-1098\" style=\"aspect-ratio:4\/3;object-fit:cover;width:498px;height:auto\" srcset=\"https:\/\/solutions.axians.com\/sap\/wp-content\/uploads\/2025\/08\/DSC4502-2-scaled.jpg 2560w, https:\/\/solutions.axians.com\/sap\/wp-content\/uploads\/2025\/08\/DSC4502-2-800x450.jpg 800w, https:\/\/solutions.axians.com\/sap\/wp-content\/uploads\/2025\/08\/DSC4502-2-1920x1081.jpg 1920w, https:\/\/solutions.axians.com\/sap\/wp-content\/uploads\/2025\/08\/DSC4502-2-768x432.jpg 768w, https:\/\/solutions.axians.com\/sap\/wp-content\/uploads\/2025\/08\/DSC4502-2-1536x864.jpg 1536w, https:\/\/solutions.axians.com\/sap\/wp-content\/uploads\/2025\/08\/DSC4502-2-2048x1153.jpg 2048w\" sizes=\"auto, (max-width: 2560px) 100vw, 2560px\" \/><\/figure>\n\n\n\n<div class=\"wp-block-group is-layout-flow wp-block-group-is-layout-flow\">\n<h3 class=\"wp-block-heading headline\">Beratung<\/h3>\n\n\n\n<p>Individuelle SAP-Beratung f\u00fcr ma\u00dfgeschneiderte L\u00f6sungen, die Ihre Prozesse optimal unterst\u00fctzen.<\/p>\n\n\n\n<div class=\"wp-block-buttons is-layout-flex wp-block-buttons-is-layout-flex\">\n<div class=\"wp-block-button is-style-primary\"><a class=\"wp-block-button__link wp-element-button\" href=\"https:\/\/solutions.axians.com\/sap\/at\/sap-services\/beratung\/\">Mehr erfahren<\/a><\/div>\n<\/div>\n<\/div>\n<\/div>\n\n\n\n<div class=\"wp-block-group swiper-slide is-layout-flow wp-block-group-is-layout-flow\">\n<figure class=\"wp-block-image size-full is-resized\"><img loading=\"lazy\" decoding=\"async\" width=\"1365\" height=\"768\" src=\"https:\/\/solutions.axians.com\/sap\/wp-content\/uploads\/2025\/08\/iStock-802301404.jpg\" alt=\"\" class=\"wp-image-786\" style=\"aspect-ratio:1.3333333333333333;object-fit:cover;width:505px;height:auto\" srcset=\"https:\/\/solutions.axians.com\/sap\/wp-content\/uploads\/2025\/08\/iStock-802301404.jpg 1365w, https:\/\/solutions.axians.com\/sap\/wp-content\/uploads\/2025\/08\/iStock-802301404-800x450.jpg 800w, https:\/\/solutions.axians.com\/sap\/wp-content\/uploads\/2025\/08\/iStock-802301404-768x432.jpg 768w\" sizes=\"auto, (max-width: 1365px) 100vw, 1365px\" \/><\/figure>\n\n\n\n<div class=\"wp-block-group is-layout-flow wp-block-group-is-layout-flow\">\n<h3 class=\"wp-block-heading headline\">Spot-Consulting<\/h3>\n\n\n\n<p>Schnelle Hilfe bei akuten SAP-Herausforderungen \u2013 effizient, flexibel und l\u00f6sungsorientiert.<\/p>\n\n\n\n<div class=\"wp-block-buttons is-layout-flex wp-block-buttons-is-layout-flex\">\n<div class=\"wp-block-button is-style-primary\"><a class=\"wp-block-button__link wp-element-button\" href=\"https:\/\/solutions.axians.com\/sap\/at\/sap-services\/spot-consulting\/\">Mehr erfahren<\/a><\/div>\n<\/div>\n<\/div>\n<\/div>\n\n\n\n<div class=\"wp-block-group swiper-slide is-layout-flow wp-block-group-is-layout-flow\">\n<figure class=\"wp-block-image size-full is-resized\"><img loading=\"lazy\" decoding=\"async\" width=\"2560\" height=\"1441\" src=\"https:\/\/solutions.axians.com\/sap\/wp-content\/uploads\/2025\/08\/DSC4803-2-scaled.jpg\" alt=\"\" class=\"wp-image-1100\" style=\"aspect-ratio:1.3333333333333333;object-fit:cover;width:505px;height:auto\" srcset=\"https:\/\/solutions.axians.com\/sap\/wp-content\/uploads\/2025\/08\/DSC4803-2-scaled.jpg 2560w, https:\/\/solutions.axians.com\/sap\/wp-content\/uploads\/2025\/08\/DSC4803-2-800x450.jpg 800w, https:\/\/solutions.axians.com\/sap\/wp-content\/uploads\/2025\/08\/DSC4803-2-1920x1081.jpg 1920w, https:\/\/solutions.axians.com\/sap\/wp-content\/uploads\/2025\/08\/DSC4803-2-768x432.jpg 768w, https:\/\/solutions.axians.com\/sap\/wp-content\/uploads\/2025\/08\/DSC4803-2-1536x864.jpg 1536w, https:\/\/solutions.axians.com\/sap\/wp-content\/uploads\/2025\/08\/DSC4803-2-2048x1153.jpg 2048w\" sizes=\"auto, (max-width: 2560px) 100vw, 2560px\" \/><\/figure>\n\n\n\n<div class=\"wp-block-group is-layout-flow wp-block-group-is-layout-flow\">\n<h3 class=\"wp-block-heading headline\">Support &amp; Betrieb<\/h3>\n\n\n\n<p>Zuverl\u00e4ssiger Betrieb und kompetenter Support sichern die Leistungsf\u00e4higkeit Ihrer SAP-Systeme.<\/p>\n\n\n\n<div class=\"wp-block-buttons is-layout-flex wp-block-buttons-is-layout-flex\">\n<div class=\"wp-block-button is-style-primary\"><a class=\"wp-block-button__link wp-element-button\" href=\"https:\/\/solutions.axians.com\/sap\/at\/sap-services\/support-betrieb\/\">Mehr erfahren<\/a><\/div>\n<\/div>\n<\/div>\n<\/div>\n<\/div>\n<\/div>\n<\/div>\n<\/div>\n<\/div>\n<\/section>\n","protected":false},"excerpt":{"rendered":"<p>SAP Services Ganzheitliche Beratung, ma\u00dfgeschneiderte L\u00f6sungen, zuverl\u00e4ssiger Support. Ganzheitliche SAP-Unterst\u00fctzung aus einer Hand Ob Optimierung bestehender Prozesse, Einf\u00fchrung neuer L\u00f6sungen oder laufender Support \u2013 mit unseren SAP Services schaffen wir nachhaltige Mehrwerte. Wir kombinieren technologisches Know-how mit praxisnaher Beratung und begleiten Sie bei allen Herausforderungen rund um SAP. SAP Services Business Transformation Wir begleiten Sie [&hellip;]<\/p>\n","protected":false},"author":9,"featured_media":0,"parent":0,"menu_order":0,"comment_status":"closed","ping_status":"closed","template":"","meta":{"footnotes":""},"class_list":["post-4407","page","type-page","status-publish","hentry"],"lang":"de","translations":{"de":4407,"at":2351,"en":4410,"hr":5487},"pll_sync_post":[],"_links":{"self":[{"href":"https:\/\/solutions.axians.com\/sap\/wp-json\/wp\/v2\/pages\/4407","targetHints":{"allow":["GET"]}}],"collection":[{"href":"https:\/\/solutions.axians.com\/sap\/wp-json\/wp\/v2\/pages"}],"about":[{"href":"https:\/\/solutions.axians.com\/sap\/wp-json\/wp\/v2\/types\/page"}],"author":[{"embeddable":true,"href":"https:\/\/solutions.axians.com\/sap\/wp-json\/wp\/v2\/users\/9"}],"replies":[{"embeddable":true,"href":"https:\/\/solutions.axians.com\/sap\/wp-json\/wp\/v2\/comments?post=4407"}],"version-history":[{"count":2,"href":"https:\/\/solutions.axians.com\/sap\/wp-json\/wp\/v2\/pages\/4407\/revisions"}],"predecessor-version":[{"id":4625,"href":"https:\/\/solutions.axians.com\/sap\/wp-json\/wp\/v2\/pages\/4407\/revisions\/4625"}],"wp:attachment":[{"href":"https:\/\/solutions.axians.com\/sap\/wp-json\/wp\/v2\/media?parent=4407"}],"curies":[{"name":"wp","href":"https:\/\/api.w.org\/{rel}","templated":true}]}}