{"id":3492,"date":"2025-10-13T08:33:38","date_gmt":"2025-10-13T08:33:38","guid":{"rendered":"https:\/\/solutions.axians.com\/sap\/?page_id=3492"},"modified":"2025-10-16T14:56:37","modified_gmt":"2025-10-16T14:56:37","slug":"impressum","status":"publish","type":"page","link":"https:\/\/solutions.axians.com\/sap\/at\/impressum\/","title":{"rendered":"Impressum"},"content":{"rendered":"\n<section class=\"wp-block-group stage-subpage is-layout-constrained wp-block-group-is-layout-constrained\">\n<figure class=\"wp-block-image size-large\"><img loading=\"lazy\" decoding=\"async\" width=\"1920\" height=\"1125\" src=\"https:\/\/solutions.axians.com\/sap\/wp-content\/uploads\/2025\/10\/Axians-Building-Branding-2-1920x1125.jpg\" alt=\"\" class=\"wp-image-3489\" srcset=\"https:\/\/solutions.axians.com\/sap\/wp-content\/uploads\/2025\/10\/Axians-Building-Branding-2-1920x1125.jpg 1920w, https:\/\/solutions.axians.com\/sap\/wp-content\/uploads\/2025\/10\/Axians-Building-Branding-2-800x469.jpg 800w, https:\/\/solutions.axians.com\/sap\/wp-content\/uploads\/2025\/10\/Axians-Building-Branding-2-768x450.jpg 768w, https:\/\/solutions.axians.com\/sap\/wp-content\/uploads\/2025\/10\/Axians-Building-Branding-2-1536x900.jpg 1536w, https:\/\/solutions.axians.com\/sap\/wp-content\/uploads\/2025\/10\/Axians-Building-Branding-2.jpg 2000w\" sizes=\"auto, (max-width: 1920px) 100vw, 1920px\" \/><\/figure>\n\n\n\n<div class=\"wp-block-group container is-layout-flow wp-block-group-is-layout-flow\">\n<div class=\"wp-block-columns row is-layout-flex wp-block-columns-is-layout-flex\">\n<div class=\"wp-block-column col-12 is-layout-flow wp-block-column-is-layout-flow\">\n<h1 class=\"wp-block-heading headline\">Impressum<\/h1>\n\n\n\n<p><\/p>\n<\/div>\n<\/div>\n<\/div>\n<\/section>\n\n\n\n<section class=\"wp-block-group breadcrumb is-layout-constrained wp-block-group-is-layout-constrained\">\n<div class=\"wp-block-group container is-layout-flow wp-block-group-is-layout-flow\">\n<div class=\"wp-block-columns row is-layout-flex wp-block-columns-is-layout-flex\">\n<div class=\"wp-block-column col-12 is-layout-flow wp-block-column-is-layout-flow\"><nav aria-label=\"breadcrumbs\" class=\"rank-math-breadcrumb\"><p><span class=\"last\">Home<\/span><\/p><\/nav>\n<\/div>\n<\/div>\n<\/div>\n<\/section>\n\n\n\n<section class=\"wp-block-group default-text is-layout-constrained wp-block-group-is-layout-constrained\">\n<div class=\"wp-block-group container is-layout-flow wp-block-group-is-layout-flow\">\n<div class=\"wp-block-columns row is-layout-flex wp-block-columns-is-layout-flex\">\n<div class=\"wp-block-column col-12 col-lg-9 is-layout-flow wp-block-column-is-layout-flow\">\n<h2 class=\"wp-block-heading headline\">AXIANS ICT Austria GmbH<\/h2>\n\n\n\n<p>Hafenstra\u00dfe 2a<br>4020 Linz<br>Tel.: +43 517 150<br>E-Mail: <a href=\"mailto:office@axians.at\">office@axians.at<\/a><\/p>\n\n\n\n<p><strong>Firmenbuchnummer<\/strong>: FN 127950m<br><strong>Firmenbuchgericht<\/strong>: Landesgericht Linz<\/p>\n\n\n\n<p><strong>UID-Nummer<\/strong>: ATU37517004<\/p>\n\n\n\n<p><strong>Unternehmensgegenstand<\/strong>: EDV-Dienstleistungen<\/p>\n\n\n\n<p><strong>Gesch\u00e4ftsf\u00fchrer<\/strong>:<\/p>\n\n\n\n<p>Bernhard Leitner<br>Ing. Andreas Weigl<br>Arnold Lerchbaumer<br>Markus Morell<\/p>\n\n\n\n<p><strong>Bankverbindungen<\/strong>:<\/p>\n\n\n\n<p><span style=\"text-decoration: underline;\">Bank Austria<\/span><br>IBAN: AT75 12000 00434151908<br>BIC: BKAUATWW<\/p>\n\n\n\n<p><span style=\"text-decoration: underline;\">RLB Ober\u00f6sterreich<\/span><br>IBAN: AT74 34000 00002638500<br>BIC: RZOOAT2L<\/p>\n\n\n\n<p><strong>Kammerzugeh\u00f6rigkeit<\/strong>: WKO Ober\u00f6sterreich, Fachgruppe f\u00fcr Unternehmensberatung und Informationstechnologie<\/p>\n\n\n\n<p><strong>Anwendbare Rechtsvorschriften<\/strong>: GewO (<a href=\"https:\/\/www.ris.bka.gv.at\/\" target=\"_blank\" rel=\"noopener\">https:\/\/www.ris.bka.gv.at\/<\/a>)<\/p>\n\n\n\n<p><strong>Beteiligte Gesellschaften (Anteilsverh\u00e4ltnisse)<\/strong>:<\/p>\n\n\n\n<ul class=\"wp-block-list\">\n<li>VINCI S.A. (Frankreich) (99 % indirekt)<\/li>\n\n\n\n<li>VINCI Energies S.A. (Frankreich) (100% indirekt)<\/li>\n\n\n\n<li>VINCI Energies International East GmbH (\u00d6sterreich) (100 % indirekt)<\/li>\n\n\n\n<li>AICTA Holding GmbH (\u00d6sterreich) (100 % direkt)<\/li>\n<\/ul>\n\n\n\n<p><strong>Mitglieder des Aufsichtsrates<\/strong>:<\/p>\n\n\n\n<p>Jens Beier (Vorsitzender)<br>J\u00fcrgen Vollmert (Stellvertreter des Vorsitzenden)<br>Carmen De la Cruz B\u00f6hringer (Mitglied)<\/p>\n\n\n\n<p><strong>Blattlinie<\/strong>: Informationen \u00fcber Entwicklungen, Dienstleistungen und Produkte aus den Bereichen IT und Telekommunikation.<\/p>\n\n\n\n<p><strong>Medieninhaber<\/strong><\/p>\n\n\n\n<p>AXIANS ICT Austria GmbH<br>Hafenstra\u00dfe 2a<br>4020 Linz, Austria<br>Tel.: +43 (0)517 150<br><a href=\"mailto:office@axians.at\">office@axians.at<\/a><\/p>\n\n\n\n<p><strong>Konzept, Design und Programmierung<\/strong><\/p>\n\n\n\n<p>teufels GmbH<br>Neckartal 172<br>78628 Rottweil<\/p>\n\n\n\n<p><a href=\"mailto:info@teufels.com\" rel=\"noreferrer noopener\" target=\"_blank\">info@teufels.com<\/a><br><a href=\"https:\/\/teufels.com\/?utm_source=website&amp;utm_medium=footer&amp;utm_campaign=customer\" rel=\"noreferrer noopener\" target=\"_blank\">teufels.com<\/a><\/p>\n\n\n\n<p><strong>Nutzungsbedingungen<\/strong><\/p>\n\n\n\n<p>Mit der Nutzung dieser Website stimmen Sie diesen Nutzungsbedingungen zu und erkl\u00e4ren Ihren Verzicht auf s\u00e4mtliche Anspr\u00fcche gegen\u00fcber AXIANS ICT Austria GmbH, mit ihr verbundenen GesellschafterInnen und MitarbeiterInnen. Dies gilt f\u00fcr alle Anspr\u00fcche, die durch die Nutzung dieser Website oder darin bereitgestellter Dokumente, Informationen, Meinungen, Empfehlungen oder sonstiger Inhalte entstehen k\u00f6nnten.<\/p>\n\n\n\n<p><strong>Haftungsbeschr\u00e4nkung<\/strong><\/p>\n\n\n\n<p>Weder AXIANS ICT Austria GmbH noch sonstige auf dieser Website genannte Dritte \u00fcbernehmen eine Haftung f\u00fcr Sch\u00e4den (insbesondere solche aus entgangenem Gewinn, Datenverlust oder Betriebsunterbrechung), die direkt oder indirekt aus der Nutzung dieser Website, von mit auf dieser Seite verlinkten Internetangeboten oder der auf diesen Websites angebotenen Informationen oder Services entstehen. Anspr\u00fcche k\u00f6nnen weder nach Garantie- noch nach Vertragsrecht oder auf Grund eines Vergehens aus einem sonstigen Rechtsgrund geltend gemacht werden. Dies gilt auch dann, wenn AXIANS ICT Austria GmbH vorab davon Kenntnis hatte, dass es zu Sch\u00e4den kommen k\u00f6nnte.<\/p>\n\n\n\n<p><strong>Keine Haftung f\u00fcr Richtigkeit von Informationen<\/strong><\/p>\n\n\n\n<p>Die auf dieser Website zur Verf\u00fcgung gestellten Informationen dienen lediglich der Information. Die Inhalte dieser Website wurden mit gr\u00f6\u00dftm\u00f6glicher Sorgfalt erstellt, um deren Richtigkeit zum Zeitpunkt ihrer Bereitstellung sicherzustellen. AXIANS ICT Austria GmbH ist bem\u00fcht, die Informationen stets aktuell zu halten, \u00fcbernimmt jedoch keinerlei Gew\u00e4hr f\u00fcr die Aktualit\u00e4t, Richtigkeit und Vollst\u00e4ndigkeit der bereitgestellten Informationen.<\/p>\n\n\n\n<p><strong>Marken- und Urheberrechte<\/strong><\/p>\n\n\n\n<p>Die auf dieser Website bereitgestellten Inhalte, insbesondere redaktionelle Inhalte und Informationstexte, Fotografien, Illustrationen, Grafiken und sonstige grafische Materialien sowie Namen, Logos, Marken und Dienstleistungsmarken, sind Eigentum der AXIANS ICT Austria GmbH oder der jeweiligen RechteinhaberInnen und sind durch das Urheberrecht, das Markenrecht oder sonstige geistige Eigentumsrechte gesch\u00fctzt. Sofern nicht anders angegeben, sind Nutzung und Druck s\u00e4mtlicher Inhalte ausschlie\u00dflich zum pers\u00f6nlichen, nicht kommerziellen Gebrauch erlaubt. Die Vervielf\u00e4ltigung, Wiedergabe oder Verbreitung sowie der Verkauf, die Ver\u00f6ffentlichung, \u00dcbertragung oder Weitergabe von Inhalten an Dritte bedarf der vorherigen schriftlichen Zustimmung von AXIANS ICT Austria GmbH.<\/p>\n\n\n\n<p><strong>Datenverwendung bei Anmeldung und Auswertung des Newsletters<\/strong><\/p>\n\n\n\n<p>Als AbonnentIn erhalten Sie mehrmals pro Jahr den Axians ICT Austria Newsletter. Damit sind Sie nicht nur am Laufenden \u00fcber Neuigkeiten, sondern erhalten auch abwechslungsreiche Informationen zu:<\/p>\n\n\n\n<ul class=\"wp-block-list\">\n<li>Success Stories &amp; L\u00f6sungen<\/li>\n\n\n\n<li>Produkte &amp; Services<\/li>\n\n\n\n<li>\u00dcber Axians &amp; technische Kompetenz<\/li>\n\n\n\n<li>Trends &amp; News<\/li>\n\n\n\n<li>Events, Messen &amp; Veranstaltungen<\/li>\n\n\n\n<li>Umfragen &amp; Ergebnisse<\/li>\n<\/ul>\n\n\n\n<p>Damit unser Newsletter auf Ihre Interessen abgestimmt ist und Ihnen relevante Informationen liefert, erfassen wir Angaben \u00fcber Ihre individuelle Nutzung des Newsletters. Alle Empf\u00e4ngerInnen erhalten eine eindeutige ID und einen User-Code, um bei der Personalisierung die passenden Inhalte zu \u00fcbergeben (z.B. Anrede, vorausgef\u00fclltes Anmeldeformular). Wir erfassen dabei:<\/p>\n\n\n\n<ul class=\"wp-block-list\">\n<li>Datum und Uhrzeit des Versands an den Empf\u00e4nger\/die Empf\u00e4ngerin<\/li>\n\n\n\n<li>Datum und Uhrzeit eines Klicks auf einen Link, und wie oft auf welchen Link geklickt wurde<\/li>\n\n\n\n<li>Datum, Uhrzeit und Mailprogramm, mit dem die E-Mail ge\u00f6ffnet wurde (f\u00fcr jeden Empf\u00e4nger\/jede Empf\u00e4ngerin)<\/li>\n\n\n\n<li>Inhaltliche Pr\u00e4ferenzen (Interessengruppen) beim \u00d6ffnen von Links<\/li>\n\n\n\n<li>N\u00e4herungsweise Lokalisierung, wo die E-Mail ge\u00f6ffnet wurde<\/li>\n\n\n\n<li>Datum und Uhrzeit der Registrierung f\u00fcr den Newsletter und Quelle (manuelle Eingabe oder Online-Anmeldung)<\/li>\n\n\n\n<li>Bevorzugtes Mailformat<\/li>\n<\/ul>\n\n\n\n<p><strong>Anwendbares Recht<\/strong><\/p>\n\n\n\n<p>Diese Nutzungsbedingungen unterliegen den Gesetzen \u00d6sterreichs und sind demgem\u00e4\u00df auszulegen.<\/p>\n<\/div>\n<\/div>\n<\/div>\n<\/section>\n","protected":false},"excerpt":{"rendered":"<p>Impressum AXIANS ICT Austria GmbH Hafenstra\u00dfe 2a4020 LinzTel.: +43 517 150E-Mail: office@axians.at Firmenbuchnummer: FN 127950mFirmenbuchgericht: Landesgericht Linz UID-Nummer: ATU37517004 Unternehmensgegenstand: EDV-Dienstleistungen Gesch\u00e4ftsf\u00fchrer: Bernhard LeitnerIng. Andreas WeiglArnold LerchbaumerMarkus Morell Bankverbindungen: Bank AustriaIBAN: AT75 12000 00434151908BIC: BKAUATWW RLB Ober\u00f6sterreichIBAN: AT74 34000 00002638500BIC: RZOOAT2L Kammerzugeh\u00f6rigkeit: WKO Ober\u00f6sterreich, Fachgruppe f\u00fcr Unternehmensberatung und Informationstechnologie Anwendbare Rechtsvorschriften: GewO (https:\/\/www.ris.bka.gv.at\/) Beteiligte Gesellschaften [&hellip;]<\/p>\n","protected":false},"author":1,"featured_media":0,"parent":0,"menu_order":0,"comment_status":"closed","ping_status":"closed","template":"","meta":{"footnotes":""},"class_list":["post-3492","page","type-page","status-publish","hentry"],"lang":"at","translations":{"at":3492,"de":3454,"en":3495,"hr":5635},"pll_sync_post":[],"_links":{"self":[{"href":"https:\/\/solutions.axians.com\/sap\/wp-json\/wp\/v2\/pages\/3492","targetHints":{"allow":["GET"]}}],"collection":[{"href":"https:\/\/solutions.axians.com\/sap\/wp-json\/wp\/v2\/pages"}],"about":[{"href":"https:\/\/solutions.axians.com\/sap\/wp-json\/wp\/v2\/types\/page"}],"author":[{"embeddable":true,"href":"https:\/\/solutions.axians.com\/sap\/wp-json\/wp\/v2\/users\/1"}],"replies":[{"embeddable":true,"href":"https:\/\/solutions.axians.com\/sap\/wp-json\/wp\/v2\/comments?post=3492"}],"version-history":[{"count":2,"href":"https:\/\/solutions.axians.com\/sap\/wp-json\/wp\/v2\/pages\/3492\/revisions"}],"predecessor-version":[{"id":3542,"href":"https:\/\/solutions.axians.com\/sap\/wp-json\/wp\/v2\/pages\/3492\/revisions\/3542"}],"wp:attachment":[{"href":"https:\/\/solutions.axians.com\/sap\/wp-json\/wp\/v2\/media?parent=3492"}],"curies":[{"name":"wp","href":"https:\/\/api.w.org\/{rel}","templated":true}]}}