{"id":3488,"date":"2025-10-13T08:32:37","date_gmt":"2025-10-13T08:32:37","guid":{"rendered":"https:\/\/solutions.axians.com\/sap\/?page_id=3488"},"modified":"2025-10-13T08:32:38","modified_gmt":"2025-10-13T08:32:38","slug":"datenschutz","status":"publish","type":"page","link":"https:\/\/solutions.axians.com\/sap\/at\/datenschutz\/","title":{"rendered":"Datenschutz"},"content":{"rendered":"\n<section class=\"wp-block-group stage-subpage is-layout-constrained wp-block-group-is-layout-constrained\">\n<figure class=\"wp-block-image size-large\"><img loading=\"lazy\" decoding=\"async\" width=\"1920\" height=\"1125\" src=\"https:\/\/solutions.axians.com\/sap\/wp-content\/uploads\/2025\/10\/Axians-Building-Branding-2-1920x1125.jpg\" alt=\"\" class=\"wp-image-3489\" srcset=\"https:\/\/solutions.axians.com\/sap\/wp-content\/uploads\/2025\/10\/Axians-Building-Branding-2-1920x1125.jpg 1920w, https:\/\/solutions.axians.com\/sap\/wp-content\/uploads\/2025\/10\/Axians-Building-Branding-2-800x469.jpg 800w, https:\/\/solutions.axians.com\/sap\/wp-content\/uploads\/2025\/10\/Axians-Building-Branding-2-768x450.jpg 768w, https:\/\/solutions.axians.com\/sap\/wp-content\/uploads\/2025\/10\/Axians-Building-Branding-2-1536x900.jpg 1536w, https:\/\/solutions.axians.com\/sap\/wp-content\/uploads\/2025\/10\/Axians-Building-Branding-2.jpg 2000w\" sizes=\"auto, (max-width: 1920px) 100vw, 1920px\" \/><\/figure>\n\n\n\n<div class=\"wp-block-group container is-layout-flow wp-block-group-is-layout-flow\">\n<div class=\"wp-block-columns row is-layout-flex wp-block-columns-is-layout-flex\">\n<div class=\"wp-block-column col-12 is-layout-flow wp-block-column-is-layout-flow\">\n<h1 class=\"wp-block-heading headline\">Datenschutz<\/h1>\n\n\n\n<p><\/p>\n<\/div>\n<\/div>\n<\/div>\n<\/section>\n\n\n\n<section class=\"wp-block-group breadcrumb is-layout-constrained wp-block-group-is-layout-constrained\">\n<div class=\"wp-block-group container is-layout-flow wp-block-group-is-layout-flow\">\n<div class=\"wp-block-columns row is-layout-flex wp-block-columns-is-layout-flex\">\n<div class=\"wp-block-column col-12 is-layout-flow wp-block-column-is-layout-flow\"><nav aria-label=\"breadcrumbs\" class=\"rank-math-breadcrumb\"><p><span class=\"last\">Home<\/span><\/p><\/nav>\n<\/div>\n<\/div>\n<\/div>\n<\/section>\n\n\n\n<section class=\"wp-block-group default-text is-layout-constrained wp-block-group-is-layout-constrained\">\n<div class=\"wp-block-group container is-layout-flow wp-block-group-is-layout-flow\">\n<div class=\"wp-block-columns row is-layout-flex wp-block-columns-is-layout-flex\">\n<div class=\"wp-block-column col-12 col-lg-9 is-layout-flow wp-block-column-is-layout-flow\">\n<h2 class=\"wp-block-heading headline\">Erkl\u00e4rung zur Informationspflicht \u2013 Datenschutzerkl\u00e4rung<\/h2>\n\n\n\n<p>Der Schutz Ihrer pers\u00f6nlichen Daten ist uns ein besonderes Anliegen. Wir verarbeiten Ihre Daten daher ausschlie\u00dflich auf Grundlage der gesetzlichen Bestimmungen (DSGVO, TKG 2003). In diesen Datenschutzinformationen informieren wir Sie \u00fcber die wichtigsten Aspekte der Datenverarbeitung im Rahmen unserer Website.<\/p>\n\n\n\n<p>Wenn Sie per Formular auf der Website oder per E-Mail Kontakt mit uns aufnehmen, werden Ihre angegebenen Daten zwecks Bearbeitung der Anfrage und f\u00fcr den Fall von Anschlussfragen sechs Monate bei uns gespeichert. Diese Daten geben wir nicht ohne Ihre Einwilligung weiter.<\/p>\n\n\n\n<h2 class=\"wp-block-heading\">1. Automatische Datenspeicherung<\/h2>\n\n\n\n<p>Wenn Sie heutzutage Webseiten besuchen, werden gewisse Informationen automatisch erstellt und gespeichert, so auch auf dieser Webseite.<\/p>\n\n\n\n<p>Wenn Sie unsere Webseite so wie jetzt gerade besuchen, speichert unser Webserver automatisch Daten wie<\/p>\n\n\n\n<ul class=\"wp-block-list\">\n<li>die Adresse (URL) der aufgerufenen Webseite<\/li>\n\n\n\n<li>Browser und Browserversion<\/li>\n\n\n\n<li>das verwendete Betriebssystem<\/li>\n\n\n\n<li>die Adresse (URL) der zuvor besuchten Seite (Referrer URL)<\/li>\n\n\n\n<li>den Hostname und die IP-Adresse des Ger\u00e4ts von welchem aus zugegriffen wird<\/li>\n\n\n\n<li>Datum und Uhrzeit<\/li>\n<\/ul>\n\n\n\n<p>in Dateien (Webserver-Logfiles).<\/p>\n\n\n\n<p>In der Regel werden Webserver-Logfiles zwei Wochen gespeichert und danach automatisch gel\u00f6scht. Wir geben diese Daten nicht weiter, k\u00f6nnen jedoch nicht ausschlie\u00dfen, dass diese Daten beim Vorliegen von rechtswidrigem Verhalten eingesehen werden.<br>Die Rechtsgrundlage besteht nach&nbsp;Artikel 6&nbsp; Absatz 1 f DSGVO&nbsp;(Rechtm\u00e4\u00dfigkeit der Verarbeitung) darin, dass berechtigtes Interesse daran besteht, den fehlerfreien Betrieb dieser Webseite durch das Erfassen von Webserver-Logfiles zu erm\u00f6glichen.<\/p>\n\n\n\n<h2 class=\"wp-block-heading\">2. Speicherung pers\u00f6nlicher Daten<\/h2>\n\n\n\n<p>Pers\u00f6nliche Daten, die Sie uns auf dieser Website elektronisch \u00fcbermitteln, wie zum Beispiel Name, E-Mail-Adresse, Adresse oder andere pers\u00f6nlichen Angaben im Rahmen der \u00dcbermittlung eines Formulars oder Kommentaren im Blog, werden von uns gemeinsam mit dem Zeitpunkt und der IP-Adresse nur zum jeweils angegebenen Zweck verwendet, sicher verwahrt und nicht an Dritte weitergegeben.<\/p>\n\n\n\n<p>Wir nutzen Ihre pers\u00f6nlichen Daten somit nur f\u00fcr die Kommunikation mit jenen Besuchern, die Kontakt ausdr\u00fccklich w\u00fcnschen und f\u00fcr die Abwicklung der auf dieser Webseite angebotenen Dienstleistungen und Produkte. Wir geben Ihre pers\u00f6nlichen Daten ohne Zustimmung nicht weiter, k\u00f6nnen jedoch nicht ausschlie\u00dfen, dass diese Daten bei Vorliegen von rechtswidrigem Verhalten eingesehen werden.<\/p>\n\n\n\n<p>Wenn Sie uns pers\u00f6nliche Daten per E-Mail schicken \u2013 somit abseits dieser Webseite \u2013 k\u00f6nnen wir keine sichere \u00dcbertragung und den Schutz Ihrer Daten garantieren. Wir empfehlen Ihnen, vertrauliche Daten niemals unverschl\u00fcsselt per E-Mail zu \u00fcbermitteln.<\/p>\n\n\n\n<p>Die Rechtsgrundlage besteht nach&nbsp;Artikel 6&nbsp; Absatz 1 a DSGVO&nbsp;(Rechtm\u00e4\u00dfigkeit der Verarbeitung) darin, dass Sie uns die Einwilligung zur Verarbeitung der von Ihnen eingegebenen Daten geben. Sie k\u00f6nnen diese Einwilligung jederzeit widerrufen \u2013 eine formlose E-Mail reicht aus, Sie finden unsere Kontaktdaten im Impressum.<\/p>\n\n\n\n<h2 class=\"wp-block-heading\">3. Rechte laut Datenschutzgrundverordnung<\/h2>\n\n\n\n<p>Ihnen stehen laut den Bestimmungen der DSGVO und des \u00f6sterreichischen&nbsp;Datenschutzgesetzes (DSG)&nbsp;grunds\u00e4tzlich die folgende Rechte zu:<\/p>\n\n\n\n<ul class=\"wp-block-list\">\n<li>Recht auf Berichtung (Artikel 16 DSGVO)<\/li>\n\n\n\n<li>Recht auf L\u00f6schung (\u201eRecht auf Vergessenwerden\u201c) (Artikel 17 DSGVO)<\/li>\n\n\n\n<li>Recht auf Einschr\u00e4nkung der Verarbeitung (Artikel 18 DSGVO)<\/li>\n\n\n\n<li>Recht auf Benachrichtigung \u2013 Mitteilungspflicht im Zusammenhang mit der Berichtigung oder L\u00f6schung personenbezogener Daten oder der Einschr\u00e4nkung der Verarbeitung (Artikel 19 DSGVO)<\/li>\n\n\n\n<li>Recht auf Daten\u00fcbertragbarkeit (Artikel 20 DSGVO)<\/li>\n\n\n\n<li>Widerspruchsrecht (Artikel 21 DSGVO)<\/li>\n\n\n\n<li>Recht, nicht einer ausschlie\u00dflich auf einer automatisierten Verarbeitung \u2014 einschlie\u00dflich Profiling \u2014 beruhenden Entscheidung unterworfen zu werden (Artikel 22 DSGVO)<\/li>\n<\/ul>\n\n\n\n<h2 class=\"wp-block-heading\">4. TLS-Verschl\u00fcsselung mit https<\/h2>\n\n\n\n<p>Wir verwenden https um Daten abh\u00f6rsicher im Internet zu \u00fcbertragen (Datenschutz durch Technikgestaltung&nbsp;Artikel 25 Absatz 1 DSGVO). Durch den Einsatz von TLS (Transport Layer Security), einem Verschl\u00fcsselungsprotokoll zur sicheren Daten\u00fcbertragung im Internet k\u00f6nnen wir den Schutz vertraulicher Daten sicherstellen. Sie erkennen die Benutzung dieser Absicherung der Daten\u00fcbertragung am kleinen Schlo\u00dfsymbol links oben im Browser und der Verwendung des Schemas https (anstatt http) als Teil unserer Internetadresse.<\/p>\n\n\n\n<h2 class=\"wp-block-heading\">5. Cookies<\/h2>\n\n\n\n<p>Unsere Website verwendet HTTP-Cookies um nutzerspezifische Daten zu speichern.<br>Ein Cookie ist ein kurzes Datenpaket, welches zwischen Webbrowser und Webserver ausgetauscht wird, f\u00fcr diese aber v\u00f6llig bedeutungslos ist und erst f\u00fcr die Webanwendung, z. B. einen Online-Shop, eine Bedeutung erh\u00e4lt, etwa den Inhalt eines virtuellen Warenkorbes.<\/p>\n\n\n\n<p>Es gibt zwei Arten von Cookies: Erstanbieter-Cookies werden von unserer Website erstellt, Drittanbieter-Cookies werden von anderen Websites (z. B. Google Analytics) erstellt.<br>Beispielhafte Cookiedaten:<\/p>\n\n\n\n<ul class=\"wp-block-list\">\n<li>Name: _ga<\/li>\n\n\n\n<li>Ablaufzeit: 2 Jahre<\/li>\n\n\n\n<li>Verwendung: Unterscheidung der Webseitenbesucher<\/li>\n\n\n\n<li>Beispielhafter Wert:\u00a0GA1.2.1326744211.152211083433<\/li>\n<\/ul>\n\n\n\n<p>Man unterscheidet drei Kategorien von Cookies: unbedingt notwendige Cookies um grundlegende Funktionen der Website sicherzustellen, funktionelle Cookies um die Leistung der Webseite sicherzustellen und zielorientierte Cookies um das Benutzererlebnis zu verbessern.<\/p>\n\n\n\n<p>Wir nutzen Cookies, um unsere Webseite nutzerfreundlicher zu gestalten. Einige Cookies bleiben auf Ihrem Endger\u00e4t gespeichert, bis Sie diese l\u00f6schen. Sie erm\u00f6glichen es uns, Ihren Browser beim n\u00e4chsten Besuch wiederzuerkennen.<\/p>\n\n\n\n<p><strong>Cookie Einstellungen sehen und Cookies l\u00f6schen<\/strong><\/p>\n\n\n\n<p>Wenn Sie feststellen m\u00f6chten, welche Cookies in Ihrem Browser gespeichert wurden, Cookie-Einstellungen \u00e4ndern oder Cookies l\u00f6schen m\u00f6chten, k\u00f6nnen Sie dies in Ihren Browser-Einstellungen finden. Wenn Sie die Speicherung von Daten in Cookies nicht w\u00fcnschen, so k\u00f6nnen Sie Ihren Browser so einrichten, dass er Sie \u00fcber das Setzen von Cookies informiert und Sie dies nur im Einzelfall erlauben.&nbsp;Sie k\u00f6nnen jederzeit Cookies, die sich bereits auf Ihrem Computer befinden, l\u00f6schen oder Cookies deaktivieren. Die Vorgangsweise dazu ist nach Browser unterschiedlich, am besten Sie suchen die Anleitung in Google mit dem Suchbegriff \u201cCookies l\u00f6schen Chrome\u201d oder \u201eCookies deaktivieren Chrome\u201c im Falle eines Chrome Browsers oder tauschen das Wort \u201eChrome\u201c gegen den Namen Ihres Browsers, z. B. Edge, Firefox, Safari aus.<br>Wenn Sie uns generell nicht gestatten, Cookies zu nutzen, d.h. diese per Browsereinstellung deaktivieren, k\u00f6nnen manche Funktionen und Seiten nicht wie erwartet funktionieren.<\/p>\n\n\n\n<h2 class=\"wp-block-heading\">6. Google Analytics Datenschutzerkl\u00e4rung<\/h2>\n\n\n\n<p>Wir verwenden auf dieser Website Google Analytics der Firma Google LLC (1600 Amphitheatre Parkway Mountain View, CA 94043, USA) um Besucherdaten statistisch auszuwerten. Dabei verwendet Google Analytics zielorientierte Cookies.<\/p>\n\n\n\n<p><strong>Cookies von Google Analytics<\/strong><\/p>\n\n\n\n<ul class=\"wp-block-list\">\n<li>_ga\n<ul class=\"wp-block-list\">\n<li>Ablaufzeit: 2 Jahre<\/li>\n\n\n\n<li>Verwendung: Unterscheidung der Webseitenbesucher<\/li>\n\n\n\n<li>Beispielhafter Wert:\u00a0GA1.2.1326744211.152211083433<\/li>\n<\/ul>\n<\/li>\n\n\n\n<li>_gid\n<ul class=\"wp-block-list\">\n<li>Ablaufzeit: 24 Stunden<\/li>\n\n\n\n<li>Verwendung: Unterscheidung der Webseitenbesucher<\/li>\n\n\n\n<li>Beispielhafter Wert: GA1.2.1687193234.152211083433<\/li>\n<\/ul>\n<\/li>\n\n\n\n<li>_gat_gtag_UA_\n<ul class=\"wp-block-list\">\n<li>Ablaufzeit: 1 Minute<\/li>\n\n\n\n<li>Verwendung:\u00a0Wird zum Drosseln der Anforderungsrate verwendet. Wenn Google Analytics \u00fcber den Google Tag Manager bereitgestellt wird, erh\u00e4lt dieser Cookie den Namen _dc_gtm_ &lt;property-id>.<\/li>\n\n\n\n<li>Beispielhafter Wert: 1<\/li>\n<\/ul>\n<\/li>\n<\/ul>\n\n\n\n<p><strong>Pseudonymisierung<\/strong><\/p>\n\n\n\n<p>Unser Anliegen im Sinne der DSGVO ist die Verbesserung unseres Angebotes und unseres Webauftritts. Da uns die Privatsph\u00e4re unserer Nutzer wichtig ist, werden die Nutzerdaten pseudonymisiert.&nbsp;Die Datenverarbeitung erfolgt auf Basis der gesetzlichen Bestimmungen des \u00a7 96 Abs 3 TKG sowie des Art 6 EU-DSGVO Abs 1 lit a (Einwilligung) und\/oder f (berechtigtes Interesse) der DSGVO.<\/p>\n\n\n\n<p><strong>Deaktivierung der Datenerfassung durch Google Analytics<\/strong><\/p>\n\n\n\n<p>Mithilfe des&nbsp;<strong>Browser-Add-ons zur Deaktivierung<\/strong>&nbsp;von Google Analytics-JavaScript (ga.js, analytics.js, dc.js) k\u00f6nnen Website-Besucher verhindern, dass Google Analytics ihre Daten verwendet.<\/p>\n\n\n\n<p>Sie k\u00f6nnen die Erfassung der durch das Cookie erzeugten und auf Ihre Nutzung der Website bezogenen Daten an Google sowie die Verarbeitung dieser Daten durch Google verhindern, indem Sie das unter dem folgenden Link verf\u00fcgbare Browser-Plugin herunterladen und installieren:&nbsp;<a href=\"https:\/\/tools.google.com\/dlpage\/gaoptout?hl=de\" target=\"_blank\" rel=\"noreferrer noopener\">https:\/\/tools.google.com\/dlpage\/gaoptout?hl=de<\/a><\/p>\n\n\n\n<h2 class=\"wp-block-heading\">7. YouTube Datenschutzerkl\u00e4rung<\/h2>\n\n\n\n<p>Wir verwenden auf dieser Seite des Videodienstes YouTube, der Firma YouTube, LLC, 901 Cherry Ave., San Bruno, CA 94066, USA.<\/p>\n\n\n\n<p>Durch das Aufrufen von Seiten unserer Webseite, die YouTube Videos integriert haben, werden Daten an YouTube \u00fcbertragen, gespeichert und ausgewertet.<br>Sollten Sie ein YouTube-Konto haben und angemeldet sein, werden diese Daten Ihrem pers\u00f6nlichen Konto und den darin gespeicherten Daten zugeordnet.<\/p>\n\n\n\n<h2 class=\"wp-block-heading\">8. LinkedIn Datenschutzerkl\u00e4rung<\/h2>\n\n\n\n<p>Wir verwenden auf unserer Webseite Funktionen des Social Media Netzwerks LinkedIn der Firma LinkedIn Corporation, 2029 Stierlin Court, Mountain View, CA 94043, USA.<\/p>\n\n\n\n<p>Durch den Aufruf von Seiten die solche Funktionen nutzen werden Daten (IP-Adresse, Browserdaten, Datum und Zeitpunkt, Cookies) an LinkedIn \u00fcbermittelt, gespeichert und ausgewertet.<\/p>\n\n\n\n<p>Sollten Sie ein LinkedIn-Konto haben und angemeldet sein, werden diese Daten Ihrem pers\u00f6nlichen Konto und den darin gespeicherten Daten zugeordnet.<\/p>\n\n\n\n<h2 class=\"wp-block-heading\">9. Newsletter<\/h2>\n\n\n\n<p>Sie haben die M\u00f6glichkeit, \u00fcber unsere Website unseren Newsletter zu abonnieren. Hierf\u00fcr ben\u00f6tigen wir Ihre E-Mail-Adresse und ihre Erkl\u00e4rung, dass Sie mit dem Bezug des Newsletters einverstanden sind. Sobald Sie sich f\u00fcr den Newsletter angemeldet haben, senden wir Ihnen eine Best\u00e4tigungs-E-Mail mit einem Link zur Best\u00e4tigung der Anmeldung. Das Abo des Newsletters k\u00f6nnen Sie jederzeit durch einen Klick auf&nbsp;<strong>\u201eAbmeldung\u201c<\/strong>&nbsp;in der Fu\u00dfzeile des Newsletters&nbsp;oder durch das Senden einer E-Mail an&nbsp;<strong>backstage@axians.at<\/strong>&nbsp;mit dem Betreff \u201eAbmeldung\u201c stornieren. Wir l\u00f6schen anschlie\u00dfend umgehend Ihre Daten im Zusammenhang mit dem Newsletter-Versand.<\/p>\n\n\n\n<p><strong>Datenverwendung bei Anmeldung und Auswertung des Newsletters<\/strong><\/p>\n\n\n\n<p>Als Abonnent erhalten Sie mehrmals pro Jahr den Axians ICT Austria Newsletter. Damit sind Sie nicht nur am Laufenden \u00fcber Neuigkeiten, sondern erhalten auch abwechslungsreiche Informationen zu:<\/p>\n\n\n\n<ul class=\"wp-block-list\">\n<li>Success Stories &amp; L\u00f6sungen<\/li>\n\n\n\n<li>Produkte &amp; Services<\/li>\n\n\n\n<li>\u00dcber Axians &amp; technische Kompetenz<\/li>\n\n\n\n<li>Trends &amp; News<\/li>\n\n\n\n<li>Events, Messen &amp; Veranstaltungen<\/li>\n\n\n\n<li>Umfragen &amp; Ergebnisse<\/li>\n<\/ul>\n\n\n\n<p>Damit unser Newsletter auf Ihre Interessen abgestimmt ist und Ihnen relevante Informationen liefert, erfassen wir Angaben \u00fcber Ihre individuelle Nutzung des Newsletters. Jeder Empf\u00e4nger erh\u00e4lt eine eindeutige ID und einen User-Code, um bei der Personalisierung die passenden Inhalte zu \u00fcbergeben (z.B. Anrede, vorausgef\u00fclltes Anmeldeformular). Wir erfassen dabei:<\/p>\n\n\n\n<ul class=\"wp-block-list\">\n<li>Datum und Uhrzeit des Versands \u00a0an den Empf\u00e4nger<\/li>\n\n\n\n<li>Datum und Uhrzeit eines Klicks auf einen Link, und wie oft auf welchen Link geklickt wurde<\/li>\n\n\n\n<li>Datum, Uhrzeit und Mailprogramm, mit dem die E-Mail ge\u00f6ffnet wurde (f\u00fcr jeden Empf\u00e4nger)<\/li>\n\n\n\n<li>Inhaltliche Pr\u00e4ferenzen (Interessengruppen) beim \u00d6ffnen von Links<\/li>\n\n\n\n<li>N\u00e4herungsweise Lokalisierung, wo die E-Mail ge\u00f6ffnet wurde<\/li>\n\n\n\n<li>Datum und Uhrzeit der Registrierung f\u00fcr den Newsletter und Quelle (manuelle Eingabe oder Online-Anmeldung)<\/li>\n\n\n\n<li>Bevorzugtes Mailformat<\/li>\n<\/ul>\n\n\n\n<h2 class=\"wp-block-heading\">10. Betroffenenrechte &amp; Kontaktaufnahme mit dem Datenschutzbeauftragten der Axians ICT Austria GmbH<\/h2>\n\n\n\n<p>Gegen\u00fcber Axians ICT Austria GmbH haben Sie das Recht auf Auskunft \u00fcber die betreffenden personenbezogenen Daten sowie auf Berichtigung, L\u00f6schung, Einschr\u00e4nkung der Verarbeitung, Widerspruch gegen die Verarbeitung sowie auf Daten\u00fcbertragbarkeit. Dar\u00fcber hinaus haben Sie das Recht auf Beschwerde bei der Aufsichtsbeh\u00f6rde, in \u00d6sterreich ist das die Datenschutzbeh\u00f6rde (<a href=\"http:\/\/www.dsb.gv.at\/\" target=\"_blank\" rel=\"noreferrer noopener\">www.dsb.gv.at<\/a>).<\/p>\n\n\n\n<p>F\u00fcr R\u00fcckfragen zu diesen Themen bzw. zur Inanspruchnahme Ihrer Betroffenenrechte kontaktieren Sie bitte unseren Datenschutzbeauftragten Herrn&nbsp;<strong>Vladimir Mlynar<\/strong>&nbsp;unter&nbsp;<a href=\"mailto:datenschutz@axians.at\">datenschutz@axians.at<\/a>.<\/p>\n\n\n\n<p>Quelle: Erstellt mit dem&nbsp;<a href=\"https:\/\/www.firmenwebseiten.at\/datenschutz-generator\/\" target=\"_blank\" rel=\"noreferrer noopener\">Datenschutz Generator von firmenwebseiten.at<\/a>&nbsp;in Kooperation mit&nbsp;<a href=\"https:\/\/www.eventsevents.at\/\" target=\"_blank\" rel=\"noreferrer noopener\">eventsevents.at<\/a><\/p>\n<\/div>\n<\/div>\n<\/div>\n<\/section>\n","protected":false},"excerpt":{"rendered":"<p>Datenschutz Erkl\u00e4rung zur Informationspflicht \u2013 Datenschutzerkl\u00e4rung Der Schutz Ihrer pers\u00f6nlichen Daten ist uns ein besonderes Anliegen. Wir verarbeiten Ihre Daten daher ausschlie\u00dflich auf Grundlage der gesetzlichen Bestimmungen (DSGVO, TKG 2003). In diesen Datenschutzinformationen informieren wir Sie \u00fcber die wichtigsten Aspekte der Datenverarbeitung im Rahmen unserer Website. Wenn Sie per Formular auf der Website oder per [&hellip;]<\/p>\n","protected":false},"author":1,"featured_media":0,"parent":0,"menu_order":0,"comment_status":"closed","ping_status":"closed","template":"","meta":{"footnotes":""},"class_list":["post-3488","page","type-page","status-publish","hentry"],"lang":"at","translations":{"at":3488,"de":3452,"en":3485,"hr":5649},"pll_sync_post":[],"_links":{"self":[{"href":"https:\/\/solutions.axians.com\/sap\/wp-json\/wp\/v2\/pages\/3488","targetHints":{"allow":["GET"]}}],"collection":[{"href":"https:\/\/solutions.axians.com\/sap\/wp-json\/wp\/v2\/pages"}],"about":[{"href":"https:\/\/solutions.axians.com\/sap\/wp-json\/wp\/v2\/types\/page"}],"author":[{"embeddable":true,"href":"https:\/\/solutions.axians.com\/sap\/wp-json\/wp\/v2\/users\/1"}],"replies":[{"embeddable":true,"href":"https:\/\/solutions.axians.com\/sap\/wp-json\/wp\/v2\/comments?post=3488"}],"version-history":[{"count":1,"href":"https:\/\/solutions.axians.com\/sap\/wp-json\/wp\/v2\/pages\/3488\/revisions"}],"predecessor-version":[{"id":3491,"href":"https:\/\/solutions.axians.com\/sap\/wp-json\/wp\/v2\/pages\/3488\/revisions\/3491"}],"wp:attachment":[{"href":"https:\/\/solutions.axians.com\/sap\/wp-json\/wp\/v2\/media?parent=3488"}],"curies":[{"name":"wp","href":"https:\/\/api.w.org\/{rel}","templated":true}]}}