{"id":2987,"date":"2025-10-06T12:40:33","date_gmt":"2025-10-06T12:40:33","guid":{"rendered":"https:\/\/solutions.axians.com\/sap\/?page_id=2987"},"modified":"2025-12-09T13:04:53","modified_gmt":"2025-12-09T13:04:53","slug":"sap-application-lifecycle-management-alm","status":"publish","type":"page","link":"https:\/\/solutions.axians.com\/sap\/at\/sap-services\/beratung\/sap-application-lifecycle-management-alm\/","title":{"rendered":"SAP\u00a0Application\u00a0Lifecycle Management (ALM)\u00a0"},"content":{"rendered":"\n<section class=\"wp-block-group stage-subpage is-layout-constrained wp-block-group-is-layout-constrained\">\n<figure class=\"wp-block-image size-full\"><img loading=\"lazy\" decoding=\"async\" width=\"1706\" height=\"614\" src=\"https:\/\/solutions.axians.com\/sap\/wp-content\/uploads\/2025\/08\/iStock-2157666226.jpg\" alt=\"\" class=\"wp-image-2988\" style=\"aspect-ratio:21\/9;object-fit:cover\" srcset=\"https:\/\/solutions.axians.com\/sap\/wp-content\/uploads\/2025\/08\/iStock-2157666226.jpg 1706w, https:\/\/solutions.axians.com\/sap\/wp-content\/uploads\/2025\/08\/iStock-2157666226-800x288.jpg 800w, https:\/\/solutions.axians.com\/sap\/wp-content\/uploads\/2025\/08\/iStock-2157666226-768x276.jpg 768w, https:\/\/solutions.axians.com\/sap\/wp-content\/uploads\/2025\/08\/iStock-2157666226-1536x553.jpg 1536w\" sizes=\"auto, (max-width: 1706px) 100vw, 1706px\" \/><\/figure>\n\n\n\n<div class=\"wp-block-group container is-layout-flow wp-block-group-is-layout-flow\">\n<div class=\"wp-block-columns row is-layout-flex wp-block-columns-is-layout-flex\">\n<div class=\"wp-block-column col-12 is-layout-flow wp-block-column-is-layout-flow\">\n<h1 class=\"wp-block-heading headline\">Application&nbsp;Lifecycle Management f\u00fcr Ihre SAP-Systeme<\/h1>\n\n\n\n<p>Projektrollen, Methoden und Werkzeuge f\u00fcr die Implementierung und den Betrieb Ihrer SAP-Systeme.&nbsp;<\/p>\n<\/div>\n<\/div>\n<\/div>\n<\/section>\n\n\n\n<section class=\"wp-block-group breadcrumb is-layout-constrained wp-block-group-is-layout-constrained\">\n<div class=\"wp-block-group container is-layout-flow wp-block-group-is-layout-flow\">\n<div class=\"wp-block-columns row is-layout-flex wp-block-columns-is-layout-flex\">\n<div class=\"wp-block-column col-12 is-layout-flow wp-block-column-is-layout-flow\"><nav aria-label=\"breadcrumbs\" class=\"rank-math-breadcrumb\"><p><span class=\"last\">Home<\/span><\/p><\/nav>\n<\/div>\n<\/div>\n<\/div>\n<\/section>\n\n\n\n<section class=\"wp-block-group text-centered-gradient is-layout-constrained wp-block-group-is-layout-constrained\">\n<div class=\"wp-block-group container is-layout-flow wp-block-group-is-layout-flow\">\n<div class=\"wp-block-columns row is-layout-flex wp-block-columns-is-layout-flex\">\n<div class=\"wp-block-column col-12 is-layout-flow wp-block-column-is-layout-flow\">\n<h2 class=\"wp-block-heading headline\">Von der Idee zum Projekt zum Betrieb<\/h2>\n\n\n\n<p>ALM ist das offene Geheimnis erfolgreicher SAP-Projekte: Definierte Rollen, bew\u00e4hrte Prozesse und clevere Werkzeuge sorgen daf\u00fcr, dass auch im Projektalltag der Blick aufs gro\u00dfe Ganze erhalten bleibt, so dass \u201eon time, on budget\u201c Realit\u00e4t wird.&nbsp;<\/p>\n<\/div>\n<\/div>\n<\/div>\n<\/section>\n\n\n\n<section class=\"wp-block-group headline-text-slider-icon-text is-layout-constrained wp-block-group-is-layout-constrained\">\n<div class=\"wp-block-group container is-layout-flow wp-block-group-is-layout-flow\">\n<div class=\"wp-block-columns row is-layout-flex wp-block-columns-is-layout-flex\">\n<div class=\"wp-block-column col-12 is-layout-flow wp-block-column-is-layout-flow\">\n<h2 class=\"wp-block-heading headline\">Unser ALM-Leistungsportfolio im \u00dcberblick:&nbsp;<\/h2>\n\n\n\n<p><\/p>\n\n\n\n<div class=\"wp-block-group slider-icon-text swiper is-layout-flow wp-block-group-is-layout-flow\">\n<div class=\"wp-block-group swiper-wrapper is-layout-flow wp-block-group-is-layout-flow\">\n<div class=\"wp-block-group swiper-slide is-layout-flow wp-block-group-is-layout-flow\">\n\n\n<h3 class=\"wp-block-heading headline\"><strong>Projektrollen<\/strong><\/h3>\n\n\n\n<p>Projektleiter:in, Testmanager:in, Releasemanager:in &#8211; unsere erfahrenen Expert:innen besetzten Schl\u00fcsselpositionen und f\u00fchren Ihre Projekte zum Erfolg.<\/p>\n<\/div>\n\n\n\n<div class=\"wp-block-group swiper-slide is-layout-flow wp-block-group-is-layout-flow\">\n\n\n<h3 class=\"wp-block-heading headline\"><strong>Methodik und Erfahrung<\/strong><\/h3>\n\n\n\n<p>Ist SAP Activate das Ma\u00df aller Dinge? Wir erweitern die SAP-Empfehlung um Industriestandards und erfahrungsbasierte Vorgehensweisen.&nbsp;<\/p>\n<\/div>\n\n\n\n<div class=\"wp-block-group swiper-slide is-layout-flow wp-block-group-is-layout-flow\">\n\n\n<h3 class=\"wp-block-heading headline\"><strong>ALM-Szenarien<\/strong><\/h3>\n\n\n\n<p>Wir beraten alle ALM-Szenarien fachlich und methodisch \u2013 vom Projektmanagement \u00fcber die Prozessdokumentation, Test- und Transportmanagement bis hin zu Monitoring und Systembetrieb.<\/p>\n<\/div>\n\n\n\n<div class=\"wp-block-group swiper-slide is-layout-flow wp-block-group-is-layout-flow\">\n\n\n<h3 class=\"wp-block-heading headline\"><strong>Werkzeugauswahl<\/strong><\/h3>\n\n\n\n<p>Welche ALM-Werkzeuge reduzieren in Ihrem Unternehmen Aufw\u00e4nde und schaffen Transparenz? SAP Cloud ALM und die \u201eTransformation&nbsp;Toolchain\u201c, non-SAP oder das beste beider Welten?&nbsp;<\/p>\n<\/div>\n\n\n\n<div class=\"wp-block-group swiper-slide is-layout-flow wp-block-group-is-layout-flow\">\n\n\n<h3 class=\"wp-block-heading headline\"><strong>GxP<\/strong><\/h3>\n\n\n\n<p>Streng regulierte Bereiche wie&nbsp;Pharma, Biotechnologie oder Medizinprodukte erfordern robuste ALM-Prozesse, um s\u00e4mtliche Anforderungen an die Validierung von Computersystemen abzubilden.&nbsp;<\/p>\n<\/div>\n<\/div>\n<\/div>\n<\/div>\n<\/div>\n<\/div>\n<\/section>\n\n\n\n<section class=\"wp-block-group headline-text-slider-icon-text-light is-layout-constrained wp-block-group-is-layout-constrained\">\n<div class=\"wp-block-group container is-layout-flow wp-block-group-is-layout-flow\">\n<div class=\"wp-block-columns row is-layout-flex wp-block-columns-is-layout-flex\">\n<div class=\"wp-block-column col-12 is-layout-flow wp-block-column-is-layout-flow\">\n<h2 class=\"wp-block-heading headline\">Ihre Vorteile mit Axians ALM auf einen Blick:&nbsp;<\/h2>\n\n\n\n<p><\/p>\n\n\n\n<div class=\"wp-block-group slider-icon-text swiper is-layout-flow wp-block-group-is-layout-flow\">\n<div class=\"wp-block-group swiper-wrapper is-layout-flow wp-block-group-is-layout-flow\">\n<div class=\"wp-block-group swiper-slide is-layout-flow wp-block-group-is-layout-flow\">\n<figure class=\"wp-block-image size-large\"><img decoding=\"async\" src=\"\/sap\/wp-content\/uploads\/2025\/06\/icon-1.png\" alt=\"\"\/><\/figure>\n\n\n\n<h3 class=\"wp-block-heading headline\"><strong>Expertenwissen und Erfahrung<\/strong>&nbsp;<\/h3>\n\n\n\n<p>f\u00fcr den Erfolg Ihrer SAP-Projekte&nbsp;<\/p>\n<\/div>\n\n\n\n<div class=\"wp-block-group swiper-slide is-layout-flow wp-block-group-is-layout-flow\">\n<figure class=\"wp-block-image size-large\"><img decoding=\"async\" src=\"\/sap\/wp-content\/uploads\/2025\/06\/icon-1.png\" alt=\"\"\/><\/figure>\n\n\n\n<h3 class=\"wp-block-heading headline\"><strong>Transparenz&nbsp;<\/strong><\/h3>\n\n\n\n<p>in allen Projektphasen \u2013 bis hin zum Betrieb&nbsp;<\/p>\n<\/div>\n\n\n\n<div class=\"wp-block-group swiper-slide is-layout-flow wp-block-group-is-layout-flow\">\n<figure class=\"wp-block-image size-large\"><img decoding=\"async\" src=\"\/sap\/wp-content\/uploads\/2025\/06\/icon-1.png\" alt=\"\"\/><\/figure>\n\n\n\n<h3 class=\"wp-block-heading headline\"><strong>Reduzieren&nbsp;<\/strong><\/h3>\n\n\n\n<p>von administrativen Aufw\u00e4nden&nbsp;&nbsp;<\/p>\n<\/div>\n\n\n\n<div class=\"wp-block-group swiper-slide is-layout-flow wp-block-group-is-layout-flow\">\n<figure class=\"wp-block-image size-large\"><img decoding=\"async\" src=\"\/sap\/wp-content\/uploads\/2025\/06\/icon-1.png\" alt=\"\"\/><\/figure>\n\n\n\n<h3 class=\"wp-block-heading headline\"><strong>Effizienz&nbsp;<\/strong><\/h3>\n\n\n\n<p>von Projekten und Betrieb erh\u00f6hen&nbsp;<\/p>\n<\/div>\n\n\n\n<div class=\"wp-block-group swiper-slide is-layout-flow wp-block-group-is-layout-flow\">\n<figure class=\"wp-block-image size-large\"><img decoding=\"async\" src=\"\/sap\/wp-content\/uploads\/2025\/06\/icon-1.png\" alt=\"\"\/><\/figure>\n\n\n\n<h3 class=\"wp-block-heading headline\"><strong>Umfassende Beratung<\/strong><\/h3>\n\n\n\n<p>s\u00e4mtlicher ALM-Themen&nbsp;<\/p>\n<\/div>\n<\/div>\n<\/div>\n<\/div>\n<\/div>\n<\/div>\n<\/section>\n\n\n\n<section class=\"wp-block-group accordion-2-col is-layout-constrained wp-block-group-is-layout-constrained\">\n<div class=\"wp-block-group container is-layout-flow wp-block-group-is-layout-flow\">\n<div class=\"wp-block-columns row is-layout-flex wp-block-columns-is-layout-flex\">\n<div class=\"wp-block-column col-12 is-layout-flow wp-block-column-is-layout-flow\">\n<h2 class=\"wp-block-heading headline\">Unsere Services und Beratungsangebote:&nbsp;<\/h2>\n\n\n\n<p><\/p>\n<\/div>\n<\/div>\n\n\n\n<div class=\"wp-block-columns row is-layout-flex wp-block-columns-is-layout-flex\">\n<div class=\"wp-block-column col-12 is-layout-flow wp-block-column-is-layout-flow\">\n<div class=\"wp-block-teufels-accordion accordion\" id=\"accordion-700715de-0de0-4762-a075-4278353a74d1\">\n<div class=\"wp-block-teufels-accordion-item accordion-item\"><h2 class=\"accordion-header\" id=\"heading-84e7ab3c-7f9f-47da-b9ab-55a1a09aa05d\"><button class=\"accordion-button collapsed\" data-bs-toggle=\"collapse\" data-bs-target=\"#collapse-84e7ab3c-7f9f-47da-b9ab-55a1a09aa05d\" aria-expanded=\"false\" aria-control=\"collapse-84e7ab3c-7f9f-47da-b9ab-55a1a09aa05d\">Vollst\u00e4ndige Begleitung von \u201eRISE\u00a0with\u00a0SAP\u201c-Projekten\u00a0<\/button><\/h2><div id=\"collapse-84e7ab3c-7f9f-47da-b9ab-55a1a09aa05d\" class=\"accordion-collapse collapse\" aria-labelledby=\"heading-84e7ab3c-7f9f-47da-b9ab-55a1a09aa05d\" data-bs-parent=\"#accordion-700715de-0de0-4762-a075-4278353a74d1\"><div class=\"accordion-body\">\n<p>Von Anfang an dabei: In unseren Projekten setzen wir konsequent auf ALM-Methoden und -Werkzeuge \u2013 f\u00fcr Transparenz, Planungssicherheit und effiziente Zusammenarbeit.&nbsp;<\/p>\n\n\n\n<ul class=\"wp-block-list\">\n<li>Projektplanung und -durchf\u00fchrung&nbsp;<\/li>\n\n\n\n<li>Gesch\u00e4ftsanforderungen sammeln und in Spezifikationen \u00fcberf\u00fchren&nbsp;<\/li>\n\n\n\n<li>Testaktivit\u00e4ten planen, durchf\u00fchren und dokumentieren&nbsp;<\/li>\n\n\n\n<li>System\u00e4nderungen koordinieren und zielgerichtet produktivsetzen&nbsp;<\/li>\n\n\n\n<li>Optimale Performance: Projektwissen in den Systembetrieb mitnehmen&nbsp;<\/li>\n<\/ul>\n<\/div><\/div><\/div>\n\n\n\n<div class=\"wp-block-teufels-accordion-item accordion-item\"><h2 class=\"accordion-header\" id=\"heading-56a02b2a-cf6e-455a-a44e-6426dc3f646d\"><button class=\"accordion-button collapsed\" data-bs-toggle=\"collapse\" data-bs-target=\"#collapse-56a02b2a-cf6e-455a-a44e-6426dc3f646d\" aria-expanded=\"false\" aria-control=\"collapse-56a02b2a-cf6e-455a-a44e-6426dc3f646d\">ALM-Strategieberatung\u00a0<\/button><\/h2><div id=\"collapse-56a02b2a-cf6e-455a-a44e-6426dc3f646d\" class=\"accordion-collapse collapse\" aria-labelledby=\"heading-56a02b2a-cf6e-455a-a44e-6426dc3f646d\" data-bs-parent=\"#accordion-700715de-0de0-4762-a075-4278353a74d1\"><div class=\"accordion-body\">\n<p>Es geht immer besser: In der ALM-Strategieberatung durchleuchten wir Ihre ALM-Prozesse \u2013 und unterst\u00fctzen bei der Optimierung. Bereits kleine \u00c4nderungen k\u00f6nnen gro\u00dfe Auswirkungen haben.&nbsp;<\/p>\n\n\n\n<ul class=\"wp-block-list\">\n<li>ALM und Test Management Assessment zum Festpreis&nbsp;<\/li>\n\n\n\n<li>Bestandsaufnahme: Aktuelle ALM-Prozesse&nbsp;<\/li>\n\n\n\n<li>Identifizieren und L\u00f6sen von Herausforderungen und Pain Points&nbsp;<\/li>\n\n\n\n<li>Abgleich und Benchmarking mit Erfahrungen aus zahllosen ALM-Projekten&nbsp;<\/li>\n\n\n\n<li>Kundenindividuelle Roadmap zur Optimierung&nbsp;<\/li>\n<\/ul>\n<\/div><\/div><\/div>\n<\/div>\n<\/div>\n\n\n\n<div class=\"wp-block-column col-12 is-layout-flow wp-block-column-is-layout-flow\">\n<div class=\"wp-block-teufels-accordion accordion\" id=\"accordion-44c0bee1-ce7e-4369-9ef1-9a6612c47fb7\">\n<div class=\"wp-block-teufels-accordion-item accordion-item\"><h2 class=\"accordion-header\" id=\"heading-9017fbd2-6339-4f15-a8e1-9edbcc3cd466\"><button class=\"accordion-button collapsed\" data-bs-toggle=\"collapse\" data-bs-target=\"#collapse-9017fbd2-6339-4f15-a8e1-9edbcc3cd466\" aria-expanded=\"false\" aria-control=\"collapse-9017fbd2-6339-4f15-a8e1-9edbcc3cd466\">Projektrollen<\/button><\/h2><div id=\"collapse-9017fbd2-6339-4f15-a8e1-9edbcc3cd466\" class=\"accordion-collapse collapse\" aria-labelledby=\"heading-9017fbd2-6339-4f15-a8e1-9edbcc3cd466\" data-bs-parent=\"#accordion-44c0bee1-ce7e-4369-9ef1-9a6612c47fb7\"><div class=\"accordion-body\">\n<p>Projekt-, Test- und Releasemanagement entscheiden ma\u00dfgeblich \u00fcber den Erfolg eines SAP-Projekts. Unsere&nbsp;Expert:innen&nbsp;\u00fcbernehmen entsprechende Rollen in Ihrem Projekt \u2013 oder unterst\u00fctzen punktuell.&nbsp;<\/p>\n\n\n\n<ul class=\"wp-block-list\">\n<li>Expert:innen&nbsp;f\u00fcr kritische Projektrollen&nbsp;<\/li>\n\n\n\n<li>Umfassende Erfahrung und reichhaltiges Methodenwissen&nbsp;&nbsp;<\/li>\n\n\n\n<li>Zertifiziert in SAP-Methoden und Industriestandards&nbsp;<\/li>\n<\/ul>\n<\/div><\/div><\/div>\n\n\n\n<div class=\"wp-block-teufels-accordion-item accordion-item\"><h2 class=\"accordion-header\" id=\"heading-013770d0-34ae-4aaf-9d27-c679fc01d011\"><button class=\"accordion-button collapsed\" data-bs-toggle=\"collapse\" data-bs-target=\"#collapse-013770d0-34ae-4aaf-9d27-c679fc01d011\" aria-expanded=\"false\" aria-control=\"collapse-013770d0-34ae-4aaf-9d27-c679fc01d011\">Werkzeugberatung<\/button><\/h2><div id=\"collapse-013770d0-34ae-4aaf-9d27-c679fc01d011\" class=\"accordion-collapse collapse\" aria-labelledby=\"heading-013770d0-34ae-4aaf-9d27-c679fc01d011\" data-bs-parent=\"#accordion-44c0bee1-ce7e-4369-9ef1-9a6612c47fb7\"><div class=\"accordion-body\">\n<p>Tools sind nicht alles, aber die richtigen Werkzeuge mit passender Strategie steigern Effektivit\u00e4t und Effizienz deutlich.&nbsp;<\/p>\n\n\n\n<ul class=\"wp-block-list\">\n<li>Beratung zur Werkzeugauswahl&nbsp;<\/li>\n\n\n\n<li>SAP Cloud ALM: Einf\u00fchrung, Konfiguration und Schulung aller Szenarien&nbsp;<\/li>\n\n\n\n<li>Integration von SAP&nbsp;Signavio, SAP&nbsp;LeanIX, SAP Enable Now,&nbsp;Tricentis&nbsp;Test Automation&nbsp;<\/li>\n\n\n\n<li>Kombinierte Strategie- und Werkzeugberatung, z.B. Umsetzung einer Teststrategie&nbsp;<\/li>\n\n\n\n<li>SAP Solution Manager: Technische und fachliche Konfiguration aller Szenarien, technischer Betrieb und Upgrades,&nbsp;Focused&nbsp;Build&nbsp;und&nbsp;Focused&nbsp;Insights, Migration zu anderen Tools.&nbsp;<\/li>\n<\/ul>\n<\/div><\/div><\/div>\n<\/div>\n<\/div>\n<\/div>\n<\/div>\n<\/section>\n\n\n\n<section class=\"wp-block-group headline-accordion is-layout-constrained wp-block-group-is-layout-constrained\">\n<div class=\"wp-block-group container is-layout-flow wp-block-group-is-layout-flow\">\n<div class=\"wp-block-columns row is-layout-flex wp-block-columns-is-layout-flex\">\n<div class=\"wp-block-column col-12 is-layout-flow wp-block-column-is-layout-flow\">\n<h2 class=\"wp-block-heading headline\">FAQs<\/h2>\n\n\n\n<div class=\"wp-block-teufels-accordion accordion\" id=\"accordion-64b3791a-71a2-4ae0-a2a9-e1c2c005f33e\">\n<div class=\"wp-block-teufels-accordion-item accordion-item\"><h2 class=\"accordion-header\" id=\"heading-9a0b0716-bcf7-4b14-9ee2-e3c26d2f6269\"><button class=\"accordion-button collapsed\" data-bs-toggle=\"collapse\" data-bs-target=\"#collapse-9a0b0716-bcf7-4b14-9ee2-e3c26d2f6269\" aria-expanded=\"false\" aria-control=\"collapse-9a0b0716-bcf7-4b14-9ee2-e3c26d2f6269\">Was bedeutet ALM im SAP-Kontext?\u00a0<\/button><\/h2><div id=\"collapse-9a0b0716-bcf7-4b14-9ee2-e3c26d2f6269\" class=\"accordion-collapse collapse\" aria-labelledby=\"heading-9a0b0716-bcf7-4b14-9ee2-e3c26d2f6269\" data-bs-parent=\"#accordion-64b3791a-71a2-4ae0-a2a9-e1c2c005f33e\"><div class=\"accordion-body\">\n<p>Application&nbsp;Lifecycle Management (ALM) umfasst Projektrollen, Methoden, Prozesse und Werkzeuge f\u00fcr die Verwaltung von (SAP-)Systemen \u00fcber deren gesamten Lebenszyklus hinweg. Ganz gleich ob Projekte, Systembetrieb oder Tagesgesch\u00e4ft \u2013 ALM erleichtert die Einf\u00fchrung und den Betrieb von SAP-Produkten und vereinfacht die Kommunikation zwischen Fachbereich und IT.&nbsp;<\/p>\n<\/div><\/div><\/div>\n\n\n\n<div class=\"wp-block-teufels-accordion-item accordion-item\"><h2 class=\"accordion-header\" id=\"heading-bffc97e8-d9ef-4faa-94b6-afb788f468fa\"><button class=\"accordion-button collapsed\" data-bs-toggle=\"collapse\" data-bs-target=\"#collapse-bffc97e8-d9ef-4faa-94b6-afb788f468fa\" aria-expanded=\"false\" aria-control=\"collapse-bffc97e8-d9ef-4faa-94b6-afb788f468fa\">Ist ALM nur f\u00fcr die IT relevant?<\/button><\/h2><div id=\"collapse-bffc97e8-d9ef-4faa-94b6-afb788f468fa\" class=\"accordion-collapse collapse\" aria-labelledby=\"heading-bffc97e8-d9ef-4faa-94b6-afb788f468fa\" data-bs-parent=\"#accordion-64b3791a-71a2-4ae0-a2a9-e1c2c005f33e\"><div class=\"accordion-body\">\n<p>Nein, ALM richtet sich nicht nur an IT-Abteilungen. Themenfelder wie Prozessdokumentation, Anforderungsmanagement, Test- und Releasemanagement richten sich an Fachbereiche \u2013 die dann durch schneller umgesetzte Anforderungen, gezieltere Tests sowie transparente und sicher transportierte Prozess\u00e4nderungen profitieren.&nbsp;F\u00fcr CIOs, Projektleiter und Prozessverantwortliche bietet ALM ebenfalls spezifische Mehrwerte \u2013 z.B. Transparenz \u00fcber die Aufw\u00e4nde von SAP-Projekten, Dokumentation und Qualit\u00e4tssicherung oder das Monitoring von Prozesskennzahlen.&nbsp;&nbsp;<\/p>\n<\/div><\/div><\/div>\n\n\n\n<div class=\"wp-block-teufels-accordion-item accordion-item\"><h2 class=\"accordion-header\" id=\"heading-cf3c95e6-6729-4c6f-973b-d67f957fd273\"><button class=\"accordion-button collapsed\" data-bs-toggle=\"collapse\" data-bs-target=\"#collapse-cf3c95e6-6729-4c6f-973b-d67f957fd273\" aria-expanded=\"false\" aria-control=\"collapse-cf3c95e6-6729-4c6f-973b-d67f957fd273\">Muss ich ALM vollumf\u00e4nglich einf\u00fchren?<\/button><\/h2><div id=\"collapse-cf3c95e6-6729-4c6f-973b-d67f957fd273\" class=\"accordion-collapse collapse\" aria-labelledby=\"heading-cf3c95e6-6729-4c6f-973b-d67f957fd273\" data-bs-parent=\"#accordion-64b3791a-71a2-4ae0-a2a9-e1c2c005f33e\"><div class=\"accordion-body\">\n<p>Nein. ALM-Methoden und -Werkzeuge sind modular aufgebaut. Sie k\u00f6nnen dort starten, wo der gr\u00f6\u00dfte Mehrwert entsteht, z.B. mit dem Testmanagement oder dem Releasemanagement. Mit unserem ALM-Assessment unterst\u00fctzen wir gern bei der Fragestellung, welche ALM-Prozesse und -Werkzeuge in Ihrem Kontext am nutzbringendsten sind.&nbsp;<\/p>\n<\/div><\/div><\/div>\n\n\n\n<div class=\"wp-block-teufels-accordion-item accordion-item\"><h2 class=\"accordion-header\" id=\"heading-f98b8873-a89c-4097-a716-21ceb5821366\"><button class=\"accordion-button collapsed\" data-bs-toggle=\"collapse\" data-bs-target=\"#collapse-f98b8873-a89c-4097-a716-21ceb5821366\" aria-expanded=\"false\" aria-control=\"collapse-f98b8873-a89c-4097-a716-21ceb5821366\">Was ist SAP Cloud ALM?<\/button><\/h2><div id=\"collapse-f98b8873-a89c-4097-a716-21ceb5821366\" class=\"accordion-collapse collapse\" aria-labelledby=\"heading-f98b8873-a89c-4097-a716-21ceb5821366\" data-bs-parent=\"#accordion-64b3791a-71a2-4ae0-a2a9-e1c2c005f33e\"><div class=\"accordion-body\">\n<p>SAP Cloud ALM ist das aktuelle ALM-Produkt von SAP, das mit verschiedenen Szenarien den gesamten Lebenszyklus von SAP-Anwendungen verwaltet. Zu diesen Szenarien geh\u00f6ren u.a.:&nbsp;<\/p>\n\n\n\n<ul class=\"wp-block-list\">\n<li>Projekt- und Aufgabenmanagement&nbsp;<\/li>\n\n\n\n<li>Anforderungsmanagement&nbsp;<\/li>\n\n\n\n<li>Testmanagement&nbsp;<\/li>\n\n\n\n<li>Change- und Release-Management&nbsp;&nbsp;<\/li>\n\n\n\n<li>Technisches Monitoring&nbsp;<\/li>\n\n\n\n<li>Gesch\u00e4ftsprozessmonitoring&nbsp;<\/li>\n<\/ul>\n\n\n\n<p>SAP Cloud ALM basiert auf der&nbsp;SAP Business Technology&nbsp;Platform&nbsp;(BTP), ben\u00f6tigt keine eigene Infrastruktur und ist als Software-as-a-Service (SaaS) verf\u00fcgbar.&nbsp;<\/p>\n<\/div><\/div><\/div>\n\n\n\n<div class=\"wp-block-teufels-accordion-item accordion-item\"><h2 class=\"accordion-header\" id=\"heading-7870f4da-4d4d-4aea-b4e6-0434b9cf4838\"><button class=\"accordion-button collapsed\" data-bs-toggle=\"collapse\" data-bs-target=\"#collapse-7870f4da-4d4d-4aea-b4e6-0434b9cf4838\" aria-expanded=\"false\" aria-control=\"collapse-7870f4da-4d4d-4aea-b4e6-0434b9cf4838\">K\u00f6nnen wir mit SAP Cloud ALM auch bestehende Werkzeuge wie Jira oder ServiceNow verwenden?<\/button><\/h2><div id=\"collapse-7870f4da-4d4d-4aea-b4e6-0434b9cf4838\" class=\"accordion-collapse collapse\" aria-labelledby=\"heading-7870f4da-4d4d-4aea-b4e6-0434b9cf4838\" data-bs-parent=\"#accordion-64b3791a-71a2-4ae0-a2a9-e1c2c005f33e\"><div class=\"accordion-body\">\n<p>Ja! SAP Cloud ALM ist integrativ gedacht und bietet Standard-Schnittstellen, die eine einfache Integration anderer Werkzeuge erlauben, z.B. f\u00fcr Anforderungen, ITSM oder Testaktivit\u00e4ten.&nbsp;<\/p>\n<\/div><\/div><\/div>\n\n\n\n<div class=\"wp-block-teufels-accordion-item accordion-item\"><h2 class=\"accordion-header\" id=\"heading-d283e8a3-892b-4029-bdbe-14a1994bdb4a\"><button class=\"accordion-button collapsed\" data-bs-toggle=\"collapse\" data-bs-target=\"#collapse-d283e8a3-892b-4029-bdbe-14a1994bdb4a\" aria-expanded=\"false\" aria-control=\"collapse-d283e8a3-892b-4029-bdbe-14a1994bdb4a\">Was ist SAP Solution Manager?<\/button><\/h2><div id=\"collapse-d283e8a3-892b-4029-bdbe-14a1994bdb4a\" class=\"accordion-collapse collapse\" aria-labelledby=\"heading-d283e8a3-892b-4029-bdbe-14a1994bdb4a\" data-bs-parent=\"#accordion-64b3791a-71a2-4ae0-a2a9-e1c2c005f33e\"><div class=\"accordion-body\">\n<p>SAP Solution Manager ist eine von SAP angebotene Suite von ALM-Werkzeugen, die von zahlreichen SAP-Kunden seit \u00fcber 20 Jahren f\u00fcr die Einf\u00fchrung und den Betrieb von SAP-Systemen eingesetzt wird. Mit dem Ende der Standardwartung f\u00fcr den SAP Solution Manager in 2027 bzw. dem Ende der erweiterten Wartung 2030 empfiehlt SAP den \u00dcbergang zu SAP Cloud ALM.<\/p>\n<\/div><\/div><\/div>\n<\/div>\n<\/div>\n<\/div>\n<\/div>\n<\/section>\n","protected":false},"excerpt":{"rendered":"<p>Application&nbsp;Lifecycle Management f\u00fcr Ihre SAP-Systeme Projektrollen, Methoden und Werkzeuge f\u00fcr die Implementierung und den Betrieb Ihrer SAP-Systeme.&nbsp; Von der Idee zum Projekt zum Betrieb ALM ist das offene Geheimnis erfolgreicher SAP-Projekte: Definierte Rollen, bew\u00e4hrte Prozesse und clevere Werkzeuge sorgen daf\u00fcr, dass auch im Projektalltag der Blick aufs gro\u00dfe Ganze erhalten bleibt, so dass \u201eon time, [&hellip;]<\/p>\n","protected":false},"author":1,"featured_media":0,"parent":2503,"menu_order":0,"comment_status":"closed","ping_status":"closed","template":"","meta":{"footnotes":""},"class_list":["post-2987","page","type-page","status-publish","hentry"],"lang":"at","translations":{"at":2987,"de":205,"en":4622,"hr":5567},"pll_sync_post":[],"_links":{"self":[{"href":"https:\/\/solutions.axians.com\/sap\/wp-json\/wp\/v2\/pages\/2987","targetHints":{"allow":["GET"]}}],"collection":[{"href":"https:\/\/solutions.axians.com\/sap\/wp-json\/wp\/v2\/pages"}],"about":[{"href":"https:\/\/solutions.axians.com\/sap\/wp-json\/wp\/v2\/types\/page"}],"author":[{"embeddable":true,"href":"https:\/\/solutions.axians.com\/sap\/wp-json\/wp\/v2\/users\/1"}],"replies":[{"embeddable":true,"href":"https:\/\/solutions.axians.com\/sap\/wp-json\/wp\/v2\/comments?post=2987"}],"version-history":[{"count":6,"href":"https:\/\/solutions.axians.com\/sap\/wp-json\/wp\/v2\/pages\/2987\/revisions"}],"predecessor-version":[{"id":4620,"href":"https:\/\/solutions.axians.com\/sap\/wp-json\/wp\/v2\/pages\/2987\/revisions\/4620"}],"up":[{"embeddable":true,"href":"https:\/\/solutions.axians.com\/sap\/wp-json\/wp\/v2\/pages\/2503"}],"wp:attachment":[{"href":"https:\/\/solutions.axians.com\/sap\/wp-json\/wp\/v2\/media?parent=2987"}],"curies":[{"name":"wp","href":"https:\/\/api.w.org\/{rel}","templated":true}]}}