{"id":2873,"date":"2025-10-06T11:30:22","date_gmt":"2025-10-06T11:30:22","guid":{"rendered":"https:\/\/solutions.axians.com\/sap\/?page_id=2873"},"modified":"2025-10-06T14:37:46","modified_gmt":"2025-10-06T14:37:46","slug":"sap-losungen","status":"publish","type":"page","link":"https:\/\/solutions.axians.com\/sap\/at\/sap-losungen\/","title":{"rendered":"SAP L\u00f6sungen"},"content":{"rendered":"\n<section class=\"wp-block-group stage-subpage is-layout-constrained wp-block-group-is-layout-constrained\">\n<figure class=\"wp-block-image size-full\"><img loading=\"lazy\" decoding=\"async\" width=\"1801\" height=\"581\" src=\"https:\/\/solutions.axians.com\/sap\/wp-content\/uploads\/2025\/08\/iStock-1474127269.jpg\" alt=\"\" class=\"wp-image-2874\" style=\"aspect-ratio:21\/9;object-fit:cover\" srcset=\"https:\/\/solutions.axians.com\/sap\/wp-content\/uploads\/2025\/08\/iStock-1474127269.jpg 1801w, https:\/\/solutions.axians.com\/sap\/wp-content\/uploads\/2025\/08\/iStock-1474127269-800x258.jpg 800w, https:\/\/solutions.axians.com\/sap\/wp-content\/uploads\/2025\/08\/iStock-1474127269-768x248.jpg 768w, https:\/\/solutions.axians.com\/sap\/wp-content\/uploads\/2025\/08\/iStock-1474127269-1536x496.jpg 1536w\" sizes=\"auto, (max-width: 1801px) 100vw, 1801px\" \/><\/figure>\n\n\n\n<div class=\"wp-block-group container is-layout-flow wp-block-group-is-layout-flow\">\n<div class=\"wp-block-columns row is-layout-flex wp-block-columns-is-layout-flex\">\n<div class=\"wp-block-column col-12 is-layout-flow wp-block-column-is-layout-flow\">\n<h1 class=\"wp-block-heading headline\">SAP L\u00f6sungen<\/h1>\n\n\n\n<p>f\u00fcr mehr Effizienz, Flexibilit\u00e4t und nachhaltiges Wachstum.<\/p>\n<\/div>\n<\/div>\n<\/div>\n<\/section>\n\n\n\n<section class=\"wp-block-group breadcrumb is-layout-constrained wp-block-group-is-layout-constrained\">\n<div class=\"wp-block-group container is-layout-flow wp-block-group-is-layout-flow\">\n<div class=\"wp-block-columns row is-layout-flex wp-block-columns-is-layout-flex\">\n<div class=\"wp-block-column col-12 is-layout-flow wp-block-column-is-layout-flow\"><nav aria-label=\"breadcrumbs\" class=\"rank-math-breadcrumb\"><p><span class=\"last\">Home<\/span><\/p><\/nav>\n<\/div>\n<\/div>\n<\/div>\n<\/section>\n\n\n\n<section class=\"wp-block-group text-centered-gradient is-layout-constrained wp-block-group-is-layout-constrained\">\n<div class=\"wp-block-group container is-layout-flow wp-block-group-is-layout-flow\">\n<div class=\"wp-block-columns row is-layout-flex wp-block-columns-is-layout-flex\">\n<div class=\"wp-block-column col-12 is-layout-flow wp-block-column-is-layout-flow\">\n<h2 class=\"wp-block-heading headline\">Unsere SAP L\u00f6sungen im \u00dcberblick<\/h2>\n\n\n\n<p>Mit unseren<strong> <\/strong>SAP L\u00f6sungen stellen wir Ihnen ein breites Portfolio an innovativen Technologien und Add-ons bereit. Wir liefern die passenden Bausteine f\u00fcr Ihre digitale Transformation: von dem SAP Cloud ERP \u00fcber die SAP Business Technology Platform bis hin zu SAP CX Portfolio und CRM. Dabei kombinieren wir Standardl\u00f6sungen mit individuell entwickelten Erweiterungen, um Ihre Gesch\u00e4ftsprozesse optimal zu unterst\u00fctzen und Wettbewerbsvorteile zu sichern.<\/p>\n<\/div>\n<\/div>\n<\/div>\n<\/section>\n\n\n\n<section class=\"wp-block-group slider-image-text-3-col is-layout-constrained wp-block-group-is-layout-constrained\">\n<div class=\"wp-block-group container is-layout-flow wp-block-group-is-layout-flow\">\n<div class=\"wp-block-columns row is-layout-flex wp-block-columns-is-layout-flex\">\n<div class=\"wp-block-column col-12 is-layout-flow wp-block-column-is-layout-flow\">\n<h2 class=\"wp-block-heading headline\">SAP L\u00f6sungen<\/h2>\n\n\n\n<div class=\"wp-block-group swiper-image-text-3-col swiper is-layout-flow wp-block-group-is-layout-flow\">\n<div class=\"wp-block-group swiper-wrapper is-layout-flow wp-block-group-is-layout-flow\">\n<div class=\"wp-block-group swiper-slide is-layout-flow wp-block-group-is-layout-flow\">\n<figure class=\"wp-block-image size-full is-resized\"><img loading=\"lazy\" decoding=\"async\" width=\"1024\" height=\"1024\" src=\"https:\/\/solutions.axians.com\/sap\/wp-content\/uploads\/2025\/08\/iStock-924183192-1.jpg\" alt=\"\" class=\"wp-image-2875\" style=\"aspect-ratio:4\/3;object-fit:cover;width:504px;height:auto\" srcset=\"https:\/\/solutions.axians.com\/sap\/wp-content\/uploads\/2025\/08\/iStock-924183192-1.jpg 1024w, https:\/\/solutions.axians.com\/sap\/wp-content\/uploads\/2025\/08\/iStock-924183192-1-800x800.jpg 800w, https:\/\/solutions.axians.com\/sap\/wp-content\/uploads\/2025\/08\/iStock-924183192-1-768x768.jpg 768w\" sizes=\"auto, (max-width: 1024px) 100vw, 1024px\" \/><\/figure>\n\n\n\n<div class=\"wp-block-group is-layout-flow wp-block-group-is-layout-flow\">\n<h3 class=\"wp-block-heading headline\">Cloud ERP (S\/4HANA Public &amp; Private Edition)&nbsp;<\/h3>\n\n\n\n<p>Maximale Flexibilit\u00e4t und Skalierbarkeit f\u00fcr Ihre Unternehmensprozesse mit SAP S\/4HANA Cloud.<\/p>\n\n\n\n<div class=\"wp-block-buttons is-layout-flex wp-block-buttons-is-layout-flex\">\n<div class=\"wp-block-button is-style-primary\"><a class=\"wp-block-button__link wp-element-button\" href=\"https:\/\/solutions.axians.com\/sap\/at\/sap-losungen\/cloud-erp-s-4hana-public-private-edition\/\">Mehr erfahren<\/a><\/div>\n<\/div>\n<\/div>\n<\/div>\n\n\n\n<div class=\"wp-block-group swiper-slide is-layout-flow wp-block-group-is-layout-flow\">\n<figure class=\"wp-block-image size-full is-resized\"><img loading=\"lazy\" decoding=\"async\" width=\"1322\" height=\"793\" src=\"https:\/\/solutions.axians.com\/sap\/wp-content\/uploads\/2025\/08\/iStock-2039809714.jpg\" alt=\"\" class=\"wp-image-2876\" style=\"aspect-ratio:4\/3;object-fit:cover;width:502px;height:auto\" srcset=\"https:\/\/solutions.axians.com\/sap\/wp-content\/uploads\/2025\/08\/iStock-2039809714.jpg 1322w, https:\/\/solutions.axians.com\/sap\/wp-content\/uploads\/2025\/08\/iStock-2039809714-800x480.jpg 800w, https:\/\/solutions.axians.com\/sap\/wp-content\/uploads\/2025\/08\/iStock-2039809714-768x461.jpg 768w\" sizes=\"auto, (max-width: 1322px) 100vw, 1322px\" \/><\/figure>\n\n\n\n<div class=\"wp-block-group is-layout-flow wp-block-group-is-layout-flow\">\n<h3 class=\"wp-block-heading headline\">BTP \u2013 Business Technology&nbsp;Platform&nbsp;<\/h3>\n\n\n\n<p>Die Basis f\u00fcr Innovation: Daten, Anwendungen und Prozesse intelligent vernetzt.<\/p>\n\n\n\n<div class=\"wp-block-buttons is-layout-flex wp-block-buttons-is-layout-flex\">\n<div class=\"wp-block-button is-style-primary\"><a class=\"wp-block-button__link wp-element-button\" href=\"https:\/\/solutions.axians.com\/sap\/at\/sap-losungen\/btp-business-technology-platform\/\">Mehr erfahren<\/a><\/div>\n<\/div>\n<\/div>\n<\/div>\n\n\n\n<div class=\"wp-block-group swiper-slide is-layout-flow wp-block-group-is-layout-flow\">\n<figure class=\"wp-block-image size-full is-resized\"><img loading=\"lazy\" decoding=\"async\" width=\"1254\" height=\"836\" src=\"https:\/\/solutions.axians.com\/sap\/wp-content\/uploads\/2025\/08\/iStock-961126800.jpg\" alt=\"\" class=\"wp-image-2877\" style=\"aspect-ratio:4\/3;object-fit:cover;width:499px;height:auto\" srcset=\"https:\/\/solutions.axians.com\/sap\/wp-content\/uploads\/2025\/08\/iStock-961126800.jpg 1254w, https:\/\/solutions.axians.com\/sap\/wp-content\/uploads\/2025\/08\/iStock-961126800-800x533.jpg 800w, https:\/\/solutions.axians.com\/sap\/wp-content\/uploads\/2025\/08\/iStock-961126800-768x512.jpg 768w\" sizes=\"auto, (max-width: 1254px) 100vw, 1254px\" \/><\/figure>\n\n\n\n<div class=\"wp-block-group is-layout-flow wp-block-group-is-layout-flow\">\n<h3 class=\"wp-block-heading headline\">CX &amp; CRM<\/h3>\n\n\n\n<p>Kunden verstehen, binden und begeistern \u2013 mit intelligenten SAP CX &amp; CRM-L\u00f6sungen.<\/p>\n\n\n\n<div class=\"wp-block-buttons is-layout-flex wp-block-buttons-is-layout-flex\">\n<div class=\"wp-block-button is-style-primary\"><a class=\"wp-block-button__link wp-element-button\" href=\"https:\/\/solutions.axians.com\/sap\/at\/sap-losungen\/cx-crm\/\">Mehr erfahren<\/a><\/div>\n<\/div>\n<\/div>\n<\/div>\n\n\n\n<div class=\"wp-block-group swiper-slide is-layout-flow wp-block-group-is-layout-flow\">\n<figure class=\"wp-block-image size-full is-resized\"><img loading=\"lazy\" decoding=\"async\" width=\"1230\" height=\"852\" src=\"https:\/\/solutions.axians.com\/sap\/wp-content\/uploads\/2025\/08\/iStock-1368757787.jpg\" alt=\"\" class=\"wp-image-2878\" style=\"aspect-ratio:4\/3;object-fit:cover;width:508px;height:auto\" srcset=\"https:\/\/solutions.axians.com\/sap\/wp-content\/uploads\/2025\/08\/iStock-1368757787.jpg 1230w, https:\/\/solutions.axians.com\/sap\/wp-content\/uploads\/2025\/08\/iStock-1368757787-800x554.jpg 800w, https:\/\/solutions.axians.com\/sap\/wp-content\/uploads\/2025\/08\/iStock-1368757787-768x532.jpg 768w\" sizes=\"auto, (max-width: 1230px) 100vw, 1230px\" \/><\/figure>\n\n\n\n<div class=\"wp-block-group is-layout-flow wp-block-group-is-layout-flow\">\n<h3 class=\"wp-block-heading headline\">Axians SAP Add-on\u00b4s<\/h3>\n\n\n\n<p>Individuelle Erweiterungen, die Ihre SAP-L\u00f6sungen passgenau auf Ihre Branche zuschneiden.<\/p>\n\n\n\n<div class=\"wp-block-buttons is-layout-flex wp-block-buttons-is-layout-flex\">\n<div class=\"wp-block-button is-style-primary\"><a class=\"wp-block-button__link wp-element-button\" href=\"https:\/\/solutions.axians.com\/sap\/at\/sap-losungen\/sap-add-ons\/\">Mehr erfahren<\/a><\/div>\n<\/div>\n<\/div>\n<\/div>\n<\/div>\n<\/div>\n<\/div>\n<\/div>\n<\/div>\n<\/section>\n","protected":false},"excerpt":{"rendered":"<p>SAP L\u00f6sungen f\u00fcr mehr Effizienz, Flexibilit\u00e4t und nachhaltiges Wachstum. Unsere SAP L\u00f6sungen im \u00dcberblick Mit unseren SAP L\u00f6sungen stellen wir Ihnen ein breites Portfolio an innovativen Technologien und Add-ons bereit. Wir liefern die passenden Bausteine f\u00fcr Ihre digitale Transformation: von dem SAP Cloud ERP \u00fcber die SAP Business Technology Platform bis hin zu SAP CX [&hellip;]<\/p>\n","protected":false},"author":1,"featured_media":0,"parent":0,"menu_order":0,"comment_status":"closed","ping_status":"closed","template":"","meta":{"footnotes":""},"class_list":["post-2873","page","type-page","status-publish","hentry"],"lang":"at","translations":{"at":2873,"de":255,"en":2535,"hr":5586},"pll_sync_post":[],"_links":{"self":[{"href":"https:\/\/solutions.axians.com\/sap\/wp-json\/wp\/v2\/pages\/2873","targetHints":{"allow":["GET"]}}],"collection":[{"href":"https:\/\/solutions.axians.com\/sap\/wp-json\/wp\/v2\/pages"}],"about":[{"href":"https:\/\/solutions.axians.com\/sap\/wp-json\/wp\/v2\/types\/page"}],"author":[{"embeddable":true,"href":"https:\/\/solutions.axians.com\/sap\/wp-json\/wp\/v2\/users\/1"}],"replies":[{"embeddable":true,"href":"https:\/\/solutions.axians.com\/sap\/wp-json\/wp\/v2\/comments?post=2873"}],"version-history":[{"count":3,"href":"https:\/\/solutions.axians.com\/sap\/wp-json\/wp\/v2\/pages\/2873\/revisions"}],"predecessor-version":[{"id":3730,"href":"https:\/\/solutions.axians.com\/sap\/wp-json\/wp\/v2\/pages\/2873\/revisions\/3730"}],"wp:attachment":[{"href":"https:\/\/solutions.axians.com\/sap\/wp-json\/wp\/v2\/media?parent=2873"}],"curies":[{"name":"wp","href":"https:\/\/api.w.org\/{rel}","templated":true}]}}