{"id":287,"date":"2025-07-29T11:57:24","date_gmt":"2025-07-29T11:57:24","guid":{"rendered":"https:\/\/solutions.axians.com\/sap\/?page_id=287"},"modified":"2025-10-07T09:03:31","modified_gmt":"2025-10-07T09:03:31","slug":"elektronik-hightech-industrie","status":"publish","type":"page","link":"https:\/\/solutions.axians.com\/sap\/de\/branchen\/elektronik-hightech-industrie\/","title":{"rendered":"Elektronik- &amp; Hightech-Industrie"},"content":{"rendered":"\n<section class=\"wp-block-group stage-subpage is-layout-constrained wp-block-group-is-layout-constrained\">\n<figure class=\"wp-block-image size-full\"><img loading=\"lazy\" decoding=\"async\" width=\"1277\" height=\"821\" src=\"https:\/\/solutions.axians.com\/sap\/wp-content\/uploads\/2025\/08\/iStock-2148113350.jpg\" alt=\"\" class=\"wp-image-763\" style=\"aspect-ratio:2.3333333333333335;object-fit:cover\" srcset=\"https:\/\/solutions.axians.com\/sap\/wp-content\/uploads\/2025\/08\/iStock-2148113350.jpg 1277w, https:\/\/solutions.axians.com\/sap\/wp-content\/uploads\/2025\/08\/iStock-2148113350-800x514.jpg 800w, https:\/\/solutions.axians.com\/sap\/wp-content\/uploads\/2025\/08\/iStock-2148113350-768x494.jpg 768w\" sizes=\"auto, (max-width: 1277px) 100vw, 1277px\" \/><\/figure>\n\n\n\n<div class=\"wp-block-group container is-layout-flow wp-block-group-is-layout-flow\">\n<div class=\"wp-block-columns row is-layout-flex wp-block-columns-is-layout-flex\">\n<div class=\"wp-block-column col-12 is-layout-flow wp-block-column-is-layout-flow\">\n<h1 class=\"wp-block-heading headline\">Digitale L\u00f6sungen f\u00fcr Hersteller von elektronischen Bauteilen und Modulen&nbsp;<\/h1>\n\n\n\n<p>Baugruppen | Steckverbindungen | Steuerplatinen | Kabelsysteme&nbsp;<\/p>\n<\/div>\n<\/div>\n<\/div>\n<\/section>\n\n\n\n<section class=\"wp-block-group breadcrumb is-layout-constrained wp-block-group-is-layout-constrained\">\n<div class=\"wp-block-group container is-layout-flow wp-block-group-is-layout-flow\">\n<div class=\"wp-block-columns row is-layout-flex wp-block-columns-is-layout-flex\">\n<div class=\"wp-block-column col-12 is-layout-flow wp-block-column-is-layout-flow\"><nav aria-label=\"breadcrumbs\" class=\"rank-math-breadcrumb\"><p><span class=\"last\">Home<\/span><\/p><\/nav>\n<\/div>\n<\/div>\n<\/div>\n<\/section>\n\n\n\n<section class=\"wp-block-group text-centered-gradient is-layout-constrained wp-block-group-is-layout-constrained\">\n<div class=\"wp-block-group container is-layout-flow wp-block-group-is-layout-flow\">\n<div class=\"wp-block-columns row is-layout-flex wp-block-columns-is-layout-flex\">\n<div class=\"wp-block-column col-12 is-layout-flow wp-block-column-is-layout-flow\">\n<h2 class=\"wp-block-heading headline\">Die Branche unter Strom&nbsp;<\/h2>\n\n\n\n<p>Die Elektronik- und Hightech-Industrie geh\u00f6rt zu den innovationsgetriebensten Fertigungssektoren. Kurze Produktlebenszyklen, stark schwankende Nachfragen und hohe Variantenvielfalt sind pr\u00e4gend. Gleichzeitig steigen die Anforderungen an Lieferf\u00e4higkeit, R\u00fcckverfolgbarkeit und Compliance.&nbsp;<\/p>\n\n\n\n<p>Unternehmen m\u00fcssen in der Lage sein, schnell auf Marktver\u00e4nderungen zu reagieren, mit durchg\u00e4ngig digitalisierten Prozessen, flexiblen Fertigungsmodellen und belastbaren Lieferketten.&nbsp;<\/p>\n<\/div>\n<\/div>\n<\/div>\n<\/section>\n\n\n\n<section class=\"wp-block-group headline-text-slider-icon-text is-layout-constrained wp-block-group-is-layout-constrained\">\n<div class=\"wp-block-group container is-layout-flow wp-block-group-is-layout-flow\">\n<div class=\"wp-block-columns row is-layout-flex wp-block-columns-is-layout-flex\">\n<div class=\"wp-block-column col-12 is-layout-flow wp-block-column-is-layout-flow\">\n<h2 class=\"wp-block-heading headline\">Was sind Treiber der Branche?&nbsp;<\/h2>\n\n\n\n<div class=\"wp-block-group slider-icon-text swiper is-layout-flow wp-block-group-is-layout-flow\">\n<div class=\"wp-block-group swiper-wrapper is-layout-flow wp-block-group-is-layout-flow\">\n<div class=\"wp-block-group swiper-slide is-layout-flow wp-block-group-is-layout-flow\">\n\n\n<h3 class=\"wp-block-heading headline\">Variantenvielfalt&nbsp;effizient managen&nbsp;<\/h3>\n\n\n\n<p>Jedes Kundenprojekt bringt neue Anforderungen mit sich: verschiedene Steckverbinder, Geh\u00e4usetypen, Kabell\u00e4ngen. Ohne digitale Variantenkonfiguration geraten Produktion und Logistik an ihre Grenzen.&nbsp;<\/p>\n<\/div>\n\n\n\n<div class=\"wp-block-group swiper-slide is-layout-flow wp-block-group-is-layout-flow\">\n\n\n<h3 class=\"wp-block-heading headline\">Produktions- &amp; Materialplanung in Echtzeit&nbsp;<\/h3>\n\n\n\n<p>Die Fertigung komplexer Baugruppen erfordert pr\u00e4zise Planung, von der Bauteilverf\u00fcgbarkeit bis zur Auslastung der SMT-Linien. Wer hier nicht auf Echtzeitdaten zugreifen kann, verliert an Effizienz.&nbsp;<\/p>\n<\/div>\n\n\n\n<div class=\"wp-block-group swiper-slide is-layout-flow wp-block-group-is-layout-flow\">\n\n\n<h3 class=\"wp-block-heading headline\">R\u00fcckverfolgbarkeit &amp; Compliance sicherstellen<\/h3>\n\n\n\n<p>Neue Verordnungen wie RoHS, REACH oder WEEE verlangen eine l\u00fcckenlose Dokumentation entlang der gesamten Lieferkette. Manuelle Prozesse sto\u00dfen dabei schnell an ihre Grenzen.&nbsp;<\/p>\n<\/div>\n\n\n\n<div class=\"wp-block-group swiper-slide is-layout-flow wp-block-group-is-layout-flow\">\n\n\n<h3 class=\"wp-block-heading headline\">Enge Integration von Entwicklung und Fertigung<\/h3>\n\n\n\n<p>Produktdaten aus ECAD- und PLM-Systemen m\u00fcssen nahtlos in Produktion und Einkauf einflie\u00dfen, um Doppelerfassungen zu vermeiden und Time-to-Market zu reduzieren.&nbsp;<\/p>\n<\/div>\n<\/div>\n<\/div>\n<\/div>\n<\/div>\n<\/div>\n<\/section>\n\n\n\n<section class=\"wp-block-group text-image-2-columns is-layout-constrained wp-block-group-is-layout-constrained\">\n<div class=\"wp-block-group container is-layout-flow wp-block-group-is-layout-flow\">\n<div class=\"wp-block-columns row is-layout-flex wp-block-columns-is-layout-flex\">\n<div class=\"wp-block-column col-12 is-layout-flow wp-block-column-is-layout-flow\">\n<h2 class=\"wp-block-heading headline\"><\/h2>\n\n\n\n<p><strong>Technologie wird zum strategischen Erfolgsfaktor.<\/strong>&nbsp;Cloud-gest\u00fctzte ERP-L\u00f6sungen und intelligente Automatisierung machen Prozesse transparenter und reaktionsf\u00e4higer. Gleichzeitig er\u00f6ffnen KI und IoT v\u00f6llig neue Steuerungslogiken f\u00fcr Produktion, Logistik und Instandhaltung. Das Ergebnis: eine neue Generation von Fabriken, die schneller, resilienter und energieeffizienter arbeiten.&nbsp;<\/p>\n\n\n\n<p><strong>Was jetzt z\u00e4hlt:&nbsp;<\/strong><\/p>\n\n\n\n<p>Ein ganzheitlicher Blick auf Ihre Systemlandschaft und Gesch\u00e4ftsprozesse. Denn nur wer seine Daten konsolidiert, seine Produktion intelligent vernetzt und seine Lieferketten strategisch aufstellt, kann auch in volatilen M\u00e4rkten sicher navigieren und Innovation beschleunigen, statt hinterherzulaufen.&nbsp;<\/p>\n\n\n\n<div class=\"wp-block-buttons is-layout-flex wp-block-buttons-is-layout-flex\">\n<div class=\"wp-block-button is-style-primary\"><a class=\"wp-block-button__link wp-element-button\" href=\"https:\/\/solutions.axians.com\/sap\/de\/sap-services\/\">SAP Services<\/a><\/div>\n<\/div>\n<\/div>\n\n\n\n<div class=\"wp-block-column col-12 is-layout-flow wp-block-column-is-layout-flow\">\n<figure class=\"wp-block-image size-full\"><img loading=\"lazy\" decoding=\"async\" width=\"1411\" height=\"744\" src=\"https:\/\/solutions.axians.com\/sap\/wp-content\/uploads\/2025\/08\/iStock-2150276038.jpg\" alt=\"\" class=\"wp-image-1009\" style=\"aspect-ratio:16\/9;object-fit:cover\" srcset=\"https:\/\/solutions.axians.com\/sap\/wp-content\/uploads\/2025\/08\/iStock-2150276038.jpg 1411w, https:\/\/solutions.axians.com\/sap\/wp-content\/uploads\/2025\/08\/iStock-2150276038-800x422.jpg 800w, https:\/\/solutions.axians.com\/sap\/wp-content\/uploads\/2025\/08\/iStock-2150276038-768x405.jpg 768w\" sizes=\"auto, (max-width: 1411px) 100vw, 1411px\" \/><\/figure>\n<\/div>\n<\/div>\n<\/div>\n<\/section>\n\n\n\n<section class=\"wp-block-group image-text-accordion is-layout-constrained wp-block-group-is-layout-constrained\">\n<div class=\"wp-block-group container is-layout-flow wp-block-group-is-layout-flow\">\n<div class=\"wp-block-columns row is-layout-flex wp-block-columns-is-layout-flex\">\n<div class=\"wp-block-column col-12 is-layout-flow wp-block-column-is-layout-flow\">\n<figure class=\"wp-block-image size-full\"><img loading=\"lazy\" decoding=\"async\" width=\"1411\" height=\"744\" src=\"https:\/\/solutions.axians.com\/sap\/wp-content\/uploads\/2025\/08\/iStock-2167548144.jpg\" alt=\"\" class=\"wp-image-1010\" style=\"aspect-ratio:4\/3;object-fit:cover\" srcset=\"https:\/\/solutions.axians.com\/sap\/wp-content\/uploads\/2025\/08\/iStock-2167548144.jpg 1411w, https:\/\/solutions.axians.com\/sap\/wp-content\/uploads\/2025\/08\/iStock-2167548144-800x422.jpg 800w, https:\/\/solutions.axians.com\/sap\/wp-content\/uploads\/2025\/08\/iStock-2167548144-768x405.jpg 768w\" sizes=\"auto, (max-width: 1411px) 100vw, 1411px\" \/><\/figure>\n<\/div>\n\n\n\n<div class=\"wp-block-column col-12 is-layout-flow wp-block-column-is-layout-flow\">\n<h2 class=\"wp-block-heading headline\">Unsere Antwort: SAP-L\u00f6sungen f\u00fcr die Elektronik- &amp; Hightechindustrie&nbsp;<\/h2>\n\n\n\n<p><strong>SAP S\/4HANA &amp; SAP Digital Manufacturing<\/strong>&nbsp;bilden das digitale R\u00fcckgrat Ihrer Produktion, erg\u00e4nzt um spezialisierte L\u00f6sungen f\u00fcr Entwicklung, Variantenmanagement und Compliance:&nbsp;<\/p>\n\n\n\n<div class=\"wp-block-teufels-accordion accordion\" id=\"accordion-05a22b33-abd9-4f5e-ba76-87b615b09a83\">\n<div class=\"wp-block-teufels-accordion-item accordion-item\"><h2 class=\"accordion-header\" id=\"heading-6ae57dbf-ebfe-489b-a661-657472b51400\"><button class=\"accordion-button collapsed\" data-bs-toggle=\"collapse\" data-bs-target=\"#collapse-6ae57dbf-ebfe-489b-a661-657472b51400\" aria-expanded=\"false\" aria-control=\"collapse-6ae57dbf-ebfe-489b-a661-657472b51400\">Produktentwicklung\u00a0<\/button><\/h2><div id=\"collapse-6ae57dbf-ebfe-489b-a661-657472b51400\" class=\"accordion-collapse collapse\" aria-labelledby=\"heading-6ae57dbf-ebfe-489b-a661-657472b51400\" data-bs-parent=\"#accordion-05a22b33-abd9-4f5e-ba76-87b615b09a83\"><div class=\"accordion-body\">\n<p>Direkte \u00dcbernahme von St\u00fccklisten, Zeichnungen und Spezifikationen in die Produktion&nbsp;<\/p>\n<\/div><\/div><\/div>\n\n\n\n<div class=\"wp-block-teufels-accordion-item accordion-item\"><h2 class=\"accordion-header\" id=\"heading-4df272a0-6791-4500-89bd-c7e84ea90ccc\"><button class=\"accordion-button collapsed\" data-bs-toggle=\"collapse\" data-bs-target=\"#collapse-4df272a0-6791-4500-89bd-c7e84ea90ccc\" aria-expanded=\"false\" aria-control=\"collapse-4df272a0-6791-4500-89bd-c7e84ea90ccc\">Variantenkonfiguration<\/button><\/h2><div id=\"collapse-4df272a0-6791-4500-89bd-c7e84ea90ccc\" class=\"accordion-collapse collapse\" aria-labelledby=\"heading-4df272a0-6791-4500-89bd-c7e84ea90ccc\" data-bs-parent=\"#accordion-05a22b33-abd9-4f5e-ba76-87b615b09a83\"><div class=\"accordion-body\">\n<p>Kundenindividuelle Produkte auf Knopfdruck konfigurierbar&nbsp;<\/p>\n<\/div><\/div><\/div>\n\n\n\n<div class=\"wp-block-teufels-accordion-item accordion-item\"><h2 class=\"accordion-header\" id=\"heading-d0ae1044-278c-4d97-844b-619d70a0344b\"><button class=\"accordion-button collapsed\" data-bs-toggle=\"collapse\" data-bs-target=\"#collapse-d0ae1044-278c-4d97-844b-619d70a0344b\" aria-expanded=\"false\" aria-control=\"collapse-d0ae1044-278c-4d97-844b-619d70a0344b\">Fertigungssteuerung<\/button><\/h2><div id=\"collapse-d0ae1044-278c-4d97-844b-619d70a0344b\" class=\"accordion-collapse collapse\" aria-labelledby=\"heading-d0ae1044-278c-4d97-844b-619d70a0344b\" data-bs-parent=\"#accordion-05a22b33-abd9-4f5e-ba76-87b615b09a83\"><div class=\"accordion-body\">\n<p>Echtzeitsteuerung der Fertigung, KPI-Monitoring und Qualit\u00e4tskontrolle<\/p>\n<\/div><\/div><\/div>\n\n\n\n<div class=\"wp-block-teufels-accordion-item accordion-item\"><h2 class=\"accordion-header\" id=\"heading-05922c86-beec-4bdc-969d-1075d2d09a73\"><button class=\"accordion-button collapsed\" data-bs-toggle=\"collapse\" data-bs-target=\"#collapse-05922c86-beec-4bdc-969d-1075d2d09a73\" aria-expanded=\"false\" aria-control=\"collapse-05922c86-beec-4bdc-969d-1075d2d09a73\">SCM &amp; Logistik\u00a0<\/button><\/h2><div id=\"collapse-05922c86-beec-4bdc-969d-1075d2d09a73\" class=\"accordion-collapse collapse\" aria-labelledby=\"heading-05922c86-beec-4bdc-969d-1075d2d09a73\" data-bs-parent=\"#accordion-05a22b33-abd9-4f5e-ba76-87b615b09a83\"><div class=\"accordion-body\">\n<p>Transparente Lieferkette, reduzierte Lagerkosten, termingerechte Auslieferung<\/p>\n<\/div><\/div><\/div>\n\n\n\n<div class=\"wp-block-teufels-accordion-item accordion-item\"><h2 class=\"accordion-header\" id=\"heading-613f85e9-472a-4852-8685-82c9243620f8\"><button class=\"accordion-button collapsed\" data-bs-toggle=\"collapse\" data-bs-target=\"#collapse-613f85e9-472a-4852-8685-82c9243620f8\" aria-expanded=\"false\" aria-control=\"collapse-613f85e9-472a-4852-8685-82c9243620f8\">Compliance<\/button><\/h2><div id=\"collapse-613f85e9-472a-4852-8685-82c9243620f8\" class=\"accordion-collapse collapse\" aria-labelledby=\"heading-613f85e9-472a-4852-8685-82c9243620f8\" data-bs-parent=\"#accordion-05a22b33-abd9-4f5e-ba76-87b615b09a83\"><div class=\"accordion-body\">\n<p>Dokumentation und Nachverfolgbarkeit gesetzlich geforderter Nachweise&nbsp;<\/p>\n<\/div><\/div><\/div>\n<\/div>\n\n\n\n<p><\/p>\n\n\n\n<div class=\"wp-block-buttons is-layout-flex wp-block-buttons-is-layout-flex\">\n<div class=\"wp-block-button is-style-primary\"><a class=\"wp-block-button__link wp-element-button\" href=\"https:\/\/solutions.axians.com\/sap\/de\/sap-losungen\/\">SAP L\u00f6sungen<\/a><\/div>\n<\/div>\n<\/div>\n<\/div>\n<\/div>\n<\/section>\n\n\n\n<section class=\"wp-block-group accordion-2-col is-layout-constrained wp-block-group-is-layout-constrained\">\n<div class=\"wp-block-group container is-layout-flow wp-block-group-is-layout-flow\">\n<div class=\"wp-block-columns row is-layout-flex wp-block-columns-is-layout-flex\">\n<div class=\"wp-block-column col-12 is-layout-flow wp-block-column-is-layout-flow\">\n<h2 class=\"wp-block-heading headline\">Axians: Ihr Beratungspartner mit Industrie- und Prozessverst\u00e4ndnis&nbsp;<\/h2>\n\n\n\n<p>Unsere individuellen L\u00f6sungen und Beratungsleistungen erm\u00f6glichen es Industrieunternehmen, schneller zu innovieren, stabiler zu produzieren und nachhaltiger zu wirtschaften. Mit Fokus auf eine integrierte, skalierbare Systemarchitektur.&nbsp;<\/p>\n\n\n\n<p>Als langj\u00e4hriger SAP-Partner mit Fokus auf die Fertigungsindustrie kennt Axians die Besonderheiten der Elektronik- und Hightechbranche genau. Unsere Fokuspunkte:&nbsp;<\/p>\n\n\n\n<div class=\"wp-block-buttons is-layout-flex wp-block-buttons-is-layout-flex\">\n<div class=\"wp-block-button is-style-primary\"><a class=\"wp-block-button__link wp-element-button\" href=\"https:\/\/solutions.axians.com\/sap\/de\/kontakt\/\">Beratungstermin anfragen<\/a><\/div>\n<\/div>\n<\/div>\n<\/div>\n\n\n\n<div class=\"wp-block-columns row is-layout-flex wp-block-columns-is-layout-flex\">\n<div class=\"wp-block-column col-12 is-layout-flow wp-block-column-is-layout-flow\">\n<div class=\"wp-block-teufels-accordion accordion\" id=\"accordion-7cf552d3-c918-4e50-b61a-fb0592958e04\">\n<div class=\"wp-block-teufels-accordion-item accordion-item\"><h2 class=\"accordion-header\" id=\"heading-1f0dd480-0869-4816-856c-ccc88435c634\"><button class=\"accordion-button collapsed\" data-bs-toggle=\"collapse\" data-bs-target=\"#collapse-1f0dd480-0869-4816-856c-ccc88435c634\" aria-expanded=\"false\" aria-control=\"collapse-1f0dd480-0869-4816-856c-ccc88435c634\">Prozessorientiert von Anfang an:\u00a0<\/button><\/h2><div id=\"collapse-1f0dd480-0869-4816-856c-ccc88435c634\" class=\"accordion-collapse collapse\" aria-labelledby=\"heading-1f0dd480-0869-4816-856c-ccc88435c634\" data-bs-parent=\"#accordion-7cf552d3-c918-4e50-b61a-fb0592958e04\"><div class=\"accordion-body\">\n<p>Ob Variantenkonfiguration oder Integration Ihrer Fertigungs-IT, wir analysieren Ihre Wertsch\u00f6pfungskette ganzheitlich.&nbsp;<\/p>\n<\/div><\/div><\/div>\n\n\n\n<div class=\"wp-block-teufels-accordion-item accordion-item\"><h2 class=\"accordion-header\" id=\"heading-c9bec49d-1ac8-45cf-a765-46940bfa0836\"><button class=\"accordion-button collapsed\" data-bs-toggle=\"collapse\" data-bs-target=\"#collapse-c9bec49d-1ac8-45cf-a765-46940bfa0836\" aria-expanded=\"false\" aria-control=\"collapse-c9bec49d-1ac8-45cf-a765-46940bfa0836\">Fokus auf Time-to-Value:\u00a0<\/button><\/h2><div id=\"collapse-c9bec49d-1ac8-45cf-a765-46940bfa0836\" class=\"accordion-collapse collapse\" aria-labelledby=\"heading-c9bec49d-1ac8-45cf-a765-46940bfa0836\" data-bs-parent=\"#accordion-7cf552d3-c918-4e50-b61a-fb0592958e04\"><div class=\"accordion-body\">\n<p>Mit bew\u00e4hrten Methoden und Best Practices sorgen wir daf\u00fcr, dass Ihr Projekt nicht nur funktioniert \u2013 sondern messbaren Mehrwert liefert.&nbsp;<\/p>\n<\/div><\/div><\/div>\n<\/div>\n<\/div>\n\n\n\n<div class=\"wp-block-column col-12 is-layout-flow wp-block-column-is-layout-flow\">\n<div class=\"wp-block-teufels-accordion accordion\" id=\"accordion-ec4a3a0f-b7bd-4d8f-b3a6-e1ddd349474a\">\n<div class=\"wp-block-teufels-accordion-item accordion-item\"><h2 class=\"accordion-header\" id=\"heading-46eaa88f-7459-4b22-b819-193c83d4da4a\"><button class=\"accordion-button collapsed\" data-bs-toggle=\"collapse\" data-bs-target=\"#collapse-46eaa88f-7459-4b22-b819-193c83d4da4a\" aria-expanded=\"false\" aria-control=\"collapse-46eaa88f-7459-4b22-b819-193c83d4da4a\">End-to-End Beratung:\u00a0<\/button><\/h2><div id=\"collapse-46eaa88f-7459-4b22-b819-193c83d4da4a\" class=\"accordion-collapse collapse\" aria-labelledby=\"heading-46eaa88f-7459-4b22-b819-193c83d4da4a\" data-bs-parent=\"#accordion-ec4a3a0f-b7bd-4d8f-b3a6-e1ddd349474a\"><div class=\"accordion-body\">\n<p>Von der IT-Strategie \u00fcber die Systemarchitektur bis zur produktiven Umsetzung. Sie profitieren von interdisziplin\u00e4ren Teams aus SAP-Beratern, Entwicklern und Branchenexperten.&nbsp;<\/p>\n<\/div><\/div><\/div>\n<\/div>\n<\/div>\n<\/div>\n<\/div>\n<\/section>\n\n\n\n<section class=\"wp-block-group image-text-2-columns is-layout-constrained wp-block-group-is-layout-constrained\">\n<div class=\"wp-block-group container is-layout-flow wp-block-group-is-layout-flow\">\n<div class=\"wp-block-columns row is-layout-flex wp-block-columns-is-layout-flex\">\n<div class=\"wp-block-column col-12 is-layout-flow wp-block-column-is-layout-flow\">\n<figure class=\"wp-block-image size-full\"><img loading=\"lazy\" decoding=\"async\" width=\"1365\" height=\"768\" src=\"https:\/\/solutions.axians.com\/sap\/wp-content\/uploads\/2025\/08\/iStock-1148196201.jpg\" alt=\"\" class=\"wp-image-1008\" srcset=\"https:\/\/solutions.axians.com\/sap\/wp-content\/uploads\/2025\/08\/iStock-1148196201.jpg 1365w, https:\/\/solutions.axians.com\/sap\/wp-content\/uploads\/2025\/08\/iStock-1148196201-800x450.jpg 800w, https:\/\/solutions.axians.com\/sap\/wp-content\/uploads\/2025\/08\/iStock-1148196201-768x432.jpg 768w\" sizes=\"auto, (max-width: 1365px) 100vw, 1365px\" \/><\/figure>\n<\/div>\n\n\n\n<div class=\"wp-block-column col-12 is-layout-flow wp-block-column-is-layout-flow\">\n<h2 class=\"wp-block-heading headline\">Bereit f\u00fcr den n\u00e4chsten Schritt in die Cloud?&nbsp;<\/h2>\n\n\n\n<p>Entdecken Sie, wie Sie mit&nbsp;<strong>RISE with SAP<\/strong>&nbsp;Ihre Gesch\u00e4ftsprozesse modernisieren, Innovation beschleunigen und Ihre IT-Landschaft zukunftssicher gestalten \u2013 alles aus einer Hand.&nbsp;<\/p>\n\n\n\n<p>Jetzt mehr zur RISE with SAP Journey erfahren&nbsp;<\/p>\n\n\n\n<div class=\"wp-block-buttons is-layout-flex wp-block-buttons-is-layout-flex\">\n<div class=\"wp-block-button is-style-primary\"><a class=\"wp-block-button__link wp-element-button\" href=\"https:\/\/solutions.axians.com\/sap\/de\/sap-services\/business-transformation\/sap-rise-fur-sap-bestandskunden\/\">Mehr erfahren<\/a><\/div>\n<\/div>\n<\/div>\n<\/div>\n<\/div>\n<\/section>\n\n\n\n<section id=\"kontakt\" class=\"wp-block-group contactperson is-layout-constrained wp-block-group-is-layout-constrained\">\n<div class=\"wp-block-group container is-layout-flow wp-block-group-is-layout-flow\">\n<div class=\"wp-block-columns row is-layout-flex wp-block-columns-is-layout-flex\">\n<div class=\"wp-block-column col-12 is-layout-flow wp-block-column-is-layout-flow\">\n<h2 class=\"wp-block-heading headline\">Was k\u00f6nnen wir f\u00fcr Sie tun?<\/h2>\n<\/div>\n\n\n\n<div class=\"wp-block-column col-12 is-layout-flow wp-block-column-is-layout-flow\">\n<figure class=\"wp-block-image size-full\"><img loading=\"lazy\" decoding=\"async\" width=\"1441\" height=\"2560\" src=\"https:\/\/solutions.axians.com\/sap\/wp-content\/uploads\/2025\/09\/DSC4810-2-scaled.jpg\" alt=\"\" class=\"wp-image-1894\" style=\"aspect-ratio:1;object-fit:cover\" srcset=\"https:\/\/solutions.axians.com\/sap\/wp-content\/uploads\/2025\/09\/DSC4810-2-scaled.jpg 1441w, https:\/\/solutions.axians.com\/sap\/wp-content\/uploads\/2025\/09\/DSC4810-2-450x800.jpg 450w, https:\/\/solutions.axians.com\/sap\/wp-content\/uploads\/2025\/09\/DSC4810-2-1081x1920.jpg 1081w, https:\/\/solutions.axians.com\/sap\/wp-content\/uploads\/2025\/09\/DSC4810-2-768x1365.jpg 768w, https:\/\/solutions.axians.com\/sap\/wp-content\/uploads\/2025\/09\/DSC4810-2-864x1536.jpg 864w, https:\/\/solutions.axians.com\/sap\/wp-content\/uploads\/2025\/09\/DSC4810-2-1153x2048.jpg 1153w\" sizes=\"auto, (max-width: 1441px) 100vw, 1441px\" \/><\/figure>\n<\/div>\n\n\n\n<div class=\"wp-block-column col-12 is-layout-flow wp-block-column-is-layout-flow\">\n<h3 class=\"wp-block-heading headline\">Michael Scharff<\/h3>\n\n\n\n<p class=\"section-headline\">Senior Sales Manager<\/p>\n\n\n\n<div class=\"wp-block-group social is-layout-flow wp-block-group-is-layout-flow\">\n<figure class=\"wp-block-image size-full\"><a class=\"https:\/\/www.linkedin.com\/in\/michael-scharff\/\" href=\"https:\/\/www.linkedin.com\/in\/michael-scharff\/\" target=\"_blank\" rel=\" noreferrer noopener\"><img decoding=\"async\" src=\"\/sap\/wp-content\/uploads\/2025\/06\/icon-linkedin.svg\" alt=\"Logo\"\/><\/a><\/figure>\n\n\n\n<figure class=\"wp-block-image size-full\"><a href=\"tel:+49 711 7826096147\"><img decoding=\"async\" src=\"https:\/\/solutions.axians.com\/sap\/wp-content\/uploads\/2025\/09\/phone-icon-contact.svg\" alt=\"\" class=\"wp-image-2188\"\/><\/a><\/figure>\n<\/div>\n\n\n\n<div class=\"wp-block-buttons is-layout-flex wp-block-buttons-is-layout-flex\">\n<div class=\"wp-block-button is-style-primary\"><a class=\"wp-block-button__link wp-element-button\" href=\"https:\/\/meetings-eu1.hubspot.com\/michael-scharff?uuid=d86e947e-106f-403d-a4d5-f4853de0d5d3\" target=\"_blank\" rel=\"noopener\">Jetzt Termin buchen<\/a><\/div>\n<\/div>\n\n\n<\/div>\n<\/div>\n<\/div>\n<\/section>\n","protected":false},"excerpt":{"rendered":"<p>Digitale L\u00f6sungen f\u00fcr Hersteller von elektronischen Bauteilen und Modulen&nbsp; Baugruppen | Steckverbindungen | Steuerplatinen | Kabelsysteme&nbsp; Die Branche unter Strom&nbsp; Die Elektronik- und Hightech-Industrie geh\u00f6rt zu den innovationsgetriebensten Fertigungssektoren. Kurze Produktlebenszyklen, stark schwankende Nachfragen und hohe Variantenvielfalt sind pr\u00e4gend. Gleichzeitig steigen die Anforderungen an Lieferf\u00e4higkeit, R\u00fcckverfolgbarkeit und Compliance.&nbsp; Unternehmen m\u00fcssen in der Lage sein, schnell [&hellip;]<\/p>\n","protected":false},"author":1,"featured_media":0,"parent":265,"menu_order":0,"comment_status":"closed","ping_status":"closed","template":"","meta":{"footnotes":""},"class_list":["post-287","page","type-page","status-publish","hentry"],"lang":"de","translations":{"de":287,"en":2603,"at":2833},"pll_sync_post":[],"_links":{"self":[{"href":"https:\/\/solutions.axians.com\/sap\/wp-json\/wp\/v2\/pages\/287","targetHints":{"allow":["GET"]}}],"collection":[{"href":"https:\/\/solutions.axians.com\/sap\/wp-json\/wp\/v2\/pages"}],"about":[{"href":"https:\/\/solutions.axians.com\/sap\/wp-json\/wp\/v2\/types\/page"}],"author":[{"embeddable":true,"href":"https:\/\/solutions.axians.com\/sap\/wp-json\/wp\/v2\/users\/1"}],"replies":[{"embeddable":true,"href":"https:\/\/solutions.axians.com\/sap\/wp-json\/wp\/v2\/comments?post=287"}],"version-history":[{"count":29,"href":"https:\/\/solutions.axians.com\/sap\/wp-json\/wp\/v2\/pages\/287\/revisions"}],"predecessor-version":[{"id":8354,"href":"https:\/\/solutions.axians.com\/sap\/wp-json\/wp\/v2\/pages\/287\/revisions\/8354"}],"up":[{"embeddable":true,"href":"https:\/\/solutions.axians.com\/sap\/wp-json\/wp\/v2\/pages\/265"}],"wp:attachment":[{"href":"https:\/\/solutions.axians.com\/sap\/wp-json\/wp\/v2\/media?parent=287"}],"curies":[{"name":"wp","href":"https:\/\/api.w.org\/{rel}","templated":true}]}}