{"id":2503,"date":"2025-10-06T09:01:21","date_gmt":"2025-10-06T09:01:21","guid":{"rendered":"https:\/\/solutions.axians.com\/sap\/?page_id=2503"},"modified":"2025-12-19T11:11:55","modified_gmt":"2025-12-19T11:11:55","slug":"beratung","status":"publish","type":"page","link":"https:\/\/solutions.axians.com\/sap\/at\/sap-services\/beratung\/","title":{"rendered":"Beratung"},"content":{"rendered":"\n<section class=\"wp-block-group stage-subpage is-layout-constrained wp-block-group-is-layout-constrained\">\n<figure class=\"wp-block-image size-full\"><img loading=\"lazy\" decoding=\"async\" width=\"2000\" height=\"1126\" src=\"https:\/\/solutions.axians.com\/sap\/wp-content\/uploads\/2025\/09\/DSC4519-2.jpg\" alt=\"\" class=\"wp-image-2498\" style=\"aspect-ratio:21\/9;object-fit:cover\" srcset=\"https:\/\/solutions.axians.com\/sap\/wp-content\/uploads\/2025\/09\/DSC4519-2.jpg 2000w, https:\/\/solutions.axians.com\/sap\/wp-content\/uploads\/2025\/09\/DSC4519-2-800x450.jpg 800w, https:\/\/solutions.axians.com\/sap\/wp-content\/uploads\/2025\/09\/DSC4519-2-1920x1081.jpg 1920w, https:\/\/solutions.axians.com\/sap\/wp-content\/uploads\/2025\/09\/DSC4519-2-768x432.jpg 768w, https:\/\/solutions.axians.com\/sap\/wp-content\/uploads\/2025\/09\/DSC4519-2-1536x865.jpg 1536w\" sizes=\"auto, (max-width: 2000px) 100vw, 2000px\" \/><\/figure>\n\n\n\n<div class=\"wp-block-group container is-layout-flow wp-block-group-is-layout-flow\">\n<div class=\"wp-block-columns row is-layout-flex wp-block-columns-is-layout-flex\">\n<div class=\"wp-block-column col-12 is-layout-flow wp-block-column-is-layout-flow\">\n<h1 class=\"wp-block-heading headline\">SAP Beratung, die Prozesse versteht und Menschen mitnimmt <\/h1>\n\n\n\n<p>Verstehen. Strukturieren. Umsetzen. <\/p>\n<\/div>\n<\/div>\n<\/div>\n<\/section>\n\n\n\n<section class=\"wp-block-group breadcrumb is-layout-constrained wp-block-group-is-layout-constrained\">\n<div class=\"wp-block-group container is-layout-flow wp-block-group-is-layout-flow\">\n<div class=\"wp-block-columns row is-layout-flex wp-block-columns-is-layout-flex\">\n<div class=\"wp-block-column col-12 is-layout-flow wp-block-column-is-layout-flow\"><nav aria-label=\"breadcrumbs\" class=\"rank-math-breadcrumb\"><p><span class=\"last\">Home<\/span><\/p><\/nav>\n<\/div>\n<\/div>\n<\/div>\n<\/section>\n\n\n\n<section class=\"wp-block-group text-centered-gradient is-layout-constrained wp-block-group-is-layout-constrained\">\n<div class=\"wp-block-group container is-layout-flow wp-block-group-is-layout-flow\">\n<div class=\"wp-block-columns row is-layout-flex wp-block-columns-is-layout-flex\">\n<div class=\"wp-block-column col-12 is-layout-flow wp-block-column-is-layout-flow\">\n<h2 class=\"wp-block-heading headline\">Unser SAP Beratungsansatz bringt Klarheit in komplexe Software-Landschaften, mit durchdachter Methodik und dem richtigen Ma\u00df an Praxisn\u00e4he.<\/h2>\n\n\n\n<p><\/p>\n<\/div>\n<\/div>\n<\/div>\n<\/section>\n\n\n\n<section class=\"wp-block-group headline-accordion is-layout-constrained wp-block-group-is-layout-constrained\">\n<div class=\"wp-block-group container is-layout-flow wp-block-group-is-layout-flow\">\n<div class=\"wp-block-columns row is-layout-flex wp-block-columns-is-layout-flex\">\n<div class=\"wp-block-column col-12 is-layout-flow wp-block-column-is-layout-flow\">\n<h2 class=\"wp-block-heading headline\">Unsere SAP Beratungsfelder<\/h2>\n\n\n\n<div class=\"wp-block-teufels-accordion accordion\" id=\"accordion-1c9a124b-b9b0-406f-911a-9981df6f489f\">\n<div class=\"wp-block-teufels-accordion-item accordion-item\"><h2 class=\"accordion-header\" id=\"heading-e6612597-c4cb-4d25-8add-43d459a1490d\"><button class=\"accordion-button collapsed\" data-bs-toggle=\"collapse\" data-bs-target=\"#collapse-e6612597-c4cb-4d25-8add-43d459a1490d\" aria-expanded=\"false\" aria-control=\"collapse-e6612597-c4cb-4d25-8add-43d459a1490d\">Die richtige\u00a0Architektur\u00a0f\u00fcr Ihre SAP-Zukunft.<\/button><\/h2><div id=\"collapse-e6612597-c4cb-4d25-8add-43d459a1490d\" class=\"accordion-collapse collapse\" aria-labelledby=\"heading-e6612597-c4cb-4d25-8add-43d459a1490d\" data-bs-parent=\"#accordion-1c9a124b-b9b0-406f-911a-9981df6f489f\"><div class=\"accordion-body\">\n<p>Ob On-Premise, Cloud oder Hybrid \u2013 wir entwickeln technologische Zielbilder, bewerten Infrastruktur-Optionen und gestalten Integrationen. Immer im Einklang mit Ihren IT-Vorgaben und Zukunftspl\u00e4nen. <\/p>\n<\/div><\/div><\/div>\n\n\n\n<div class=\"wp-block-teufels-accordion-item accordion-item\"><h2 class=\"accordion-header\" id=\"heading-e4fcf480-0c2d-4545-bb65-80c13efea5b8\"><button class=\"accordion-button collapsed\" data-bs-toggle=\"collapse\" data-bs-target=\"#collapse-e4fcf480-0c2d-4545-bb65-80c13efea5b8\" aria-expanded=\"false\" aria-control=\"collapse-e4fcf480-0c2d-4545-bb65-80c13efea5b8\">Ihre SAP-Cloudstrategie\u00a0entwickeln \u2013 fundiert, technologieoffen, zielgerichtet<\/button><\/h2><div id=\"collapse-e4fcf480-0c2d-4545-bb65-80c13efea5b8\" class=\"accordion-collapse collapse\" aria-labelledby=\"heading-e4fcf480-0c2d-4545-bb65-80c13efea5b8\" data-bs-parent=\"#accordion-1c9a124b-b9b0-406f-911a-9981df6f489f\"><div class=\"accordion-body\">\n<p>Wir erarbeiten Ihre individuelle Cloud-Strategie f\u00fcr SAP: Welche Cloud-Modelle passen zu Ihren Anforderungen? Welche Systeme sind zu migrieren? Mit Roadmaps, Betriebsmodellen und Entscheidungsgrundlagen schaffen wir Klarheit. <\/p>\n<\/div><\/div><\/div>\n\n\n\n<div class=\"wp-block-teufels-accordion-item accordion-item\"><h2 class=\"accordion-header\" id=\"heading-3fc64cb0-e5e2-4189-9dd2-cd9119ef2696\"><button class=\"accordion-button collapsed\" data-bs-toggle=\"collapse\" data-bs-target=\"#collapse-3fc64cb0-e5e2-4189-9dd2-cd9119ef2696\" aria-expanded=\"false\" aria-control=\"collapse-3fc64cb0-e5e2-4189-9dd2-cd9119ef2696\">SAP f\u00fcr Ihre\u00a0Fachabteilungen\u00a0\u2013 L\u00f6sungen, die Prozesse verstehen<\/button><\/h2><div id=\"collapse-3fc64cb0-e5e2-4189-9dd2-cd9119ef2696\" class=\"accordion-collapse collapse\" aria-labelledby=\"heading-3fc64cb0-e5e2-4189-9dd2-cd9119ef2696\" data-bs-parent=\"#accordion-1c9a124b-b9b0-406f-911a-9981df6f489f\"><div class=\"accordion-body\">\n<p>Wir beraten Sie gezielt zu den f\u00fcr Ihre Fachbereiche relevanten SAP-Modulen. Ob Finance, Logistik, Vertrieb oder HR \u2013 wir zeigen, wie Sie Prozesse mit SAP-Technologie wirkungsvoll unterst\u00fctzen. <\/p>\n<\/div><\/div><\/div>\n\n\n\n<div class=\"wp-block-teufels-accordion-item accordion-item\"><h2 class=\"accordion-header\" id=\"heading-50a39507-e2a7-4b93-a5fb-72f66483174e\"><button class=\"accordion-button collapsed\" data-bs-toggle=\"collapse\" data-bs-target=\"#collapse-50a39507-e2a7-4b93-a5fb-72f66483174e\" aria-expanded=\"false\" aria-control=\"collapse-50a39507-e2a7-4b93-a5fb-72f66483174e\">Transparenz in der\u00a0Lizenzlandschaft, Sicherheit bei der Auswahl.<\/button><\/h2><div id=\"collapse-50a39507-e2a7-4b93-a5fb-72f66483174e\" class=\"accordion-collapse collapse\" aria-labelledby=\"heading-50a39507-e2a7-4b93-a5fb-72f66483174e\" data-bs-parent=\"#accordion-1c9a124b-b9b0-406f-911a-9981df6f489f\"><div class=\"accordion-body\">\n<p>Wir analysieren Ihre bestehende SAP-Lizenzierung, zeigen Optimierungspotenziale auf und beraten Sie beim Erwerb neuer Lizenzen \u2013 herstellerunabh\u00e4ngig, compliance-sicher und wirtschaftlich. <\/p>\n<\/div><\/div><\/div>\n\n\n\n<div class=\"wp-block-teufels-accordion-item accordion-item\"><h2 class=\"accordion-header\" id=\"heading-69ef6030-a5f4-4ec4-86a6-4a54c8f776af\"><button class=\"accordion-button collapsed\" data-bs-toggle=\"collapse\" data-bs-target=\"#collapse-69ef6030-a5f4-4ec4-86a6-4a54c8f776af\" aria-expanded=\"false\" aria-control=\"collapse-69ef6030-a5f4-4ec4-86a6-4a54c8f776af\">State-of-the-Art Projektmanagment\u00a0f\u00fcr Ihre SAP-Projekte.<\/button><\/h2><div id=\"collapse-69ef6030-a5f4-4ec4-86a6-4a54c8f776af\" class=\"accordion-collapse collapse\" aria-labelledby=\"heading-69ef6030-a5f4-4ec4-86a6-4a54c8f776af\" data-bs-parent=\"#accordion-1c9a124b-b9b0-406f-911a-9981df6f489f\"><div class=\"accordion-body\">\n<p>In jedem Projekt arbeiten wir mit den h\u00f6chsten Projektmanagment-Standards.<\/p>\n\n\n<\/div><\/div><\/div>\n<\/div>\n\n\n\n<div class=\"wp-block-buttons is-layout-flex wp-block-buttons-is-layout-flex\">\n<div class=\"wp-block-button is-style-primary\"><a class=\"wp-block-button__link wp-element-button\" href=\"https:\/\/solutions.axians.com\/sap\/at\/sap-services\/beratung\/projektmethodik\/\">Projektmethodik<\/a><\/div>\n<\/div>\n<\/div>\n<\/div>\n<\/div>\n<\/section>\n\n\n\n<section class=\"wp-block-group accordion-2-col is-layout-constrained wp-block-group-is-layout-constrained\">\n<div class=\"wp-block-group container is-layout-flow wp-block-group-is-layout-flow\">\n<div class=\"wp-block-columns row is-layout-flex wp-block-columns-is-layout-flex\">\n<div class=\"wp-block-column col-12 is-layout-flow wp-block-column-is-layout-flow\">\n<h2 class=\"wp-block-heading headline\">Der Axians Beratungsansatz: Warum Prozesse im Mittelpunkt stehen <\/h2>\n\n\n\n<p>Im Gegensatz zu klassischen IT-Einf\u00fchrungen, bei denen h\u00e4ufig Funktionen oder Systeme im Vordergrund stehen, r\u00fcckt der <strong>prozessuale Beratungsansatz<\/strong> die tats\u00e4chlichen Gesch\u00e4ftsprozesse in den Fokus. Dieser Ansatz verfolgt das Ziel, Prozesse Ende-zu-Ende zu verstehen, zu optimieren und in der Cloud-L\u00f6sung m\u00f6glichst standardnah abzubilden. <\/p>\n\n\n\n<p><strong>Die Kernprinzipien des prozessualen Ansatzes<\/strong>: <\/p>\n<\/div>\n<\/div>\n\n\n\n<div class=\"wp-block-columns row is-layout-flex wp-block-columns-is-layout-flex\">\n<div class=\"wp-block-column col-12 is-layout-flow wp-block-column-is-layout-flow\">\n<div class=\"wp-block-teufels-accordion accordion\" id=\"accordion-6d13eeaf-00e5-4496-8dd3-62b448c4966d\">\n<div class=\"wp-block-teufels-accordion-item accordion-item\"><h2 class=\"accordion-header\" id=\"heading-8ff653ae-f3fa-4bd2-a51e-1ae2208277d3\"><button class=\"accordion-button collapsed\" data-bs-toggle=\"collapse\" data-bs-target=\"#collapse-8ff653ae-f3fa-4bd2-a51e-1ae2208277d3\" aria-expanded=\"false\" aria-control=\"collapse-8ff653ae-f3fa-4bd2-a51e-1ae2208277d3\">1. Business first<\/button><\/h2><div id=\"collapse-8ff653ae-f3fa-4bd2-a51e-1ae2208277d3\" class=\"accordion-collapse collapse\" aria-labelledby=\"heading-8ff653ae-f3fa-4bd2-a51e-1ae2208277d3\" data-bs-parent=\"#accordion-6d13eeaf-00e5-4496-8dd3-62b448c4966d\"><div class=\"accordion-body\">\n<p>Ausgangspunkt ist immer der Gesch\u00e4ftsprozess \u2013 nicht das System. Gemeinsam mit den Fachbereichen werden Prozesse analysiert, priorisiert und Zielbilder definiert.<\/p>\n<\/div><\/div><\/div>\n\n\n\n<div class=\"wp-block-teufels-accordion-item accordion-item\"><h2 class=\"accordion-header\" id=\"heading-c9484961-1224-4b91-8f1e-aa82c7776795\"><button class=\"accordion-button collapsed\" data-bs-toggle=\"collapse\" data-bs-target=\"#collapse-c9484961-1224-4b91-8f1e-aa82c7776795\" aria-expanded=\"false\" aria-control=\"collapse-c9484961-1224-4b91-8f1e-aa82c7776795\">2. Best Practices nutzen<\/button><\/h2><div id=\"collapse-c9484961-1224-4b91-8f1e-aa82c7776795\" class=\"accordion-collapse collapse\" aria-labelledby=\"heading-c9484961-1224-4b91-8f1e-aa82c7776795\" data-bs-parent=\"#accordion-6d13eeaf-00e5-4496-8dd3-62b448c4966d\"><div class=\"accordion-body\">\n<p>Die SAP  Cloud liefert vorkonfigurierte Prozesse auf Basis internationaler Best Practices. Statt individuelle Anpassungen steht die Frage im Vordergrund: <em>Wie gut passt der Standard zu unserem Gesch\u00e4ftsmodell?<\/em> <\/p>\n<\/div><\/div><\/div>\n\n\n\n<div class=\"wp-block-teufels-accordion-item accordion-item\"><h2 class=\"accordion-header\" id=\"heading-c97a9580-750f-41b1-87b4-666b5c8de800\"><button class=\"accordion-button collapsed\" data-bs-toggle=\"collapse\" data-bs-target=\"#collapse-c97a9580-750f-41b1-87b4-666b5c8de800\" aria-expanded=\"false\" aria-control=\"collapse-c97a9580-750f-41b1-87b4-666b5c8de800\">3. Fit-to-Standard statt Customize<\/button><\/h2><div id=\"collapse-c97a9580-750f-41b1-87b4-666b5c8de800\" class=\"accordion-collapse collapse\" aria-labelledby=\"heading-c97a9580-750f-41b1-87b4-666b5c8de800\" data-bs-parent=\"#accordion-6d13eeaf-00e5-4496-8dd3-62b448c4966d\"><div class=\"accordion-body\">\n<p>Anpassungen werden auf das Minimum reduziert. In Fit-to-Standard-Workshops wird gepr\u00fcft, wie Prozesse in der Cloud abgebildet werden k\u00f6nnen \u2013 effizient, wartbar und releasef\u00e4hig. <\/p>\n<\/div><\/div><\/div>\n\n\n\n<div class=\"wp-block-teufels-accordion-item accordion-item\"><h2 class=\"accordion-header\" id=\"heading-82822b5a-5c3f-4301-b591-df22dd4dfbc0\"><button class=\"accordion-button collapsed\" data-bs-toggle=\"collapse\" data-bs-target=\"#collapse-82822b5a-5c3f-4301-b591-df22dd4dfbc0\" aria-expanded=\"false\" aria-control=\"collapse-82822b5a-5c3f-4301-b591-df22dd4dfbc0\">4. Iteratives Vorgehen<\/button><\/h2><div id=\"collapse-82822b5a-5c3f-4301-b591-df22dd4dfbc0\" class=\"accordion-collapse collapse\" aria-labelledby=\"heading-82822b5a-5c3f-4301-b591-df22dd4dfbc0\" data-bs-parent=\"#accordion-6d13eeaf-00e5-4496-8dd3-62b448c4966d\"><div class=\"accordion-body\">\n<p>Der Beratungsansatz folgt agilen Prinzipien: Kleine Releases, schnelle Umsetzung, kontinuierliches Feedback. So wird der Projekterfolg transparent und steuerbar. <\/p>\n<\/div><\/div><\/div>\n\n\n\n<div class=\"wp-block-teufels-accordion-item accordion-item\"><h2 class=\"accordion-header\" id=\"heading-e9c508d6-065e-46f6-816f-03ded785079f\"><button class=\"accordion-button collapsed\" data-bs-toggle=\"collapse\" data-bs-target=\"#collapse-e9c508d6-065e-46f6-816f-03ded785079f\" aria-expanded=\"false\" aria-control=\"collapse-e9c508d6-065e-46f6-816f-03ded785079f\">5. Change Management als Erfolgsfaktor<\/button><\/h2><div id=\"collapse-e9c508d6-065e-46f6-816f-03ded785079f\" class=\"accordion-collapse collapse\" aria-labelledby=\"heading-e9c508d6-065e-46f6-816f-03ded785079f\" data-bs-parent=\"#accordion-6d13eeaf-00e5-4496-8dd3-62b448c4966d\"><div class=\"accordion-body\">\n<p>Der Wandel zu einem prozessorientierten Arbeiten und zu einem standardnahen System erfordert kulturelle Ver\u00e4nderung. Der Beratungsansatz integriert fr\u00fchzeitig Kommunikation, Schulung und Stakeholder-Management. <\/p>\n<\/div><\/div><\/div>\n<\/div>\n<\/div>\n\n\n\n<div class=\"wp-block-column col-12 is-layout-flow wp-block-column-is-layout-flow\">\n<figure class=\"wp-block-image size-large\"><img loading=\"lazy\" decoding=\"async\" width=\"1920\" height=\"1081\" src=\"https:\/\/solutions.axians.com\/sap\/wp-content\/uploads\/2025\/08\/DSC4468-2-1920x1081.jpg\" alt=\"\" class=\"wp-image-2500\" srcset=\"https:\/\/solutions.axians.com\/sap\/wp-content\/uploads\/2025\/08\/DSC4468-2-1920x1081.jpg 1920w, https:\/\/solutions.axians.com\/sap\/wp-content\/uploads\/2025\/08\/DSC4468-2-800x450.jpg 800w, https:\/\/solutions.axians.com\/sap\/wp-content\/uploads\/2025\/08\/DSC4468-2-768x432.jpg 768w, https:\/\/solutions.axians.com\/sap\/wp-content\/uploads\/2025\/08\/DSC4468-2-1536x864.jpg 1536w, https:\/\/solutions.axians.com\/sap\/wp-content\/uploads\/2025\/08\/DSC4468-2-2048x1153.jpg 2048w\" sizes=\"auto, (max-width: 1920px) 100vw, 1920px\" \/><\/figure>\n<\/div>\n<\/div>\n<\/div>\n<\/section>\n\n\n\n<section class=\"wp-block-group headline-text-slider-icon-text is-layout-constrained wp-block-group-is-layout-constrained\">\n<div class=\"wp-block-group container is-layout-flow wp-block-group-is-layout-flow\">\n<div class=\"wp-block-columns row is-layout-flex wp-block-columns-is-layout-flex\">\n<div class=\"wp-block-column col-12 is-layout-flow wp-block-column-is-layout-flow\">\n<h2 class=\"wp-block-heading headline\">Vorteile des prozessualen Beratungsansatzes<\/h2>\n\n\n\n<p><\/p>\n\n\n\n<div class=\"wp-block-group slider-icon-text swiper is-layout-flow wp-block-group-is-layout-flow\">\n<div class=\"wp-block-group swiper-wrapper is-layout-flow wp-block-group-is-layout-flow\">\n<div class=\"wp-block-group swiper-slide is-layout-flow wp-block-group-is-layout-flow\">\n<h3 class=\"wp-block-heading headline\"><strong>Schnellere Implementierung<\/strong><\/h3>\n\n\n\n<p> durch vordefinierte Prozesse <\/p>\n<\/div>\n\n\n\n<div class=\"wp-block-group swiper-slide is-layout-flow wp-block-group-is-layout-flow\">\n<h3 class=\"wp-block-heading headline\"><strong>Geringere Betriebskosten<\/strong><\/h3>\n\n\n\n<p> dank Standardisierung <\/p>\n<\/div>\n\n\n\n<div class=\"wp-block-group swiper-slide is-layout-flow wp-block-group-is-layout-flow\">\n<h3 class=\"wp-block-heading headline\"><strong>H\u00f6here Transparenz<\/strong><\/h3>\n\n\n\n<p> in Abl\u00e4ufen und Verantwortlichkeiten <\/p>\n<\/div>\n\n\n\n<div class=\"wp-block-group swiper-slide is-layout-flow wp-block-group-is-layout-flow\">\n<h3 class=\"wp-block-heading headline\"><strong>Maximale Skalierbarkeit<\/strong><\/h3>\n\n\n\n<p> f\u00fcr zuk\u00fcnftiges Wachstum <\/p>\n<\/div>\n\n\n\n<div class=\"wp-block-group swiper-slide is-layout-flow wp-block-group-is-layout-flow\">\n<h3 class=\"wp-block-heading headline\"><strong>Schnelle Innovationszyklen<\/strong><\/h3>\n\n\n\n<p> durch regelm\u00e4\u00dfige SAP-Updates <\/p>\n<\/div>\n\n\n<\/div>\n<\/div>\n<\/div>\n<\/div>\n<\/div>\n<\/section>\n\n\n\n<section class=\"wp-block-group image-text-2-columns is-layout-constrained wp-block-group-is-layout-constrained\">\n<div class=\"wp-block-group container is-layout-flow wp-block-group-is-layout-flow\">\n<div class=\"wp-block-columns row is-layout-flex wp-block-columns-is-layout-flex\">\n<div class=\"wp-block-column col-12 is-layout-flow wp-block-column-is-layout-flow\">\n<figure class=\"wp-block-image size-full\"><img loading=\"lazy\" decoding=\"async\" width=\"2000\" height=\"1126\" src=\"https:\/\/solutions.axians.com\/sap\/wp-content\/uploads\/2025\/09\/DSC4493-2.jpg\" alt=\"\" class=\"wp-image-2499\" style=\"aspect-ratio:4\/3;object-fit:cover\" srcset=\"https:\/\/solutions.axians.com\/sap\/wp-content\/uploads\/2025\/09\/DSC4493-2.jpg 2000w, https:\/\/solutions.axians.com\/sap\/wp-content\/uploads\/2025\/09\/DSC4493-2-800x450.jpg 800w, https:\/\/solutions.axians.com\/sap\/wp-content\/uploads\/2025\/09\/DSC4493-2-1920x1081.jpg 1920w, https:\/\/solutions.axians.com\/sap\/wp-content\/uploads\/2025\/09\/DSC4493-2-768x432.jpg 768w, https:\/\/solutions.axians.com\/sap\/wp-content\/uploads\/2025\/09\/DSC4493-2-1536x865.jpg 1536w\" sizes=\"auto, (max-width: 2000px) 100vw, 2000px\" \/><\/figure>\n<\/div>\n\n\n\n<div class=\"wp-block-column col-12 is-layout-flow wp-block-column-is-layout-flow\">\n<h2 class=\"wp-block-heading headline\">Unsere SAP Berater: Profile mit Substanz<\/h2>\n\n\n\n<p>Unsere Berater*innen bringen mehr mit als SAP-Wissen: sie sind Prozessversteher, Partner, Changetreiber. Dank regelm\u00e4\u00dfiger Zertifizierungen und Weiterbildungen sind sie immer auf dem neusten Stand der SAP Entwicklungen.<\/p>\n\n\n\n<p>Gerne stellen wir Ihnen auf Wunsch konkrete <strong>Beraterprofile<\/strong> bereit. <\/p>\n\n\n\n<div class=\"wp-block-buttons is-layout-flex wp-block-buttons-is-layout-flex\">\n<div class=\"wp-block-button is-style-primary\"><a class=\"wp-block-button__link wp-element-button\" href=\"https:\/\/solutions.axians.com\/sap\/at\/kontakt\/\">Jetzt Beraterprofile anfordern <\/a><\/div>\n<\/div>\n<\/div>\n<\/div>\n<\/div>\n<\/section>\n\n\n\n<section class=\"wp-block-group headline-text-slider-icon-text is-layout-constrained wp-block-group-is-layout-constrained\">\n<div class=\"wp-block-group container is-layout-flow wp-block-group-is-layout-flow\">\n<div class=\"wp-block-columns row is-layout-flex wp-block-columns-is-layout-flex\">\n<div class=\"wp-block-column col-12 is-layout-flow wp-block-column-is-layout-flow\">\n<h2 class=\"wp-block-heading headline\">Typische Schwerpunkte unserer Teams:<\/h2>\n\n\n\n<p><\/p>\n\n\n\n<div class=\"wp-block-group slider-icon-text swiper is-layout-flow wp-block-group-is-layout-flow\">\n<div class=\"wp-block-group swiper-wrapper is-layout-flow wp-block-group-is-layout-flow\">\n<div class=\"wp-block-group swiper-slide is-layout-flow wp-block-group-is-layout-flow\">\n\n\n<h3 class=\"wp-block-heading headline\">SAP Cloud ERP &amp; S\/4HANA (Cloud &amp; On-Premise)<\/h3>\n\n\n\n<p>Wir begleiten Sie von der Strategie bis zum Go-Live und sichern durch erprobte Methoden einen schnellen, risikoarmen Umstieg auf SAP S\/4HANA <\/p>\n<\/div>\n\n\n\n<div class=\"wp-block-group swiper-slide is-layout-flow wp-block-group-is-layout-flow\">\n\n\n<h3 class=\"wp-block-heading headline\">Finance, CX, Logistics, HCM, Analytics<\/h3>\n\n\n\n<p>Mit tiefem Prozess-Know-how gestalten wir Ihre Kernprozesse effizienter \u2013 f\u00fcr mehr Transparenz, Automatisierung und Kundenzufriedenheit.<\/p>\n<\/div>\n\n\n\n<div class=\"wp-block-group swiper-slide is-layout-flow wp-block-group-is-layout-flow\">\n\n\n<h3 class=\"wp-block-heading headline\">Integrationsarchitektur <\/h3>\n\n\n\n<p>Wir konzipieren integrationssichere Architekturen, die Systeme nahtlos verbinden und so stabile End-to-End-Prozesse schaffen.<\/p>\n<\/div>\n\n\n\n<div class=\"wp-block-group swiper-slide is-layout-flow wp-block-group-is-layout-flow\">\n\n\n<h3 class=\"wp-block-heading headline\">Change-Management <\/h3>\n\n\n\n<p>Wir sorgen daf\u00fcr, dass Transformationen von allen getragen werden \u2013 durch klare Kommunikation, Schulung und nachhaltige Verankerung im Unternehmen.<\/p>\n<\/div>\n\n\n<\/div>\n<\/div>\n<\/div>\n<\/div>\n<\/div>\n<\/section>\n\n\n\n<section class=\"wp-block-group image-quote-slider is-layout-constrained wp-block-group-is-layout-constrained\">\n<div class=\"wp-block-group container is-layout-flow wp-block-group-is-layout-flow\">\n<div class=\"wp-block-columns row is-layout-flex wp-block-columns-is-layout-flex\">\n<div class=\"wp-block-column col-12 is-layout-flow wp-block-column-is-layout-flow\">\n<div class=\"wp-block-group slider-quote swiper is-layout-flow wp-block-group-is-layout-flow\">\n<div class=\"wp-block-group swiper-wrapper is-layout-flow wp-block-group-is-layout-flow\">\n<div class=\"wp-block-group swiper-slide is-layout-flow wp-block-group-is-layout-flow\">\n<figure class=\"wp-block-image size-full\"><img loading=\"lazy\" decoding=\"async\" width=\"1254\" height=\"836\" src=\"https:\/\/solutions.axians.com\/sap\/wp-content\/uploads\/2025\/08\/iStock-1413766112-1.jpg\" alt=\"\" class=\"wp-image-2502\" srcset=\"https:\/\/solutions.axians.com\/sap\/wp-content\/uploads\/2025\/08\/iStock-1413766112-1.jpg 1254w, https:\/\/solutions.axians.com\/sap\/wp-content\/uploads\/2025\/08\/iStock-1413766112-1-800x533.jpg 800w, https:\/\/solutions.axians.com\/sap\/wp-content\/uploads\/2025\/08\/iStock-1413766112-1-768x512.jpg 768w\" sizes=\"auto, (max-width: 1254px) 100vw, 1254px\" \/><\/figure>\n\n\n\n<div class=\"wp-block-group is-layout-flow wp-block-group-is-layout-flow\">\n<blockquote class=\"wp-block-quote is-layout-flow wp-block-quote-is-layout-flow\">\n<p>\u201eWas uns \u00fcberzeugt hat? Nicht nur das SAP-Know-how, sondern die Art, wie unsere Mitarbeitenden eingebunden wurden.\u201c <\/p>\n<cite>IT-Leiter eines Industrieunternehmens<\/cite><\/blockquote>\n\n\n<\/div>\n<\/div>\n\n\n\n<div class=\"wp-block-group swiper-slide is-layout-flow wp-block-group-is-layout-flow\">\n<figure class=\"wp-block-image size-full\"><img loading=\"lazy\" decoding=\"async\" width=\"1254\" height=\"836\" src=\"https:\/\/solutions.axians.com\/sap\/wp-content\/uploads\/2025\/08\/iStock-1413766112-2.jpg\" alt=\"\" class=\"wp-image-2501\" srcset=\"https:\/\/solutions.axians.com\/sap\/wp-content\/uploads\/2025\/08\/iStock-1413766112-2.jpg 1254w, https:\/\/solutions.axians.com\/sap\/wp-content\/uploads\/2025\/08\/iStock-1413766112-2-800x533.jpg 800w, https:\/\/solutions.axians.com\/sap\/wp-content\/uploads\/2025\/08\/iStock-1413766112-2-768x512.jpg 768w\" sizes=\"auto, (max-width: 1254px) 100vw, 1254px\" \/><\/figure>\n\n\n\n<div class=\"wp-block-group is-layout-flow wp-block-group-is-layout-flow\">\n<blockquote class=\"wp-block-quote is-layout-flow wp-block-quote-is-layout-flow\">\n<p>\u201eKlare Sprache, strukturierter Ansatz, ehrliche Beratung. So w\u00fcnscht man sich ein Projektteam.\u201c <\/p>\n<cite>Projektleitung eines mittelst\u00e4ndischen Handelsunternehmens <\/cite><\/blockquote>\n\n\n<\/div>\n<\/div>\n<\/div>\n<\/div>\n<\/div>\n<\/div>\n<\/div>\n<\/section>\n","protected":false},"excerpt":{"rendered":"<p>SAP Beratung, die Prozesse versteht und Menschen mitnimmt Verstehen. Strukturieren. Umsetzen. Unser SAP Beratungsansatz bringt Klarheit in komplexe Software-Landschaften, mit durchdachter Methodik und dem richtigen Ma\u00df an Praxisn\u00e4he. Unsere SAP Beratungsfelder Der Axians Beratungsansatz: Warum Prozesse im Mittelpunkt stehen Im Gegensatz zu klassischen IT-Einf\u00fchrungen, bei denen h\u00e4ufig Funktionen oder Systeme im Vordergrund stehen, r\u00fcckt der [&hellip;]<\/p>\n","protected":false},"author":1,"featured_media":0,"parent":2351,"menu_order":0,"comment_status":"closed","ping_status":"closed","template":"","meta":{"footnotes":""},"class_list":["post-2503","page","type-page","status-publish","hentry"],"lang":"at","translations":{"at":2503,"de":201,"en":4541,"hr":5557},"pll_sync_post":{"de":true,"at":true},"_links":{"self":[{"href":"https:\/\/solutions.axians.com\/sap\/wp-json\/wp\/v2\/pages\/2503","targetHints":{"allow":["GET"]}}],"collection":[{"href":"https:\/\/solutions.axians.com\/sap\/wp-json\/wp\/v2\/pages"}],"about":[{"href":"https:\/\/solutions.axians.com\/sap\/wp-json\/wp\/v2\/types\/page"}],"author":[{"embeddable":true,"href":"https:\/\/solutions.axians.com\/sap\/wp-json\/wp\/v2\/users\/1"}],"replies":[{"embeddable":true,"href":"https:\/\/solutions.axians.com\/sap\/wp-json\/wp\/v2\/comments?post=2503"}],"version-history":[{"count":6,"href":"https:\/\/solutions.axians.com\/sap\/wp-json\/wp\/v2\/pages\/2503\/revisions"}],"predecessor-version":[{"id":4588,"href":"https:\/\/solutions.axians.com\/sap\/wp-json\/wp\/v2\/pages\/2503\/revisions\/4588"}],"up":[{"embeddable":true,"href":"https:\/\/solutions.axians.com\/sap\/wp-json\/wp\/v2\/pages\/2351"}],"wp:attachment":[{"href":"https:\/\/solutions.axians.com\/sap\/wp-json\/wp\/v2\/media?parent=2503"}],"curies":[{"name":"wp","href":"https:\/\/api.w.org\/{rel}","templated":true}]}}