{"id":197,"date":"2025-07-28T12:41:03","date_gmt":"2025-07-28T12:41:03","guid":{"rendered":"https:\/\/solutions.axians.com\/sap\/?page_id=197"},"modified":"2025-11-27T11:43:43","modified_gmt":"2025-11-27T11:43:43","slug":"sap-rise-fur-sap-bestandskunden","status":"publish","type":"page","link":"https:\/\/solutions.axians.com\/sap\/de\/business-transformation\/sap-rise-fur-sap-bestandskunden\/","title":{"rendered":"SAP RISE f\u00fcr SAP Bestandskunden"},"content":{"rendered":"\n<section class=\"wp-block-group stage-subpage is-layout-constrained wp-block-group-is-layout-constrained\">\n<figure class=\"wp-block-image size-full\"><img loading=\"lazy\" decoding=\"async\" width=\"1365\" height=\"768\" src=\"https:\/\/solutions.axians.com\/sap\/wp-content\/uploads\/2025\/08\/iStock-1266452444.jpg\" alt=\"Rise with SAP:von veralteter IT zur intelligenten Cloud\" class=\"wp-image-837\" style=\"aspect-ratio:2.3333333333333335;object-fit:cover\" srcset=\"https:\/\/solutions.axians.com\/sap\/wp-content\/uploads\/2025\/08\/iStock-1266452444.jpg 1365w, https:\/\/solutions.axians.com\/sap\/wp-content\/uploads\/2025\/08\/iStock-1266452444-800x450.jpg 800w, https:\/\/solutions.axians.com\/sap\/wp-content\/uploads\/2025\/08\/iStock-1266452444-768x432.jpg 768w\" sizes=\"auto, (max-width: 1365px) 100vw, 1365px\" \/><\/figure>\n\n\n\n<div class=\"wp-block-group container is-layout-flow wp-block-group-is-layout-flow\">\n<div class=\"wp-block-columns row is-layout-flex wp-block-columns-is-layout-flex\">\n<div class=\"wp-block-column col-12 is-layout-flow wp-block-column-is-layout-flow\">\n<h1 class=\"wp-block-heading headline\">So wechseln Sie als SAP-Kunde in die Cloud<\/h1>\n\n\n\n<p>RISE with SAP: Von veralteter IT zur intelligenten Cloud&nbsp;<\/p>\n<\/div>\n<\/div>\n<\/div>\n<\/section>\n\n\n\n<link rel=\"stylesheet\" type=\"text\/css\" href=\"https:\/\/dyv6f9ner1ir9.cloudfront.net\/assets\/css\/shared\/og_greet_bar.css\"><section style=\"background: #a20067;\" class=\"barEmbed\" id=\"barEmbed\"><p style=\"color: #FFFFFF;font-size: 22px;\">\u2601\ufe0f Ist Ihr Unternehmen bereit f\u00fcr die SAP Cloud? <\/p><button style=\"border-radius: 38px; color: #a20067;font-size: 12px;background: #FFFFFF;\" class=\"greet-popup-open\" onClick=\"openGreetPopup()\">Jetzt testen!<\/button><a href=\"javascript:void(0);\" class=\"greetbar-popupClose\" onClick=\"closeGreetBar()\"><\/a><\/section><section class=\"greet_popup\" id=\"greet_popup\" style=\"display:none\"> <div class=\"brlbs-cmpnt-container brlbs-cmpnt-content-blocker brlbs-cmpnt-with-individual-styles\" data-borlabs-cookie-content-blocker-id=\"default\" data-borlabs-cookie-content=\"PGlmcmFtZSB0aXRsZT0iQ2xvdWQgUmVhZGluZXNzIENoZWNrIC0gRmluYWwiIHNyYz0iaHR0cHM6Ly9heGlhbnMzMzMub3V0Z3Jvdy51cy82ODg3NGNlODdmMGVmYmZlZDY1MDNhZGMiIGFsbG93PSJjYW1lcmEgKjsiPjwvaWZyYW1lPg==\"><div class=\"brlbs-cmpnt-cb-preset-a\"> <p class=\"brlbs-cmpnt-cb-description\">You are currently viewing a placeholder content from <strong>Default<\/strong>. To access the actual content, click the button below. Please note that doing so will share data with third-party providers.<\/p> <div class=\"brlbs-cmpnt-cb-buttons\"> <a class=\"brlbs-cmpnt-cb-btn\" href=\"#\" data-borlabs-cookie-unblock role=\"button\">Unblock content<\/a> <a class=\"brlbs-cmpnt-cb-btn\" href=\"#\" data-borlabs-cookie-accept-service role=\"button\" style=\"display: none\">Accept required service and unblock content<\/a> <\/div> <a class=\"brlbs-cmpnt-cb-provider-toggle\" href=\"#\" data-borlabs-cookie-show-provider-information role=\"button\">More Information<\/a> <\/div><\/div><a href=\"javascript:void(0);\" class=\"close-popup\" onClick=\"closeGreetPopup()\"><\/a><\/section><script src=\"https:\/\/dyv6f9ner1ir9.cloudfront.net\/assets\/js\/og_greet_bar.js\"><\/script>\n\n\n\n<section class=\"wp-block-group breadcrumb is-layout-constrained wp-block-group-is-layout-constrained\">\n<div class=\"wp-block-group container is-layout-flow wp-block-group-is-layout-flow\">\n<div class=\"wp-block-columns row is-layout-flex wp-block-columns-is-layout-flex\">\n<div class=\"wp-block-column col-12 is-layout-flow wp-block-column-is-layout-flow\"><nav aria-label=\"breadcrumbs\" class=\"rank-math-breadcrumb\"><p><span class=\"last\">Home<\/span><\/p><\/nav>\n<\/div>\n<\/div>\n<\/div>\n<\/section>\n\n\n\n<section class=\"wp-block-group text-image-2-columns is-layout-constrained wp-block-group-is-layout-constrained\">\n<div class=\"wp-block-group container is-layout-flow wp-block-group-is-layout-flow\">\n<div class=\"wp-block-columns row is-layout-flex wp-block-columns-is-layout-flex\">\n<div class=\"wp-block-column col-12 is-layout-flow wp-block-column-is-layout-flow\">\n<h2 class=\"wp-block-heading headline\">RISE with SAP: Vom On-Premise-System zum Cloud ERP<\/h2>\n\n\n\n<p>Alte ERP-Systeme wie SAP ECC, fragmentierte Datenquellen und isolierte Prozesse bremsen Innovationskraft und Anpassungsf\u00e4higkeit.&nbsp;<\/p>\n\n\n\n<p><strong>RISE with SAP bietet Ihnen den ganzheitlichen Weg, um diese Hindernisse zu \u00fcberwinden, mit:<\/strong>&nbsp;<\/p>\n\n\n\n<ul class=\"wp-block-list\">\n<li><strong>Intelligenten Agenten<\/strong>&nbsp;f\u00fcr Automatisierung &amp; Echtzeitreaktion&nbsp;<\/li>\n\n\n\n<li><strong>Integrierten Anwendungen<\/strong>&nbsp;f\u00fcr End-to-End-Prozesse&nbsp;<\/li>\n\n\n\n<li><strong>Vertrauensw\u00fcrdigen Daten<\/strong>&nbsp;als Basis f\u00fcr echte KI-Wertsch\u00f6pfung&nbsp;<\/li>\n<\/ul>\n\n\n<\/div>\n\n\n\n<div class=\"wp-block-column col-12 is-layout-flow wp-block-column-is-layout-flow\">\n<figure class=\"wp-block-image size-full\"><img loading=\"lazy\" decoding=\"async\" width=\"1365\" height=\"768\" src=\"https:\/\/solutions.axians.com\/sap\/wp-content\/uploads\/2025\/08\/iStock-1477152593.jpg\" alt=\"\" class=\"wp-image-841\" style=\"aspect-ratio:16\/9;object-fit:cover\" srcset=\"https:\/\/solutions.axians.com\/sap\/wp-content\/uploads\/2025\/08\/iStock-1477152593.jpg 1365w, https:\/\/solutions.axians.com\/sap\/wp-content\/uploads\/2025\/08\/iStock-1477152593-800x450.jpg 800w, https:\/\/solutions.axians.com\/sap\/wp-content\/uploads\/2025\/08\/iStock-1477152593-768x432.jpg 768w\" sizes=\"auto, (max-width: 1365px) 100vw, 1365px\" \/><\/figure>\n<\/div>\n<\/div>\n<\/div>\n<\/section>\n\n\n\n<section class=\"wp-block-group default-text is-layout-constrained wp-block-group-is-layout-constrained\">\n<div class=\"wp-block-group container is-layout-flow wp-block-group-is-layout-flow\">\n<div class=\"wp-block-columns row is-layout-flex wp-block-columns-is-layout-flex\">\n<div class=\"wp-block-column col-12 col-lg-9 is-layout-flow wp-block-column-is-layout-flow\">\n<h2 class=\"wp-block-heading headline\">RISE with SAP \u2013 Der ganzheitliche Weg in die Private Cloud fu\u0308r SAP-Bestandskunden<\/h2>\n\n\n\n<p>F\u00fcr SAP Bestandskunden.<br>RISE with SAP richtet sich an Unternehmen, die bereits SAP nutzen und vor der Herausforderung stehen, veraltete Systemlandschaften, hohe Komplexit\u00e4t und fragmentierte Prozesse in eine moderne, integrierte Cloud-Architektur zu \u00fcberf\u00fchren. Die L\u00f6sung bietet einen klar strukturierten Transformationspfad \u2013 technisch, prozessual und organisatorisch \u2013 hin zu einem intelligenten, skalierbaren ERP in der Cloud.&nbsp;<\/p>\n<\/div>\n<\/div>\n<\/div>\n<\/section>\n\n\n\n<section class=\"wp-block-group process-4-col is-layout-constrained wp-block-group-is-layout-constrained\">\n<div class=\"wp-block-group container is-layout-flow wp-block-group-is-layout-flow\">\n<div class=\"wp-block-columns row is-layout-flex wp-block-columns-is-layout-flex\">\n<div class=\"wp-block-column col-12 is-layout-flow wp-block-column-is-layout-flow\">\n<div class=\"wp-block-group step step--1 is-layout-flow wp-block-group-is-layout-flow\">\n<div class=\"wp-block-group tags is-layout-flow wp-block-group-is-layout-flow\">\n<p>SAP ECC<\/p>\n\n\n\n<p>Apps und Drittl\u00f6sungen<\/p>\n<\/div>\n<\/div>\n\n\n\n<div class=\"wp-block-group step step--2 is-layout-flow wp-block-group-is-layout-flow\">\n<div class=\"wp-block-group tag is-layout-constrained wp-block-group-is-layout-constrained\">\n<p>rise with sap<\/p>\n\n\n\n<div class=\"wp-block-group popoverContent is-layout-flow wp-block-group-is-layout-flow\">\n<ul class=\"wp-block-list\">\n<li>Knowledge Management<\/li>\n\n\n\n<li>Tools &amp; Services<\/li>\n\n\n\n<li>Bew\u00e4hrte Best-Practises<\/li>\n\n\n\n<li>Schlanke Prozesse<\/li>\n<\/ul>\n<\/div>\n<\/div>\n<\/div>\n\n\n\n<div class=\"wp-block-group step step--3 is-layout-flow wp-block-group-is-layout-flow\">\n<div class=\"wp-block-group tags is-layout-flow wp-block-group-is-layout-flow\">\n<p>greenfield transformation<\/p>\n\n\n\n<p>Multi-step-transformation<\/p>\n<\/div>\n<\/div>\n\n\n\n<div class=\"wp-block-group step step--4 is-layout-flow wp-block-group-is-layout-flow\">\n<div class=\"wp-block-group tag is-layout-constrained wp-block-group-is-layout-constrained\">\n<p>MODERNES ERP IN DER CLOUD<\/p>\n\n\n\n<div class=\"wp-block-group popoverContent is-layout-flow wp-block-group-is-layout-flow\">\n<ul class=\"wp-block-list\">\n<li>Schnelles Wachstum<\/li>\n\n\n\n<li>G\u00fcnstige Implementierung<\/li>\n\n\n\n<li>Eingebaute KI, Automatisierung &amp; Analytics<\/li>\n<\/ul>\n<\/div>\n<\/div>\n<\/div>\n<\/div>\n<\/div>\n<\/div>\n<\/section>\n\n\n\n<section class=\"wp-block-group headline-accordion is-layout-constrained wp-block-group-is-layout-constrained\">\n<div class=\"wp-block-group container is-layout-flow wp-block-group-is-layout-flow\">\n<div class=\"wp-block-columns row is-layout-flex wp-block-columns-is-layout-flex\">\n<div class=\"wp-block-column col-12 is-layout-flow wp-block-column-is-layout-flow\">\n<h2 class=\"wp-block-heading headline\">Integrierte SAP-Tools f\u00fcr die Modernisierung Ihrer IT-Landschaft&nbsp;<\/h2>\n\n\n\n<div class=\"wp-block-teufels-accordion accordion\" id=\"accordion-6a49b9d9-2a54-43ee-a10f-f19774335bd4\">\n<div class=\"wp-block-teufels-accordion-item accordion-item\"><h2 class=\"accordion-header\" id=\"heading-33fc993f-096d-454f-8372-f20c948b0f3a\"><button class=\"accordion-button collapsed\" data-bs-toggle=\"collapse\" data-bs-target=\"#collapse-33fc993f-096d-454f-8372-f20c948b0f3a\" aria-expanded=\"false\" aria-control=\"collapse-33fc993f-096d-454f-8372-f20c948b0f3a\">F\u00fcr wen ist RISE with SAP geeignet?\u00a0<\/button><\/h2><div id=\"collapse-33fc993f-096d-454f-8372-f20c948b0f3a\" class=\"accordion-collapse collapse\" aria-labelledby=\"heading-33fc993f-096d-454f-8372-f20c948b0f3a\" data-bs-parent=\"#accordion-6a49b9d9-2a54-43ee-a10f-f19774335bd4\"><div class=\"accordion-body\">\n<p>RISE with SAP richtet sich an Unternehmen, die:&nbsp;<\/p>\n\n\n\n<ul class=\"wp-block-list\">\n<li>Legacy-Systeme durch eine moderne ERP-Landschaft ersetzen m\u00f6chten&nbsp;<\/li>\n\n\n\n<li>ihre Prozesse digitalisieren und automatisieren wollen&nbsp;<\/li>\n\n\n\n<li>mit standardisierten Best Practices effizient wachsen m\u00f6chten&nbsp;<\/li>\n\n\n\n<li>eine nachhaltige und innovationsf\u00e4hige IT-Infrastruktur aufbauen wollen&nbsp;<\/li>\n<\/ul>\n\n\n\n<p>Ob&nbsp;<strong>gro\u00dfe Konzerne<\/strong>,&nbsp;<strong>mittelst\u00e4ndische Marktf\u00fchrer<\/strong>&nbsp;oder&nbsp;<strong>Global Player<\/strong>&nbsp;\u2013 RISE with SAP ist der ideale Einstieg in die Cloud-Transformation.&nbsp;<\/p>\n<\/div><\/div><\/div>\n\n\n\n<div class=\"wp-block-teufels-accordion-item accordion-item\"><h2 class=\"accordion-header\" id=\"heading-1227522c-f085-4dbb-8918-bd4d0cda2788\"><button class=\"accordion-button collapsed\" data-bs-toggle=\"collapse\" data-bs-target=\"#collapse-1227522c-f085-4dbb-8918-bd4d0cda2788\" aria-expanded=\"false\" aria-control=\"collapse-1227522c-f085-4dbb-8918-bd4d0cda2788\">Unterschiedliche Wege in der RISE Journey: Ihre individuelle Ausgangslage z\u00e4hlt\u00a0<\/button><\/h2><div id=\"collapse-1227522c-f085-4dbb-8918-bd4d0cda2788\" class=\"accordion-collapse collapse\" aria-labelledby=\"heading-1227522c-f085-4dbb-8918-bd4d0cda2788\" data-bs-parent=\"#accordion-6a49b9d9-2a54-43ee-a10f-f19774335bd4\"><div class=\"accordion-body\">\n<p>Nicht jedes Unternehmen startet an derselben Stelle, darum ist RISE with SAP bewusst flexibel konzipiert. Der Status Quo Ihrer Systemlandschaft entscheidet \u00fcber den passenden Transformationspfad:&nbsp;<\/p>\n\n\n\n<ul class=\"wp-block-list\">\n<li><strong>Greenfield<\/strong>: Sie bauen auf der gr\u00fcnen Wiese neu auf \u2013 ideal f\u00fcr Unternehmen, die Altsysteme abl\u00f6sen und Best Practices \u00fcbernehmen wollen.&nbsp;<\/li>\n\n\n\n<li><strong>Brownfield<\/strong>: Sie migrieren Ihre bestehende SAP-Landschaft \u2013 mit Systemkonversion und Erhalt historischer Daten.&nbsp;<\/li>\n\n\n\n<li><strong>Selective Transformation<\/strong>: Sie modernisieren gezielt einzelne Teile Ihres Systems.&nbsp;<\/li>\n\n\n\n<li><strong>On-Premise als Ausgangspunkt<\/strong>: Auch von hier aus kann Ihre RISE-Reise starten \u2013 mit klaren Meilensteinen in Richtung Cloud.&nbsp;<\/li>\n<\/ul>\n\n\n\n<p>Unsere Expert:innen helfen Ihnen, den f\u00fcr Sie optimalen Weg zu w\u00e4hlen \u2013 technisch, organisatorisch und strategisch.&nbsp;<\/p>\n<\/div><\/div><\/div>\n<\/div>\n\n\n\n<div class=\"wp-block-buttons is-layout-flex wp-block-buttons-is-layout-flex\">\n<div class=\"wp-block-button is-style-primary\"><a class=\"wp-block-button__link wp-element-button\" href=\"https:\/\/solutions.axians.com\/sap\/kontakt\/\">Beratungstermin vereinbaren<\/a><\/div>\n<\/div>\n<\/div>\n<\/div>\n<\/div>\n<\/section>\n\n\n\n<section class=\"wp-block-group headline-facts is-layout-constrained wp-block-group-is-layout-constrained\">\n<div class=\"wp-block-group container is-layout-flow wp-block-group-is-layout-flow\">\n<div class=\"wp-block-columns row is-layout-flex wp-block-columns-is-layout-flex\">\n<div class=\"wp-block-column col-12 col-lg-9 is-layout-flow wp-block-column-is-layout-flow\">\n<h2 class=\"wp-block-heading headline\">Erfahrungen aus der Praxis&nbsp;<\/h2>\n<\/div>\n<\/div>\n\n\n\n<div class=\"wp-block-columns row is-layout-flex wp-block-columns-is-layout-flex\">\n<div class=\"wp-block-column col-12 col-lg-3 is-layout-flow wp-block-column-is-layout-flow\">\n<p class=\"number\">75 %<\/p>\n\n\n\n<p><strong>zus\u00e4tzlicher gesch\u00e4ftlicher Mehrwert<\/strong>&nbsp;durch kontinuierliche Nutzung von Innovationen*<\/p>\n<\/div>\n\n\n\n<div class=\"wp-block-column col-12 col-lg-3 is-layout-flow wp-block-column-is-layout-flow\">\n<p class=\"number\">80 %<\/p>\n\n\n\n<p><strong>geringere Kosten<\/strong>&nbsp;f\u00fcr die Umsetzung von KI-Anwendungsf\u00e4llen*<\/p>\n<\/div>\n\n\n\n<div class=\"wp-block-column col-12 col-lg-3 is-layout-flow wp-block-column-is-layout-flow\">\n<p class=\"number\">30 %<\/p>\n\n\n\n<p><strong>niedrigere Kosten<\/strong>&nbsp;f\u00fcr die Anwendungsentwicklung*&nbsp;<\/p>\n<\/div>\n\n\n\n<div class=\"wp-block-column col-12 col-lg-3 is-layout-flow wp-block-column-is-layout-flow\">\n<p class=\"number\">25\u202f%<\/p>\n\n\n\n<p><strong>schnellere Markteinf\u00fchrung<\/strong>&nbsp;neuer Anwendungen*<\/p>\n<\/div>\n<\/div>\n\n\n\n<p>*Erhoben von der SAP SE<\/p>\n<\/div>\n<\/section>\n\n\n\n<section class=\"wp-block-group headline-text-slider-icon-text is-layout-constrained wp-block-group-is-layout-constrained\">\n<div class=\"wp-block-group container is-layout-flow wp-block-group-is-layout-flow\">\n<div class=\"wp-block-columns row is-layout-flex wp-block-columns-is-layout-flex\">\n<div class=\"wp-block-column col-12 is-layout-flow wp-block-column-is-layout-flow\">\n<h2 class=\"wp-block-heading headline\">Ma\u00dfgeschneiderte Transformation f\u00fcr SAP ERP-Kunden&nbsp;<\/h2>\n\n\n\n<p>RISE with SAP wurde speziell f\u00fcr SAP ERP-Kunden konzipiert, um den Umstieg in die SAP Business Suite schnell und effizient zu erm\u00f6glichen. Der Ansatz kombiniert:&nbsp;<\/p>\n\n\n\n<div class=\"wp-block-group slider-icon-text swiper is-layout-flow wp-block-group-is-layout-flow\">\n<div class=\"wp-block-group swiper-wrapper is-layout-flow wp-block-group-is-layout-flow\">\n<div class=\"wp-block-group swiper-slide is-layout-flow wp-block-group-is-layout-flow\">\n<h3 class=\"wp-block-heading headline\">Bew\u00e4hrte Methodik<\/h3>\n\n\n\n<p>&nbsp;zur Beschleunigung der Transformation mit einem standardisierten Framework, integrierten Tools und erfahrenem Guidance-Team&nbsp;<\/p>\n<\/div>\n\n\n\n<div class=\"wp-block-group swiper-slide is-layout-flow wp-block-group-is-layout-flow\">\n<h3 class=\"wp-block-heading headline\">Zuverl\u00e4ssiger Cloud-Betrieb<\/h3>\n\n\n\n<p>&nbsp;mit maximaler Stabilit\u00e4t, Sicherheit und Verf\u00fcgbarkeit&nbsp;<\/p>\n<\/div>\n\n\n\n<div class=\"wp-block-group swiper-slide is-layout-flow wp-block-group-is-layout-flow\">\n<h3 class=\"wp-block-heading headline\">Investitionsschutz&nbsp;<\/h3>\n\n\n\n<p>durch flexible Lizenzmodelle und Transformation Credits, die Migrations- und Technologiekosten kompensieren&nbsp;<\/p>\n<\/div>\n\n\n\n<div class=\"wp-block-group swiper-slide is-layout-flow wp-block-group-is-layout-flow\">\n<h3 class=\"wp-block-heading headline\">Kalkulierbare Kostenstruktur<\/h3>\n\n\n\n<p>\u00fcber die gesamte Laufzeit des Cloud-Vertrags hinweg&nbsp;<\/p>\n<\/div>\n<\/div>\n<\/div>\n\n\n\n<p><strong>Wir begleiten Sie auf der Reise zu Ihrem Unternehmenswachstum!<\/strong><\/p>\n\n\n\n<div class=\"wp-block-buttons is-layout-flex wp-block-buttons-is-layout-flex\">\n<div class=\"wp-block-button is-style-primary\"><a class=\"wp-block-button__link wp-element-button\" href=\"https:\/\/solutions.axians.com\/sap\/kontakt\/\">Jetzt anfragen<\/a><\/div>\n<\/div>\n<\/div>\n<\/div>\n<\/div>\n<\/section>\n\n\n\n<section class=\"wp-block-group reference-image-slider swiper is-layout-constrained wp-block-group-is-layout-constrained\">\n<div class=\"wp-block-group container is-layout-flow wp-block-group-is-layout-flow\">\n<div class=\"wp-block-columns row is-layout-flex wp-block-columns-is-layout-flex\">\n<div class=\"wp-block-column col-12 is-layout-flow wp-block-column-is-layout-flow\">\n<h2 class=\"wp-block-heading headline section-headline\">Erfolge unserer Kunden&nbsp;&nbsp;<\/h2>\n<\/div>\n<\/div>\n<\/div>\n\n\n\n<div class=\"wp-block-group container-fluid swiper-wrapper is-layout-flow wp-block-group-is-layout-flow\">\n<div class=\"wp-block-group swiper-slide is-layout-flow wp-block-group-is-layout-flow\">\n<div class=\"wp-block-group content container is-layout-flow wp-block-group-is-layout-flow\">\n<figure class=\"wp-block-image size-full\"><img decoding=\"async\" src=\"https:\/\/solutions.axians.com\/sap\/wp-content\/uploads\/2025\/10\/Mayer-Cie.svg\" alt=\"Logo Mayer &amp; Cie.\" class=\"wp-image-3810\"\/><\/figure>\n\n\n\n<h3 class=\"wp-block-heading headline\">SAP Rundum-Landschaft im Maschinenbau bei Mayer &amp; Cie.<\/h3>\n\n\n\n<p>Mayer &amp; Cie. ist seit 1935 f\u00fchrender Hersteller von Rundstrickmaschinen \u201eMade in Germany\u201c. Jede Maschine ist ein Unikat \u2013 gebaut f\u00fcr Jahrzehnte. Doch globaler Erfolg braucht mehr als Ingenieurskunst. Gemeinsam mit Axians vernetzte Mayer &amp; Cie. Daten, Vertrieb, Service und Versand mit SAP-L\u00f6sungen.<\/p>\n\n\n\n<div class=\"wp-block-buttons is-layout-flex wp-block-buttons-is-layout-flex\">\n<div class=\"wp-block-button is-style-primary\"><a class=\"wp-block-button__link wp-element-button\" href=\"https:\/\/solutions.axians.com\/sap\/references\/mayer-cie\/\">Zum Case<\/a><\/div>\n<\/div>\n<\/div>\n\n\n\n<figure class=\"wp-block-image size-full\"><img loading=\"lazy\" decoding=\"async\" width=\"1420\" height=\"700\" src=\"https:\/\/solutions.axians.com\/sap\/wp-content\/uploads\/2025\/09\/Mayer-Slider.jpg\" alt=\"\" class=\"wp-image-2099\" srcset=\"https:\/\/solutions.axians.com\/sap\/wp-content\/uploads\/2025\/09\/Mayer-Slider.jpg 1420w, https:\/\/solutions.axians.com\/sap\/wp-content\/uploads\/2025\/09\/Mayer-Slider-800x394.jpg 800w, https:\/\/solutions.axians.com\/sap\/wp-content\/uploads\/2025\/09\/Mayer-Slider-768x379.jpg 768w\" sizes=\"auto, (max-width: 1420px) 100vw, 1420px\" \/><\/figure>\n<\/div>\n\n\n\n<div class=\"wp-block-group swiper-slide is-layout-flow wp-block-group-is-layout-flow\">\n<div class=\"wp-block-group content container is-layout-flow wp-block-group-is-layout-flow\">\n<figure class=\"wp-block-image size-full\"><img decoding=\"async\" src=\"https:\/\/solutions.axians.com\/sap\/wp-content\/uploads\/2025\/10\/frutura.svg\" alt=\"Logo Frutura\" class=\"wp-image-3808\"\/><\/figure>\n\n\n\n<h3 class=\"wp-block-heading headline\">Digitale Prozesspower f\u00fcr frisches Obst &amp; Gem\u00fcse bei Frutura<\/h3>\n\n\n\n<p>Frutura ist \u00d6sterreichs f\u00fchrender Produzent und Vermarkter von Obst und Gem\u00fcse und beliefert den Handel t\u00e4glich mit frischer Ware. Um Wachstum, Logistik und Qualit\u00e4tssicherung besser zu steuern, f\u00fchrte das Unternehmen gemeinsam mit Axians SAP S\/4HANA als neues zentrales ERP System ein.<\/p>\n\n\n\n<div class=\"wp-block-buttons is-layout-flex wp-block-buttons-is-layout-flex\">\n<div class=\"wp-block-button is-style-primary\"><a class=\"wp-block-button__link wp-element-button\" href=\"https:\/\/solutions.axians.com\/sap\/references\/frutura-supply-chain\/\">Zum Case<\/a><\/div>\n<\/div>\n<\/div>\n\n\n\n<figure class=\"wp-block-image size-full\"><img loading=\"lazy\" decoding=\"async\" width=\"1420\" height=\"700\" src=\"https:\/\/solutions.axians.com\/sap\/wp-content\/uploads\/2025\/09\/Frutura_Suppy_chain-slider.jpg\" alt=\"\" class=\"wp-image-2137\" srcset=\"https:\/\/solutions.axians.com\/sap\/wp-content\/uploads\/2025\/09\/Frutura_Suppy_chain-slider.jpg 1420w, https:\/\/solutions.axians.com\/sap\/wp-content\/uploads\/2025\/09\/Frutura_Suppy_chain-slider-800x394.jpg 800w, https:\/\/solutions.axians.com\/sap\/wp-content\/uploads\/2025\/09\/Frutura_Suppy_chain-slider-768x379.jpg 768w\" sizes=\"auto, (max-width: 1420px) 100vw, 1420px\" \/><\/figure>\n<\/div>\n\n\n\n<div class=\"wp-block-group swiper-slide is-layout-flow wp-block-group-is-layout-flow\">\n<div class=\"wp-block-group content container is-layout-flow wp-block-group-is-layout-flow\">\n<figure class=\"wp-block-image size-full\"><img decoding=\"async\" src=\"https:\/\/solutions.axians.com\/sap\/wp-content\/uploads\/2025\/10\/Wollsdorf-3.svg\" alt=\"\" class=\"wp-image-3815\"\/><\/figure>\n\n\n\n<h3 class=\"wp-block-heading headline\">Ein zukunftsf\u00e4higer Schritt in Richtung Effizienz und Einheitlichkeit&nbsp; &#8211; Wollsdorf Leder Schmidt &amp; Co Ges.m.b.H.<\/h3>\n\n\n\n<p>Im Mittelpunkt des SAP Consulting Projekts stand die Migration des Buchungskreises Kroatien vom aktuellen ECC 6.0 System, auf das SAP S\/4 HANA System von Wollsdorf. Der Leistungsumfang beinhaltete im Wesentlichen folgende Punkte:&nbsp;<\/p>\n\n\n\n<div class=\"wp-block-buttons is-layout-flex wp-block-buttons-is-layout-flex\">\n<div class=\"wp-block-button is-style-primary\"><a class=\"wp-block-button__link wp-element-button\" href=\"https:\/\/solutions.axians.com\/sap\/references\/wollsdorf-leder\/\">Zum Case<\/a><\/div>\n<\/div>\n<\/div>\n\n\n\n<figure class=\"wp-block-image size-full\"><img loading=\"lazy\" decoding=\"async\" width=\"1420\" height=\"700\" src=\"https:\/\/solutions.axians.com\/sap\/wp-content\/uploads\/2025\/09\/Wallsdorf_Leder-Slider.jpg\" alt=\"\" class=\"wp-image-2116\" srcset=\"https:\/\/solutions.axians.com\/sap\/wp-content\/uploads\/2025\/09\/Wallsdorf_Leder-Slider.jpg 1420w, https:\/\/solutions.axians.com\/sap\/wp-content\/uploads\/2025\/09\/Wallsdorf_Leder-Slider-800x394.jpg 800w, https:\/\/solutions.axians.com\/sap\/wp-content\/uploads\/2025\/09\/Wallsdorf_Leder-Slider-768x379.jpg 768w\" sizes=\"auto, (max-width: 1420px) 100vw, 1420px\" \/><\/figure>\n<\/div>\n\n\n<\/div>\n<\/section>\n\n\n\n<p><\/p>\n","protected":false},"excerpt":{"rendered":"<p>So wechseln Sie als SAP-Kunde in die Cloud RISE with SAP: Von veralteter IT zur intelligenten Cloud&nbsp; \u2601\ufe0f Ist Ihr Unternehmen bereit f\u00fcr die SAP Cloud? Jetzt testen! You are currently viewing a placeholder content from Default. To access the actual content, click the button below. Please note that doing so will share data with [&hellip;]<\/p>\n","protected":false},"author":1,"featured_media":0,"parent":183,"menu_order":0,"comment_status":"closed","ping_status":"closed","template":"","meta":{"footnotes":""},"class_list":["post-197","page","type-page","status-publish","hentry"],"lang":"de","translations":{"de":197,"at":2995,"en":4608,"hr":5527},"pll_sync_post":[],"_links":{"self":[{"href":"https:\/\/solutions.axians.com\/sap\/wp-json\/wp\/v2\/pages\/197","targetHints":{"allow":["GET"]}}],"collection":[{"href":"https:\/\/solutions.axians.com\/sap\/wp-json\/wp\/v2\/pages"}],"about":[{"href":"https:\/\/solutions.axians.com\/sap\/wp-json\/wp\/v2\/types\/page"}],"author":[{"embeddable":true,"href":"https:\/\/solutions.axians.com\/sap\/wp-json\/wp\/v2\/users\/1"}],"replies":[{"embeddable":true,"href":"https:\/\/solutions.axians.com\/sap\/wp-json\/wp\/v2\/comments?post=197"}],"version-history":[{"count":42,"href":"https:\/\/solutions.axians.com\/sap\/wp-json\/wp\/v2\/pages\/197\/revisions"}],"predecessor-version":[{"id":4363,"href":"https:\/\/solutions.axians.com\/sap\/wp-json\/wp\/v2\/pages\/197\/revisions\/4363"}],"up":[{"embeddable":true,"href":"https:\/\/solutions.axians.com\/sap\/wp-json\/wp\/v2\/pages\/183"}],"wp:attachment":[{"href":"https:\/\/solutions.axians.com\/sap\/wp-json\/wp\/v2\/media?parent=197"}],"curies":[{"name":"wp","href":"https:\/\/api.w.org\/{rel}","templated":true}]}}